{"id":843,"date":"2024-09-05T11:39:57","date_gmt":"2024-09-05T08:39:57","guid":{"rendered":"https:\/\/kirillsats.wordpress.com\/?page_id=843"},"modified":"2024-11-01T09:38:19","modified_gmt":"2024-11-01T09:38:19","slug":"ab-trigerid","status":"publish","type":"page","link":"https:\/\/kirillsats23.thkit.ee\/wp\/?page_id=843","title":{"rendered":"AB. Trigerid Raamatukogu"},"content":{"rendered":"\n<p>XAMPP<\/p>\n\n\n\n<p>DELETE loomine<\/p>\n\n\n\n<figure class=\"wp-block-image size-large\"><img decoding=\"async\" src=\"https:\/\/kirillsats.wordpress.com\/wp-content\/uploads\/2024\/09\/image-11.png?w=672\" alt=\"\" class=\"wp-image-866\"\/><\/figure>\n\n\n\n<figure class=\"wp-block-image size-large\"><img decoding=\"async\" src=\"https:\/\/kirillsats.wordpress.com\/wp-content\/uploads\/2024\/09\/image-11.png?w=672\" alt=\"\" class=\"wp-image-866\"\/><\/figure>\n\n\n\n<p><\/p>\n\n\n\n<p>INSERT<\/p>\n\n\n\n<figure class=\"wp-block-image size-large\"><img decoding=\"async\" src=\"https:\/\/kirillsats.wordpress.com\/wp-content\/uploads\/2024\/09\/image-11.png?w=672\" alt=\"\" class=\"wp-image-866\"\/><\/figure>\n\n\n\n<figure class=\"wp-block-image size-large\"><img decoding=\"async\" src=\"https:\/\/kirillsats.wordpress.com\/wp-content\/uploads\/2024\/09\/image-11.png?w=672\" alt=\"\" class=\"wp-image-866\"\/><\/figure>\n\n\n\n<p><\/p>\n\n\n\n<p>UPDATE<\/p>\n\n\n\n<figure class=\"wp-block-image size-large\"><img decoding=\"async\" src=\"https:\/\/kirillsats.wordpress.com\/wp-content\/uploads\/2024\/09\/image-11.png?w=672\" alt=\"\" class=\"wp-image-866\"\/><\/figure>\n\n\n\n<figure class=\"wp-block-image size-large\"><img decoding=\"async\" src=\"https:\/\/kirillsats.wordpress.com\/wp-content\/uploads\/2024\/09\/image-11.png?w=672\" alt=\"\" class=\"wp-image-866\"\/><\/figure>\n\n\n\n<figure class=\"wp-block-image size-large\"><img decoding=\"async\" src=\"https:\/\/kirillsats.wordpress.com\/wp-content\/uploads\/2024\/09\/image-11.png?w=672\" alt=\"\" class=\"wp-image-866\"\/><\/figure>\n\n\n\n<p><\/p>\n\n\n\n<p><\/p>\n\n\n\n<p>\u00dclesanne Bogdanist<\/p>\n\n\n\n<p>Loome tabel raamatud<\/p>\n\n\n\n<figure class=\"wp-block-image size-large\"><img decoding=\"async\" src=\"https:\/\/kirillsats.wordpress.com\/wp-content\/uploads\/2024\/09\/image-11.png?w=672\" alt=\"\" class=\"wp-image-866\"\/><\/figure>\n\n\n\n<p>Loome tabel raamatuBroneeri<\/p>\n\n\n\n<figure class=\"wp-block-image size-large\"><img decoding=\"async\" src=\"https:\/\/kirillsats.wordpress.com\/wp-content\/uploads\/2024\/09\/image-11.png?w=672\" alt=\"\" class=\"wp-image-866\"\/><\/figure>\n\n\n\n<p>Loome tabel logid<\/p>\n\n\n\n<figure class=\"wp-block-image size-large\"><img decoding=\"async\" src=\"https:\/\/kirillsats.wordpress.com\/wp-content\/uploads\/2024\/09\/image-11.png?w=672\" alt=\"\" class=\"wp-image-866\"\/><\/figure>\n\n\n\n<p>Loome p\u00e4ringud<\/p>\n\n\n\n<p>INSERT<\/p>\n\n\n\n<figure class=\"wp-block-image size-large is-resized\"><img decoding=\"async\" src=\"https:\/\/kirillsats.wordpress.com\/wp-content\/uploads\/2024\/09\/image-10.png?w=1024\" alt=\"\" class=\"wp-image-864\" style=\"width:920px;height:auto\"\/><\/figure>\n\n\n\n<p>DELETE<\/p>\n\n\n\n<figure class=\"wp-block-image size-full\"><img loading=\"lazy\" decoding=\"async\" width=\"631\" height=\"121\" src=\"https:\/\/kirillsats23.thkit.ee\/wp\/wp-content\/uploads\/2024\/09\/image.png\" alt=\"\" class=\"wp-image-851\" srcset=\"https:\/\/kirillsats23.thkit.ee\/wp\/wp-content\/uploads\/2024\/09\/image.png 631w, https:\/\/kirillsats23.thkit.ee\/wp\/wp-content\/uploads\/2024\/09\/image-300x58.png 300w\" sizes=\"auto, (max-width: 631px) 100vw, 631px\" \/><\/figure>\n\n\n\n<p>\u00fchenduse seadistamine<\/p>\n\n\n\n<figure class=\"wp-block-image size-full\"><img loading=\"lazy\" decoding=\"async\" width=\"772\" height=\"110\" src=\"https:\/\/kirillsats23.thkit.ee\/wp\/wp-content\/uploads\/2024\/09\/image-1.png\" alt=\"\" class=\"wp-image-852\" srcset=\"https:\/\/kirillsats23.thkit.ee\/wp\/wp-content\/uploads\/2024\/09\/image-1.png 772w, https:\/\/kirillsats23.thkit.ee\/wp\/wp-content\/uploads\/2024\/09\/image-1-300x43.png 300w, https:\/\/kirillsats23.thkit.ee\/wp\/wp-content\/uploads\/2024\/09\/image-1-768x109.png 768w\" sizes=\"auto, (max-width: 772px) 100vw, 772px\" \/><\/figure>\n\n\n\n<pre id=\"tw-target-text\" class=\"wp-block-preformatted\"><\/pre>\n\n\n\n<p><strong>SQL<\/strong><\/p>\n\n\n\n<p><strong>Database loomine<\/strong><\/p>\n\n\n\n<figure class=\"wp-block-image size-full is-resized\"><img loading=\"lazy\" decoding=\"async\" width=\"269\" height=\"179\" src=\"https:\/\/kirillsats23.thkit.ee\/wp\/wp-content\/uploads\/2024\/11\/image.png\" alt=\"\" class=\"wp-image-1171\" style=\"width:266px;height:auto\"\/><\/figure>\n\n\n\n<p><strong>Tabelite loomine<\/strong><\/p>\n\n\n\n<figure class=\"wp-block-image size-full is-resized\"><img loading=\"lazy\" decoding=\"async\" width=\"360\" height=\"378\" src=\"https:\/\/kirillsats23.thkit.ee\/wp\/wp-content\/uploads\/2024\/11\/image-1.png\" alt=\"\" class=\"wp-image-1173\" style=\"width:348px;height:auto\" srcset=\"https:\/\/kirillsats23.thkit.ee\/wp\/wp-content\/uploads\/2024\/11\/image-1.png 360w, https:\/\/kirillsats23.thkit.ee\/wp\/wp-content\/uploads\/2024\/11\/image-1-286x300.png 286w, https:\/\/kirillsats23.thkit.ee\/wp\/wp-content\/uploads\/2024\/11\/image-1-300x315.png 300w\" sizes=\"auto, (max-width: 360px) 100vw, 360px\" \/><\/figure>\n\n\n\n<p><strong>Triggerite kontrollimine<\/strong><\/p>\n\n\n\n<figure class=\"wp-block-image size-full\"><img loading=\"lazy\" decoding=\"async\" width=\"556\" height=\"870\" src=\"https:\/\/kirillsats23.thkit.ee\/wp\/wp-content\/uploads\/2024\/11\/image-2.png\" alt=\"\" class=\"wp-image-1174\" srcset=\"https:\/\/kirillsats23.thkit.ee\/wp\/wp-content\/uploads\/2024\/11\/image-2.png 556w, https:\/\/kirillsats23.thkit.ee\/wp\/wp-content\/uploads\/2024\/11\/image-2-192x300.png 192w, https:\/\/kirillsats23.thkit.ee\/wp\/wp-content\/uploads\/2024\/11\/image-2-300x469.png 300w\" sizes=\"auto, (max-width: 556px) 100vw, 556px\" \/><\/figure>\n\n\n\n<figure class=\"wp-block-image size-full\"><img loading=\"lazy\" decoding=\"async\" width=\"542\" height=\"436\" src=\"https:\/\/kirillsats23.thkit.ee\/wp\/wp-content\/uploads\/2024\/11\/image-4.png\" alt=\"\" class=\"wp-image-1176\" srcset=\"https:\/\/kirillsats23.thkit.ee\/wp\/wp-content\/uploads\/2024\/11\/image-4.png 542w, https:\/\/kirillsats23.thkit.ee\/wp\/wp-content\/uploads\/2024\/11\/image-4-300x241.png 300w\" sizes=\"auto, (max-width: 542px) 100vw, 542px\" \/><\/figure>\n\n\n\n<figure class=\"wp-block-image size-full\"><img loading=\"lazy\" decoding=\"async\" width=\"715\" height=\"233\" src=\"https:\/\/kirillsats23.thkit.ee\/wp\/wp-content\/uploads\/2024\/11\/image-5.png\" alt=\"\" class=\"wp-image-1177\" srcset=\"https:\/\/kirillsats23.thkit.ee\/wp\/wp-content\/uploads\/2024\/11\/image-5.png 715w, https:\/\/kirillsats23.thkit.ee\/wp\/wp-content\/uploads\/2024\/11\/image-5-300x98.png 300w, https:\/\/kirillsats23.thkit.ee\/wp\/wp-content\/uploads\/2024\/11\/image-5-624x203.png 624w\" sizes=\"auto, (max-width: 715px) 100vw, 715px\" \/><\/figure>\n\n\n\n<figure class=\"wp-block-image size-full\"><img loading=\"lazy\" decoding=\"async\" width=\"709\" height=\"436\" src=\"https:\/\/kirillsats23.thkit.ee\/wp\/wp-content\/uploads\/2024\/11\/image-6.png\" alt=\"\" class=\"wp-image-1178\" srcset=\"https:\/\/kirillsats23.thkit.ee\/wp\/wp-content\/uploads\/2024\/11\/image-6.png 709w, https:\/\/kirillsats23.thkit.ee\/wp\/wp-content\/uploads\/2024\/11\/image-6-300x184.png 300w, https:\/\/kirillsats23.thkit.ee\/wp\/wp-content\/uploads\/2024\/11\/image-6-624x384.png 624w\" sizes=\"auto, (max-width: 709px) 100vw, 709px\" \/><\/figure>\n\n\n\n<p><strong>Kasutaja loomine<\/strong><\/p>\n\n\n\n<figure class=\"wp-block-image size-full\"><img loading=\"lazy\" decoding=\"async\" width=\"688\" height=\"652\" src=\"https:\/\/kirillsats23.thkit.ee\/wp\/wp-content\/uploads\/2024\/11\/image-7.png\" alt=\"\" class=\"wp-image-1179\" srcset=\"https:\/\/kirillsats23.thkit.ee\/wp\/wp-content\/uploads\/2024\/11\/image-7.png 688w, https:\/\/kirillsats23.thkit.ee\/wp\/wp-content\/uploads\/2024\/11\/image-7-300x284.png 300w, https:\/\/kirillsats23.thkit.ee\/wp\/wp-content\/uploads\/2024\/11\/image-7-624x591.png 624w\" sizes=\"auto, (max-width: 688px) 100vw, 688px\" \/><\/figure>\n\n\n\n<figure class=\"wp-block-image size-full\"><img loading=\"lazy\" decoding=\"async\" width=\"696\" height=\"649\" src=\"https:\/\/kirillsats23.thkit.ee\/wp\/wp-content\/uploads\/2024\/11\/image-8.png\" alt=\"\" class=\"wp-image-1180\" srcset=\"https:\/\/kirillsats23.thkit.ee\/wp\/wp-content\/uploads\/2024\/11\/image-8.png 696w, https:\/\/kirillsats23.thkit.ee\/wp\/wp-content\/uploads\/2024\/11\/image-8-300x280.png 300w, https:\/\/kirillsats23.thkit.ee\/wp\/wp-content\/uploads\/2024\/11\/image-8-624x582.png 624w\" sizes=\"auto, (max-width: 696px) 100vw, 696px\" \/><\/figure>\n\n\n\n<figure class=\"wp-block-image size-full\"><img loading=\"lazy\" decoding=\"async\" width=\"700\" height=\"657\" src=\"https:\/\/kirillsats23.thkit.ee\/wp\/wp-content\/uploads\/2024\/11\/image-9.png\" alt=\"\" class=\"wp-image-1181\" srcset=\"https:\/\/kirillsats23.thkit.ee\/wp\/wp-content\/uploads\/2024\/11\/image-9.png 700w, https:\/\/kirillsats23.thkit.ee\/wp\/wp-content\/uploads\/2024\/11\/image-9-300x282.png 300w, https:\/\/kirillsats23.thkit.ee\/wp\/wp-content\/uploads\/2024\/11\/image-9-624x586.png 624w\" sizes=\"auto, (max-width: 700px) 100vw, 700px\" \/><\/figure>\n\n\n\n<p>\u00d5iguste liisamine<\/p>\n\n\n\n<figure class=\"wp-block-image size-full\"><img loading=\"lazy\" decoding=\"async\" width=\"562\" height=\"153\" src=\"https:\/\/kirillsats23.thkit.ee\/wp\/wp-content\/uploads\/2024\/11\/image-10.png\" alt=\"\" class=\"wp-image-1182\" srcset=\"https:\/\/kirillsats23.thkit.ee\/wp\/wp-content\/uploads\/2024\/11\/image-10.png 562w, https:\/\/kirillsats23.thkit.ee\/wp\/wp-content\/uploads\/2024\/11\/image-10-300x82.png 300w\" sizes=\"auto, (max-width: 562px) 100vw, 562px\" \/><\/figure>\n\n\n\n<figure class=\"wp-block-image size-full\"><img loading=\"lazy\" decoding=\"async\" width=\"704\" height=\"173\" src=\"https:\/\/kirillsats23.thkit.ee\/wp\/wp-content\/uploads\/2024\/11\/image-11.png\" alt=\"\" class=\"wp-image-1183\" srcset=\"https:\/\/kirillsats23.thkit.ee\/wp\/wp-content\/uploads\/2024\/11\/image-11.png 704w, https:\/\/kirillsats23.thkit.ee\/wp\/wp-content\/uploads\/2024\/11\/image-11-300x74.png 300w, https:\/\/kirillsats23.thkit.ee\/wp\/wp-content\/uploads\/2024\/11\/image-11-624x153.png 624w\" sizes=\"auto, (max-width: 704px) 100vw, 704px\" \/><\/figure>\n\n\n\n<figure class=\"wp-block-image size-full\"><img loading=\"lazy\" decoding=\"async\" width=\"468\" height=\"247\" src=\"https:\/\/kirillsats23.thkit.ee\/wp\/wp-content\/uploads\/2024\/11\/image-12.png\" alt=\"\" class=\"wp-image-1184\" srcset=\"https:\/\/kirillsats23.thkit.ee\/wp\/wp-content\/uploads\/2024\/11\/image-12.png 468w, https:\/\/kirillsats23.thkit.ee\/wp\/wp-content\/uploads\/2024\/11\/image-12-300x158.png 300w\" sizes=\"auto, (max-width: 468px) 100vw, 468px\" \/><\/figure>\n\n\n\n<figure class=\"wp-block-image size-full\"><img loading=\"lazy\" decoding=\"async\" width=\"277\" height=\"234\" src=\"https:\/\/kirillsats23.thkit.ee\/wp\/wp-content\/uploads\/2024\/11\/image-13.png\" alt=\"\" class=\"wp-image-1185\"\/><\/figure>\n\n\n\n<figure class=\"wp-block-image size-full\"><img loading=\"lazy\" decoding=\"async\" width=\"606\" height=\"236\" src=\"https:\/\/kirillsats23.thkit.ee\/wp\/wp-content\/uploads\/2024\/11\/image-14.png\" alt=\"\" class=\"wp-image-1186\" srcset=\"https:\/\/kirillsats23.thkit.ee\/wp\/wp-content\/uploads\/2024\/11\/image-14.png 606w, https:\/\/kirillsats23.thkit.ee\/wp\/wp-content\/uploads\/2024\/11\/image-14-300x117.png 300w\" sizes=\"auto, (max-width: 606px) 100vw, 606px\" \/><\/figure>\n\n\n\n<p><\/p>\n\n\n\n<p><strong>Kasutatud lingid:<\/strong><\/p>\n\n\n\n<p><a href=\"https:\/\/moodle.edu.ee\/\">moodle<\/a><\/p>\n\n\n\n<hr class=\"wp-block-separator has-alpha-channel-opacity\"\/>\n\n\n\n<p><a href=\"https:\/\/kirillsats23.thkit.ee\/wp\">Kodulehele<\/a><\/p>\n","protected":false},"excerpt":{"rendered":"<p>XAMPP DELETE loomine INSERT UPDATE \u00dclesanne Bogdanist Loome tabel raamatud Loome tabel raamatuBroneeri Loome tabel logid Loome p\u00e4ringud INSERT DELETE \u00fchenduse seadistamine SQL Database loomine Tabelite loomine Triggerite kontrollimine Kasutaja loomine \u00d5iguste liisamine Kasutatud lingid: moodle Kodulehele<\/p>\n","protected":false},"author":1,"featured_media":0,"parent":0,"menu_order":0,"comment_status":"closed","ping_status":"closed","template":"","meta":{"footnotes":""},"class_list":["post-843","page","type-page","status-publish","hentry"],"yoast_head":"<!-- This site is optimized with the Yoast SEO plugin v27.3 - https:\/\/yoast.com\/product\/yoast-seo-wordpress\/ -->\n<title>AB. Trigerid Raamatukogu - Kirill Sats &otilde;pimapp | portfoolio<\/title>\n<meta name=\"description\" content=\"Trigerite loomine\" \/>\n<meta name=\"robots\" content=\"index, follow, max-snippet:-1, max-image-preview:large, max-video-preview:-1\" \/>\n<link rel=\"canonical\" href=\"https:\/\/kirillsats23.thkit.ee\/wp\/?page_id=843\" \/>\n<meta property=\"og:locale\" content=\"et_EE\" \/>\n<meta property=\"og:type\" content=\"article\" \/>\n<meta property=\"og:title\" content=\"AB. Trigerid Raamatukogu - Kirill Sats &otilde;pimapp | portfoolio\" \/>\n<meta property=\"og:description\" content=\"Trigerite loomine\" \/>\n<meta property=\"og:url\" content=\"https:\/\/kirillsats23.thkit.ee\/wp\/?page_id=843\" \/>\n<meta property=\"og:site_name\" content=\"Kirill Sats &otilde;pimapp | portfoolio\" \/>\n<meta property=\"article:modified_time\" content=\"2024-11-01T09:38:19+00:00\" \/>\n<meta name=\"twitter:card\" content=\"summary_large_image\" \/>\n<meta name=\"twitter:label1\" content=\"Est. reading time\" \/>\n\t<meta name=\"twitter:data1\" content=\"6 minutit\" \/>\n<script type=\"application\/ld+json\" class=\"yoast-schema-graph\">{\"@context\":\"https:\\\/\\\/schema.org\",\"@graph\":[{\"@type\":\"WebPage\",\"@id\":\"https:\\\/\\\/kirillsats23.thkit.ee\\\/wp\\\/?page_id=843\",\"url\":\"https:\\\/\\\/kirillsats23.thkit.ee\\\/wp\\\/?page_id=843\",\"name\":\"AB. Trigerid Raamatukogu - Kirill Sats &otilde;pimapp | portfoolio\",\"isPartOf\":{\"@id\":\"https:\\\/\\\/kirillsats23.thkit.ee\\\/wp\\\/#website\"},\"primaryImageOfPage\":{\"@id\":\"https:\\\/\\\/kirillsats23.thkit.ee\\\/wp\\\/?page_id=843#primaryimage\"},\"image\":{\"@id\":\"https:\\\/\\\/kirillsats23.thkit.ee\\\/wp\\\/?page_id=843#primaryimage\"},\"thumbnailUrl\":\"https:\\\/\\\/kirillsats.wordpress.com\\\/wp-content\\\/uploads\\\/2024\\\/09\\\/image-11.png?w=672\",\"datePublished\":\"2024-09-05T08:39:57+00:00\",\"dateModified\":\"2024-11-01T09:38:19+00:00\",\"description\":\"Trigerite loomine\",\"breadcrumb\":{\"@id\":\"https:\\\/\\\/kirillsats23.thkit.ee\\\/wp\\\/?page_id=843#breadcrumb\"},\"inLanguage\":\"et\",\"potentialAction\":[{\"@type\":\"ReadAction\",\"target\":[\"https:\\\/\\\/kirillsats23.thkit.ee\\\/wp\\\/?page_id=843\"]}]},{\"@type\":\"ImageObject\",\"inLanguage\":\"et\",\"@id\":\"https:\\\/\\\/kirillsats23.thkit.ee\\\/wp\\\/?page_id=843#primaryimage\",\"url\":\"https:\\\/\\\/kirillsats.wordpress.com\\\/wp-content\\\/uploads\\\/2024\\\/09\\\/image-11.png?w=672\",\"contentUrl\":\"https:\\\/\\\/kirillsats.wordpress.com\\\/wp-content\\\/uploads\\\/2024\\\/09\\\/image-11.png?w=672\"},{\"@type\":\"BreadcrumbList\",\"@id\":\"https:\\\/\\\/kirillsats23.thkit.ee\\\/wp\\\/?page_id=843#breadcrumb\",\"itemListElement\":[{\"@type\":\"ListItem\",\"position\":1,\"name\":\"Home\",\"item\":\"https:\\\/\\\/kirillsats23.thkit.ee\\\/wp\\\/\"},{\"@type\":\"ListItem\",\"position\":2,\"name\":\"AB. Trigerid Raamatukogu\"}]},{\"@type\":\"WebSite\",\"@id\":\"https:\\\/\\\/kirillsats23.thkit.ee\\\/wp\\\/#website\",\"url\":\"https:\\\/\\\/kirillsats23.thkit.ee\\\/wp\\\/\",\"name\":\"Kirill Sats &otilde;pimapp | portfoolio\",\"description\":\"Noorem Tarkvaarendaja eriala\",\"potentialAction\":[{\"@type\":\"SearchAction\",\"target\":{\"@type\":\"EntryPoint\",\"urlTemplate\":\"https:\\\/\\\/kirillsats23.thkit.ee\\\/wp\\\/?s={search_term_string}\"},\"query-input\":{\"@type\":\"PropertyValueSpecification\",\"valueRequired\":true,\"valueName\":\"search_term_string\"}}],\"inLanguage\":\"et\"}]}<\/script>\n<!-- \/ Yoast SEO plugin. -->","yoast_head_json":{"title":"AB. Trigerid Raamatukogu - Kirill Sats &otilde;pimapp | portfoolio","description":"Trigerite loomine","robots":{"index":"index","follow":"follow","max-snippet":"max-snippet:-1","max-image-preview":"max-image-preview:large","max-video-preview":"max-video-preview:-1"},"canonical":"https:\/\/kirillsats23.thkit.ee\/wp\/?page_id=843","og_locale":"et_EE","og_type":"article","og_title":"AB. Trigerid Raamatukogu - Kirill Sats &otilde;pimapp | portfoolio","og_description":"Trigerite loomine","og_url":"https:\/\/kirillsats23.thkit.ee\/wp\/?page_id=843","og_site_name":"Kirill Sats &otilde;pimapp | portfoolio","article_modified_time":"2024-11-01T09:38:19+00:00","twitter_card":"summary_large_image","twitter_misc":{"Est. reading time":"6 minutit"},"schema":{"@context":"https:\/\/schema.org","@graph":[{"@type":"WebPage","@id":"https:\/\/kirillsats23.thkit.ee\/wp\/?page_id=843","url":"https:\/\/kirillsats23.thkit.ee\/wp\/?page_id=843","name":"AB. Trigerid Raamatukogu - Kirill Sats &otilde;pimapp | portfoolio","isPartOf":{"@id":"https:\/\/kirillsats23.thkit.ee\/wp\/#website"},"primaryImageOfPage":{"@id":"https:\/\/kirillsats23.thkit.ee\/wp\/?page_id=843#primaryimage"},"image":{"@id":"https:\/\/kirillsats23.thkit.ee\/wp\/?page_id=843#primaryimage"},"thumbnailUrl":"https:\/\/kirillsats.wordpress.com\/wp-content\/uploads\/2024\/09\/image-11.png?w=672","datePublished":"2024-09-05T08:39:57+00:00","dateModified":"2024-11-01T09:38:19+00:00","description":"Trigerite loomine","breadcrumb":{"@id":"https:\/\/kirillsats23.thkit.ee\/wp\/?page_id=843#breadcrumb"},"inLanguage":"et","potentialAction":[{"@type":"ReadAction","target":["https:\/\/kirillsats23.thkit.ee\/wp\/?page_id=843"]}]},{"@type":"ImageObject","inLanguage":"et","@id":"https:\/\/kirillsats23.thkit.ee\/wp\/?page_id=843#primaryimage","url":"https:\/\/kirillsats.wordpress.com\/wp-content\/uploads\/2024\/09\/image-11.png?w=672","contentUrl":"https:\/\/kirillsats.wordpress.com\/wp-content\/uploads\/2024\/09\/image-11.png?w=672"},{"@type":"BreadcrumbList","@id":"https:\/\/kirillsats23.thkit.ee\/wp\/?page_id=843#breadcrumb","itemListElement":[{"@type":"ListItem","position":1,"name":"Home","item":"https:\/\/kirillsats23.thkit.ee\/wp\/"},{"@type":"ListItem","position":2,"name":"AB. Trigerid Raamatukogu"}]},{"@type":"WebSite","@id":"https:\/\/kirillsats23.thkit.ee\/wp\/#website","url":"https:\/\/kirillsats23.thkit.ee\/wp\/","name":"Kirill Sats &otilde;pimapp | portfoolio","description":"Noorem Tarkvaarendaja eriala","potentialAction":[{"@type":"SearchAction","target":{"@type":"EntryPoint","urlTemplate":"https:\/\/kirillsats23.thkit.ee\/wp\/?s={search_term_string}"},"query-input":{"@type":"PropertyValueSpecification","valueRequired":true,"valueName":"search_term_string"}}],"inLanguage":"et"}]}},"_links":{"self":[{"href":"https:\/\/kirillsats23.thkit.ee\/wp\/index.php?rest_route=\/wp\/v2\/pages\/843","targetHints":{"allow":["GET"]}}],"collection":[{"href":"https:\/\/kirillsats23.thkit.ee\/wp\/index.php?rest_route=\/wp\/v2\/pages"}],"about":[{"href":"https:\/\/kirillsats23.thkit.ee\/wp\/index.php?rest_route=\/wp\/v2\/types\/page"}],"author":[{"embeddable":true,"href":"https:\/\/kirillsats23.thkit.ee\/wp\/index.php?rest_route=\/wp\/v2\/users\/1"}],"replies":[{"embeddable":true,"href":"https:\/\/kirillsats23.thkit.ee\/wp\/index.php?rest_route=%2Fwp%2Fv2%2Fcomments&post=843"}],"version-history":[{"count":4,"href":"https:\/\/kirillsats23.thkit.ee\/wp\/index.php?rest_route=\/wp\/v2\/pages\/843\/revisions"}],"predecessor-version":[{"id":1187,"href":"https:\/\/kirillsats23.thkit.ee\/wp\/index.php?rest_route=\/wp\/v2\/pages\/843\/revisions\/1187"}],"wp:attachment":[{"href":"https:\/\/kirillsats23.thkit.ee\/wp\/index.php?rest_route=%2Fwp%2Fv2%2Fmedia&parent=843"}],"curies":[{"name":"wp","href":"https:\/\/api.w.org\/{rel}","templated":true}]}}