{"id":782,"date":"2024-05-13T16:02:05","date_gmt":"2024-05-13T13:02:05","guid":{"rendered":"https:\/\/kirillsats.wordpress.com\/?page_id=782"},"modified":"2024-10-21T05:27:19","modified_gmt":"2024-10-21T05:27:19","slug":"loputoo","status":"publish","type":"page","link":"https:\/\/kirillsats23.thkit.ee\/wp\/?page_id=782","title":{"rendered":"L\u00f5put\u00f6\u00f6"},"content":{"rendered":"\n<p>Valisin t\u00f6\u00f6 animatsiooniga<\/p>\n\n\n\n<p><strong>Teema:  <\/strong>Liiklusseadused<\/p>\n\n\n\n<p><strong>Miks just see teema? <\/strong><\/p>\n\n\n\n<p>Usun, et k\u00f5ik peaksid teadma liiklusreegleid, sest iga p\u00e4ev kasutame neid mituk\u00fcmmend korda. N\u00e4iteks tee \u00fcletamiseks pead teadma, et teed saab \u00fcletada ainult rohelise fooritulega. Kui teel foori ei p\u00f5le, tuleb teed \u00fcletada foorita \u00fclek\u00e4igurajal, olles veendunud, et seal ei ole autosid v\u00f5i et need lubavad m\u00f6\u00f6das\u00f5itu, et te ei satuks \u00f5nnetus. Liiklusreegleid \u00f5petatakse juba lasteaiast alates, kuna see on \u00fcks olulisemaid teemasid, mis meie igap\u00e4evaelus kaasab .<\/p>\n\n\n\n<figure class=\"wp-block-image size-large\"><img decoding=\"async\" src=\"https:\/\/kirillsats.wordpress.com\/wp-content\/uploads\/2024\/05\/image-88.png?w=1024\" alt=\"\" class=\"wp-image-811\"\/><\/figure>\n\n\n\n<p>Siin tegin  GIF, kuidas teed valesti \u00fcletada<\/p>\n\n\n\n<figure class=\"wp-block-image size-large\"><img decoding=\"async\" src=\"https:\/\/kirillsats.wordpress.com\/wp-content\/uploads\/2024\/05\/image-89.png?w=1024\" alt=\"\" class=\"wp-image-813\"\/><\/figure>\n\n\n\n<p>Siin tegin  GIF, kuidas teed \u00f5igesti \u00fcletada<\/p>\n\n\n\n<p><strong>Adobe After Effects:<\/strong><\/p>\n\n\n\n<p>After Effects&#8217;is tegin ainult kaks gifit, kuidas teed \u00f5igesti ja valesti \u00fcletada. See oli huvitav t\u00f6\u00f6kogemus. Olen selle programmi t\u00e4ielikult omandanud, vajalikud funktsioonid.<\/p>\n\n\n\n<p><strong>Animaker:<\/strong><\/p>\n\n\n\n<p>Animaker&#8217;is ma tegin k\u00f5ik t\u00f6\u00f6. Animaker&#8217;is ma t\u00f6\u00f6tasin palju aega, ja mul polnud raske seda animatsiooni teha. <\/p>\n\n\n\n<p><strong>Kokkuv\u00f5tte:<\/strong><\/p>\n\n\n\n<p>L\u00f5petuseks tahan \u00f6elda, et see oli hea kogemus animatsioonidega. Mulle meeldis k\u00f5ige rohkem t\u00f6\u00f6tada Adobe After Effectsis, kuna t\u00f6\u00f6tasin seal v\u00e4he aega ega saanud t\u00e4ielikult aru, mis ja kuidas see seal t\u00f6\u00f6tab. Mul kulus selle projekti jaoks paar tundi, kuna oskan juba animatsioone teha. \u00dcldiselt oli see informatiivne ja lihtne projekt<\/p>\n\n\n\n<p><strong>Link:<\/strong><\/p>\n\n\n\n<p>https:\/\/app.animaker.com\/animo\/idAeAiRbV5pIHmZB\/<\/p>\n\n\n\n<p><a href=\"https:\/\/kirillsats23.thkit.ee\/wp\"><strong>Koduleht<\/strong>:<br><\/a><\/p>\n","protected":false},"excerpt":{"rendered":"<p>Valisin t\u00f6\u00f6 animatsiooniga Teema: Liiklusseadused Miks just see teema? Usun, et k\u00f5ik peaksid teadma liiklusreegleid, sest iga p\u00e4ev kasutame neid mituk\u00fcmmend korda. N\u00e4iteks tee \u00fcletamiseks pead teadma, et teed saab \u00fcletada ainult rohelise fooritulega. Kui teel foori ei p\u00f5le, tuleb teed \u00fcletada foorita \u00fclek\u00e4igurajal, olles veendunud, et seal ei ole autosid v\u00f5i et need lubavad [&hellip;]<\/p>\n","protected":false},"author":1,"featured_media":0,"parent":0,"menu_order":0,"comment_status":"closed","ping_status":"closed","template":"","meta":{"footnotes":""},"class_list":["post-782","page","type-page","status-publish","hentry"],"yoast_head":"<!-- This site is optimized with the Yoast SEO plugin v27.3 - https:\/\/yoast.com\/product\/yoast-seo-wordpress\/ -->\n<title>L\u00f5put\u00f6\u00f6 - Kirill Sats &otilde;pimapp | portfoolio<\/title>\n<meta name=\"description\" content=\"L\u00f5put\u00f6\u00f6 multimeediast\" \/>\n<meta name=\"robots\" content=\"index, follow, max-snippet:-1, max-image-preview:large, max-video-preview:-1\" \/>\n<link rel=\"canonical\" href=\"https:\/\/kirillsats23.thkit.ee\/wp\/?page_id=782\" \/>\n<meta property=\"og:locale\" content=\"et_EE\" \/>\n<meta property=\"og:type\" content=\"article\" \/>\n<meta property=\"og:title\" content=\"L\u00f5put\u00f6\u00f6 - Kirill Sats &otilde;pimapp | portfoolio\" \/>\n<meta property=\"og:description\" content=\"L\u00f5put\u00f6\u00f6 multimeediast\" \/>\n<meta property=\"og:url\" content=\"https:\/\/kirillsats23.thkit.ee\/wp\/?page_id=782\" \/>\n<meta property=\"og:site_name\" content=\"Kirill Sats &otilde;pimapp | portfoolio\" \/>\n<meta property=\"article:modified_time\" content=\"2024-10-21T05:27:19+00:00\" \/>\n<meta property=\"og:image\" content=\"https:\/\/kirillsats.wordpress.com\/wp-content\/uploads\/2024\/05\/image-88.png?w=1024\" \/>\n<meta name=\"twitter:card\" content=\"summary_large_image\" \/>\n<meta name=\"twitter:label1\" content=\"Est. reading time\" \/>\n\t<meta name=\"twitter:data1\" content=\"2 minutit\" \/>\n<script type=\"application\/ld+json\" class=\"yoast-schema-graph\">{\"@context\":\"https:\\\/\\\/schema.org\",\"@graph\":[{\"@type\":\"WebPage\",\"@id\":\"https:\\\/\\\/kirillsats23.thkit.ee\\\/wp\\\/?page_id=782\",\"url\":\"https:\\\/\\\/kirillsats23.thkit.ee\\\/wp\\\/?page_id=782\",\"name\":\"L\u00f5put\u00f6\u00f6 - Kirill Sats &otilde;pimapp | portfoolio\",\"isPartOf\":{\"@id\":\"https:\\\/\\\/kirillsats23.thkit.ee\\\/wp\\\/#website\"},\"primaryImageOfPage\":{\"@id\":\"https:\\\/\\\/kirillsats23.thkit.ee\\\/wp\\\/?page_id=782#primaryimage\"},\"image\":{\"@id\":\"https:\\\/\\\/kirillsats23.thkit.ee\\\/wp\\\/?page_id=782#primaryimage\"},\"thumbnailUrl\":\"https:\\\/\\\/kirillsats.wordpress.com\\\/wp-content\\\/uploads\\\/2024\\\/05\\\/image-88.png?w=1024\",\"datePublished\":\"2024-05-13T13:02:05+00:00\",\"dateModified\":\"2024-10-21T05:27:19+00:00\",\"description\":\"L\u00f5put\u00f6\u00f6 multimeediast\",\"breadcrumb\":{\"@id\":\"https:\\\/\\\/kirillsats23.thkit.ee\\\/wp\\\/?page_id=782#breadcrumb\"},\"inLanguage\":\"et\",\"potentialAction\":[{\"@type\":\"ReadAction\",\"target\":[\"https:\\\/\\\/kirillsats23.thkit.ee\\\/wp\\\/?page_id=782\"]}]},{\"@type\":\"ImageObject\",\"inLanguage\":\"et\",\"@id\":\"https:\\\/\\\/kirillsats23.thkit.ee\\\/wp\\\/?page_id=782#primaryimage\",\"url\":\"https:\\\/\\\/kirillsats.wordpress.com\\\/wp-content\\\/uploads\\\/2024\\\/05\\\/image-88.png?w=1024\",\"contentUrl\":\"https:\\\/\\\/kirillsats.wordpress.com\\\/wp-content\\\/uploads\\\/2024\\\/05\\\/image-88.png?w=1024\"},{\"@type\":\"BreadcrumbList\",\"@id\":\"https:\\\/\\\/kirillsats23.thkit.ee\\\/wp\\\/?page_id=782#breadcrumb\",\"itemListElement\":[{\"@type\":\"ListItem\",\"position\":1,\"name\":\"Home\",\"item\":\"https:\\\/\\\/kirillsats23.thkit.ee\\\/wp\\\/\"},{\"@type\":\"ListItem\",\"position\":2,\"name\":\"L\u00f5put\u00f6\u00f6\"}]},{\"@type\":\"WebSite\",\"@id\":\"https:\\\/\\\/kirillsats23.thkit.ee\\\/wp\\\/#website\",\"url\":\"https:\\\/\\\/kirillsats23.thkit.ee\\\/wp\\\/\",\"name\":\"Kirill Sats &otilde;pimapp | portfoolio\",\"description\":\"Noorem Tarkvaarendaja eriala\",\"potentialAction\":[{\"@type\":\"SearchAction\",\"target\":{\"@type\":\"EntryPoint\",\"urlTemplate\":\"https:\\\/\\\/kirillsats23.thkit.ee\\\/wp\\\/?s={search_term_string}\"},\"query-input\":{\"@type\":\"PropertyValueSpecification\",\"valueRequired\":true,\"valueName\":\"search_term_string\"}}],\"inLanguage\":\"et\"}]}<\/script>\n<!-- \/ Yoast SEO plugin. -->","yoast_head_json":{"title":"L\u00f5put\u00f6\u00f6 - Kirill Sats &otilde;pimapp | portfoolio","description":"L\u00f5put\u00f6\u00f6 multimeediast","robots":{"index":"index","follow":"follow","max-snippet":"max-snippet:-1","max-image-preview":"max-image-preview:large","max-video-preview":"max-video-preview:-1"},"canonical":"https:\/\/kirillsats23.thkit.ee\/wp\/?page_id=782","og_locale":"et_EE","og_type":"article","og_title":"L\u00f5put\u00f6\u00f6 - Kirill Sats &otilde;pimapp | portfoolio","og_description":"L\u00f5put\u00f6\u00f6 multimeediast","og_url":"https:\/\/kirillsats23.thkit.ee\/wp\/?page_id=782","og_site_name":"Kirill Sats &otilde;pimapp | portfoolio","article_modified_time":"2024-10-21T05:27:19+00:00","og_image":[{"url":"https:\/\/kirillsats.wordpress.com\/wp-content\/uploads\/2024\/05\/image-88.png?w=1024","type":"","width":"","height":""}],"twitter_card":"summary_large_image","twitter_misc":{"Est. reading time":"2 minutit"},"schema":{"@context":"https:\/\/schema.org","@graph":[{"@type":"WebPage","@id":"https:\/\/kirillsats23.thkit.ee\/wp\/?page_id=782","url":"https:\/\/kirillsats23.thkit.ee\/wp\/?page_id=782","name":"L\u00f5put\u00f6\u00f6 - Kirill Sats &otilde;pimapp | portfoolio","isPartOf":{"@id":"https:\/\/kirillsats23.thkit.ee\/wp\/#website"},"primaryImageOfPage":{"@id":"https:\/\/kirillsats23.thkit.ee\/wp\/?page_id=782#primaryimage"},"image":{"@id":"https:\/\/kirillsats23.thkit.ee\/wp\/?page_id=782#primaryimage"},"thumbnailUrl":"https:\/\/kirillsats.wordpress.com\/wp-content\/uploads\/2024\/05\/image-88.png?w=1024","datePublished":"2024-05-13T13:02:05+00:00","dateModified":"2024-10-21T05:27:19+00:00","description":"L\u00f5put\u00f6\u00f6 multimeediast","breadcrumb":{"@id":"https:\/\/kirillsats23.thkit.ee\/wp\/?page_id=782#breadcrumb"},"inLanguage":"et","potentialAction":[{"@type":"ReadAction","target":["https:\/\/kirillsats23.thkit.ee\/wp\/?page_id=782"]}]},{"@type":"ImageObject","inLanguage":"et","@id":"https:\/\/kirillsats23.thkit.ee\/wp\/?page_id=782#primaryimage","url":"https:\/\/kirillsats.wordpress.com\/wp-content\/uploads\/2024\/05\/image-88.png?w=1024","contentUrl":"https:\/\/kirillsats.wordpress.com\/wp-content\/uploads\/2024\/05\/image-88.png?w=1024"},{"@type":"BreadcrumbList","@id":"https:\/\/kirillsats23.thkit.ee\/wp\/?page_id=782#breadcrumb","itemListElement":[{"@type":"ListItem","position":1,"name":"Home","item":"https:\/\/kirillsats23.thkit.ee\/wp\/"},{"@type":"ListItem","position":2,"name":"L\u00f5put\u00f6\u00f6"}]},{"@type":"WebSite","@id":"https:\/\/kirillsats23.thkit.ee\/wp\/#website","url":"https:\/\/kirillsats23.thkit.ee\/wp\/","name":"Kirill Sats &otilde;pimapp | portfoolio","description":"Noorem Tarkvaarendaja eriala","potentialAction":[{"@type":"SearchAction","target":{"@type":"EntryPoint","urlTemplate":"https:\/\/kirillsats23.thkit.ee\/wp\/?s={search_term_string}"},"query-input":{"@type":"PropertyValueSpecification","valueRequired":true,"valueName":"search_term_string"}}],"inLanguage":"et"}]}},"_links":{"self":[{"href":"https:\/\/kirillsats23.thkit.ee\/wp\/index.php?rest_route=\/wp\/v2\/pages\/782","targetHints":{"allow":["GET"]}}],"collection":[{"href":"https:\/\/kirillsats23.thkit.ee\/wp\/index.php?rest_route=\/wp\/v2\/pages"}],"about":[{"href":"https:\/\/kirillsats23.thkit.ee\/wp\/index.php?rest_route=\/wp\/v2\/types\/page"}],"author":[{"embeddable":true,"href":"https:\/\/kirillsats23.thkit.ee\/wp\/index.php?rest_route=\/wp\/v2\/users\/1"}],"replies":[{"embeddable":true,"href":"https:\/\/kirillsats23.thkit.ee\/wp\/index.php?rest_route=%2Fwp%2Fv2%2Fcomments&post=782"}],"version-history":[{"count":1,"href":"https:\/\/kirillsats23.thkit.ee\/wp\/index.php?rest_route=\/wp\/v2\/pages\/782\/revisions"}],"predecessor-version":[{"id":1059,"href":"https:\/\/kirillsats23.thkit.ee\/wp\/index.php?rest_route=\/wp\/v2\/pages\/782\/revisions\/1059"}],"wp:attachment":[{"href":"https:\/\/kirillsats23.thkit.ee\/wp\/index.php?rest_route=%2Fwp%2Fv2%2Fmedia&parent=782"}],"curies":[{"name":"wp","href":"https:\/\/api.w.org\/{rel}","templated":true}]}}