{"id":625,"date":"2024-05-07T09:50:58","date_gmt":"2024-05-07T06:50:58","guid":{"rendered":"https:\/\/kirillsats.wordpress.com\/?page_id=625"},"modified":"2024-10-14T07:28:28","modified_gmt":"2024-10-14T07:28:28","slug":"ab-kasutajad-ja-nende-oigused","status":"publish","type":"page","link":"https:\/\/kirillsats23.thkit.ee\/wp\/?page_id=625","title":{"rendered":"AB. Kasutajad ja nende \u00f5igused"},"content":{"rendered":"\n<h2 class=\"wp-block-heading\">Kasutajad ja nende \u00f5igused<\/h2>\n\n\n\n<ul class=\"wp-block-list\">\n<li>CREATE Database &#8230; &#8211; \u0441\u043e\u0437\u0434\u0430\u0442\u044c \u0431\u0430\u0437\u0443 \u0434\u0430\u043d\u043d\u044b\u0445<\/li>\n\n\n\n<li>USE &#8230; &#8211; \u0438\u0441\u043f\u043e\u043b\u044c\u0437\u043e\u0432\u0430\u0442\u044c\/\u043f\u0435\u0440\u043a\u0435\u043b\u044e\u0447\u0438\u0442\u044c <\/li>\n\n\n\n<li>GRANT INSERT to opilaneSats; &#8211; \u043d\u0430\u0437\u043d\u0430\u0447\u0430\u0435\u0442 \u043f\u0440\u0430\u0432\u0430<\/li>\n\n\n\n<li>DENY &#8211; \u0437\u0430\u043f\u0440\u0435\u0449\u0430\u0435\u0442<\/li>\n\n\n\n<li>&#8211;\u00f5iguste m\u00e4\u00e4ramine tabeli p\u00f5hjal GRANT SELECT, INSERT ON kool to opilaneSats;<\/li>\n<\/ul>\n\n\n\n<p><strong>Tegin n\u00e4ite, et m\u00f5ista, kuhu kl\u00f5psata kasutajatele \u00f5iguste m\u00e4\u00e4ramiseks<\/strong><\/p>\n\n\n\n<figure class=\"wp-block-image size-large\"><img decoding=\"async\" src=\"https:\/\/kirillsats.wordpress.com\/wp-content\/uploads\/2024\/05\/image-2.png?w=711\" alt=\"\" class=\"wp-image-630\"\/><\/figure>\n\n\n\n<figure class=\"wp-block-image size-large\"><img decoding=\"async\" src=\"https:\/\/kirillsats.wordpress.com\/wp-content\/uploads\/2024\/05\/image-3.png?w=705\" alt=\"\" class=\"wp-image-631\"\/><\/figure>\n\n\n\n<p>\u00d5iguste kontrollimine, et n\u00e4ha, kas kasutaja saab midagi teha, kui \u00f5igusi pole saadaval<\/p>\n\n\n\n<figure class=\"wp-block-image size-large\"><img decoding=\"async\" src=\"https:\/\/kirillsats.wordpress.com\/wp-content\/uploads\/2024\/05\/image-5.png?w=325\" alt=\"\" class=\"wp-image-633\"\/><\/figure>\n\n\n\n<p>INSERT. Kontrollime kas kasutaja v\u00f5ib v\u00e4rskendada<\/p>\n\n\n\n<p>tabelisse v\u00f5i ei<\/p>\n\n\n\n<figure class=\"wp-block-image size-large\"><img decoding=\"async\" src=\"https:\/\/kirillsats.wordpress.com\/wp-content\/uploads\/2024\/05\/image-6.png?w=402\" alt=\"\" class=\"wp-image-634\"\/><\/figure>\n\n\n\n<p>DELETE. Kontrollime, kas kasutaja v\u00f5ib kustuda tabelist<\/p>\n\n\n\n<figure class=\"wp-block-image size-large\"><img decoding=\"async\" src=\"https:\/\/kirillsats.wordpress.com\/wp-content\/uploads\/2024\/05\/image-7.png?w=442\" alt=\"\" class=\"wp-image-635\"\/><\/figure>\n\n\n\n<figure class=\"wp-block-image size-large\"><img decoding=\"async\" src=\"https:\/\/kirillsats.wordpress.com\/wp-content\/uploads\/2024\/05\/image-8.png?w=796\" alt=\"\" class=\"wp-image-636\"\/><\/figure>\n\n\n\n<p>Tabeli loomine<\/p>\n\n\n\n<figure class=\"wp-block-image size-large\"><img decoding=\"async\" src=\"https:\/\/kirillsats.wordpress.com\/wp-content\/uploads\/2024\/05\/image-10.png?w=467\" alt=\"\" class=\"wp-image-639\"\/><\/figure>\n\n\n\n<figure class=\"wp-block-image size-large\"><img decoding=\"async\" src=\"https:\/\/kirillsats.wordpress.com\/wp-content\/uploads\/2024\/05\/image-11.png?w=492\" alt=\"\" class=\"wp-image-640\"\/><\/figure>\n\n\n\n<p><\/p>\n\n\n\n<p>XAMPP<\/p>\n\n\n\n<p>kasuataja loomine<\/p>\n\n\n\n<figure class=\"wp-block-image size-large\"><img decoding=\"async\" src=\"https:\/\/kirillsats.wordpress.com\/wp-content\/uploads\/2024\/05\/image-12.png?w=1021\" alt=\"\" class=\"wp-image-642\"\/><\/figure>\n\n\n\n<p>Tabeli loomine<\/p>\n\n\n\n<figure class=\"wp-block-image size-large\"><img decoding=\"async\" src=\"https:\/\/kirillsats.wordpress.com\/wp-content\/uploads\/2024\/05\/image-13.png?w=568\" alt=\"\" class=\"wp-image-644\"\/><\/figure>\n\n\n\n<p>\u00d5igus DELETE. Kontrollime, kas kasutaja v\u00f5ib kustuda tabelist v\u00f5i ei<\/p>\n\n\n\n<figure class=\"wp-block-image size-large\"><img decoding=\"async\" src=\"https:\/\/kirillsats.wordpress.com\/wp-content\/uploads\/2024\/05\/image-14.png?w=913\" alt=\"\" class=\"wp-image-646\"\/><\/figure>\n\n\n\n<p>Liisatud \u00f5igus UPDATE<\/p>\n\n\n\n<figure class=\"wp-block-image size-large\"><img decoding=\"async\" src=\"https:\/\/kirillsats.wordpress.com\/wp-content\/uploads\/2024\/05\/image-15.png?w=669\" alt=\"\" class=\"wp-image-648\"\/><\/figure>\n\n\n\n<p><\/p>\n\n\n\n<p><strong>\u00dclesanne1<\/strong><\/p>\n\n\n\n<p><strong>SQL<\/strong><\/p>\n\n\n\n<p>Database loomine<\/p>\n\n\n\n<figure class=\"wp-block-image size-large\"><img decoding=\"async\" src=\"https:\/\/kirillsats.wordpress.com\/wp-content\/uploads\/2024\/05\/image-16.png?w=394\" alt=\"\" class=\"wp-image-656\"\/><\/figure>\n\n\n\n<p>Tabeli movies loomine<\/p>\n\n\n\n<figure class=\"wp-block-image size-large\"><img decoding=\"async\" src=\"https:\/\/kirillsats.wordpress.com\/wp-content\/uploads\/2024\/05\/image-17.png?w=453\" alt=\"\" class=\"wp-image-658\"\/><\/figure>\n\n\n\n<p>Liisame andmed tabelis<\/p>\n\n\n\n<figure class=\"wp-block-image size-large\"><img decoding=\"async\" src=\"https:\/\/kirillsats.wordpress.com\/wp-content\/uploads\/2024\/05\/image-18.png?w=747\" alt=\"\" class=\"wp-image-660\"\/><\/figure>\n\n\n\n<p>Kontrollime movieCost<\/p>\n\n\n\n<figure class=\"wp-block-image size-large is-resized\"><img decoding=\"async\" src=\"https:\/\/kirillsats.wordpress.com\/wp-content\/uploads\/2024\/05\/image-38.png?w=449\" alt=\"\" class=\"wp-image-687\" style=\"width:449px;height:auto\"\/><\/figure>\n\n\n\n<figure class=\"wp-block-image size-large\"><img decoding=\"async\" src=\"https:\/\/kirillsats.wordpress.com\/wp-content\/uploads\/2024\/05\/image-39.png?w=202\" alt=\"\" class=\"wp-image-689\"\/><\/figure>\n\n\n\n<p>Tabeli guest loomine<\/p>\n\n\n\n<figure class=\"wp-block-image size-large\"><img decoding=\"async\" src=\"https:\/\/kirillsats.wordpress.com\/wp-content\/uploads\/2024\/05\/image-22.png?w=352\" alt=\"\" class=\"wp-image-666\"\/><\/figure>\n\n\n\n<p>\u00d5iguste muutmine tabelis movies<\/p>\n\n\n\n<figure class=\"wp-block-image size-large\"><img decoding=\"async\" src=\"https:\/\/kirillsats.wordpress.com\/wp-content\/uploads\/2024\/05\/image-21.png?w=659\" alt=\"\" class=\"wp-image-665\"\/><\/figure>\n\n\n\n<p>\u00d5iguste muutmine tabelis guest<\/p>\n\n\n\n<figure class=\"wp-block-image size-large\"><img decoding=\"async\" src=\"https:\/\/kirillsats.wordpress.com\/wp-content\/uploads\/2024\/05\/image-23.png?w=522\" alt=\"\" class=\"wp-image-667\"\/><\/figure>\n\n\n\n<p>Kontrollime, kas v\u00f5ime printida v\u00f5i ei<\/p>\n\n\n\n<figure class=\"wp-block-image size-large\"><img decoding=\"async\" src=\"https:\/\/kirillsats.wordpress.com\/wp-content\/uploads\/2024\/05\/image-28.png?w=420\" alt=\"\" class=\"wp-image-674\"\/><\/figure>\n\n\n\n<figure class=\"wp-block-image size-large\"><img decoding=\"async\" src=\"https:\/\/kirillsats.wordpress.com\/wp-content\/uploads\/2024\/05\/image-25.png?w=465\" alt=\"\" class=\"wp-image-669\"\/><\/figure>\n\n\n\n<p>UPDATE. Kontrollime  kas v\u00f5ime v\u00e4rskendada andmeid  tabelisse v\u00f5i mitte<\/p>\n\n\n\n<figure class=\"wp-block-image size-large\"><img decoding=\"async\" src=\"https:\/\/kirillsats.wordpress.com\/wp-content\/uploads\/2024\/05\/image-36.png?w=418\" alt=\"\" class=\"wp-image-685\"\/><\/figure>\n\n\n\n<figure class=\"wp-block-image size-large\"><img decoding=\"async\" src=\"https:\/\/kirillsats.wordpress.com\/wp-content\/uploads\/2024\/05\/image-37.png?w=179\" alt=\"\" class=\"wp-image-686\"\/><\/figure>\n\n\n\n<p>SELECT guest tabelis. Kontrollime kas v\u00f5ime kuva ekraanile <\/p>\n\n\n\n<figure class=\"wp-block-image size-large\"><img decoding=\"async\" src=\"https:\/\/kirillsats.wordpress.com\/wp-content\/uploads\/2024\/05\/image-31.png?w=456\" alt=\"\" class=\"wp-image-677\"\/><\/figure>\n\n\n\n<figure class=\"wp-block-image size-large\"><img decoding=\"async\" src=\"https:\/\/kirillsats.wordpress.com\/wp-content\/uploads\/2024\/05\/image-32.png?w=183\" alt=\"\" class=\"wp-image-678\"\/><\/figure>\n\n\n\n<p>UPDATE guest tabelis. Kontrollime kas v\u00f5ime v\u00e4rskendada andmeid tabelisse <\/p>\n\n\n\n<figure class=\"wp-block-image size-large\"><img decoding=\"async\" src=\"https:\/\/kirillsats.wordpress.com\/wp-content\/uploads\/2024\/05\/image-40.png?w=319\" alt=\"\" class=\"wp-image-691\"\/><\/figure>\n\n\n\n<figure class=\"wp-block-image size-large\"><img decoding=\"async\" src=\"https:\/\/kirillsats.wordpress.com\/wp-content\/uploads\/2024\/05\/image-41.png?w=179\" alt=\"\" class=\"wp-image-692\"\/><\/figure>\n\n\n\n<p>INSERT INTO guest tabelis. Kontrollime, kas v\u00f5ime lisada andmeid tabelisse v\u00f5i ei <\/p>\n\n\n\n<figure class=\"wp-block-image size-large\"><img decoding=\"async\" src=\"https:\/\/kirillsats.wordpress.com\/wp-content\/uploads\/2024\/05\/image-33.png?w=372\" alt=\"\" class=\"wp-image-680\"\/><\/figure>\n\n\n\n<figure class=\"wp-block-image size-large\"><img decoding=\"async\" src=\"https:\/\/kirillsats.wordpress.com\/wp-content\/uploads\/2024\/05\/image-34.png?w=179\" alt=\"\" class=\"wp-image-681\"\/><\/figure>\n\n\n\n<p>PERMISSON DENIED<\/p>\n\n\n\n<figure class=\"wp-block-image size-large\"><img decoding=\"async\" src=\"https:\/\/kirillsats.wordpress.com\/wp-content\/uploads\/2024\/05\/image-45.png?w=722\" alt=\"\" class=\"wp-image-699\"\/><\/figure>\n\n\n\n<figure class=\"wp-block-image size-large\"><img decoding=\"async\" src=\"https:\/\/kirillsats.wordpress.com\/wp-content\/uploads\/2024\/05\/image-44.png?w=763\" alt=\"\" class=\"wp-image-698\"\/><\/figure>\n\n\n\n<p><strong>XAMPP<\/strong><\/p>\n\n\n\n<p>Database loomine<\/p>\n\n\n\n<figure class=\"wp-block-image size-large\"><img decoding=\"async\" src=\"https:\/\/kirillsats.wordpress.com\/wp-content\/uploads\/2024\/05\/image-35.png?w=664\" alt=\"\" class=\"wp-image-683\"\/><\/figure>\n\n\n\n<p>Tabeli loomine<\/p>\n\n\n\n<figure class=\"wp-block-image size-large\"><img decoding=\"async\" src=\"https:\/\/kirillsats.wordpress.com\/wp-content\/uploads\/2024\/05\/image-42.png?w=960\" alt=\"\" class=\"wp-image-694\"\/><\/figure>\n\n\n\n<p>Kasutajat loomine<\/p>\n\n\n\n<figure class=\"wp-block-image size-large is-resized\"><img decoding=\"async\" src=\"https:\/\/kirillsats.wordpress.com\/wp-content\/uploads\/2024\/05\/image-43.png?w=1024\" alt=\"\" class=\"wp-image-696\" style=\"width:775px;height:auto\"\/><\/figure>\n\n\n\n<p>\u043e\u0441\u0442\u0430\u043b\u044c\u043d\u043e\u0435 \u043d\u0435 \u0443\u0441\u043f\u0435\u043b&#8230;<\/p>\n\n\n\n<p>Kasutatud lingid:<\/p>\n\n\n\n<p><a href=\"https:\/\/moodle.edu.ee\/\">moodle<\/a><\/p>\n\n\n\n<hr class=\"wp-block-separator has-alpha-channel-opacity\"\/>\n\n\n\n<p><a href=\"https:\/\/kirillsats23.thkit.ee\/wp\">Kodulehele<br><\/a><\/p>\n","protected":false},"excerpt":{"rendered":"<p>Kasutajad ja nende \u00f5igused Tegin n\u00e4ite, et m\u00f5ista, kuhu kl\u00f5psata kasutajatele \u00f5iguste m\u00e4\u00e4ramiseks \u00d5iguste kontrollimine, et n\u00e4ha, kas kasutaja saab midagi teha, kui \u00f5igusi pole saadaval INSERT. Kontrollime kas kasutaja v\u00f5ib v\u00e4rskendada tabelisse v\u00f5i ei DELETE. Kontrollime, kas kasutaja v\u00f5ib kustuda tabelist Tabeli loomine XAMPP kasuataja loomine Tabeli loomine \u00d5igus DELETE. Kontrollime, kas kasutaja v\u00f5ib [&hellip;]<\/p>\n","protected":false},"author":1,"featured_media":0,"parent":0,"menu_order":0,"comment_status":"closed","ping_status":"closed","template":"","meta":{"footnotes":""},"class_list":["post-625","page","type-page","status-publish","hentry"],"yoast_head":"<!-- This site is optimized with the Yoast SEO plugin v27.3 - https:\/\/yoast.com\/product\/yoast-seo-wordpress\/ -->\n<title>AB. Kasutajad ja nende \u00f5igused - Kirill Sats &otilde;pimapp | portfoolio<\/title>\n<meta name=\"description\" content=\"Kasutajad ja nende \u00f5iguste loomine, kustutamine ja lisamine.\" \/>\n<meta name=\"robots\" content=\"index, follow, max-snippet:-1, max-image-preview:large, max-video-preview:-1\" \/>\n<link rel=\"canonical\" href=\"https:\/\/kirillsats23.thkit.ee\/wp\/?page_id=625\" \/>\n<meta property=\"og:locale\" content=\"et_EE\" \/>\n<meta property=\"og:type\" content=\"article\" \/>\n<meta property=\"og:title\" content=\"AB. Kasutajad ja nende \u00f5igused - Kirill Sats &otilde;pimapp | portfoolio\" \/>\n<meta property=\"og:description\" content=\"Kasutajad ja nende \u00f5iguste loomine, kustutamine ja lisamine.\" \/>\n<meta property=\"og:url\" content=\"https:\/\/kirillsats23.thkit.ee\/wp\/?page_id=625\" \/>\n<meta property=\"og:site_name\" content=\"Kirill Sats &otilde;pimapp | portfoolio\" \/>\n<meta property=\"article:modified_time\" content=\"2024-10-14T07:28:28+00:00\" \/>\n<meta property=\"og:image\" content=\"https:\/\/kirillsats.wordpress.com\/wp-content\/uploads\/2024\/05\/image-2.png?w=711\" \/>\n<meta name=\"twitter:card\" content=\"summary_large_image\" \/>\n<meta name=\"twitter:label1\" content=\"Est. reading time\" \/>\n\t<meta name=\"twitter:data1\" content=\"8 minutit\" \/>\n<script type=\"application\/ld+json\" class=\"yoast-schema-graph\">{\"@context\":\"https:\\\/\\\/schema.org\",\"@graph\":[{\"@type\":\"WebPage\",\"@id\":\"https:\\\/\\\/kirillsats23.thkit.ee\\\/wp\\\/?page_id=625\",\"url\":\"https:\\\/\\\/kirillsats23.thkit.ee\\\/wp\\\/?page_id=625\",\"name\":\"AB. Kasutajad ja nende \u00f5igused - Kirill Sats &otilde;pimapp | portfoolio\",\"isPartOf\":{\"@id\":\"https:\\\/\\\/kirillsats23.thkit.ee\\\/wp\\\/#website\"},\"primaryImageOfPage\":{\"@id\":\"https:\\\/\\\/kirillsats23.thkit.ee\\\/wp\\\/?page_id=625#primaryimage\"},\"image\":{\"@id\":\"https:\\\/\\\/kirillsats23.thkit.ee\\\/wp\\\/?page_id=625#primaryimage\"},\"thumbnailUrl\":\"https:\\\/\\\/kirillsats.wordpress.com\\\/wp-content\\\/uploads\\\/2024\\\/05\\\/image-2.png?w=711\",\"datePublished\":\"2024-05-07T06:50:58+00:00\",\"dateModified\":\"2024-10-14T07:28:28+00:00\",\"description\":\"Kasutajad ja nende \u00f5iguste loomine, kustutamine ja lisamine.\",\"breadcrumb\":{\"@id\":\"https:\\\/\\\/kirillsats23.thkit.ee\\\/wp\\\/?page_id=625#breadcrumb\"},\"inLanguage\":\"et\",\"potentialAction\":[{\"@type\":\"ReadAction\",\"target\":[\"https:\\\/\\\/kirillsats23.thkit.ee\\\/wp\\\/?page_id=625\"]}]},{\"@type\":\"ImageObject\",\"inLanguage\":\"et\",\"@id\":\"https:\\\/\\\/kirillsats23.thkit.ee\\\/wp\\\/?page_id=625#primaryimage\",\"url\":\"https:\\\/\\\/kirillsats.wordpress.com\\\/wp-content\\\/uploads\\\/2024\\\/05\\\/image-2.png?w=711\",\"contentUrl\":\"https:\\\/\\\/kirillsats.wordpress.com\\\/wp-content\\\/uploads\\\/2024\\\/05\\\/image-2.png?w=711\"},{\"@type\":\"BreadcrumbList\",\"@id\":\"https:\\\/\\\/kirillsats23.thkit.ee\\\/wp\\\/?page_id=625#breadcrumb\",\"itemListElement\":[{\"@type\":\"ListItem\",\"position\":1,\"name\":\"Home\",\"item\":\"https:\\\/\\\/kirillsats23.thkit.ee\\\/wp\\\/\"},{\"@type\":\"ListItem\",\"position\":2,\"name\":\"AB. Kasutajad ja nende \u00f5igused\"}]},{\"@type\":\"WebSite\",\"@id\":\"https:\\\/\\\/kirillsats23.thkit.ee\\\/wp\\\/#website\",\"url\":\"https:\\\/\\\/kirillsats23.thkit.ee\\\/wp\\\/\",\"name\":\"Kirill Sats &otilde;pimapp | portfoolio\",\"description\":\"Noorem Tarkvaarendaja eriala\",\"potentialAction\":[{\"@type\":\"SearchAction\",\"target\":{\"@type\":\"EntryPoint\",\"urlTemplate\":\"https:\\\/\\\/kirillsats23.thkit.ee\\\/wp\\\/?s={search_term_string}\"},\"query-input\":{\"@type\":\"PropertyValueSpecification\",\"valueRequired\":true,\"valueName\":\"search_term_string\"}}],\"inLanguage\":\"et\"}]}<\/script>\n<!-- \/ Yoast SEO plugin. -->","yoast_head_json":{"title":"AB. Kasutajad ja nende \u00f5igused - Kirill Sats &otilde;pimapp | portfoolio","description":"Kasutajad ja nende \u00f5iguste loomine, kustutamine ja lisamine.","robots":{"index":"index","follow":"follow","max-snippet":"max-snippet:-1","max-image-preview":"max-image-preview:large","max-video-preview":"max-video-preview:-1"},"canonical":"https:\/\/kirillsats23.thkit.ee\/wp\/?page_id=625","og_locale":"et_EE","og_type":"article","og_title":"AB. Kasutajad ja nende \u00f5igused - Kirill Sats &otilde;pimapp | portfoolio","og_description":"Kasutajad ja nende \u00f5iguste loomine, kustutamine ja lisamine.","og_url":"https:\/\/kirillsats23.thkit.ee\/wp\/?page_id=625","og_site_name":"Kirill Sats &otilde;pimapp | portfoolio","article_modified_time":"2024-10-14T07:28:28+00:00","og_image":[{"url":"https:\/\/kirillsats.wordpress.com\/wp-content\/uploads\/2024\/05\/image-2.png?w=711","type":"","width":"","height":""}],"twitter_card":"summary_large_image","twitter_misc":{"Est. reading time":"8 minutit"},"schema":{"@context":"https:\/\/schema.org","@graph":[{"@type":"WebPage","@id":"https:\/\/kirillsats23.thkit.ee\/wp\/?page_id=625","url":"https:\/\/kirillsats23.thkit.ee\/wp\/?page_id=625","name":"AB. Kasutajad ja nende \u00f5igused - Kirill Sats &otilde;pimapp | portfoolio","isPartOf":{"@id":"https:\/\/kirillsats23.thkit.ee\/wp\/#website"},"primaryImageOfPage":{"@id":"https:\/\/kirillsats23.thkit.ee\/wp\/?page_id=625#primaryimage"},"image":{"@id":"https:\/\/kirillsats23.thkit.ee\/wp\/?page_id=625#primaryimage"},"thumbnailUrl":"https:\/\/kirillsats.wordpress.com\/wp-content\/uploads\/2024\/05\/image-2.png?w=711","datePublished":"2024-05-07T06:50:58+00:00","dateModified":"2024-10-14T07:28:28+00:00","description":"Kasutajad ja nende \u00f5iguste loomine, kustutamine ja lisamine.","breadcrumb":{"@id":"https:\/\/kirillsats23.thkit.ee\/wp\/?page_id=625#breadcrumb"},"inLanguage":"et","potentialAction":[{"@type":"ReadAction","target":["https:\/\/kirillsats23.thkit.ee\/wp\/?page_id=625"]}]},{"@type":"ImageObject","inLanguage":"et","@id":"https:\/\/kirillsats23.thkit.ee\/wp\/?page_id=625#primaryimage","url":"https:\/\/kirillsats.wordpress.com\/wp-content\/uploads\/2024\/05\/image-2.png?w=711","contentUrl":"https:\/\/kirillsats.wordpress.com\/wp-content\/uploads\/2024\/05\/image-2.png?w=711"},{"@type":"BreadcrumbList","@id":"https:\/\/kirillsats23.thkit.ee\/wp\/?page_id=625#breadcrumb","itemListElement":[{"@type":"ListItem","position":1,"name":"Home","item":"https:\/\/kirillsats23.thkit.ee\/wp\/"},{"@type":"ListItem","position":2,"name":"AB. Kasutajad ja nende \u00f5igused"}]},{"@type":"WebSite","@id":"https:\/\/kirillsats23.thkit.ee\/wp\/#website","url":"https:\/\/kirillsats23.thkit.ee\/wp\/","name":"Kirill Sats &otilde;pimapp | portfoolio","description":"Noorem Tarkvaarendaja eriala","potentialAction":[{"@type":"SearchAction","target":{"@type":"EntryPoint","urlTemplate":"https:\/\/kirillsats23.thkit.ee\/wp\/?s={search_term_string}"},"query-input":{"@type":"PropertyValueSpecification","valueRequired":true,"valueName":"search_term_string"}}],"inLanguage":"et"}]}},"_links":{"self":[{"href":"https:\/\/kirillsats23.thkit.ee\/wp\/index.php?rest_route=\/wp\/v2\/pages\/625","targetHints":{"allow":["GET"]}}],"collection":[{"href":"https:\/\/kirillsats23.thkit.ee\/wp\/index.php?rest_route=\/wp\/v2\/pages"}],"about":[{"href":"https:\/\/kirillsats23.thkit.ee\/wp\/index.php?rest_route=\/wp\/v2\/types\/page"}],"author":[{"embeddable":true,"href":"https:\/\/kirillsats23.thkit.ee\/wp\/index.php?rest_route=\/wp\/v2\/users\/1"}],"replies":[{"embeddable":true,"href":"https:\/\/kirillsats23.thkit.ee\/wp\/index.php?rest_route=%2Fwp%2Fv2%2Fcomments&post=625"}],"version-history":[{"count":5,"href":"https:\/\/kirillsats23.thkit.ee\/wp\/index.php?rest_route=\/wp\/v2\/pages\/625\/revisions"}],"predecessor-version":[{"id":1017,"href":"https:\/\/kirillsats23.thkit.ee\/wp\/index.php?rest_route=\/wp\/v2\/pages\/625\/revisions\/1017"}],"wp:attachment":[{"href":"https:\/\/kirillsats23.thkit.ee\/wp\/index.php?rest_route=%2Fwp%2Fv2%2Fmedia&parent=625"}],"curies":[{"name":"wp","href":"https:\/\/api.w.org\/{rel}","templated":true}]}}