{"id":599,"date":"2024-05-02T16:19:31","date_gmt":"2024-05-02T13:19:31","guid":{"rendered":"https:\/\/kirillsats.wordpress.com\/?page_id=599"},"modified":"2024-10-14T07:39:45","modified_gmt":"2024-10-14T07:39:45","slug":"heli","status":"publish","type":"page","link":"https:\/\/kirillsats23.thkit.ee\/wp\/?page_id=599","title":{"rendered":"HELI"},"content":{"rendered":"\n<p><\/p>\n\n\n\n<h1 class=\"wp-block-heading\">Mis on heli?<\/h1>\n\n\n\n<p><strong>Heli&nbsp;<\/strong>ehk helilaine<strong>&nbsp;on elastses keskkonnas leviv v\u00f5nkumine<\/strong>. See oleks m\u00f5iste l\u00fchike definitsioon. Kui l\u00e4heneda asjale natuke t\u00e4psemalt, siis on tegelikult vaja teada kuidas heli tekib, kuidas see levib ning kuidas me sellest aru saame. Seega tahan \u00f6elda, et heli koosneb kolmest komponendist:<\/p>\n\n\n\n<ul class=\"wp-block-list\">\n<li>heli tekitamine (allikas)<\/li>\n\n\n\n<li>heli levimine<\/li>\n\n\n\n<li>heli vastuv\u00f5tmine<\/li>\n<\/ul>\n\n\n\n<p>SKEEM<\/p>\n\n\n\n<figure class=\"wp-block-image size-large\"><img decoding=\"async\" src=\"https:\/\/kirillsats.wordpress.com\/wp-content\/uploads\/2024\/05\/image.png?w=1024\" alt=\"\" class=\"wp-image-601\"\/><\/figure>\n\n\n\n<p>PRAKTILINE \u00dcLESANNE HELI T\u00d6\u00d6TUS<\/p>\n\n\n\n<p>Andsin heli muinasjuttule. See oli mu esimene t\u00f6\u00f6 helega &#8220;Audacity&#8217;s&#8221;. <\/p>\n\n\n\n<pre id=\"tw-target-text\" class=\"wp-block-preformatted\">Mulle meeldis heliga t\u00f6\u00f6tamine, kuigi lisasin natuke<\/pre>\n\n\n\n<figure class=\"wp-block-image size-large\"><img decoding=\"async\" src=\"https:\/\/kirillsats.wordpress.com\/wp-content\/uploads\/2024\/05\/image-46.png?w=1024\" alt=\"\" class=\"wp-image-703\"\/><\/figure>\n\n\n\n<p>Fail on muudlis<\/p>\n\n\n\n<p><strong>Kasutatud lingid:<\/strong><\/p>\n\n\n\n<p><a href=\"https:\/\/moodle.edu.ee\/\">moodle<\/a><\/p>\n\n\n\n<hr class=\"wp-block-separator has-alpha-channel-opacity\"\/>\n\n\n\n<p><a href=\"https:\/\/kirillsats23.thkit.ee\/wp\">Kodulehele<\/a><\/p>\n","protected":false},"excerpt":{"rendered":"<p>Mis on heli? Heli&nbsp;ehk helilaine&nbsp;on elastses keskkonnas leviv v\u00f5nkumine. See oleks m\u00f5iste l\u00fchike definitsioon. Kui l\u00e4heneda asjale natuke t\u00e4psemalt, siis on tegelikult vaja teada kuidas heli tekib, kuidas see levib ning kuidas me sellest aru saame. Seega tahan \u00f6elda, et heli koosneb kolmest komponendist: SKEEM PRAKTILINE \u00dcLESANNE HELI T\u00d6\u00d6TUS Andsin heli muinasjuttule. See oli mu [&hellip;]<\/p>\n","protected":false},"author":1,"featured_media":0,"parent":0,"menu_order":0,"comment_status":"closed","ping_status":"closed","template":"","meta":{"footnotes":""},"class_list":["post-599","page","type-page","status-publish","hentry"],"yoast_head":"<!-- This site is optimized with the Yoast SEO plugin v27.3 - https:\/\/yoast.com\/product\/yoast-seo-wordpress\/ -->\n<title>HELI - Kirill Sats &otilde;pimapp | portfoolio Heli<\/title>\n<meta name=\"description\" content=\"Teooria helist, n\u00e4idised ja helide t\u00fc\u00fcbid\" \/>\n<meta name=\"robots\" content=\"index, follow, max-snippet:-1, max-image-preview:large, max-video-preview:-1\" \/>\n<link rel=\"canonical\" href=\"https:\/\/kirillsats23.thkit.ee\/wp\/?page_id=599\" \/>\n<meta property=\"og:locale\" content=\"et_EE\" \/>\n<meta property=\"og:type\" content=\"article\" \/>\n<meta property=\"og:title\" content=\"HELI - Kirill Sats &otilde;pimapp | portfoolio Heli\" \/>\n<meta property=\"og:description\" content=\"Teooria helist, n\u00e4idised ja helide t\u00fc\u00fcbid\" \/>\n<meta property=\"og:url\" content=\"https:\/\/kirillsats23.thkit.ee\/wp\/?page_id=599\" \/>\n<meta property=\"og:site_name\" content=\"Kirill Sats &otilde;pimapp | portfoolio\" \/>\n<meta property=\"article:modified_time\" content=\"2024-10-14T07:39:45+00:00\" \/>\n<meta property=\"og:image\" content=\"https:\/\/kirillsats.wordpress.com\/wp-content\/uploads\/2024\/05\/image.png?w=1024\" \/>\n<meta name=\"twitter:card\" content=\"summary_large_image\" \/>\n<meta name=\"twitter:label1\" content=\"Est. reading time\" \/>\n\t<meta name=\"twitter:data1\" content=\"1 minut\" \/>\n<script type=\"application\/ld+json\" class=\"yoast-schema-graph\">{\"@context\":\"https:\\\/\\\/schema.org\",\"@graph\":[{\"@type\":\"WebPage\",\"@id\":\"https:\\\/\\\/kirillsats23.thkit.ee\\\/wp\\\/?page_id=599\",\"url\":\"https:\\\/\\\/kirillsats23.thkit.ee\\\/wp\\\/?page_id=599\",\"name\":\"HELI - Kirill Sats &otilde;pimapp | portfoolio Heli\",\"isPartOf\":{\"@id\":\"https:\\\/\\\/kirillsats23.thkit.ee\\\/wp\\\/#website\"},\"primaryImageOfPage\":{\"@id\":\"https:\\\/\\\/kirillsats23.thkit.ee\\\/wp\\\/?page_id=599#primaryimage\"},\"image\":{\"@id\":\"https:\\\/\\\/kirillsats23.thkit.ee\\\/wp\\\/?page_id=599#primaryimage\"},\"thumbnailUrl\":\"https:\\\/\\\/kirillsats.wordpress.com\\\/wp-content\\\/uploads\\\/2024\\\/05\\\/image.png?w=1024\",\"datePublished\":\"2024-05-02T13:19:31+00:00\",\"dateModified\":\"2024-10-14T07:39:45+00:00\",\"description\":\"Teooria helist, n\u00e4idised ja helide t\u00fc\u00fcbid\",\"breadcrumb\":{\"@id\":\"https:\\\/\\\/kirillsats23.thkit.ee\\\/wp\\\/?page_id=599#breadcrumb\"},\"inLanguage\":\"et\",\"potentialAction\":[{\"@type\":\"ReadAction\",\"target\":[\"https:\\\/\\\/kirillsats23.thkit.ee\\\/wp\\\/?page_id=599\"]}]},{\"@type\":\"ImageObject\",\"inLanguage\":\"et\",\"@id\":\"https:\\\/\\\/kirillsats23.thkit.ee\\\/wp\\\/?page_id=599#primaryimage\",\"url\":\"https:\\\/\\\/kirillsats.wordpress.com\\\/wp-content\\\/uploads\\\/2024\\\/05\\\/image.png?w=1024\",\"contentUrl\":\"https:\\\/\\\/kirillsats.wordpress.com\\\/wp-content\\\/uploads\\\/2024\\\/05\\\/image.png?w=1024\"},{\"@type\":\"BreadcrumbList\",\"@id\":\"https:\\\/\\\/kirillsats23.thkit.ee\\\/wp\\\/?page_id=599#breadcrumb\",\"itemListElement\":[{\"@type\":\"ListItem\",\"position\":1,\"name\":\"Home\",\"item\":\"https:\\\/\\\/kirillsats23.thkit.ee\\\/wp\\\/\"},{\"@type\":\"ListItem\",\"position\":2,\"name\":\"HELI\"}]},{\"@type\":\"WebSite\",\"@id\":\"https:\\\/\\\/kirillsats23.thkit.ee\\\/wp\\\/#website\",\"url\":\"https:\\\/\\\/kirillsats23.thkit.ee\\\/wp\\\/\",\"name\":\"Kirill Sats &otilde;pimapp | portfoolio\",\"description\":\"Noorem Tarkvaarendaja eriala\",\"potentialAction\":[{\"@type\":\"SearchAction\",\"target\":{\"@type\":\"EntryPoint\",\"urlTemplate\":\"https:\\\/\\\/kirillsats23.thkit.ee\\\/wp\\\/?s={search_term_string}\"},\"query-input\":{\"@type\":\"PropertyValueSpecification\",\"valueRequired\":true,\"valueName\":\"search_term_string\"}}],\"inLanguage\":\"et\"}]}<\/script>\n<!-- \/ Yoast SEO plugin. -->","yoast_head_json":{"title":"HELI - Kirill Sats &otilde;pimapp | portfoolio Heli","description":"Teooria helist, n\u00e4idised ja helide t\u00fc\u00fcbid","robots":{"index":"index","follow":"follow","max-snippet":"max-snippet:-1","max-image-preview":"max-image-preview:large","max-video-preview":"max-video-preview:-1"},"canonical":"https:\/\/kirillsats23.thkit.ee\/wp\/?page_id=599","og_locale":"et_EE","og_type":"article","og_title":"HELI - Kirill Sats &otilde;pimapp | portfoolio Heli","og_description":"Teooria helist, n\u00e4idised ja helide t\u00fc\u00fcbid","og_url":"https:\/\/kirillsats23.thkit.ee\/wp\/?page_id=599","og_site_name":"Kirill Sats &otilde;pimapp | portfoolio","article_modified_time":"2024-10-14T07:39:45+00:00","og_image":[{"url":"https:\/\/kirillsats.wordpress.com\/wp-content\/uploads\/2024\/05\/image.png?w=1024","type":"","width":"","height":""}],"twitter_card":"summary_large_image","twitter_misc":{"Est. reading time":"1 minut"},"schema":{"@context":"https:\/\/schema.org","@graph":[{"@type":"WebPage","@id":"https:\/\/kirillsats23.thkit.ee\/wp\/?page_id=599","url":"https:\/\/kirillsats23.thkit.ee\/wp\/?page_id=599","name":"HELI - Kirill Sats &otilde;pimapp | portfoolio Heli","isPartOf":{"@id":"https:\/\/kirillsats23.thkit.ee\/wp\/#website"},"primaryImageOfPage":{"@id":"https:\/\/kirillsats23.thkit.ee\/wp\/?page_id=599#primaryimage"},"image":{"@id":"https:\/\/kirillsats23.thkit.ee\/wp\/?page_id=599#primaryimage"},"thumbnailUrl":"https:\/\/kirillsats.wordpress.com\/wp-content\/uploads\/2024\/05\/image.png?w=1024","datePublished":"2024-05-02T13:19:31+00:00","dateModified":"2024-10-14T07:39:45+00:00","description":"Teooria helist, n\u00e4idised ja helide t\u00fc\u00fcbid","breadcrumb":{"@id":"https:\/\/kirillsats23.thkit.ee\/wp\/?page_id=599#breadcrumb"},"inLanguage":"et","potentialAction":[{"@type":"ReadAction","target":["https:\/\/kirillsats23.thkit.ee\/wp\/?page_id=599"]}]},{"@type":"ImageObject","inLanguage":"et","@id":"https:\/\/kirillsats23.thkit.ee\/wp\/?page_id=599#primaryimage","url":"https:\/\/kirillsats.wordpress.com\/wp-content\/uploads\/2024\/05\/image.png?w=1024","contentUrl":"https:\/\/kirillsats.wordpress.com\/wp-content\/uploads\/2024\/05\/image.png?w=1024"},{"@type":"BreadcrumbList","@id":"https:\/\/kirillsats23.thkit.ee\/wp\/?page_id=599#breadcrumb","itemListElement":[{"@type":"ListItem","position":1,"name":"Home","item":"https:\/\/kirillsats23.thkit.ee\/wp\/"},{"@type":"ListItem","position":2,"name":"HELI"}]},{"@type":"WebSite","@id":"https:\/\/kirillsats23.thkit.ee\/wp\/#website","url":"https:\/\/kirillsats23.thkit.ee\/wp\/","name":"Kirill Sats &otilde;pimapp | portfoolio","description":"Noorem Tarkvaarendaja eriala","potentialAction":[{"@type":"SearchAction","target":{"@type":"EntryPoint","urlTemplate":"https:\/\/kirillsats23.thkit.ee\/wp\/?s={search_term_string}"},"query-input":{"@type":"PropertyValueSpecification","valueRequired":true,"valueName":"search_term_string"}}],"inLanguage":"et"}]}},"_links":{"self":[{"href":"https:\/\/kirillsats23.thkit.ee\/wp\/index.php?rest_route=\/wp\/v2\/pages\/599","targetHints":{"allow":["GET"]}}],"collection":[{"href":"https:\/\/kirillsats23.thkit.ee\/wp\/index.php?rest_route=\/wp\/v2\/pages"}],"about":[{"href":"https:\/\/kirillsats23.thkit.ee\/wp\/index.php?rest_route=\/wp\/v2\/types\/page"}],"author":[{"embeddable":true,"href":"https:\/\/kirillsats23.thkit.ee\/wp\/index.php?rest_route=\/wp\/v2\/users\/1"}],"replies":[{"embeddable":true,"href":"https:\/\/kirillsats23.thkit.ee\/wp\/index.php?rest_route=%2Fwp%2Fv2%2Fcomments&post=599"}],"version-history":[{"count":1,"href":"https:\/\/kirillsats23.thkit.ee\/wp\/index.php?rest_route=\/wp\/v2\/pages\/599\/revisions"}],"predecessor-version":[{"id":1026,"href":"https:\/\/kirillsats23.thkit.ee\/wp\/index.php?rest_route=\/wp\/v2\/pages\/599\/revisions\/1026"}],"wp:attachment":[{"href":"https:\/\/kirillsats23.thkit.ee\/wp\/index.php?rest_route=%2Fwp%2Fv2%2Fmedia&parent=599"}],"curies":[{"name":"wp","href":"https:\/\/api.w.org\/{rel}","templated":true}]}}