{"id":576,"date":"2024-05-02T12:14:40","date_gmt":"2024-05-02T09:14:40","guid":{"rendered":"https:\/\/kirillsats.wordpress.com\/?page_id=576"},"modified":"2024-10-14T07:34:50","modified_gmt":"2024-10-14T07:34:50","slug":"film-gta","status":"publish","type":"page","link":"https:\/\/kirillsats23.thkit.ee\/wp\/?page_id=576","title":{"rendered":"Film &#8216;GTA&#8217;"},"content":{"rendered":"\n<p><strong>Kuidas me filmi v\u00e4lja m\u00f5tlesime<\/strong>?<\/p>\n\n\n\n<p>Me tegime film &#8216;GTA&#8217;. V\u00f5tsime k\u00f5ik m\u00e4ngust &#8216;GTA V&#8217;. Viimane mission leiutasime koos, kui t\u00e4iendusena<\/p>\n\n\n\n<p><strong>Mis t\u00e4hendab m\u00e4ngufim?<\/strong><\/p>\n\n\n\n<p>&#8220;M\u00e4ngufilm&#8221; on film, mis on loodud peamiselt meelelahutuslikel eesm\u00e4rkidel. Seda v\u00f5ib ka nimetada m\u00e4ngufilmiks v\u00f5i l\u00fchidalt &#8220;filmiks&#8221;. M\u00e4ngufilme teevad professionaalsed filmitegijad ja need on m\u00f5eldud n\u00e4itamiseks kino- v\u00f5i teleekraanidel ning\/v\u00f5i jaem\u00fc\u00fcgi ja voogedastusteenuste kaudu. M\u00e4ngufilmid v\u00f5ivad olla erineva \u017eanriga, n\u00e4iteks draama, kom\u00f6\u00f6dia, p\u00f5nevik, ulme jne.<\/p>\n\n\n\n<p><strong>Mis on videomontaaz?<\/strong><br>Videomontaa\u017e on protsess, kus erinevad videoklipid, heliefektid, visuaalsed efektid ja muu materjal \u00fchendatakse ja korrastatakse, et luua terviklik video. See h\u00f5lmab klippide l\u00f5ikamist, \u00fcleminekute lisamist, v\u00e4rvikorrektsiooni, heli redigeerimist ja muud, et saavutada soovitud tulemus. Videomontaa\u017e on oluline osa filmi-, telesaate- ja veebivideo loomisprotsessist ning see aitab muuta toormaterjali l\u00f5ppkasutajatele atraktiivseks ja arusaadavaks.<\/p>\n\n\n\n<p><strong>Sissejuhatus<\/strong>:<\/p>\n\n\n\n<p>Meie film n\u00e4itab nii head, halba kui ka meeskonnat\u00f6\u00f6d. M\u00f5nikord tekkisid vaidlused ja konfliktid, n\u00e4iteks kuidas \u00f5igesti eemaldada, mis juhtub jne, kuid saime hakkama.<\/p>\n\n\n\n<p><strong>Stsenaarium<\/strong> <\/p>\n\n\n\n<p>Kahjuks stsenaariumit meil ei olnud. Me improviseerisime<\/p>\n\n\n\n<p><strong>Loomeprotsessi<\/strong> <strong>kirjeldus<\/strong><\/p>\n\n\n\n<p>Alguses m\u00f5tlesime pikka aega, millist filmi teha, ja siis m\u00f5tlesime, kuidas seda \u00f5igesti filmida. Perioodiliselt oli meil t\u00fclisid ja arusaamatusi, kuna k\u00f5ik tahtsid seda teha omal moel, kuid leidsime alati v\u00e4ljap\u00e4\u00e4su. Nagu minu jaoks, tuli film v\u00e4lja huvitav ja naljakas.<\/p>\n\n\n\n<p><strong>Osalejad<\/strong><br><\/p>\n\n\n\n<figure class=\"wp-block-table\"><table class=\"has-fixed-layout\"><tbody><tr><td>Kirill Sats<\/td><td>stsenarist, vastutab kujundamise eest<\/td><td>kirillsats30@gmail.com<\/td><\/tr><tr><td>Bogdan Sergachev<\/td><td>n\u00e4itleja, montaa\u017e\u00f6\u00f6r<\/td><td>bsergachev@gmail.com<\/td><\/tr><tr><td>Vsevolod Tsarev<\/td><td>boss<\/td><td>seva.tsarev@gmail.com<\/td><\/tr><tr><td>Martin Sild<\/td><td>operaator<\/td><td>Martin.sild@tthk.ee<\/td><\/tr><\/tbody><\/table><\/figure>\n\n\n\n<p>Kasutatud lingid:<\/p>\n\n\n\n<p><a href=\"https:\/\/moodle.edu.ee\/\">moodle<\/a><\/p>\n\n\n\n<p><a href=\"https:\/\/ru.wikipedia.org\/wiki\/Grand_Theft_Auto_V\">wikipedia<\/a><\/p>\n\n\n\n<hr class=\"wp-block-separator has-alpha-channel-opacity\"\/>\n\n\n\n<p><a href=\"https:\/\/kirillsats23.thkit.ee\/wp\">Kodulehele<\/a><\/p>\n\n\n\n<p><\/p>\n","protected":false},"excerpt":{"rendered":"<p>Kuidas me filmi v\u00e4lja m\u00f5tlesime? Me tegime film &#8216;GTA&#8217;. V\u00f5tsime k\u00f5ik m\u00e4ngust &#8216;GTA V&#8217;. Viimane mission leiutasime koos, kui t\u00e4iendusena Mis t\u00e4hendab m\u00e4ngufim? &#8220;M\u00e4ngufilm&#8221; on film, mis on loodud peamiselt meelelahutuslikel eesm\u00e4rkidel. Seda v\u00f5ib ka nimetada m\u00e4ngufilmiks v\u00f5i l\u00fchidalt &#8220;filmiks&#8221;. M\u00e4ngufilme teevad professionaalsed filmitegijad ja need on m\u00f5eldud n\u00e4itamiseks kino- v\u00f5i teleekraanidel ning\/v\u00f5i jaem\u00fc\u00fcgi ja [&hellip;]<\/p>\n","protected":false},"author":1,"featured_media":0,"parent":0,"menu_order":0,"comment_status":"closed","ping_status":"closed","template":"","meta":{"footnotes":""},"class_list":["post-576","page","type-page","status-publish","hentry"],"yoast_head":"<!-- This site is optimized with the Yoast SEO plugin v27.3 - https:\/\/yoast.com\/product\/yoast-seo-wordpress\/ -->\n<title>Film &#039;GTA&#039; - Kirill Sats &otilde;pimapp | portfoolio<\/title>\n<meta name=\"description\" content=\"RL film &#039;GTA&#039;\" \/>\n<meta name=\"robots\" content=\"index, follow, max-snippet:-1, max-image-preview:large, max-video-preview:-1\" \/>\n<link rel=\"canonical\" href=\"https:\/\/kirillsats23.thkit.ee\/wp\/?page_id=576\" \/>\n<meta property=\"og:locale\" content=\"et_EE\" \/>\n<meta property=\"og:type\" content=\"article\" \/>\n<meta property=\"og:title\" content=\"Film &#039;GTA&#039; - Kirill Sats &otilde;pimapp | portfoolio\" \/>\n<meta property=\"og:description\" content=\"RL film &#039;GTA&#039;\" \/>\n<meta property=\"og:url\" content=\"https:\/\/kirillsats23.thkit.ee\/wp\/?page_id=576\" \/>\n<meta property=\"og:site_name\" content=\"Kirill Sats &otilde;pimapp | portfoolio\" \/>\n<meta property=\"article:modified_time\" content=\"2024-10-14T07:34:50+00:00\" \/>\n<meta name=\"twitter:card\" content=\"summary_large_image\" \/>\n<meta name=\"twitter:label1\" content=\"Est. reading time\" \/>\n\t<meta name=\"twitter:data1\" content=\"2 minutit\" \/>\n<script type=\"application\/ld+json\" class=\"yoast-schema-graph\">{\"@context\":\"https:\\\/\\\/schema.org\",\"@graph\":[{\"@type\":\"WebPage\",\"@id\":\"https:\\\/\\\/kirillsats23.thkit.ee\\\/wp\\\/?page_id=576\",\"url\":\"https:\\\/\\\/kirillsats23.thkit.ee\\\/wp\\\/?page_id=576\",\"name\":\"Film 'GTA' - Kirill Sats &otilde;pimapp | portfoolio\",\"isPartOf\":{\"@id\":\"https:\\\/\\\/kirillsats23.thkit.ee\\\/wp\\\/#website\"},\"datePublished\":\"2024-05-02T09:14:40+00:00\",\"dateModified\":\"2024-10-14T07:34:50+00:00\",\"description\":\"RL film 'GTA'\",\"breadcrumb\":{\"@id\":\"https:\\\/\\\/kirillsats23.thkit.ee\\\/wp\\\/?page_id=576#breadcrumb\"},\"inLanguage\":\"et\",\"potentialAction\":[{\"@type\":\"ReadAction\",\"target\":[\"https:\\\/\\\/kirillsats23.thkit.ee\\\/wp\\\/?page_id=576\"]}]},{\"@type\":\"BreadcrumbList\",\"@id\":\"https:\\\/\\\/kirillsats23.thkit.ee\\\/wp\\\/?page_id=576#breadcrumb\",\"itemListElement\":[{\"@type\":\"ListItem\",\"position\":1,\"name\":\"Home\",\"item\":\"https:\\\/\\\/kirillsats23.thkit.ee\\\/wp\\\/\"},{\"@type\":\"ListItem\",\"position\":2,\"name\":\"Film &#8216;GTA&#8217;\"}]},{\"@type\":\"WebSite\",\"@id\":\"https:\\\/\\\/kirillsats23.thkit.ee\\\/wp\\\/#website\",\"url\":\"https:\\\/\\\/kirillsats23.thkit.ee\\\/wp\\\/\",\"name\":\"Kirill Sats &otilde;pimapp | portfoolio\",\"description\":\"Noorem Tarkvaarendaja eriala\",\"potentialAction\":[{\"@type\":\"SearchAction\",\"target\":{\"@type\":\"EntryPoint\",\"urlTemplate\":\"https:\\\/\\\/kirillsats23.thkit.ee\\\/wp\\\/?s={search_term_string}\"},\"query-input\":{\"@type\":\"PropertyValueSpecification\",\"valueRequired\":true,\"valueName\":\"search_term_string\"}}],\"inLanguage\":\"et\"}]}<\/script>\n<!-- \/ Yoast SEO plugin. -->","yoast_head_json":{"title":"Film 'GTA' - Kirill Sats &otilde;pimapp | portfoolio","description":"RL film 'GTA'","robots":{"index":"index","follow":"follow","max-snippet":"max-snippet:-1","max-image-preview":"max-image-preview:large","max-video-preview":"max-video-preview:-1"},"canonical":"https:\/\/kirillsats23.thkit.ee\/wp\/?page_id=576","og_locale":"et_EE","og_type":"article","og_title":"Film 'GTA' - Kirill Sats &otilde;pimapp | portfoolio","og_description":"RL film 'GTA'","og_url":"https:\/\/kirillsats23.thkit.ee\/wp\/?page_id=576","og_site_name":"Kirill Sats &otilde;pimapp | portfoolio","article_modified_time":"2024-10-14T07:34:50+00:00","twitter_card":"summary_large_image","twitter_misc":{"Est. reading time":"2 minutit"},"schema":{"@context":"https:\/\/schema.org","@graph":[{"@type":"WebPage","@id":"https:\/\/kirillsats23.thkit.ee\/wp\/?page_id=576","url":"https:\/\/kirillsats23.thkit.ee\/wp\/?page_id=576","name":"Film 'GTA' - Kirill Sats &otilde;pimapp | portfoolio","isPartOf":{"@id":"https:\/\/kirillsats23.thkit.ee\/wp\/#website"},"datePublished":"2024-05-02T09:14:40+00:00","dateModified":"2024-10-14T07:34:50+00:00","description":"RL film 'GTA'","breadcrumb":{"@id":"https:\/\/kirillsats23.thkit.ee\/wp\/?page_id=576#breadcrumb"},"inLanguage":"et","potentialAction":[{"@type":"ReadAction","target":["https:\/\/kirillsats23.thkit.ee\/wp\/?page_id=576"]}]},{"@type":"BreadcrumbList","@id":"https:\/\/kirillsats23.thkit.ee\/wp\/?page_id=576#breadcrumb","itemListElement":[{"@type":"ListItem","position":1,"name":"Home","item":"https:\/\/kirillsats23.thkit.ee\/wp\/"},{"@type":"ListItem","position":2,"name":"Film &#8216;GTA&#8217;"}]},{"@type":"WebSite","@id":"https:\/\/kirillsats23.thkit.ee\/wp\/#website","url":"https:\/\/kirillsats23.thkit.ee\/wp\/","name":"Kirill Sats &otilde;pimapp | portfoolio","description":"Noorem Tarkvaarendaja eriala","potentialAction":[{"@type":"SearchAction","target":{"@type":"EntryPoint","urlTemplate":"https:\/\/kirillsats23.thkit.ee\/wp\/?s={search_term_string}"},"query-input":{"@type":"PropertyValueSpecification","valueRequired":true,"valueName":"search_term_string"}}],"inLanguage":"et"}]}},"_links":{"self":[{"href":"https:\/\/kirillsats23.thkit.ee\/wp\/index.php?rest_route=\/wp\/v2\/pages\/576","targetHints":{"allow":["GET"]}}],"collection":[{"href":"https:\/\/kirillsats23.thkit.ee\/wp\/index.php?rest_route=\/wp\/v2\/pages"}],"about":[{"href":"https:\/\/kirillsats23.thkit.ee\/wp\/index.php?rest_route=\/wp\/v2\/types\/page"}],"author":[{"embeddable":true,"href":"https:\/\/kirillsats23.thkit.ee\/wp\/index.php?rest_route=\/wp\/v2\/users\/1"}],"replies":[{"embeddable":true,"href":"https:\/\/kirillsats23.thkit.ee\/wp\/index.php?rest_route=%2Fwp%2Fv2%2Fcomments&post=576"}],"version-history":[{"count":1,"href":"https:\/\/kirillsats23.thkit.ee\/wp\/index.php?rest_route=\/wp\/v2\/pages\/576\/revisions"}],"predecessor-version":[{"id":1023,"href":"https:\/\/kirillsats23.thkit.ee\/wp\/index.php?rest_route=\/wp\/v2\/pages\/576\/revisions\/1023"}],"wp:attachment":[{"href":"https:\/\/kirillsats23.thkit.ee\/wp\/index.php?rest_route=%2Fwp%2Fv2%2Fmedia&parent=576"}],"curies":[{"name":"wp","href":"https:\/\/api.w.org\/{rel}","templated":true}]}}