{"id":521,"date":"2024-04-22T14:02:40","date_gmt":"2024-04-22T11:02:40","guid":{"rendered":"https:\/\/kirillsats.wordpress.com\/?page_id=521"},"modified":"2024-04-22T14:02:40","modified_gmt":"2024-04-22T11:02:40","slug":"rob-lcd-ekraan","status":"publish","type":"page","link":"https:\/\/kirillsats23.thkit.ee\/wp\/?page_id=521","title":{"rendered":"ROB. LCD ekraan"},"content":{"rendered":"\n<p><\/p>\n\n\n\n<p><strong>Katse 1,  LCD ekraan<\/strong>:<\/p>\n\n\n\n<p><strong>SKEEM<\/strong>:<\/p>\n\n\n\n<figure class=\"wp-block-image\"><img decoding=\"async\" src=\"https:\/\/kirillsats.wordpress.com\/wp-content\/uploads\/2024\/04\/2024-04-22-13.04.55.jpg\" alt=\"\" class=\"wp-image-525\" \/><\/figure>\n\n\n\n<p><strong>Komponendid<\/strong>:<\/p>\n\n\n\n<ul class=\"wp-block-list\">\n<li>16 juhtmed<\/li>\n\n\n\n<li>Arduino plaat<\/li>\n\n\n\n<li>Arendus plaat<\/li>\n\n\n\n<li>LCD ekraan<\/li>\n\n\n\n<li>Potentsiomeeter<\/li>\n\n\n\n<li>1 resistor<\/li>\n<\/ul>\n\n\n\n<p><strong>N\u00e4idis kood:<\/strong><\/p>\n\n\n\n<pre class=\"wp-block-code\"><code>\/\/ lisame LiquidCrystal library\n\n#include &lt;LiquidCrystal.h&gt;\n\n\/\/ m\u00e4\u00e4rame, milliste digitaalpesadega ekraan \u00fchendatud on\n\nLiquidCrystal lcd(12, 11, 5, 4, 3, 2);\n\n\/\/ loome eris\u00fcmbolid\n\nbyte smiley&#091;8] ={0b00000,0b00000,0b01010,0b00000,0b00000,0b10001,0b01110,0b00000};\n\nbyte armsDown&#091;8] ={0b00100,0b01010,0b00100,0b00100,0b01110,0b10101,0b00100,0b01010};\n\nbyte armsUp&#091;8] ={0b00100,0b01010,0b00100,0b10101,0b01110,0b00100,0b00100,0b01010};\n\nbyte kass&#091;8] ={0b00000,0b00000,0b00000,0b10000,0b10011,0b11111,0b01110,0b01010};\n\nbyte tydruk&#091;8] ={0b00100,0b01010,0b00100,0b11111,0b00100,0b00100,0b01110,0b11111};\n\nbyte v2ikesyda&#091;8] ={0b00000,0b00000,0b00000,0b11011,0b11111,0b11111,0b01110,0b00100};\n\nvoid setup() {\n\n\/\/ algv\u00e4\u00e4rtustatakse LDC ekraani read ja veerud\n\nlcd.begin(16, 2);\n\n\/\/ defineerime eris\u00fcmbolid\n\nlcd.createChar(1, smiley);\n\nlcd.createChar(3, armsDown);\n\nlcd.createChar(4, armsUp);\n\nlcd.createChar(5, kass);\n\nlcd.createChar(6, tydruk);\n\nlcd.createChar(7, v2ikesyda);\n\n}\n\nvoid loop() {\n\n\/\/ koht kuhu hakkame joonistama - 3. veerg, esimene rida\n\nlcd.setCursor(2, 0);\n\n\/\/ joonistame kassi\n\nlcd.write(5);\n\n\/\/ ja t\u00fcdruku\n\nlcd.write(6);\n\n\/\/muudame kursori asukohta: 2. rida 14. veerg\n\nlcd.setCursor(13, 1);\n\n\/\/ joonistame poisi\n\nlcd.write(3);\n\ndelay(400);\n\n\/\/muudame kursori asukohta: 1. rida 5. veerg\n\nlcd.setCursor(4, 0);\n\n\/\/joonistame for ts\u00fckli abil v\u00e4ikese pausiga 10 smaili\n\nfor (int koht = 0; koht &lt; 10; koht++) {\n\nlcd.write(1);\n\ndelay(400);\n\n}\n\nlcd.setCursor(13, 1);\n\nlcd.write(4);\n\n\/\/loobime s\u00fcdameid\n\nfor (int koht = 13; koht &gt;= 4; koht--) {\n\nlcd.setCursor(koht, 0);\n\nlcd.write(7);\n\ndelay(400);\n\n  }\n\ndelay(400);\n\n}<\/code><\/pre>\n\n\n\n<p><strong>N\u00e4idis kuidas t\u00f6\u00f6tab:<br><\/strong><\/p>\n\n\n\n<figure class=\"wp-block-image\"><img decoding=\"async\" src=\"https:\/\/kirillsats.wordpress.com\/wp-content\/uploads\/2024\/04\/2024-04-22-13.14.32.jpg\" alt=\"\" class=\"wp-image-527\" \/><\/figure>\n\n\n\n<p><\/p>\n\n\n\n<p><strong>Katse 2, DateTime:<\/strong><\/p>\n\n\n\n<p><strong>SKEEM:<\/strong><\/p>\n\n\n\n<figure class=\"wp-block-image\"><img decoding=\"async\" src=\"https:\/\/kirillsats.wordpress.com\/wp-content\/uploads\/2024\/04\/d0a1d0bdd0b8d0bcd0bed0ba-d18dd0bad180d0b0d0bdd0b0-2024-04-22-d0b2-13.17.55.png\" alt=\"\" class=\"wp-image-531\" \/><\/figure>\n\n\n\n<p><strong>Komponendid<\/strong>:<\/p>\n\n\n\n<ul class=\"wp-block-list\">\n<li>Arduino plaat<\/li>\n<\/ul>\n\n\n\n<p><strong>N\u00e4idis kood:<\/strong><\/p>\n\n\n\n<pre class=\"wp-block-code\"><code>#include &lt;Wire.h&gt;\n#include &lt;RTClib.h&gt;\nRTC_DS3231 rtc;\nvoid setup ()\n{\n  Wire.begin();\n  Serial.begin(9600);\n  rtc.begin();\n  rtc.adjust(DateTime(__DATE__,__TIME__));\n}\n  void loop () {\n  \tDateTime now_ = rtc.now();\n  \tSerial.println(__TIME__);\n  \tSerial.println(__DATE__);\n  delay(1000);\n}<\/code><\/pre>\n\n\n\n<p><\/p>\n\n\n\n<p><strong>Katse 3,  Interaktiivne infoekraan<\/strong>:<\/p>\n\n\n\n<p><strong>SKEEM<\/strong>:<\/p>\n\n\n\n<figure class=\"wp-block-image\"><img decoding=\"async\" src=\"https:\/\/kirillsats.wordpress.com\/wp-content\/uploads\/2024\/04\/kkk.jpg\" alt=\"\" class=\"wp-image-543\" \/><\/figure>\n\n\n\n<p><strong>KOMPONENDID<\/strong>:<\/p>\n\n\n\n<ul class=\"wp-block-list\">\n<li>23 juhtmed<\/li>\n\n\n\n<li>1 Arduino plaat<\/li>\n\n\n\n<li>1 Arendus plaat<\/li>\n\n\n\n<li>1 termomeeter<\/li>\n\n\n\n<li>1 LCD ekraan<\/li>\n\n\n\n<li>1 l\u00fcliti<\/li>\n\n\n\n<li>1 resistor<\/li>\n<\/ul>\n\n\n\n<p><strong>KOOD<\/strong>:<\/p>\n\n\n\n<pre class=\"wp-block-code\"><code>#include &lt;LiquidCrystal.h&gt;\n\n\nint sensorPin = 0;\nint sensorValue = 0;\nint Value_new;\nint pot = A0;\nfloat result = 0.0;\nLiquidCrystal lcd(12, 11, 5, 4, 3, 2);\nfloat temp;\nString name = \"Tere!\";\n\nbyte v2ikesyda&#091;8] ={0b00000,0b00000,0b00000,0b11011,0b11111,0b11111,0b01110,0b00100};\n\nvoid setup() {\n  Serial.begin(9600);\n  pinMode(pot, INPUT);\n  lcd.begin(16, 2);\n  lcd.print(\"Hello! Great day\");\n  lcd.createChar(8, v2ikesyda);\n}\n\n\n\nvoid loop() {\n  \n  Value_new = analogRead(sensorPin);\n   Serial.print(Value_new);\n   Value_new = map(Value_new, 0, 1023, 1, 6);\n  if (Value_new == 1) {\n   lcd.setCursor(15,1);\n lcd.write(8);\n  temp=-40 + 0.488155 * (analogRead(pot) - 20);\n   lcd.setCursor(0, 1);\n   lcd.print(\"temp=\"); \n  lcd.print(temp);\n  } else if (Value_new == 2) {\n   lcd.setCursor(0,0);\n     lcd.clear();\n  lcd.print(name);\n  for(int i =0; i&lt;16-name.length(); i++)\n  {\n    \n    lcd.scrollDisplayRight();\n    delay(200);\n  }\n  lcd.clear();\n  lcd.setCursor(15-name.length(),1);\n  lcd.print(name);\n  for(int j =1; j&lt;16-name.length(); j++)\n  {\n   \n    lcd.scrollDisplayLeft();\n    delay(200);\n}\n  lcd.clear();\n   \n    \n  }\n   \n}<\/code><\/pre>\n\n\n\n<p><strong>Tava elust kasutamine: <\/strong><\/p>\n\n\n\n<p>Kui te ostate termometr, siis ekraanil kuvatakse tervitus, soov ja temperatuur. See termomeeter t\u00f5stab tuju oma sooviga. Osta, odav, Ainult \u00fcks hinnang 4 \ud83d\ude42<\/p>\n\n\n\n<p><strong>Uued funktsioonid:<\/strong><\/p>\n\n\n\n<ul class=\"wp-block-list\">\n<li><strong>serial.begin<\/strong> &#8211; kasutatakse j\u00e4rjestikuse side (serial communication) initsialiseerimiseks. See m\u00e4\u00e4rab andmeedastuskiiruse Arduino ja v\u00e4lise seadme (n\u00e4iteks arvuti) vahel jadapordi kaudu.<\/li>\n\n\n\n<li><strong>rtc.begin<\/strong> &#8211; kasutatakse Arduinos koos reaalajas kella moodulitega (Real Time Clock, RTC), n\u00e4iteks ds1307 v\u00f5i DS3231 mooduliga. See funktsioon l\u00e4htestab RTC mooduli, valmistades selle t\u00f6\u00f6ks ette.<\/li>\n\n\n\n<li><strong>rtc.adjust<\/strong> &#8211; kasutatakse kellaaja ja kuup\u00e4eva m\u00e4\u00e4ramiseks Arduino reaalajas kella (RTC) moodulitele. Seda kutsutakse \u00fcks kord s\u00fcsteemi seadistamisel v\u00f5i vajadusel aja v\u00e4rskendamisel.<\/li>\n\n\n\n<li><strong>DateTime<\/strong> &#8211; see on osa Arduino raamatukogust, mida kasutatakse kuup\u00e4eva ja kellaaja esitamiseks. Seda jagatakse tavaliselt reaalajas kella (RTC) moodulitega, n\u00e4iteks DS1307 v\u00f5i DS3231.<\/li>\n\n\n\n<li><strong>serial.println<\/strong> &#8211; kasutatakse Arduinos andmete v\u00e4ljastamiseks jadaporti (kasutatakse sageli arvutiga \u00fchendamiseks). See saadab teksti v\u00f5i muutujate v\u00e4\u00e4rtused porti, mida saab lugeda arvutis olevate programmide v\u00f5i muu Arduinoga \u00fchendatud seadme abil.<\/li>\n\n\n\n<li><strong>include<\/strong> &#8211; programmeerimiskeeles kasutatakse c \/ c++ teise faili sisu lisamiseks praegusesse l\u00e4htefaili. Arduinos kasutatakse seda raamatukogude \u00fchendamiseks, mis sisaldavad teie programmi toimimiseks vajalikke funktsioone ja m\u00e4\u00e4ratlusi.<\/li>\n\n\n\n<li><strong>wire.begin<\/strong> &#8211; kasutatakse Arduinos traadi teegi initsialiseerimiseks, mis pakub I2C (Inter-Integrated Circuit) liidest I2C siiniga \u00fchendatud seadmetega suhtlemiseks. Enne funktsioonide kasutamist, et t\u00f6\u00f6tada seadmetega m\u00f6\u00f6da SIINI2C, peate helistama &#8216;Wire.begin ()&#8217; selle siini initsialiseerimiseks.<\/li>\n\n\n\n<li><strong>byte<\/strong> &#8211; C\/C++ programmeerimiskeeles kasutatakse v\u00f5tmes\u00f5na byte muutuja m\u00e4\u00e4ratlemiseks, mis salvestab 8 bitti teavet, mis on 1 bait. The Arduino ide on varjunimi unsigned char. Tavaliselt byte kasutatakse v\u00e4ikeste t\u00e4isarvude salvestamiseks vahemikus 0 kuni 255.<\/li>\n\n\n\n<li><strong>lcd.setCursor<\/strong> &#8211; kasutatakse kursori asukoha m\u00e4\u00e4ramiseks Arduino LCD (Liquid Crystal Display) ekraanil. See v\u00f5imaldab teil m\u00e4\u00e4rata, kuhu soovite j\u00e4rgmise m\u00e4rgi v\u00f5i stringi printida.<\/li>\n\n\n\n<li><strong>lcd.write<\/strong> &#8211; kasutatakse Arduinos \u00fche s\u00fcmboli v\u00e4ljastamiseks LCD-ekraanile. See v\u00f5imaldab teil saata m\u00e4rke kursori praegusele positsioonile, mis on m\u00e4\u00e4ratud lcd-funktsiooni  &#8216;abil.setCursor()&#8217;.<\/li>\n\n\n\n<li><strong>lcd.setCursor<\/strong> &#8211; kasutatakse kursori asukoha m\u00e4\u00e4ramiseks Arduino LCD (Liquid Crystal Display) ekraanil. See v\u00f5imaldab teil m\u00e4\u00e4rata, millises veerus ja millisel real soovite teksti kuvama hakata.<\/li>\n<\/ul>\n\n\n\n<p><\/p>\n\n\n\n<p><\/p>\n\n\n\n<p>Link:<br><a href=\"https:\/\/youtube.com\/shorts\/zVc18g64I6Y?si=BnAIrBvBQfGoBuOU\">https:\/\/youtube.com\/shorts\/zVc18g64I6Y?si=BnAIrBvBQfGoBuOU<\/a><\/p>\n","protected":false},"excerpt":{"rendered":"<p>Katse 1, LCD ekraan: SKEEM: Komponendid: N\u00e4idis kood: N\u00e4idis kuidas t\u00f6\u00f6tab: Katse 2, DateTime: SKEEM: Komponendid: N\u00e4idis kood: Katse 3, Interaktiivne infoekraan: SKEEM: KOMPONENDID: KOOD: Tava elust kasutamine: Kui te ostate termometr, siis ekraanil kuvatakse tervitus, soov ja temperatuur. See termomeeter t\u00f5stab tuju oma sooviga. Osta, odav, Ainult \u00fcks hinnang 4 \ud83d\ude42 Uued funktsioonid: Link:https:\/\/youtube.com\/shorts\/zVc18g64I6Y?si=BnAIrBvBQfGoBuOU<\/p>\n","protected":false},"author":1,"featured_media":0,"parent":0,"menu_order":0,"comment_status":"closed","ping_status":"closed","template":"","meta":{"footnotes":""},"class_list":["post-521","page","type-page","status-publish","hentry"],"yoast_head":"<!-- This site is optimized with the Yoast SEO plugin v27.3 - https:\/\/yoast.com\/product\/yoast-seo-wordpress\/ -->\n<title>ROB. LCD ekraan - Kirill Sats &otilde;pimapp | portfoolio<\/title>\n<meta name=\"robots\" content=\"index, follow, max-snippet:-1, max-image-preview:large, max-video-preview:-1\" \/>\n<link rel=\"canonical\" href=\"https:\/\/kirillsats23.thkit.ee\/wp\/?page_id=521\" \/>\n<meta property=\"og:locale\" content=\"et_EE\" \/>\n<meta property=\"og:type\" content=\"article\" \/>\n<meta property=\"og:title\" content=\"ROB. LCD ekraan - Kirill Sats &otilde;pimapp | portfoolio\" \/>\n<meta property=\"og:description\" content=\"Katse 1, LCD ekraan: SKEEM: Komponendid: N\u00e4idis kood: N\u00e4idis kuidas t\u00f6\u00f6tab: Katse 2, DateTime: SKEEM: Komponendid: N\u00e4idis kood: Katse 3, Interaktiivne infoekraan: SKEEM: KOMPONENDID: KOOD: Tava elust kasutamine: Kui te ostate termometr, siis ekraanil kuvatakse tervitus, soov ja temperatuur. See termomeeter t\u00f5stab tuju oma sooviga. Osta, odav, Ainult \u00fcks hinnang 4 \ud83d\ude42 Uued funktsioonid: Link:https:\/\/youtube.com\/shorts\/zVc18g64I6Y?si=BnAIrBvBQfGoBuOU\" \/>\n<meta property=\"og:url\" content=\"https:\/\/kirillsats23.thkit.ee\/wp\/?page_id=521\" \/>\n<meta property=\"og:site_name\" content=\"Kirill Sats &otilde;pimapp | portfoolio\" \/>\n<meta property=\"og:image\" content=\"https:\/\/kirillsats.wordpress.com\/wp-content\/uploads\/2024\/04\/2024-04-22-13.04.55.jpg\" \/>\n<meta name=\"twitter:card\" content=\"summary_large_image\" \/>\n<meta name=\"twitter:label1\" content=\"Est. reading time\" \/>\n\t<meta name=\"twitter:data1\" content=\"4 minutit\" \/>\n<script type=\"application\/ld+json\" class=\"yoast-schema-graph\">{\"@context\":\"https:\\\/\\\/schema.org\",\"@graph\":[{\"@type\":\"WebPage\",\"@id\":\"https:\\\/\\\/kirillsats23.thkit.ee\\\/wp\\\/?page_id=521\",\"url\":\"https:\\\/\\\/kirillsats23.thkit.ee\\\/wp\\\/?page_id=521\",\"name\":\"ROB. LCD ekraan - Kirill Sats &otilde;pimapp | portfoolio\",\"isPartOf\":{\"@id\":\"https:\\\/\\\/kirillsats23.thkit.ee\\\/wp\\\/#website\"},\"primaryImageOfPage\":{\"@id\":\"https:\\\/\\\/kirillsats23.thkit.ee\\\/wp\\\/?page_id=521#primaryimage\"},\"image\":{\"@id\":\"https:\\\/\\\/kirillsats23.thkit.ee\\\/wp\\\/?page_id=521#primaryimage\"},\"thumbnailUrl\":\"https:\\\/\\\/kirillsats.wordpress.com\\\/wp-content\\\/uploads\\\/2024\\\/04\\\/2024-04-22-13.04.55.jpg\",\"datePublished\":\"2024-04-22T11:02:40+00:00\",\"breadcrumb\":{\"@id\":\"https:\\\/\\\/kirillsats23.thkit.ee\\\/wp\\\/?page_id=521#breadcrumb\"},\"inLanguage\":\"et\",\"potentialAction\":[{\"@type\":\"ReadAction\",\"target\":[\"https:\\\/\\\/kirillsats23.thkit.ee\\\/wp\\\/?page_id=521\"]}]},{\"@type\":\"ImageObject\",\"inLanguage\":\"et\",\"@id\":\"https:\\\/\\\/kirillsats23.thkit.ee\\\/wp\\\/?page_id=521#primaryimage\",\"url\":\"https:\\\/\\\/kirillsats.wordpress.com\\\/wp-content\\\/uploads\\\/2024\\\/04\\\/2024-04-22-13.04.55.jpg\",\"contentUrl\":\"https:\\\/\\\/kirillsats.wordpress.com\\\/wp-content\\\/uploads\\\/2024\\\/04\\\/2024-04-22-13.04.55.jpg\"},{\"@type\":\"BreadcrumbList\",\"@id\":\"https:\\\/\\\/kirillsats23.thkit.ee\\\/wp\\\/?page_id=521#breadcrumb\",\"itemListElement\":[{\"@type\":\"ListItem\",\"position\":1,\"name\":\"Home\",\"item\":\"https:\\\/\\\/kirillsats23.thkit.ee\\\/wp\\\/\"},{\"@type\":\"ListItem\",\"position\":2,\"name\":\"ROB. LCD ekraan\"}]},{\"@type\":\"WebSite\",\"@id\":\"https:\\\/\\\/kirillsats23.thkit.ee\\\/wp\\\/#website\",\"url\":\"https:\\\/\\\/kirillsats23.thkit.ee\\\/wp\\\/\",\"name\":\"Kirill Sats &otilde;pimapp | portfoolio\",\"description\":\"Noorem Tarkvaarendaja eriala\",\"potentialAction\":[{\"@type\":\"SearchAction\",\"target\":{\"@type\":\"EntryPoint\",\"urlTemplate\":\"https:\\\/\\\/kirillsats23.thkit.ee\\\/wp\\\/?s={search_term_string}\"},\"query-input\":{\"@type\":\"PropertyValueSpecification\",\"valueRequired\":true,\"valueName\":\"search_term_string\"}}],\"inLanguage\":\"et\"}]}<\/script>\n<!-- \/ Yoast SEO plugin. -->","yoast_head_json":{"title":"ROB. LCD ekraan - Kirill Sats &otilde;pimapp | portfoolio","robots":{"index":"index","follow":"follow","max-snippet":"max-snippet:-1","max-image-preview":"max-image-preview:large","max-video-preview":"max-video-preview:-1"},"canonical":"https:\/\/kirillsats23.thkit.ee\/wp\/?page_id=521","og_locale":"et_EE","og_type":"article","og_title":"ROB. LCD ekraan - Kirill Sats &otilde;pimapp | portfoolio","og_description":"Katse 1, LCD ekraan: SKEEM: Komponendid: N\u00e4idis kood: N\u00e4idis kuidas t\u00f6\u00f6tab: Katse 2, DateTime: SKEEM: Komponendid: N\u00e4idis kood: Katse 3, Interaktiivne infoekraan: SKEEM: KOMPONENDID: KOOD: Tava elust kasutamine: Kui te ostate termometr, siis ekraanil kuvatakse tervitus, soov ja temperatuur. See termomeeter t\u00f5stab tuju oma sooviga. Osta, odav, Ainult \u00fcks hinnang 4 \ud83d\ude42 Uued funktsioonid: Link:https:\/\/youtube.com\/shorts\/zVc18g64I6Y?si=BnAIrBvBQfGoBuOU","og_url":"https:\/\/kirillsats23.thkit.ee\/wp\/?page_id=521","og_site_name":"Kirill Sats &otilde;pimapp | portfoolio","og_image":[{"url":"https:\/\/kirillsats.wordpress.com\/wp-content\/uploads\/2024\/04\/2024-04-22-13.04.55.jpg","type":"","width":"","height":""}],"twitter_card":"summary_large_image","twitter_misc":{"Est. reading time":"4 minutit"},"schema":{"@context":"https:\/\/schema.org","@graph":[{"@type":"WebPage","@id":"https:\/\/kirillsats23.thkit.ee\/wp\/?page_id=521","url":"https:\/\/kirillsats23.thkit.ee\/wp\/?page_id=521","name":"ROB. LCD ekraan - Kirill Sats &otilde;pimapp | portfoolio","isPartOf":{"@id":"https:\/\/kirillsats23.thkit.ee\/wp\/#website"},"primaryImageOfPage":{"@id":"https:\/\/kirillsats23.thkit.ee\/wp\/?page_id=521#primaryimage"},"image":{"@id":"https:\/\/kirillsats23.thkit.ee\/wp\/?page_id=521#primaryimage"},"thumbnailUrl":"https:\/\/kirillsats.wordpress.com\/wp-content\/uploads\/2024\/04\/2024-04-22-13.04.55.jpg","datePublished":"2024-04-22T11:02:40+00:00","breadcrumb":{"@id":"https:\/\/kirillsats23.thkit.ee\/wp\/?page_id=521#breadcrumb"},"inLanguage":"et","potentialAction":[{"@type":"ReadAction","target":["https:\/\/kirillsats23.thkit.ee\/wp\/?page_id=521"]}]},{"@type":"ImageObject","inLanguage":"et","@id":"https:\/\/kirillsats23.thkit.ee\/wp\/?page_id=521#primaryimage","url":"https:\/\/kirillsats.wordpress.com\/wp-content\/uploads\/2024\/04\/2024-04-22-13.04.55.jpg","contentUrl":"https:\/\/kirillsats.wordpress.com\/wp-content\/uploads\/2024\/04\/2024-04-22-13.04.55.jpg"},{"@type":"BreadcrumbList","@id":"https:\/\/kirillsats23.thkit.ee\/wp\/?page_id=521#breadcrumb","itemListElement":[{"@type":"ListItem","position":1,"name":"Home","item":"https:\/\/kirillsats23.thkit.ee\/wp\/"},{"@type":"ListItem","position":2,"name":"ROB. LCD ekraan"}]},{"@type":"WebSite","@id":"https:\/\/kirillsats23.thkit.ee\/wp\/#website","url":"https:\/\/kirillsats23.thkit.ee\/wp\/","name":"Kirill Sats &otilde;pimapp | portfoolio","description":"Noorem Tarkvaarendaja eriala","potentialAction":[{"@type":"SearchAction","target":{"@type":"EntryPoint","urlTemplate":"https:\/\/kirillsats23.thkit.ee\/wp\/?s={search_term_string}"},"query-input":{"@type":"PropertyValueSpecification","valueRequired":true,"valueName":"search_term_string"}}],"inLanguage":"et"}]}},"_links":{"self":[{"href":"https:\/\/kirillsats23.thkit.ee\/wp\/index.php?rest_route=\/wp\/v2\/pages\/521","targetHints":{"allow":["GET"]}}],"collection":[{"href":"https:\/\/kirillsats23.thkit.ee\/wp\/index.php?rest_route=\/wp\/v2\/pages"}],"about":[{"href":"https:\/\/kirillsats23.thkit.ee\/wp\/index.php?rest_route=\/wp\/v2\/types\/page"}],"author":[{"embeddable":true,"href":"https:\/\/kirillsats23.thkit.ee\/wp\/index.php?rest_route=\/wp\/v2\/users\/1"}],"replies":[{"embeddable":true,"href":"https:\/\/kirillsats23.thkit.ee\/wp\/index.php?rest_route=%2Fwp%2Fv2%2Fcomments&post=521"}],"version-history":[{"count":0,"href":"https:\/\/kirillsats23.thkit.ee\/wp\/index.php?rest_route=\/wp\/v2\/pages\/521\/revisions"}],"wp:attachment":[{"href":"https:\/\/kirillsats23.thkit.ee\/wp\/index.php?rest_route=%2Fwp%2Fv2%2Fmedia&parent=521"}],"curies":[{"name":"wp","href":"https:\/\/api.w.org\/{rel}","templated":true}]}}