{"id":469,"date":"2024-04-08T13:49:55","date_gmt":"2024-04-08T10:49:55","guid":{"rendered":"https:\/\/kirillsats.wordpress.com\/?page_id=469"},"modified":"2024-04-08T13:49:55","modified_gmt":"2024-04-08T10:49:55","slug":"rob-nupp-ja-photoresistor","status":"publish","type":"page","link":"https:\/\/kirillsats23.thkit.ee\/wp\/?page_id=469","title":{"rendered":"ROB. Nupp ja Photoresistor"},"content":{"rendered":"\n<p><\/p>\n\n\n\n<p>\u041f\u0440\u0438\u043c\u0435\u0440 3.1<\/p>\n\n\n\n<p><strong>KOMPONENDID:<\/strong><\/p>\n\n\n\n<figure class=\"wp-block-image size-large\"><img decoding=\"async\" src=\"https:\/\/kirillsats.wordpress.com\/wp-content\/uploads\/2024\/04\/image.png?w=617\" alt=\"\" class=\"wp-image-472\" \/><\/figure>\n\n\n\n<p><strong>SKEEM<\/strong>:<\/p>\n\n\n\n<figure class=\"wp-block-image size-large\"><img decoding=\"async\" src=\"https:\/\/kirillsats.wordpress.com\/wp-content\/uploads\/2024\/04\/image-1.png?w=659\" alt=\"\" class=\"wp-image-474\" \/><\/figure>\n\n\n\n<p><strong>KOOD<\/strong>:<\/p>\n\n\n\n<pre class=\"wp-block-code\"><code>const int button1Pin = 2;  \/\/viik kunu on \u00fchebdatud nupp1\n\nconst int button2Pin = 3; \/\/viik kuhu on \u00fchendatud nupp2\n\nconst int ledPin =  13;   \n\nvoid setup()\n\n{\n\n  pinMode(button1Pin, INPUT); \/\/algv\u00e4\u00e4rtuse nupu viigu sisendiks\n\n  pinMode(button2Pin, INPUT); \/\/algv\u00e4\u00e4rtuse nupu viigu sisendiks\n\n  pinMode(ledPin, OUTPUT);   \/\/algv\u00e4\u00e4rtuse LED viigu v\u00e4ljundiks\n \n\n}\n\nvoid loop()\n\n{\n\n  int button1State, button2State;  \/\/nupu oleku muutujad\n\n  button1State = digitalRead(button1Pin);\/\/ salvestame muutujasse nupu hetke v\u00e4\u00e4rtuse(HIGH v\u00f5i LOW)\n\n  button2State = digitalRead(button2Pin);\n\n  if (((button1State == LOW) || (button2State == LOW))   \/\/ kui nupu on alla vajutatud\n\n      &amp;&amp; !\n\n      ((button1State == LOW) &amp;&amp; (button2State == LOW))) \/\/ kui nupude on alla vajutatud\n\n  {\n\n    digitalWrite(ledPin, HIGH);  \/\/ l\u00fclitame LED sisse\n\n  }\n\n  else                          \n\n  {\n\n    digitalWrite(ledPin, LOW);  \/\/ l\u00fclitame LED v\u00e4lja\n\n  }    \t\n\n  }<\/code><\/pre>\n\n\n\n<p><\/p>\n\n\n\n<p><strong>\u041f\u0440\u0438\u043c\u0435\u0440 <\/strong>3.1.1<\/p>\n\n\n\n<p><strong>KOMPONENDID<\/strong>:<\/p>\n\n\n\n<p>1 \u0431\u0430\u0442\u0430\u0440\u0435\u0439\u043a\u0430<\/p>\n\n\n\n<p>1 \u043b\u0435\u0434<\/p>\n\n\n\n<p>7 \u043f\u0440\u043e\u0432\u043e\u0434\u043e\u0432<\/p>\n\n\n\n<p>1 \u0440\u0435\u0437\u0438\u0441\u0442\u043e\u0440<\/p>\n\n\n\n<p><\/p>\n\n\n\n<p><strong>SKEEM<\/strong>:<\/p>\n\n\n\n<figure class=\"wp-block-image size-large\"><img decoding=\"async\" src=\"https:\/\/kirillsats.wordpress.com\/wp-content\/uploads\/2024\/04\/image-2.png?w=872\" alt=\"\" class=\"wp-image-478\" \/><\/figure>\n\n\n\n<p><strong>KOOD:<\/strong><\/p>\n\n\n\n<pre class=\"wp-block-code\"><code>int SwPin = 4;\nint ledPin = 10;\nint SwitchState = 0;\n\nvoid setup() {\n  pinMode(SwPin, INPUT);\n  pinMode(ledPin, OUTPUT);\n}\n\nvoid loop() {\n  SwitchState = digitalRead(SwPin);\n  if (SwitchState == HIGH) {\n    digitalWrite(ledPin, HIGH);\n  } else {\n    digitalWrite(ledPin, LOW);\n  }\n}<\/code><\/pre>\n\n\n\n<p><strong>KATSE 3.2<\/strong><\/p>\n\n\n\n<p><strong>KOMPONENDID<\/strong>:<\/p>\n\n\n\n<figure class=\"wp-block-image size-large\"><img decoding=\"async\" src=\"https:\/\/kirillsats.wordpress.com\/wp-content\/uploads\/2024\/04\/image-4.png?w=554\" alt=\"\" class=\"wp-image-486\" \/><\/figure>\n\n\n\n<p><strong>SKEEM<\/strong>:<\/p>\n\n\n\n<figure class=\"wp-block-image\"><img decoding=\"async\" src=\"https:\/\/kirillsats.wordpress.com\/wp-content\/uploads\/2024\/04\/photo_5810094130553012738_y-1.jpg\" alt=\"\" class=\"wp-image-488\" \/><\/figure>\n\n\n\n<p><strong>KOOD<\/strong>:<\/p>\n\n\n\n<pre class=\"wp-block-code\"><code>const int sensorPin = 0;\n\nconst int ledPin = 9;\n\nint lightLevel, high = 0, low = 1023;\n\nvoid setup()\n\n{\n\n  pinMode(ledPin, OUTPUT);\n\n  Serial.begin(9600); \/\/ \/\/Serial monitori seadistamine\n\n}\n\nvoid loop()\n\n{\n\n  \/\/ AnalogRead() kasutab v\u00e4\u00e4rtused vahemikus 0 (0 \u0432\u043e\u043b\u044c\u0442) \u0438 1023 (5 \u0432\u043e\u043b\u044c\u0442).\n\n  \/\/ AnalogWrite(),  kasutatakse, et LEDi sujuvalt sissel\u00fclitada 0(ei p\u00f5le) kuni 255(p\u00f5leb maksimalselt).\n\n  lightLevel = analogRead(sensorPin); \/\/loeme m\u00f5\u00f5detud analoogv\u00e4\u00e4rtuse\n\n  \/\/ Map() teisendab sisendi v\u00e4\u00e4rtused \u00fchest vahemikust teisse. N\u00e4iteks, \"from\" 0-1023 \"to\" 0-255.\n\n  \/\/ Constrain() saed muutujale kindlad piirv\u00e4\u00e4rtused.\n\n  \/\/ N\u00e4iteks:  kui constrain() kohtub arvudega 1024, 1025, 1026.., siis ta teisendab need 1023, 1023, 1023..). Kui arvud v\u00e4hem kui 0, siis teisendab need 0:. \n\n  \/\/ lightLevel = constrain(lightLevel, 0, 255);\n\n  manualTune();  \/\/\n\n  \/\/autoTune();  \/\/\n\n  analogWrite(ledPin, lightLevel);\n\n  \/\/ \u0412\u044b\u0440\u0430\u0436\u0435\u043d\u0438\u0435 \u0432\u044b\u0448\u0435, \u0431\u0443\u0434\u0435\u0442 \u0438\u0437\u043c\u0435\u043d\u044f\u0442\u044c \u044f\u0440\u043a\u043e\u0441\u0442\u044c \u0441\u0432\u0435\u0442\u043e\u0434\u0438\u043e\u0434\u0430 \u0432\u043c\u0435\u0441\u0442\u0435 \u0441 \u0443\u0440\u043e\u0432\u043d\u0435\u043c \u043e\u0441\u0432\u0435\u0449\u0435\u043d\u043d\u043e\u0441\u0442\u0438. \u0427\u0442\u043e\u0431\u044b \u0441\u0434\u0435\u043b\u0430\u0442\u044c \u043d\u0430\u043e\u0431\u043e\u0440\u043e\u0442, \u0437\u0430\u043c\u0435\u043d\u0438\u0442\u044c \u0432 analogWrite(ledPin, lightLevel) \"lightLevel\" \u043d\u0430 \"255-lightLevel\". \u0422\u0435\u043f\u0435\u0440\u044c \u0443 \u043d\u0430\u0441 \u043f\u043e\u043b\u0443\u0447\u0438\u043b\u0441\u044f \u043d\u043e\u0447\u043d\u0438\u043a!\n\n  Serial.print(lightLevel);     \/\/ prindime tulemused Serial Monitori (\u0432\u044b\u0432\u043e\u0434 \u0434\u0430\u043d\u043d\u044b\u0445 \u0441 \u0444\u043e\u0442\u043e\u0440\u0435\u0437\u0438\u0441\u0442\u043e\u0440\u0430 (0-1023))\n\n  Serial.println(\"\");          \n\n  delay(1000);                \n\n}\n\nvoid manualTune()\n\n{\n\n  lightLevel = map(lightLevel, 300, 800, 0, 255); \/\/ kaardistame selle analoogv\u00e4ljundi vahemikku (\u0431\u0443\u0434\u0435\u0442 \u043e\u0442 300 \u0442\u0435\u043c\u043d\u043e, \u0434\u043e 800 (\u0441\u0432\u0435\u0442\u043b\u043e)). \n\n  lightLevel = constrain(lightLevel, 0, 255);\n\n} \n\nvoid autoTune()\n\n{\n\n  if (lightLevel &lt; low)  \n\n  {                      \n\n    low = lightLevel;   \n\n  }\n\n  if (lightLevel &gt; high)\n\n  {\n\n    high = lightLevel;\n\n  }\n\n  lightLevel = map(lightLevel, low+10, high-30, 0, 255);\n\n  lightLevel = constrain(lightLevel, 0, 255);\n\n}\n<\/code><\/pre>\n\n\n\n<p><\/p>\n\n\n\n<p><strong>Katse 3.<\/strong>3<\/p>\n\n\n\n<p><strong>KOMPONENDID<\/strong>:<br>12 \u043f\u0440\u043e\u0432\u043e\u0434\u043e\u0432<\/p>\n\n\n\n<p>6 \u043b\u0435\u0434\u043e\u0432<\/p>\n\n\n\n<p>7 \u0440\u0435\u0437\u0438\u0441\u0442\u0435\u0440\u043e\u0432<\/p>\n\n\n\n<p>1 \u0444\u043e\u0442\u043e\u0440\u0435\u0437\u0438\u0441\u0442\u043e\u0440<\/p>\n\n\n\n<p>1 \u0432\u044b\u043a\u043b\u044e\u0447\u0430\u0442\u0435\u043b\u044c<\/p>\n\n\n\n<p>1 \u0430\u043a\u043a\u0443\u043c\u0443\u043b\u044f\u0442\u043e\u0440<\/p>\n\n\n\n<p><strong>SKEEM<\/strong>:<\/p>\n\n\n\n<figure class=\"wp-block-image\"><img decoding=\"async\" src=\"https:\/\/kirillsats.wordpress.com\/wp-content\/uploads\/2024\/04\/photo_5810094130553012739_y.jpg\" alt=\"\" class=\"wp-image-483\" \/><\/figure>\n\n\n\n<p><strong>KOMPONENDID<\/strong>:<\/p>\n\n\n\n<p>12 \u043f\u0440\u043e\u0432\u043e\u0434\u043e\u0432<\/p>\n\n\n\n<p>6 \u043b\u0435\u0434\u043e\u0432<\/p>\n\n\n\n<p>1 \u0441\u0432\u0438\u0447<\/p>\n\n\n\n<p>1 \u043f\u0435\u0440\u0435\u043a\u043b\u044e\u0447\u0430\u0442\u0435\u043b\u044c<\/p>\n\n\n\n<p>1 \u0430\u043a\u043a\u0443\u043c\u0443\u043b\u044f\u0442\u043e\u0440<\/p>\n\n\n\n<p>1 \u0444\u043e\u0442\u043e\u0440\u0435\u0437\u0438\u0441\u0442\u043e\u0440<\/p>\n\n\n\n<p>7 \u0440\u0435\u0437\u0438\u0441\u0442\u043e\u0440\u043e\u0432<\/p>\n\n\n\n<p><strong>KOOD<\/strong>:<\/p>\n\n\n\n<pre class=\"wp-block-code\"><code>int swPin = 2;\nint switchstate = 0;\n\n\nconst int sensorPin = 0;\nconst int green1Pin = 7;\nconst int red1Pin = 8;\nconst int yellow1Pin = 9;\nconst int green2Pin = 10;\nconst int yellow2Pin = 11;\nconst int red2Pin = 12;\nint lightLevel, high = 0, low = 1023;\n\nvoid setup()\n{\n  pinMode(yellow1Pin, OUTPUT);\n  pinMode(red1Pin, OUTPUT);\n  pinMode(red2Pin, OUTPUT);\n  pinMode(yellow2Pin, OUTPUT);\n  pinMode(green1Pin, OUTPUT);\n  pinMode(green2Pin, OUTPUT);\n  pinMode(swPin, INPUT);\n  \n  Serial.begin(9600);\n}\n\nvoid loop() \n{\nswitchstate = digitalRead(swPin);\n if (switchstate == HIGH) {                                                                                                                                                                                                                                                                                                                                                                                                                                                                                                                                                                      hstate == HIGH) {\n  lightLevel = analogRead(sensorPin);\n    lightLevel=manualTune();\n    analogWrite(red1Pin, lightLevel);\n    analogWrite(yellow1Pin, lightLevel);\n    analogWrite(green1Pin, lightLevel);\n    analogWrite(green2Pin, lightLevel);\n    analogWrite(yellow2Pin, lightLevel);\n    analogWrite(red2Pin, lightLevel); 23\n    Serial.print(lightLevel);\n    Serial.println(\"\");\n    delay(200);\n  \n  }\n  else if (switchstate == LOW) {\n  digitalWrite(red1Pin, LOW);\n    digitalWrite(red2Pin, LOW);\n    digitalWrite(green1Pin, LOW);\n    digitalWrite(green2Pin, LOW);\n    digitalWrite(yellow1Pin, LOW);\n    digitalWrite(yellow2Pin, LOW);\n    \n    \n  }\n    \n \n\n      \n}\n\nint manualTune() {\n  lightLevel = map(lightLevel, 300, 800, 0, 255); \/\/ kaardistame selle analoogv\u00e4ljundi vahemikku (\u0431\u0443\u0434\u0435\u0442 \u043e\u0442 300 \u0442\u0435\u043c\u043d\u043e, \u0434\u043e 800 (\u0441\u0432\u0435\u0442\u043b\u043e)). \n\n  lightLevel = constrain(lightLevel, 0, 255);\n  return lightLevel;\n}\n<\/code><\/pre>\n\n\n\n<p>Kus v\u00f5ib kasutadaa?<\/p>\n\n\n\n<pre id=\"tw-target-text\" class=\"wp-block-preformatted\">Selline \u00f6\u00f6lamp v\u00f5ib kasutada kodus. See reageerib valgusele ja sellel on mitu re\u017eiimi. Re\u017eiime saab muuta olenevalt valgusest ja puudutusest<\/pre>\n\n\n\n<p>Link:<\/p>\n\n\n\n<figure class=\"wp-block-embed is-type-video is-provider-youtube wp-block-embed-youtube wp-embed-aspect-16-9 wp-has-aspect-ratio\"><div class=\"wp-block-embed__wrapper\">\n<iframe loading=\"lazy\" title=\"\u00d6\u00f6lamp\" width=\"625\" height=\"352\" src=\"https:\/\/www.youtube.com\/embed\/CbW4iaxHK6Q?feature=oembed\" frameborder=\"0\" allow=\"accelerometer; autoplay; clipboard-write; encrypted-media; gyroscope; picture-in-picture; web-share\" referrerpolicy=\"strict-origin-when-cross-origin\" allowfullscreen><\/iframe>\n<\/div><\/figure>\n\n\n\n<p>Uued funktsioonid:<br> Serial.print &#8211; seda funktsiooni kasutatakse andmete saatmiseks jadapordi kaudu<\/p>\n\n\n\n<p>analogWrite &#8211; <br>Seda funktsiooni kasutatakse PWM-signaali (impulsi laiuse modulatsiooni) genereerimiseks kontaktil, mis toetab analoogv\u00e4ljundit (tavaliselt tihvtid m\u00e4rgistusega &#8220;PWM&#8221;).<\/p>\n\n\n\n<p>switchstate &#8211; kasutatakse l\u00fcliti v\u00f5i nupu oleku salvestamiseks.<\/p>\n","protected":false},"excerpt":{"rendered":"<p>\u041f\u0440\u0438\u043c\u0435\u0440 3.1 KOMPONENDID: SKEEM: KOOD: \u041f\u0440\u0438\u043c\u0435\u0440 3.1.1 KOMPONENDID: 1 \u0431\u0430\u0442\u0430\u0440\u0435\u0439\u043a\u0430 1 \u043b\u0435\u0434 7 \u043f\u0440\u043e\u0432\u043e\u0434\u043e\u0432 1 \u0440\u0435\u0437\u0438\u0441\u0442\u043e\u0440 SKEEM: KOOD: KATSE 3.2 KOMPONENDID: SKEEM: KOOD: Katse 3.3 KOMPONENDID:12 \u043f\u0440\u043e\u0432\u043e\u0434\u043e\u0432 6 \u043b\u0435\u0434\u043e\u0432 7 \u0440\u0435\u0437\u0438\u0441\u0442\u0435\u0440\u043e\u0432 1 \u0444\u043e\u0442\u043e\u0440\u0435\u0437\u0438\u0441\u0442\u043e\u0440 1 \u0432\u044b\u043a\u043b\u044e\u0447\u0430\u0442\u0435\u043b\u044c 1 \u0430\u043a\u043a\u0443\u043c\u0443\u043b\u044f\u0442\u043e\u0440 SKEEM: KOMPONENDID: 12 \u043f\u0440\u043e\u0432\u043e\u0434\u043e\u0432 6 \u043b\u0435\u0434\u043e\u0432 1 \u0441\u0432\u0438\u0447 1 \u043f\u0435\u0440\u0435\u043a\u043b\u044e\u0447\u0430\u0442\u0435\u043b\u044c 1 \u0430\u043a\u043a\u0443\u043c\u0443\u043b\u044f\u0442\u043e\u0440 1 \u0444\u043e\u0442\u043e\u0440\u0435\u0437\u0438\u0441\u0442\u043e\u0440 7 \u0440\u0435\u0437\u0438\u0441\u0442\u043e\u0440\u043e\u0432 KOOD: Kus [&hellip;]<\/p>\n","protected":false},"author":1,"featured_media":0,"parent":0,"menu_order":0,"comment_status":"closed","ping_status":"closed","template":"","meta":{"footnotes":""},"class_list":["post-469","page","type-page","status-publish","hentry"],"yoast_head":"<!-- This site is optimized with the Yoast SEO plugin v27.3 - https:\/\/yoast.com\/product\/yoast-seo-wordpress\/ -->\n<title>ROB. Nupp ja Photoresistor - Kirill Sats &otilde;pimapp | portfoolio<\/title>\n<meta name=\"robots\" content=\"index, follow, max-snippet:-1, max-image-preview:large, max-video-preview:-1\" \/>\n<link rel=\"canonical\" href=\"https:\/\/kirillsats23.thkit.ee\/wp\/?page_id=469\" \/>\n<meta property=\"og:locale\" content=\"et_EE\" \/>\n<meta property=\"og:type\" content=\"article\" \/>\n<meta property=\"og:title\" content=\"ROB. Nupp ja Photoresistor - Kirill Sats &otilde;pimapp | portfoolio\" \/>\n<meta property=\"og:description\" content=\"\u041f\u0440\u0438\u043c\u0435\u0440 3.1 KOMPONENDID: SKEEM: KOOD: \u041f\u0440\u0438\u043c\u0435\u0440 3.1.1 KOMPONENDID: 1 \u0431\u0430\u0442\u0430\u0440\u0435\u0439\u043a\u0430 1 \u043b\u0435\u0434 7 \u043f\u0440\u043e\u0432\u043e\u0434\u043e\u0432 1 \u0440\u0435\u0437\u0438\u0441\u0442\u043e\u0440 SKEEM: KOOD: KATSE 3.2 KOMPONENDID: SKEEM: KOOD: Katse 3.3 KOMPONENDID:12 \u043f\u0440\u043e\u0432\u043e\u0434\u043e\u0432 6 \u043b\u0435\u0434\u043e\u0432 7 \u0440\u0435\u0437\u0438\u0441\u0442\u0435\u0440\u043e\u0432 1 \u0444\u043e\u0442\u043e\u0440\u0435\u0437\u0438\u0441\u0442\u043e\u0440 1 \u0432\u044b\u043a\u043b\u044e\u0447\u0430\u0442\u0435\u043b\u044c 1 \u0430\u043a\u043a\u0443\u043c\u0443\u043b\u044f\u0442\u043e\u0440 SKEEM: KOMPONENDID: 12 \u043f\u0440\u043e\u0432\u043e\u0434\u043e\u0432 6 \u043b\u0435\u0434\u043e\u0432 1 \u0441\u0432\u0438\u0447 1 \u043f\u0435\u0440\u0435\u043a\u043b\u044e\u0447\u0430\u0442\u0435\u043b\u044c 1 \u0430\u043a\u043a\u0443\u043c\u0443\u043b\u044f\u0442\u043e\u0440 1 \u0444\u043e\u0442\u043e\u0440\u0435\u0437\u0438\u0441\u0442\u043e\u0440 7 \u0440\u0435\u0437\u0438\u0441\u0442\u043e\u0440\u043e\u0432 KOOD: Kus [&hellip;]\" \/>\n<meta property=\"og:url\" content=\"https:\/\/kirillsats23.thkit.ee\/wp\/?page_id=469\" \/>\n<meta property=\"og:site_name\" content=\"Kirill Sats &otilde;pimapp | portfoolio\" \/>\n<meta property=\"og:image\" content=\"https:\/\/kirillsats.wordpress.com\/wp-content\/uploads\/2024\/04\/image.png?w=617\" \/>\n<meta name=\"twitter:card\" content=\"summary_large_image\" \/>\n<meta name=\"twitter:label1\" content=\"Est. reading time\" \/>\n\t<meta name=\"twitter:data1\" content=\"3 minutit\" \/>\n<script type=\"application\/ld+json\" class=\"yoast-schema-graph\">{\"@context\":\"https:\\\/\\\/schema.org\",\"@graph\":[{\"@type\":\"WebPage\",\"@id\":\"https:\\\/\\\/kirillsats23.thkit.ee\\\/wp\\\/?page_id=469\",\"url\":\"https:\\\/\\\/kirillsats23.thkit.ee\\\/wp\\\/?page_id=469\",\"name\":\"ROB. Nupp ja Photoresistor - Kirill Sats &otilde;pimapp | portfoolio\",\"isPartOf\":{\"@id\":\"https:\\\/\\\/kirillsats23.thkit.ee\\\/wp\\\/#website\"},\"primaryImageOfPage\":{\"@id\":\"https:\\\/\\\/kirillsats23.thkit.ee\\\/wp\\\/?page_id=469#primaryimage\"},\"image\":{\"@id\":\"https:\\\/\\\/kirillsats23.thkit.ee\\\/wp\\\/?page_id=469#primaryimage\"},\"thumbnailUrl\":\"https:\\\/\\\/kirillsats.wordpress.com\\\/wp-content\\\/uploads\\\/2024\\\/04\\\/image.png?w=617\",\"datePublished\":\"2024-04-08T10:49:55+00:00\",\"breadcrumb\":{\"@id\":\"https:\\\/\\\/kirillsats23.thkit.ee\\\/wp\\\/?page_id=469#breadcrumb\"},\"inLanguage\":\"et\",\"potentialAction\":[{\"@type\":\"ReadAction\",\"target\":[\"https:\\\/\\\/kirillsats23.thkit.ee\\\/wp\\\/?page_id=469\"]}]},{\"@type\":\"ImageObject\",\"inLanguage\":\"et\",\"@id\":\"https:\\\/\\\/kirillsats23.thkit.ee\\\/wp\\\/?page_id=469#primaryimage\",\"url\":\"https:\\\/\\\/kirillsats.wordpress.com\\\/wp-content\\\/uploads\\\/2024\\\/04\\\/image.png?w=617\",\"contentUrl\":\"https:\\\/\\\/kirillsats.wordpress.com\\\/wp-content\\\/uploads\\\/2024\\\/04\\\/image.png?w=617\"},{\"@type\":\"BreadcrumbList\",\"@id\":\"https:\\\/\\\/kirillsats23.thkit.ee\\\/wp\\\/?page_id=469#breadcrumb\",\"itemListElement\":[{\"@type\":\"ListItem\",\"position\":1,\"name\":\"Home\",\"item\":\"https:\\\/\\\/kirillsats23.thkit.ee\\\/wp\\\/\"},{\"@type\":\"ListItem\",\"position\":2,\"name\":\"ROB. Nupp ja Photoresistor\"}]},{\"@type\":\"WebSite\",\"@id\":\"https:\\\/\\\/kirillsats23.thkit.ee\\\/wp\\\/#website\",\"url\":\"https:\\\/\\\/kirillsats23.thkit.ee\\\/wp\\\/\",\"name\":\"Kirill Sats &otilde;pimapp | portfoolio\",\"description\":\"Noorem Tarkvaarendaja eriala\",\"potentialAction\":[{\"@type\":\"SearchAction\",\"target\":{\"@type\":\"EntryPoint\",\"urlTemplate\":\"https:\\\/\\\/kirillsats23.thkit.ee\\\/wp\\\/?s={search_term_string}\"},\"query-input\":{\"@type\":\"PropertyValueSpecification\",\"valueRequired\":true,\"valueName\":\"search_term_string\"}}],\"inLanguage\":\"et\"}]}<\/script>\n<!-- \/ Yoast SEO plugin. -->","yoast_head_json":{"title":"ROB. Nupp ja Photoresistor - Kirill Sats &otilde;pimapp | portfoolio","robots":{"index":"index","follow":"follow","max-snippet":"max-snippet:-1","max-image-preview":"max-image-preview:large","max-video-preview":"max-video-preview:-1"},"canonical":"https:\/\/kirillsats23.thkit.ee\/wp\/?page_id=469","og_locale":"et_EE","og_type":"article","og_title":"ROB. Nupp ja Photoresistor - Kirill Sats &otilde;pimapp | portfoolio","og_description":"\u041f\u0440\u0438\u043c\u0435\u0440 3.1 KOMPONENDID: SKEEM: KOOD: \u041f\u0440\u0438\u043c\u0435\u0440 3.1.1 KOMPONENDID: 1 \u0431\u0430\u0442\u0430\u0440\u0435\u0439\u043a\u0430 1 \u043b\u0435\u0434 7 \u043f\u0440\u043e\u0432\u043e\u0434\u043e\u0432 1 \u0440\u0435\u0437\u0438\u0441\u0442\u043e\u0440 SKEEM: KOOD: KATSE 3.2 KOMPONENDID: SKEEM: KOOD: Katse 3.3 KOMPONENDID:12 \u043f\u0440\u043e\u0432\u043e\u0434\u043e\u0432 6 \u043b\u0435\u0434\u043e\u0432 7 \u0440\u0435\u0437\u0438\u0441\u0442\u0435\u0440\u043e\u0432 1 \u0444\u043e\u0442\u043e\u0440\u0435\u0437\u0438\u0441\u0442\u043e\u0440 1 \u0432\u044b\u043a\u043b\u044e\u0447\u0430\u0442\u0435\u043b\u044c 1 \u0430\u043a\u043a\u0443\u043c\u0443\u043b\u044f\u0442\u043e\u0440 SKEEM: KOMPONENDID: 12 \u043f\u0440\u043e\u0432\u043e\u0434\u043e\u0432 6 \u043b\u0435\u0434\u043e\u0432 1 \u0441\u0432\u0438\u0447 1 \u043f\u0435\u0440\u0435\u043a\u043b\u044e\u0447\u0430\u0442\u0435\u043b\u044c 1 \u0430\u043a\u043a\u0443\u043c\u0443\u043b\u044f\u0442\u043e\u0440 1 \u0444\u043e\u0442\u043e\u0440\u0435\u0437\u0438\u0441\u0442\u043e\u0440 7 \u0440\u0435\u0437\u0438\u0441\u0442\u043e\u0440\u043e\u0432 KOOD: Kus [&hellip;]","og_url":"https:\/\/kirillsats23.thkit.ee\/wp\/?page_id=469","og_site_name":"Kirill Sats &otilde;pimapp | portfoolio","og_image":[{"url":"https:\/\/kirillsats.wordpress.com\/wp-content\/uploads\/2024\/04\/image.png?w=617","type":"","width":"","height":""}],"twitter_card":"summary_large_image","twitter_misc":{"Est. reading time":"3 minutit"},"schema":{"@context":"https:\/\/schema.org","@graph":[{"@type":"WebPage","@id":"https:\/\/kirillsats23.thkit.ee\/wp\/?page_id=469","url":"https:\/\/kirillsats23.thkit.ee\/wp\/?page_id=469","name":"ROB. Nupp ja Photoresistor - Kirill Sats &otilde;pimapp | portfoolio","isPartOf":{"@id":"https:\/\/kirillsats23.thkit.ee\/wp\/#website"},"primaryImageOfPage":{"@id":"https:\/\/kirillsats23.thkit.ee\/wp\/?page_id=469#primaryimage"},"image":{"@id":"https:\/\/kirillsats23.thkit.ee\/wp\/?page_id=469#primaryimage"},"thumbnailUrl":"https:\/\/kirillsats.wordpress.com\/wp-content\/uploads\/2024\/04\/image.png?w=617","datePublished":"2024-04-08T10:49:55+00:00","breadcrumb":{"@id":"https:\/\/kirillsats23.thkit.ee\/wp\/?page_id=469#breadcrumb"},"inLanguage":"et","potentialAction":[{"@type":"ReadAction","target":["https:\/\/kirillsats23.thkit.ee\/wp\/?page_id=469"]}]},{"@type":"ImageObject","inLanguage":"et","@id":"https:\/\/kirillsats23.thkit.ee\/wp\/?page_id=469#primaryimage","url":"https:\/\/kirillsats.wordpress.com\/wp-content\/uploads\/2024\/04\/image.png?w=617","contentUrl":"https:\/\/kirillsats.wordpress.com\/wp-content\/uploads\/2024\/04\/image.png?w=617"},{"@type":"BreadcrumbList","@id":"https:\/\/kirillsats23.thkit.ee\/wp\/?page_id=469#breadcrumb","itemListElement":[{"@type":"ListItem","position":1,"name":"Home","item":"https:\/\/kirillsats23.thkit.ee\/wp\/"},{"@type":"ListItem","position":2,"name":"ROB. Nupp ja Photoresistor"}]},{"@type":"WebSite","@id":"https:\/\/kirillsats23.thkit.ee\/wp\/#website","url":"https:\/\/kirillsats23.thkit.ee\/wp\/","name":"Kirill Sats &otilde;pimapp | portfoolio","description":"Noorem Tarkvaarendaja eriala","potentialAction":[{"@type":"SearchAction","target":{"@type":"EntryPoint","urlTemplate":"https:\/\/kirillsats23.thkit.ee\/wp\/?s={search_term_string}"},"query-input":{"@type":"PropertyValueSpecification","valueRequired":true,"valueName":"search_term_string"}}],"inLanguage":"et"}]}},"_links":{"self":[{"href":"https:\/\/kirillsats23.thkit.ee\/wp\/index.php?rest_route=\/wp\/v2\/pages\/469","targetHints":{"allow":["GET"]}}],"collection":[{"href":"https:\/\/kirillsats23.thkit.ee\/wp\/index.php?rest_route=\/wp\/v2\/pages"}],"about":[{"href":"https:\/\/kirillsats23.thkit.ee\/wp\/index.php?rest_route=\/wp\/v2\/types\/page"}],"author":[{"embeddable":true,"href":"https:\/\/kirillsats23.thkit.ee\/wp\/index.php?rest_route=\/wp\/v2\/users\/1"}],"replies":[{"embeddable":true,"href":"https:\/\/kirillsats23.thkit.ee\/wp\/index.php?rest_route=%2Fwp%2Fv2%2Fcomments&post=469"}],"version-history":[{"count":0,"href":"https:\/\/kirillsats23.thkit.ee\/wp\/index.php?rest_route=\/wp\/v2\/pages\/469\/revisions"}],"wp:attachment":[{"href":"https:\/\/kirillsats23.thkit.ee\/wp\/index.php?rest_route=%2Fwp%2Fv2%2Fmedia&parent=469"}],"curies":[{"name":"wp","href":"https:\/\/api.w.org\/{rel}","templated":true}]}}