{"id":41,"date":"2023-09-12T13:44:21","date_gmt":"2023-09-12T10:44:21","guid":{"rendered":"https:\/\/kirillsats.wordpress.com\/?page_id=41"},"modified":"2023-09-12T13:44:21","modified_gmt":"2023-09-12T10:44:21","slug":"41-2","status":"publish","type":"page","link":"https:\/\/kirillsats23.thkit.ee\/wp\/?page_id=41","title":{"rendered":"Referaadi vormistamise n\u00f5uded"},"content":{"rendered":"\n<p>\u0422\u0440\u0435\u0431\u043e\u0432\u0430\u043d\u0438\u044f \u043a \u043e\u0444\u043e\u0440\u043c\u043b\u0435\u043d\u0438\u044e \u0440\u0435\u0444\u0435\u0440\u0430\u0442\u0430<\/p>\n\n\n\n<ol class=\"wp-block-list\">\n<li>\u041d\u0430\u0441\u0442\u0440\u043e\u0439\u043a\u0438 \u0441\u0442\u0440\u0430\u043d\u0438\u0446\u044b \u2014 Page Setup \u2014 Lehek\u00fclje h\u00e4\u00e4lestus&nbsp;\/&nbsp;<strong>PAIGUTUS \u2014&nbsp;Lehe h\u00e4\u00e4lestus<\/strong><br>* \u0441\u0432\u0435\u0440\u0445\u0443 \u0438 \u0441\u043d\u0438\u0437\u0443 2,5\u0441\u043c,<br>* \u0441\u043f\u0440\u0430\u0432\u0430 \u2014 2\u0441\u043c,<br>* \u0441\u043b\u0435\u0432\u0430 \u2014 1\u0441\u043c,<br>* \u043f\u0435\u0440\u0435\u043f\u043b\u0435\u0442 \u2014 K\u00f6itevaru- 2\u0441\u043c. \/<\/li>\n<\/ol>\n\n\n\n<figure class=\"wp-block-image\"><img decoding=\"async\" src=\"https:\/\/portfoo.files.wordpress.com\/2022\/09\/image-3.png?w=489\" alt=\"\" class=\"wp-image-458\" \/><\/figure>\n\n\n\n<p>CTRL + A \u0432\u044b\u0434\u0435\u043b\u0438\u0442\u044c \u0432\u0441\u0451<\/p>\n\n\n\n<p>2. \u0423\u0441\u0442\u0430\u043d\u0430\u0432\u043b\u0438\u0432\u0430\u0435\u043c \u0434\u043b\u044f \u0432\u0441\u0435\u0433\u043e \u0442\u0435\u043a\u0441\u0442\u0430&nbsp;\u043e\u0431\u0449\u0438\u0439 (NORMAL) \u0441\u0442\u0438\u043b\u044c \u0434\u043e\u043a\u0443\u043c\u0435\u043d\u0442\u0430, \u0438 \u043d\u0430\u0441\u0442\u0440\u0430\u0438\u0432\u0430\u0435\u043c \u0435\u0433\u043e (\u043f\u0440\u0430\u0432\u044b\u0439 \u043a\u043b\u0438\u043a \u043f\u043e \u043d\u0430\u0437\u0432\u0430\u043d\u0438\u044e \u0441\u0442\u0438\u043b\u044f \u0438 Muuda\u2026)<br>* TNR 12pt \u0438\u043b\u0438 Arial 10pt,<br>* \u043c\u0435\u0436\u0441\u0442\u0440\u043e\u0447\u043d\u043e\u0435 \u0440\u0430\u0441\u0441\u0442\u043e\u044f\u043d\u0438\u0435 1,5,<br>* \u0434\u043e \u0438 \u043f\u043e\u0441\u043b\u0435 \u0430\u0431\u0437\u0430\u0446\u0430 6pt.<\/p>\n\n\n\n<figure class=\"wp-block-image\"><img decoding=\"async\" src=\"https:\/\/portfoo.files.wordpress.com\/2022\/09\/image-1.png?w=618\" alt=\"\" class=\"wp-image-429\" \/><\/figure>\n\n\n\n<p><strong>3.\u041e\u0441\u043d\u043e\u0432\u043d\u044b\u0435 \u0447\u0430\u0441\u0442\u0438 \u0440\u0435\u0444\u0435\u0440\u0430\u0442\u0430:<\/strong><br>\u0422\u0438\u0442\u0443\u043b\u044c\u043d\u044b\u0439 \u043b\u0438\u0441\u0442<br>\u0421\u043e\u0434\u0435\u0440\u0436\u0430\u043d\u0438\u0435<br>\u0421\u043f\u0438\u0441\u043e\u043a \u0438\u043b\u043b\u044e\u0441\u0442\u0440\u0430\u0446\u0438\u0439<br>\u0412\u0432\u0435\u0434\u0435\u043d\u0438\u0435<br>\u041e\u0441\u043d\u043e\u0432\u043d\u0430\u044f \u0447\u0430\u0441\u0442\u044c \u0440\u0430\u0431\u043e\u0442\u044b \u2014 \u0442\u0435\u043a\u0441\u0442, \u0441\u043a\u043e\u043f\u0438\u0440\u043e\u0432\u0430\u043d\u043d\u044b\u0439 \u0432 \u0438\u043d\u0442\u0435\u0440\u043d\u0435\u0442\u0435<br>\u0417\u0430\u043a\u043b\u044e\u0447\u0435\u043d\u0438\u0435<br>\u0421\u043f\u0438\u0441\u043e\u043a \u043b\u0438\u0442\u0435\u0440\u0430\u0442\u0443\u0440\u044b \/ \u0438\u0441\u0442\u043e\u0447\u043d\u0438\u043a\u0438<br>\u041f\u0440\u0438\u043b\u043e\u0436\u0435\u043d\u0438\u044f<\/p>\n\n\n\n<figure class=\"wp-block-image\"><img decoding=\"async\" src=\"https:\/\/portfoo.files.wordpress.com\/2022\/09\/image-4.png?w=708\" alt=\"\" class=\"wp-image-460\" \/><\/figure>\n\n\n\n<p>\u0434\u043b\u044f \u0440\u0430\u0441\u043f\u0440\u0435\u0434\u0435\u043b\u0435\u043d\u0438\u044f \u0442\u0435\u043a\u0441\u0442\u0430 \u0432\u0435\u0440\u0442\u0438\u043a\u0430\u043b\u044c\u043d\u043e \u043f\u043e \u0441\u0442\u0440\u0430\u043d\u0438\u0446\u0435<\/p>\n\n\n\n<figure class=\"wp-block-image\"><img decoding=\"async\" src=\"https:\/\/portfoo.files.wordpress.com\/2022\/09\/image-8.png?w=491\" alt=\"\" class=\"wp-image-468\" \/><\/figure>\n\n\n\n<p>4.&nbsp;\u043f\u0440\u0438\u043c\u0435\u043d\u0438\u0442\u044c \u0441\u0442\u0438\u043b\u044c \u0437\u0430\u0433\u043e\u043b\u043e\u0432\u043a\u0430 \u2014 HEADING \u2014 PEALKIRI \u043a \u0442\u0435\u043a\u0441\u0442\u0443, \u043a\u043e\u0442\u043e\u0440\u044b\u0439 \u0434\u043e\u043b\u0436\u0435\u043d \u0431\u044b\u0442\u044c \u0437\u0430\u0433\u043e\u043b\u043e\u0432\u043a\u043e\u043c!<\/p>\n\n\n\n<figure class=\"wp-block-image\"><img decoding=\"async\" src=\"https:\/\/portfoo.files.wordpress.com\/2022\/11\/image-1.png?w=950\" alt=\"\" class=\"wp-image-550\" \/><\/figure>\n\n\n\n<p>5.&nbsp;<strong>\u0421\u043e\u0434\u0435\u0440\u0436\u0430\u043d\u0438\u0435 \u0438\u043b\u0438 \u0430\u0432\u0442\u043e\u0441\u043e\u0434\u0435\u0440\u0436\u0430\u043d\u0438\u0435.&nbsp;<\/strong>\u0423\u0441\u0442\u0430\u043d\u043e\u0432\u0438\u0442\u044c \u0432 \u043a\u0443\u0440\u0441\u043e\u0440 \u0432 \u0442\u043e \u043c\u0435\u0441\u0442\u043e, \u0433\u0434\u0435 \u0431\u0443\u0434\u0435\u0442 \u043e\u0442\u043e\u0431\u0440\u0430\u0436\u0430\u0442\u044c\u0441\u044f \u0441\u043e\u0434\u0435\u0440\u0436\u0430\u043d\u0438\u0435:&nbsp;<strong>Viited\u2014Sisukord\u2014Kohandatud sisukord.<\/strong><\/p>\n\n\n\n<figure class=\"wp-block-image\"><img decoding=\"async\" src=\"https:\/\/portfoo.files.wordpress.com\/2022\/09\/image-5.png?w=547\" alt=\"\" class=\"wp-image-461\" \/><\/figure>\n\n\n\n<p>6. \u0418\u0437\u043c\u0435\u043d\u0438\u0442\u044c&nbsp;<strong>\u043e\u0444\u043e\u0440\u043c\u043b\u0435\u043d\u0438\u0435 \u0441\u0442\u0438\u043b\u044f \u0437\u0430\u0433\u043e\u043b\u043e\u0432\u043a\u0430<\/strong>, \u043f\u0440\u0430\u0432\u044b\u0439 \u043a\u043b\u0438\u043a \u043c\u044b\u0448\u0438 \u043f\u043e \u0441\u0442\u0438\u043b\u044e Muuda\u2026&nbsp;<\/p>\n\n\n\n<p>*&nbsp;<strong>Pealkiri 1<\/strong>&nbsp;-TNR 16pt, bold, \u0444\u043e\u043d \u0441\u0442\u0440\u043e\u043a\u0438 \u0437\u0430\u0433\u043e\u043b\u043e\u0432\u043a\u0430, \u0434\u043e \u0438 \u043f\u043e\u0441\u043b\u0435 \u0430\u0431\u0437\u0430\u0446\u0430 36pt, \u0440\u0430\u0441\u0441\u0442\u043e\u044f\u043d\u0438\u0435 \u043c\u0435\u0436\u0434\u0443 \u0431\u0443\u043a\u0432\u0430\u043c\u0438 -\u0443\u0442\u0440\u043e\u0435\u043d\u043d\u043e\u0435, \u043d\u0430\u0441\u0442\u0440\u043e\u0439\u043a\u0430 \u2014 \u0447\u0442\u043e\u0431\u044b \u0437\u0430\u0433\u043e\u043b\u043e\u0432\u043e\u043a 1.\u0443\u0440\u043e\u0432\u043d\u044f \u0412\u0421\u0415\u0413\u0414\u0410 \u043d\u0430\u0447\u0438\u043d\u0430\u043b\u0441\u044f \u0441 \u043d\u043e\u0432\u043e\u0433\u043e \u043b\u0438\u0441\u0442\u0430, \u0432\u043a\u043b\u044e\u0447\u0438\u0442\u044c \u043d\u0443\u043c\u0435\u0440\u0430\u0446\u0438\u044e \u0437\u0430\u0433\u043e\u043b\u043e\u0432\u043a\u043e\u0432.<\/p>\n\n\n\n<p>*&nbsp;<strong>Pealkiri 2<\/strong>\u2014 TNR 14pt, bold italic, \u0447\u0435\u0440\u043d\u043e\u0433\u043e \u0446\u0432\u0435\u0442\u0430, \u043f\u043e\u0434\u0447\u0435\u0440\u043a\u0438\u0432\u0430\u043d\u0438\u0435 \u0441\u0442\u0440\u043e\u043a\u0438 \u0437\u0430\u0433\u043e\u043b\u043e\u0432\u043a\u0430, \u0434\u043e \u0438 \u043f\u043e\u0441\u043b\u0435 \u0430\u0431\u0437\u0430\u0446\u0430 24pt<\/p>\n\n\n\n<figure class=\"wp-block-image\"><img decoding=\"async\" src=\"https:\/\/portfoo.files.wordpress.com\/2022\/09\/image-6.png?w=474\" alt=\"\" class=\"wp-image-463\" \/><\/figure>\n\n\n\n<p>7. \u041a\u0430\u043a \u043f\u043e\u0434\u043f\u0438\u0441\u0430\u0442\u044c \u043a\u0430\u0440\u0442\u0438\u043d\u043a\u0438? \u043f\u0440\u0430\u0432\u044b\u0439 \u043a\u043b\u0438\u043a \u043f\u043e \u043a\u0430\u0440\u0442\u0438\u043d\u043a\u0435 \u0438&nbsp;<strong>Lisa pealdis<\/strong>, \u0434\u0430\u043b\u0435\u0435 \u0434\u043e\u043f\u0438\u0441\u0430\u043b\u0438 \u0442\u0435\u043a\u0441\u0442, \u0447\u0442\u043e \u0432\u0438\u0434\u0438\u043c \u043d\u0430 \u043a\u0430\u0440\u0442\u0438\u043d\u043a\u0435.<\/p>\n\n\n\n<figure class=\"wp-block-image\"><img decoding=\"async\" src=\"https:\/\/portfoo.files.wordpress.com\/2022\/11\/image-2.png?w=397\" alt=\"\" class=\"wp-image-551\" \/><\/figure>\n\n\n\n<p>8. \u043f\u043e\u0441\u043b\u0435 \u0441\u043e\u0434\u0435\u0440\u0436\u0430\u043d\u0438\u044f \u0432\u044b\u0432\u043e\u0434\u0438\u043c&nbsp;\u0441\u043f\u0438\u0441\u043e\u043a \u0440\u0438\u0441\u0443\u043d\u043a\u043e\u0432&nbsp;<strong>Viited \u2014 Lisa ilustratsiooniloend<\/strong><\/p>\n\n\n\n<figure class=\"wp-block-image\"><img decoding=\"async\" src=\"https:\/\/portfoo.files.wordpress.com\/2022\/09\/image-2.png?w=417\" alt=\"\" class=\"wp-image-431\" \/><\/figure>\n\n\n\n<p>9.&nbsp;&nbsp;\u043d\u0443\u043c\u0435\u0440\u0430\u0446\u0438\u044f \u0441\u0442\u0440\u0430\u043d\u0438\u0446&nbsp;(\u0442\u0438\u0442\u0443\u043b\u044c\u043d\u044b\u0439 \u043b\u0438\u0441\u0442 \u043d\u0435 \u043d\u0443\u043c\u0435\u0440\u0443\u0435\u0442\u0441\u044f)&nbsp;<strong>Lisa \u2014Lehek\u00fcljenumber<\/strong><\/p>\n\n\n\n<figure class=\"wp-block-image\"><img decoding=\"async\" src=\"https:\/\/portfoo.files.wordpress.com\/2022\/11\/image-3.png?w=249\" alt=\"\" class=\"wp-image-552\" \/><\/figure>\n\n\n\n<p>10. \u0434\u043e\u0431\u0430\u0432\u043b\u0435\u043d\u0438\u0435 \u0441\u043d\u043e\u0441\u043e\u043a (Viited \u2014lisa Allm\u00e4rkus) \u2014 \u043c\u0438\u043d 5 \u0448\u0442\u0443\u043a<\/p>\n","protected":false},"excerpt":{"rendered":"<p>\u0422\u0440\u0435\u0431\u043e\u0432\u0430\u043d\u0438\u044f \u043a \u043e\u0444\u043e\u0440\u043c\u043b\u0435\u043d\u0438\u044e \u0440\u0435\u0444\u0435\u0440\u0430\u0442\u0430 CTRL + A \u0432\u044b\u0434\u0435\u043b\u0438\u0442\u044c \u0432\u0441\u0451 2. \u0423\u0441\u0442\u0430\u043d\u0430\u0432\u043b\u0438\u0432\u0430\u0435\u043c \u0434\u043b\u044f \u0432\u0441\u0435\u0433\u043e \u0442\u0435\u043a\u0441\u0442\u0430&nbsp;\u043e\u0431\u0449\u0438\u0439 (NORMAL) \u0441\u0442\u0438\u043b\u044c \u0434\u043e\u043a\u0443\u043c\u0435\u043d\u0442\u0430, \u0438 \u043d\u0430\u0441\u0442\u0440\u0430\u0438\u0432\u0430\u0435\u043c \u0435\u0433\u043e (\u043f\u0440\u0430\u0432\u044b\u0439 \u043a\u043b\u0438\u043a \u043f\u043e \u043d\u0430\u0437\u0432\u0430\u043d\u0438\u044e \u0441\u0442\u0438\u043b\u044f \u0438 Muuda\u2026)* TNR 12pt \u0438\u043b\u0438 Arial 10pt,* \u043c\u0435\u0436\u0441\u0442\u0440\u043e\u0447\u043d\u043e\u0435 \u0440\u0430\u0441\u0441\u0442\u043e\u044f\u043d\u0438\u0435 1,5,* \u0434\u043e \u0438 \u043f\u043e\u0441\u043b\u0435 \u0430\u0431\u0437\u0430\u0446\u0430 6pt. 3.\u041e\u0441\u043d\u043e\u0432\u043d\u044b\u0435 \u0447\u0430\u0441\u0442\u0438 \u0440\u0435\u0444\u0435\u0440\u0430\u0442\u0430:\u0422\u0438\u0442\u0443\u043b\u044c\u043d\u044b\u0439 \u043b\u0438\u0441\u0442\u0421\u043e\u0434\u0435\u0440\u0436\u0430\u043d\u0438\u0435\u0421\u043f\u0438\u0441\u043e\u043a \u0438\u043b\u043b\u044e\u0441\u0442\u0440\u0430\u0446\u0438\u0439\u0412\u0432\u0435\u0434\u0435\u043d\u0438\u0435\u041e\u0441\u043d\u043e\u0432\u043d\u0430\u044f \u0447\u0430\u0441\u0442\u044c \u0440\u0430\u0431\u043e\u0442\u044b \u2014 \u0442\u0435\u043a\u0441\u0442, \u0441\u043a\u043e\u043f\u0438\u0440\u043e\u0432\u0430\u043d\u043d\u044b\u0439 \u0432 \u0438\u043d\u0442\u0435\u0440\u043d\u0435\u0442\u0435\u0417\u0430\u043a\u043b\u044e\u0447\u0435\u043d\u0438\u0435\u0421\u043f\u0438\u0441\u043e\u043a \u043b\u0438\u0442\u0435\u0440\u0430\u0442\u0443\u0440\u044b \/ \u0438\u0441\u0442\u043e\u0447\u043d\u0438\u043a\u0438\u041f\u0440\u0438\u043b\u043e\u0436\u0435\u043d\u0438\u044f [&hellip;]<\/p>\n","protected":false},"author":1,"featured_media":0,"parent":0,"menu_order":0,"comment_status":"closed","ping_status":"closed","template":"","meta":{"footnotes":""},"class_list":["post-41","page","type-page","status-publish","hentry"],"yoast_head":"<!-- This site is optimized with the Yoast SEO plugin v27.3 - https:\/\/yoast.com\/product\/yoast-seo-wordpress\/ -->\n<title>Referaadi vormistamise n\u00f5uded - Kirill Sats &otilde;pimapp | portfoolio<\/title>\n<meta name=\"robots\" content=\"index, follow, max-snippet:-1, max-image-preview:large, max-video-preview:-1\" \/>\n<link rel=\"canonical\" href=\"https:\/\/kirillsats23.thkit.ee\/wp\/?page_id=41\" \/>\n<meta property=\"og:locale\" content=\"et_EE\" \/>\n<meta property=\"og:type\" content=\"article\" \/>\n<meta property=\"og:title\" content=\"Referaadi vormistamise n\u00f5uded - Kirill Sats &otilde;pimapp | portfoolio\" \/>\n<meta property=\"og:description\" content=\"\u0422\u0440\u0435\u0431\u043e\u0432\u0430\u043d\u0438\u044f \u043a \u043e\u0444\u043e\u0440\u043c\u043b\u0435\u043d\u0438\u044e \u0440\u0435\u0444\u0435\u0440\u0430\u0442\u0430 CTRL + A \u0432\u044b\u0434\u0435\u043b\u0438\u0442\u044c \u0432\u0441\u0451 2. \u0423\u0441\u0442\u0430\u043d\u0430\u0432\u043b\u0438\u0432\u0430\u0435\u043c \u0434\u043b\u044f \u0432\u0441\u0435\u0433\u043e \u0442\u0435\u043a\u0441\u0442\u0430&nbsp;\u043e\u0431\u0449\u0438\u0439 (NORMAL) \u0441\u0442\u0438\u043b\u044c \u0434\u043e\u043a\u0443\u043c\u0435\u043d\u0442\u0430, \u0438 \u043d\u0430\u0441\u0442\u0440\u0430\u0438\u0432\u0430\u0435\u043c \u0435\u0433\u043e (\u043f\u0440\u0430\u0432\u044b\u0439 \u043a\u043b\u0438\u043a \u043f\u043e \u043d\u0430\u0437\u0432\u0430\u043d\u0438\u044e \u0441\u0442\u0438\u043b\u044f \u0438 Muuda\u2026)* TNR 12pt \u0438\u043b\u0438 Arial 10pt,* \u043c\u0435\u0436\u0441\u0442\u0440\u043e\u0447\u043d\u043e\u0435 \u0440\u0430\u0441\u0441\u0442\u043e\u044f\u043d\u0438\u0435 1,5,* \u0434\u043e \u0438 \u043f\u043e\u0441\u043b\u0435 \u0430\u0431\u0437\u0430\u0446\u0430 6pt. 3.\u041e\u0441\u043d\u043e\u0432\u043d\u044b\u0435 \u0447\u0430\u0441\u0442\u0438 \u0440\u0435\u0444\u0435\u0440\u0430\u0442\u0430:\u0422\u0438\u0442\u0443\u043b\u044c\u043d\u044b\u0439 \u043b\u0438\u0441\u0442\u0421\u043e\u0434\u0435\u0440\u0436\u0430\u043d\u0438\u0435\u0421\u043f\u0438\u0441\u043e\u043a \u0438\u043b\u043b\u044e\u0441\u0442\u0440\u0430\u0446\u0438\u0439\u0412\u0432\u0435\u0434\u0435\u043d\u0438\u0435\u041e\u0441\u043d\u043e\u0432\u043d\u0430\u044f \u0447\u0430\u0441\u0442\u044c \u0440\u0430\u0431\u043e\u0442\u044b \u2014 \u0442\u0435\u043a\u0441\u0442, \u0441\u043a\u043e\u043f\u0438\u0440\u043e\u0432\u0430\u043d\u043d\u044b\u0439 \u0432 \u0438\u043d\u0442\u0435\u0440\u043d\u0435\u0442\u0435\u0417\u0430\u043a\u043b\u044e\u0447\u0435\u043d\u0438\u0435\u0421\u043f\u0438\u0441\u043e\u043a \u043b\u0438\u0442\u0435\u0440\u0430\u0442\u0443\u0440\u044b \/ \u0438\u0441\u0442\u043e\u0447\u043d\u0438\u043a\u0438\u041f\u0440\u0438\u043b\u043e\u0436\u0435\u043d\u0438\u044f [&hellip;]\" \/>\n<meta property=\"og:url\" content=\"https:\/\/kirillsats23.thkit.ee\/wp\/?page_id=41\" \/>\n<meta property=\"og:site_name\" content=\"Kirill Sats &otilde;pimapp | portfoolio\" \/>\n<meta property=\"og:image\" content=\"https:\/\/portfoo.files.wordpress.com\/2022\/09\/image-3.png?w=489\" \/>\n<meta name=\"twitter:card\" content=\"summary_large_image\" \/>\n<script type=\"application\/ld+json\" class=\"yoast-schema-graph\">{\"@context\":\"https:\\\/\\\/schema.org\",\"@graph\":[{\"@type\":\"WebPage\",\"@id\":\"https:\\\/\\\/kirillsats23.thkit.ee\\\/wp\\\/?page_id=41\",\"url\":\"https:\\\/\\\/kirillsats23.thkit.ee\\\/wp\\\/?page_id=41\",\"name\":\"Referaadi vormistamise n\u00f5uded - Kirill Sats &otilde;pimapp | portfoolio\",\"isPartOf\":{\"@id\":\"https:\\\/\\\/kirillsats23.thkit.ee\\\/wp\\\/#website\"},\"primaryImageOfPage\":{\"@id\":\"https:\\\/\\\/kirillsats23.thkit.ee\\\/wp\\\/?page_id=41#primaryimage\"},\"image\":{\"@id\":\"https:\\\/\\\/kirillsats23.thkit.ee\\\/wp\\\/?page_id=41#primaryimage\"},\"thumbnailUrl\":\"https:\\\/\\\/portfoo.files.wordpress.com\\\/2022\\\/09\\\/image-3.png?w=489\",\"datePublished\":\"2023-09-12T10:44:21+00:00\",\"breadcrumb\":{\"@id\":\"https:\\\/\\\/kirillsats23.thkit.ee\\\/wp\\\/?page_id=41#breadcrumb\"},\"inLanguage\":\"et\",\"potentialAction\":[{\"@type\":\"ReadAction\",\"target\":[\"https:\\\/\\\/kirillsats23.thkit.ee\\\/wp\\\/?page_id=41\"]}]},{\"@type\":\"ImageObject\",\"inLanguage\":\"et\",\"@id\":\"https:\\\/\\\/kirillsats23.thkit.ee\\\/wp\\\/?page_id=41#primaryimage\",\"url\":\"https:\\\/\\\/portfoo.files.wordpress.com\\\/2022\\\/09\\\/image-3.png?w=489\",\"contentUrl\":\"https:\\\/\\\/portfoo.files.wordpress.com\\\/2022\\\/09\\\/image-3.png?w=489\"},{\"@type\":\"BreadcrumbList\",\"@id\":\"https:\\\/\\\/kirillsats23.thkit.ee\\\/wp\\\/?page_id=41#breadcrumb\",\"itemListElement\":[{\"@type\":\"ListItem\",\"position\":1,\"name\":\"Home\",\"item\":\"https:\\\/\\\/kirillsats23.thkit.ee\\\/wp\\\/\"},{\"@type\":\"ListItem\",\"position\":2,\"name\":\"Referaadi vormistamise n\u00f5uded\"}]},{\"@type\":\"WebSite\",\"@id\":\"https:\\\/\\\/kirillsats23.thkit.ee\\\/wp\\\/#website\",\"url\":\"https:\\\/\\\/kirillsats23.thkit.ee\\\/wp\\\/\",\"name\":\"Kirill Sats &otilde;pimapp | portfoolio\",\"description\":\"Noorem Tarkvaarendaja eriala\",\"potentialAction\":[{\"@type\":\"SearchAction\",\"target\":{\"@type\":\"EntryPoint\",\"urlTemplate\":\"https:\\\/\\\/kirillsats23.thkit.ee\\\/wp\\\/?s={search_term_string}\"},\"query-input\":{\"@type\":\"PropertyValueSpecification\",\"valueRequired\":true,\"valueName\":\"search_term_string\"}}],\"inLanguage\":\"et\"}]}<\/script>\n<!-- \/ Yoast SEO plugin. -->","yoast_head_json":{"title":"Referaadi vormistamise n\u00f5uded - Kirill Sats &otilde;pimapp | portfoolio","robots":{"index":"index","follow":"follow","max-snippet":"max-snippet:-1","max-image-preview":"max-image-preview:large","max-video-preview":"max-video-preview:-1"},"canonical":"https:\/\/kirillsats23.thkit.ee\/wp\/?page_id=41","og_locale":"et_EE","og_type":"article","og_title":"Referaadi vormistamise n\u00f5uded - Kirill Sats &otilde;pimapp | portfoolio","og_description":"\u0422\u0440\u0435\u0431\u043e\u0432\u0430\u043d\u0438\u044f \u043a \u043e\u0444\u043e\u0440\u043c\u043b\u0435\u043d\u0438\u044e \u0440\u0435\u0444\u0435\u0440\u0430\u0442\u0430 CTRL + A \u0432\u044b\u0434\u0435\u043b\u0438\u0442\u044c \u0432\u0441\u0451 2. \u0423\u0441\u0442\u0430\u043d\u0430\u0432\u043b\u0438\u0432\u0430\u0435\u043c \u0434\u043b\u044f \u0432\u0441\u0435\u0433\u043e \u0442\u0435\u043a\u0441\u0442\u0430&nbsp;\u043e\u0431\u0449\u0438\u0439 (NORMAL) \u0441\u0442\u0438\u043b\u044c \u0434\u043e\u043a\u0443\u043c\u0435\u043d\u0442\u0430, \u0438 \u043d\u0430\u0441\u0442\u0440\u0430\u0438\u0432\u0430\u0435\u043c \u0435\u0433\u043e (\u043f\u0440\u0430\u0432\u044b\u0439 \u043a\u043b\u0438\u043a \u043f\u043e \u043d\u0430\u0437\u0432\u0430\u043d\u0438\u044e \u0441\u0442\u0438\u043b\u044f \u0438 Muuda\u2026)* TNR 12pt \u0438\u043b\u0438 Arial 10pt,* \u043c\u0435\u0436\u0441\u0442\u0440\u043e\u0447\u043d\u043e\u0435 \u0440\u0430\u0441\u0441\u0442\u043e\u044f\u043d\u0438\u0435 1,5,* \u0434\u043e \u0438 \u043f\u043e\u0441\u043b\u0435 \u0430\u0431\u0437\u0430\u0446\u0430 6pt. 3.\u041e\u0441\u043d\u043e\u0432\u043d\u044b\u0435 \u0447\u0430\u0441\u0442\u0438 \u0440\u0435\u0444\u0435\u0440\u0430\u0442\u0430:\u0422\u0438\u0442\u0443\u043b\u044c\u043d\u044b\u0439 \u043b\u0438\u0441\u0442\u0421\u043e\u0434\u0435\u0440\u0436\u0430\u043d\u0438\u0435\u0421\u043f\u0438\u0441\u043e\u043a \u0438\u043b\u043b\u044e\u0441\u0442\u0440\u0430\u0446\u0438\u0439\u0412\u0432\u0435\u0434\u0435\u043d\u0438\u0435\u041e\u0441\u043d\u043e\u0432\u043d\u0430\u044f \u0447\u0430\u0441\u0442\u044c \u0440\u0430\u0431\u043e\u0442\u044b \u2014 \u0442\u0435\u043a\u0441\u0442, \u0441\u043a\u043e\u043f\u0438\u0440\u043e\u0432\u0430\u043d\u043d\u044b\u0439 \u0432 \u0438\u043d\u0442\u0435\u0440\u043d\u0435\u0442\u0435\u0417\u0430\u043a\u043b\u044e\u0447\u0435\u043d\u0438\u0435\u0421\u043f\u0438\u0441\u043e\u043a \u043b\u0438\u0442\u0435\u0440\u0430\u0442\u0443\u0440\u044b \/ \u0438\u0441\u0442\u043e\u0447\u043d\u0438\u043a\u0438\u041f\u0440\u0438\u043b\u043e\u0436\u0435\u043d\u0438\u044f [&hellip;]","og_url":"https:\/\/kirillsats23.thkit.ee\/wp\/?page_id=41","og_site_name":"Kirill Sats &otilde;pimapp | portfoolio","og_image":[{"url":"https:\/\/portfoo.files.wordpress.com\/2022\/09\/image-3.png?w=489","type":"","width":"","height":""}],"twitter_card":"summary_large_image","schema":{"@context":"https:\/\/schema.org","@graph":[{"@type":"WebPage","@id":"https:\/\/kirillsats23.thkit.ee\/wp\/?page_id=41","url":"https:\/\/kirillsats23.thkit.ee\/wp\/?page_id=41","name":"Referaadi vormistamise n\u00f5uded - Kirill Sats &otilde;pimapp | portfoolio","isPartOf":{"@id":"https:\/\/kirillsats23.thkit.ee\/wp\/#website"},"primaryImageOfPage":{"@id":"https:\/\/kirillsats23.thkit.ee\/wp\/?page_id=41#primaryimage"},"image":{"@id":"https:\/\/kirillsats23.thkit.ee\/wp\/?page_id=41#primaryimage"},"thumbnailUrl":"https:\/\/portfoo.files.wordpress.com\/2022\/09\/image-3.png?w=489","datePublished":"2023-09-12T10:44:21+00:00","breadcrumb":{"@id":"https:\/\/kirillsats23.thkit.ee\/wp\/?page_id=41#breadcrumb"},"inLanguage":"et","potentialAction":[{"@type":"ReadAction","target":["https:\/\/kirillsats23.thkit.ee\/wp\/?page_id=41"]}]},{"@type":"ImageObject","inLanguage":"et","@id":"https:\/\/kirillsats23.thkit.ee\/wp\/?page_id=41#primaryimage","url":"https:\/\/portfoo.files.wordpress.com\/2022\/09\/image-3.png?w=489","contentUrl":"https:\/\/portfoo.files.wordpress.com\/2022\/09\/image-3.png?w=489"},{"@type":"BreadcrumbList","@id":"https:\/\/kirillsats23.thkit.ee\/wp\/?page_id=41#breadcrumb","itemListElement":[{"@type":"ListItem","position":1,"name":"Home","item":"https:\/\/kirillsats23.thkit.ee\/wp\/"},{"@type":"ListItem","position":2,"name":"Referaadi vormistamise n\u00f5uded"}]},{"@type":"WebSite","@id":"https:\/\/kirillsats23.thkit.ee\/wp\/#website","url":"https:\/\/kirillsats23.thkit.ee\/wp\/","name":"Kirill Sats &otilde;pimapp | portfoolio","description":"Noorem Tarkvaarendaja eriala","potentialAction":[{"@type":"SearchAction","target":{"@type":"EntryPoint","urlTemplate":"https:\/\/kirillsats23.thkit.ee\/wp\/?s={search_term_string}"},"query-input":{"@type":"PropertyValueSpecification","valueRequired":true,"valueName":"search_term_string"}}],"inLanguage":"et"}]}},"_links":{"self":[{"href":"https:\/\/kirillsats23.thkit.ee\/wp\/index.php?rest_route=\/wp\/v2\/pages\/41","targetHints":{"allow":["GET"]}}],"collection":[{"href":"https:\/\/kirillsats23.thkit.ee\/wp\/index.php?rest_route=\/wp\/v2\/pages"}],"about":[{"href":"https:\/\/kirillsats23.thkit.ee\/wp\/index.php?rest_route=\/wp\/v2\/types\/page"}],"author":[{"embeddable":true,"href":"https:\/\/kirillsats23.thkit.ee\/wp\/index.php?rest_route=\/wp\/v2\/users\/1"}],"replies":[{"embeddable":true,"href":"https:\/\/kirillsats23.thkit.ee\/wp\/index.php?rest_route=%2Fwp%2Fv2%2Fcomments&post=41"}],"version-history":[{"count":0,"href":"https:\/\/kirillsats23.thkit.ee\/wp\/index.php?rest_route=\/wp\/v2\/pages\/41\/revisions"}],"wp:attachment":[{"href":"https:\/\/kirillsats23.thkit.ee\/wp\/index.php?rest_route=%2Fwp%2Fv2%2Fmedia&parent=41"}],"curies":[{"name":"wp","href":"https:\/\/api.w.org\/{rel}","templated":true}]}}