{"id":409,"date":"2024-03-24T11:37:33","date_gmt":"2024-03-24T09:37:33","guid":{"rendered":"https:\/\/kirillsats.wordpress.com\/?page_id=409"},"modified":"2024-03-24T11:37:33","modified_gmt":"2024-03-24T09:37:33","slug":"rob-valgusfoor","status":"publish","type":"page","link":"https:\/\/kirillsats23.thkit.ee\/wp\/?page_id=409","title":{"rendered":"ROB. Valgusfoor"},"content":{"rendered":"\n<p>Katse 1.1<br>Punane LED vilkuv:<\/p>\n\n\n\n<p>Komponentid :<\/p>\n\n\n\n<ul class=\"wp-block-list\">\n<li>1 v\u00e4rvilist LEDi ;<\/li>\n\n\n\n<li>1 resistor ;<\/li>\n\n\n\n<li>3 juhtmed ;<\/li>\n\n\n\n<li>Arduino plaat<\/li>\n<\/ul>\n\n\n\n<p>Skeem:<\/p>\n\n\n\n<figure class=\"wp-block-image size-large\"><img decoding=\"async\" src=\"https:\/\/kirillsats.wordpress.com\/wp-content\/uploads\/2024\/03\/d0a1d0bdd0b8d0bcd0bed0ba-d18dd0bad180d0b0d0bdd0b0-2024-03-25-d0b2-14.28.24.png?w=1024\" alt=\"\" class=\"wp-image-423\" \/><\/figure>\n\n\n\n<p>2. Kood<\/p>\n\n\n\n<pre class=\"wp-block-code\"><code>void setup()<br>{<br>  pinMode(LED_BUILTIN, OUTPUT);<br>}<br> <br>void loop()<br>{<br>  digitalWrite(LED_BUILTIN, HIGH);<br>  delay(300); \/\/ Wait for 1000 millisecond(s)<br>  digitalWrite(LED_BUILTIN, LOW);<br>  delay(300); \/\/ Wait for 1000 millisecond(s)<br>}<br><\/code><\/pre>\n\n\n\n<p>Katse 1.2<br>RGB LED muudab v\u00e4rvi:<\/p>\n\n\n\n<p> Komponentid:<\/p>\n\n\n\n<ul class=\"wp-block-list\">\n<li>1 v\u00e4rviline LED RGB;<\/li>\n\n\n\n<li>3 resistorid ;<\/li>\n\n\n\n<li>5 juhtmed ;<\/li>\n<\/ul>\n\n\n\n<p>Skeem<\/p>\n\n\n\n<figure class=\"wp-block-image size-large\"><img decoding=\"async\" src=\"https:\/\/kirillsats.wordpress.com\/wp-content\/uploads\/2024\/03\/d0a1d0bdd0b8d0bcd0bed0ba-d18dd0bad180d0b0d0bdd0b0-2024-03-25-d0b2-14.53.54.png?w=1024\" alt=\"\" class=\"wp-image-430\" \/><\/figure>\n\n\n\n<pre class=\"wp-block-code\"><code>const int RED_PIN = 11;<br>const int GREEN_PIN = 9;<br>const int BLUE_PIN = 10;<br>int DISPLAY_TIME = 100;  \/\/ v\u00e4rvimuutuse kiirus<br>void setup()<br>{<br>  pinMode(RED_PIN, OUTPUT);<br>  pinMode(GREEN_PIN, OUTPUT);<br>  pinMode(BLUE_PIN, OUTPUT);<br>}<br>void loop()<br>{<br>mainColors();<br>showSpectrum();<br>}<br>void mainColors()<br>{<br> <br>\/\/ K\u00f5ik LEDid on v\u00e4lja l\u00fclitatud<br> <br>  digitalWrite(RED_PIN, LOW);<br>  digitalWrite(GREEN_PIN, LOW);<br>  digitalWrite(BLUE_PIN, LOW);<br> delay(1000);<br> <br>\/\/P\u00f5leb punane<br> <br>  digitalWrite(RED_PIN, HIGH);<br>  digitalWrite(GREEN_PIN, LOW);<br>  digitalWrite(BLUE_PIN, LOW);<br>  delay(1000);<br> <br>\/\/ P\u00f5leb roheline<br> <br>  digitalWrite(RED_PIN, LOW);<br>  digitalWrite(GREEN_PIN, HIGH);<br>  digitalWrite(BLUE_PIN, LOW);<br>  delay(1000);<br> <br>\/\/ Sinine on sisse l\u00fclitatud<br> <br>  digitalWrite(RED_PIN, LOW);<br>  digitalWrite(GREEN_PIN, LOW);<br>  digitalWrite(BLUE_PIN, HIGH);<br>  delay(1000);<br> <br>\/\/ Kollane.<br> <br>  digitalWrite(RED_PIN, HIGH);<br>  digitalWrite(GREEN_PIN, HIGH);<br>  digitalWrite(BLUE_PIN, LOW);<br>  delay(1000);<br> <br>\/\/ Lilla<br> <br>  digitalWrite(RED_PIN, LOW);<br>  digitalWrite(GREEN_PIN, HIGH);<br>  digitalWrite(BLUE_PIN, HIGH);<br>  delay(1000);<br> <br>\/\/Roosa<br> <br>  digitalWrite(RED_PIN, HIGH);<br>  digitalWrite(GREEN_PIN, LOW);<br>  digitalWrite(BLUE_PIN, HIGH);<br>  delay(1000);<br> <br>\/\/Valge ehk k\u00f5ik on sisse l\u00fclitatud<br> <br>  digitalWrite(RED_PIN, HIGH);<br>  digitalWrite(GREEN_PIN, HIGH);<br>  digitalWrite(BLUE_PIN, HIGH);<br>  delay(1000);<br>}<br>\/\/ Vikerkaar. <br>void showSpectrum()<br>{<br>  int x;<br>  for (x = 0; x &lt; 768; x++)<br>  {<br>    showRGB(x);  \/\/ <br>    delay(10);   \/\/ paus 0,001 sek<br>  }<br>}<br>\/\/ ShowRGB()  p\u00f5hiv\u00e4rvid: <br>\/\/ 0 = punane <br>\/\/ 255 = roheline<br>\/\/ 511 = sinine<br>\/\/ 767 = j\u00e4lle punane <br>void showRGB(int color)<br>{<br>  int redIntensity;<br>  int greenIntensity;<br>  int blueIntensity;<br>  if (color &lt;= 255)                <br>  {<br>    redIntensity = 255 - color;    \/\/ l\u00fclitakse v\u00e4lja punane<br>    greenIntensity = color;        \/\/ l\u00fclitakse sisse roheline<br>    blueIntensity = 0;             \/\/ sinine on v\u00e4lja l\u00fclitatud<br>  }<br>  else if (color &lt;= 511)          <br>  {<br>    redIntensity = 0;                     \/\/ punane on v\u00e4lja l\u00fclitatud<br>    greenIntensity = 255 - (color - 256); <br>    blueIntensity = (color - 256);        <br>  }<br>  else if (color &gt;= 512)             <br>  {<br>    redIntensity = (color - 512);        <br>    greenIntensity = 0;                  <br>    blueIntensity = 255 - (color - 512);  <br>  }<br>  analogWrite(RED_PIN, redIntensity); \/\/ punase LED\u00b4i sujuv \u00fcmberl\u00fclitamine<br>  analogWrite(BLUE_PIN, blueIntensity);<br>  analogWrite(GREEN_PIN, greenIntensity);<br>}<\/code><\/pre>\n\n\n\n<p><\/p>\n\n\n\n<p><\/p>\n\n\n\n<p><\/p>\n\n\n\n<p>1.Skeem:<\/p>\n\n\n\n<ol class=\"wp-block-list\"><\/ol>\n\n\n\n<figure class=\"wp-block-image\"><img decoding=\"async\" src=\"https:\/\/kirillsats.wordpress.com\/wp-content\/uploads\/2024\/03\/d0a1d0bdd0b8d0bcd0bed0ba-d18dd0bad180d0b0d0bdd0b0-2024-03-24-d0b2-10.43.59.png\" alt=\"\" class=\"wp-image-411\" \/><\/figure>\n\n\n\n<p>2. Kood<\/p>\n\n\n\n<pre class=\"wp-block-code\"><code>const int auto_RED_PIN = 11;<br>const int auto_GREEN_PIN = 9;<br>const int auto_BLUE_PIN = 10;<br><br>const int jalakaijatevalgusfoor_RED_PIN = 6;<br>const int jalakaijatevalgusfoor_GREEN_PIN = 5;<br><br>int DISPLAY_TIME = 100;  \/\/ \u0441\u043a\u043e\u0440\u043e\u0441\u0442\u044c \u0441\u043c\u0435\u043d\u044b \u0446\u0432\u0435\u0442\u0430<br><br>void setup() {<br>  pinMode(auto_RED_PIN, OUTPUT);<br>  pinMode(auto_GREEN_PIN, OUTPUT);<br>  pinMode(auto_BLUE_PIN, OUTPUT);<br>  <br>  pinMode(jalakaijatevalgusfoor_RED_PIN, OUTPUT);<br>  pinMode(jalakaijatevalgusfoor_GREEN_PIN, OUTPUT);<br>}<br><br>void loop() {<br>  autovalgusfoor();<br>  jalakaijatevalgusfoor();<br>}<br><br>void autovalgusfoor() {<br>  \/\/ \u043a\u0440\u0430\u0441\u043d\u044b\u0439 \u0434\u043b\u044f \u043c\u0430\u0448\u0438\u043d<br>  digitalWrite(auto_RED_PIN, HIGH);<br>  digitalWrite(auto_GREEN_PIN, LOW);<br>  <br>  \/\/ \u0437\u0435\u043b\u0435\u043d\u044b\u0439 \u0434\u043b\u044f \u043f\u0435\u0448\u0435\u0445\u043e\u0434\u043e\u0432<br>  digitalWrite(jalakaijatevalgusfoor_RED_PIN, LOW);<br>  digitalWrite(jalakaijatevalgusfoor_GREEN_PIN, HIGH);<br>  <br>  delay(5000);<br>  <br>  \/\/ \u0436\u0435\u043b\u0442\u044b\u0439 \u0434\u043b\u044f \u043c\u0430\u0448\u0438\u043d<br>  digitalWrite(auto_RED_PIN, HIGH);<br>  digitalWrite(auto_GREEN_PIN, HIGH);<br>  <br>  \/\/ \u043a\u0440\u0430\u0441\u043d\u044b\u0439 \u0434\u043b\u044f \u043f\u0435\u0448\u0435\u0445\u043e\u0434\u043e\u0432<br>  digitalWrite(jalakaijatevalgusfoor_RED_PIN, HIGH);<br>  digitalWrite(jalakaijatevalgusfoor_GREEN_PIN, LOW);<br>  <br>  delay(2000);<br>  <br>  \/\/ \u043c\u0438\u0433\u0430\u044e\u0449\u0438\u0439 \u0436\u0435\u043b\u0442\u044b\u0439 \u0434\u043b\u044f \u043c\u0430\u0448\u0438\u043d<br>  autoYellowBlink();<br>  <br>  \/\/ \u0437\u0435\u043b\u0435\u043d\u044b\u0439 \u0434\u043b\u044f \u043c\u0430\u0448\u0438\u043d<br>  digitalWrite(auto_RED_PIN, LOW);<br>  digitalWrite(auto_GREEN_PIN, HIGH);<br>  <br>  \/\/ \u043a\u0440\u0430\u0441\u043d\u044b\u0439 \u0434\u043b\u044f \u043f\u0435\u0448\u0435\u0445\u043e\u0434\u043e\u0432<br>  digitalWrite(jalakaijatevalgusfoor_RED_PIN, HIGH);<br>  digitalWrite(jalakaijatevalgusfoor_GREEN_PIN, LOW);<br>  <br>  delay(5000);<br>  <br>  \/\/ \u0436\u0435\u043b\u0442\u044b\u0439 \u0434\u043b\u044f \u043c\u0430\u0448\u0438\u043d<br>  digitalWrite(auto_RED_PIN, HIGH);<br>  digitalWrite(auto_GREEN_PIN, HIGH);<br>  <br>  \/\/ \u043a\u0440\u0430\u0441\u043d\u044b\u0439 \u0434\u043b\u044f \u043f\u0435\u0448\u0435\u0445\u043e\u0434\u043e\u0432<br>  digitalWrite(jalakaijatevalgusfoor_RED_PIN, HIGH);<br>  digitalWrite(jalakaijatevalgusfoor_GREEN_PIN, LOW);<br>  <br>  delay(1000);<br>}<br><br>void jalakaijatevalgusfoor() {<br>  \/\/ \u0437\u0435\u043b\u0435\u043d\u044b\u0439 \u0434\u043b\u044f \u043c\u0430\u0448\u0438\u043d<br>  digitalWrite(auto_RED_PIN, LOW);<br>  digitalWrite(auto_GREEN_PIN, HIGH);<br>  <br>  \/\/ \u043a\u0440\u0430\u0441\u043d\u044b\u0439 \u0434\u043b\u044f \u043f\u0435\u0448\u0435\u0445\u043e\u0434\u043e\u0432<br>  digitalWrite(jalakaijatevalgusfoor_RED_PIN, HIGH);<br>  digitalWrite(jalakaijatevalgusfoor_GREEN_PIN, LOW);<br>  <br>  delay(4000);<br>  <br>  \/\/ \u0436\u0435\u043b\u0442\u044b\u0439 \u0434\u043b\u044f \u043c\u0430\u0448\u0438\u043d<br>  digitalWrite(auto_RED_PIN, HIGH);<br>  digitalWrite(auto_GREEN_PIN, HIGH);<br>  <br>  \/\/ \u043a\u0440\u0430\u0441\u043d\u044b\u0439 \u0434\u043b\u044f \u043f\u0435\u0448\u0435\u0445\u043e\u0434\u043e\u0432<br>  digitalWrite(jalakaijatevalgusfoor_RED_PIN, HIGH);<br>  digitalWrite(jalakaijatevalgusfoor_GREEN_PIN, LOW);<br>  <br>  delay(1000);<br>}<br><br>void autoYellowBlink() {<br>  \/\/ \u043c\u0438\u0433\u0430\u044e\u0449\u0438\u0439 \u0436\u0435\u043b\u0442\u044b\u0439 \u0434\u043b\u044f \u043c\u0430\u0448\u0438\u043d<br>  for(int i = 0; i &lt; 5; i++) {<br>    digitalWrite(auto_RED_PIN, HIGH);<br>    digitalWrite(auto_GREEN_PIN, HIGH);<br>    delay(500);<br>    digitalWrite(auto_RED_PIN, LOW);<br>    digitalWrite(auto_GREEN_PIN, LOW);<br>    delay(500);<br>  }<br>}<br><\/code><\/pre>\n\n\n\n<p>3. Kasutatud komponeendid:<\/p>\n\n\n\n<ul class=\"wp-block-list\">\n<li>2 RGB LEDid<\/li>\n<\/ul>\n\n\n\n<ul class=\"wp-block-list\">\n<li>9 juhtmed<\/li>\n\n\n\n<li>6 resistorit<\/li>\n\n\n\n<li>Arduino plaat<\/li>\n<\/ul>\n\n\n\n<p>4. Link:<\/p>\n\n\n\n<figure class=\"wp-block-embed is-type-video is-provider-youtube wp-block-embed-youtube wp-embed-aspect-16-9 wp-has-aspect-ratio\"><div class=\"wp-block-embed__wrapper\">\n<iframe loading=\"lazy\" title=\"ROB Valgusfoor\" width=\"625\" height=\"352\" src=\"https:\/\/www.youtube.com\/embed\/YK7WuhzvcjQ?feature=oembed\" frameborder=\"0\" allow=\"accelerometer; autoplay; clipboard-write; encrypted-media; gyroscope; picture-in-picture; web-share\" referrerpolicy=\"strict-origin-when-cross-origin\" allowfullscreen><\/iframe>\n<\/div><\/figure>\n\n\n\n<p>5. Kirjeldus:<\/p>\n\n\n\n<p>See on Valgusfoor.  Siin ok kaks reziimid, autodele ja jalak\u00e4ijatele. Siin on ka \u00f6\u00f6re\u017eiim. Kui \u00f6\u00f6re\u017eiim on sisse l\u00fclitatud, s\u00fcttib jalak\u00e4ijate jaoks punane foor ja autode jaoks vilgub kollane<\/p>\n\n\n\n<p>6. Kasutamisv\u00f5imalused tavaelus.<\/p>\n\n\n\n<p>Selline valgusfoor v\u00f5ib kasutada linnas, kus on palju inimesi ja auto<\/p>\n\n\n\n<p>7. Funktsioonid<\/p>\n\n\n\n<p>Delay()<br>delay() hilinemine foori olekute muutuste vahel.<br>Kui funktsioon day() on esile kutsutud, m\u00e4\u00e4rab see foori p\u00e4evare\u017eiimile ja funktsioon night() seab selle \u00f6\u00f6re\u017eiimile.<br>Setup()<br>setup() m\u00e4\u00e4rab esialgsed v\u00e4\u00e4rtused, tagastab andmed.<br>Loop()<br>loop() on peamine funktsioon, Arduino kordab selle funktsiooni v\u00e4ljakutset miljoneid kordi sekundis, p\u00f5hjustab day() ja night() vaheldumisi, et valgusfoor muutuks p\u00e4evase ja \u00f6ise re\u017eiimi vahel.<br>pinMode<br>Funktsioon pinMode() Arduino m\u00e4\u00e4rab m\u00e4\u00e4ratud pini (sisse\/v\u00e4lja) t\u00f6\u00f6re\u017eiimi.<br>digitalWrite<br>digitalWrite \u2014 m\u00e4\u00e4rab tihvti oleku.<br>OUTPUT<br>OUTPUT \u2014 v\u00e4ljap\u00e4\u00e4su .<br>HIGH ja LOW<br>HIGH ja LOW pingetase v\u00e4ljunditel.<\/p>\n","protected":false},"excerpt":{"rendered":"<p>Katse 1.1Punane LED vilkuv: Komponentid : Skeem: 2. Kood Katse 1.2RGB LED muudab v\u00e4rvi: Komponentid: Skeem 1.Skeem: 2. Kood 3. Kasutatud komponeendid: 4. Link: 5. Kirjeldus: See on Valgusfoor. Siin ok kaks reziimid, autodele ja jalak\u00e4ijatele. Siin on ka \u00f6\u00f6re\u017eiim. Kui \u00f6\u00f6re\u017eiim on sisse l\u00fclitatud, s\u00fcttib jalak\u00e4ijate jaoks punane foor ja autode jaoks vilgub kollane [&hellip;]<\/p>\n","protected":false},"author":1,"featured_media":0,"parent":0,"menu_order":0,"comment_status":"closed","ping_status":"closed","template":"","meta":{"footnotes":""},"class_list":["post-409","page","type-page","status-publish","hentry"],"yoast_head":"<!-- This site is optimized with the Yoast SEO plugin v27.3 - https:\/\/yoast.com\/product\/yoast-seo-wordpress\/ -->\n<title>ROB. Valgusfoor - Kirill Sats &otilde;pimapp | portfoolio<\/title>\n<meta name=\"robots\" content=\"index, follow, max-snippet:-1, max-image-preview:large, max-video-preview:-1\" \/>\n<link rel=\"canonical\" href=\"https:\/\/kirillsats23.thkit.ee\/wp\/?page_id=409\" \/>\n<meta property=\"og:locale\" content=\"et_EE\" \/>\n<meta property=\"og:type\" content=\"article\" \/>\n<meta property=\"og:title\" content=\"ROB. Valgusfoor - Kirill Sats &otilde;pimapp | portfoolio\" \/>\n<meta property=\"og:description\" content=\"Katse 1.1Punane LED vilkuv: Komponentid : Skeem: 2. Kood Katse 1.2RGB LED muudab v\u00e4rvi: Komponentid: Skeem 1.Skeem: 2. Kood 3. Kasutatud komponeendid: 4. Link: 5. Kirjeldus: See on Valgusfoor. Siin ok kaks reziimid, autodele ja jalak\u00e4ijatele. Siin on ka \u00f6\u00f6re\u017eiim. Kui \u00f6\u00f6re\u017eiim on sisse l\u00fclitatud, s\u00fcttib jalak\u00e4ijate jaoks punane foor ja autode jaoks vilgub kollane [&hellip;]\" \/>\n<meta property=\"og:url\" content=\"https:\/\/kirillsats23.thkit.ee\/wp\/?page_id=409\" \/>\n<meta property=\"og:site_name\" content=\"Kirill Sats &otilde;pimapp | portfoolio\" \/>\n<meta property=\"og:image\" content=\"https:\/\/kirillsats.wordpress.com\/wp-content\/uploads\/2024\/03\/d0a1d0bdd0b8d0bcd0bed0ba-d18dd0bad180d0b0d0bdd0b0-2024-03-25-d0b2-14.28.24.png?w=1024\" \/>\n<meta name=\"twitter:card\" content=\"summary_large_image\" \/>\n<meta name=\"twitter:label1\" content=\"Est. reading time\" \/>\n\t<meta name=\"twitter:data1\" content=\"4 minutit\" \/>\n<script type=\"application\/ld+json\" class=\"yoast-schema-graph\">{\"@context\":\"https:\\\/\\\/schema.org\",\"@graph\":[{\"@type\":\"WebPage\",\"@id\":\"https:\\\/\\\/kirillsats23.thkit.ee\\\/wp\\\/?page_id=409\",\"url\":\"https:\\\/\\\/kirillsats23.thkit.ee\\\/wp\\\/?page_id=409\",\"name\":\"ROB. Valgusfoor - Kirill Sats &otilde;pimapp | portfoolio\",\"isPartOf\":{\"@id\":\"https:\\\/\\\/kirillsats23.thkit.ee\\\/wp\\\/#website\"},\"primaryImageOfPage\":{\"@id\":\"https:\\\/\\\/kirillsats23.thkit.ee\\\/wp\\\/?page_id=409#primaryimage\"},\"image\":{\"@id\":\"https:\\\/\\\/kirillsats23.thkit.ee\\\/wp\\\/?page_id=409#primaryimage\"},\"thumbnailUrl\":\"https:\\\/\\\/kirillsats.wordpress.com\\\/wp-content\\\/uploads\\\/2024\\\/03\\\/d0a1d0bdd0b8d0bcd0bed0ba-d18dd0bad180d0b0d0bdd0b0-2024-03-25-d0b2-14.28.24.png?w=1024\",\"datePublished\":\"2024-03-24T09:37:33+00:00\",\"breadcrumb\":{\"@id\":\"https:\\\/\\\/kirillsats23.thkit.ee\\\/wp\\\/?page_id=409#breadcrumb\"},\"inLanguage\":\"et\",\"potentialAction\":[{\"@type\":\"ReadAction\",\"target\":[\"https:\\\/\\\/kirillsats23.thkit.ee\\\/wp\\\/?page_id=409\"]}]},{\"@type\":\"ImageObject\",\"inLanguage\":\"et\",\"@id\":\"https:\\\/\\\/kirillsats23.thkit.ee\\\/wp\\\/?page_id=409#primaryimage\",\"url\":\"https:\\\/\\\/kirillsats.wordpress.com\\\/wp-content\\\/uploads\\\/2024\\\/03\\\/d0a1d0bdd0b8d0bcd0bed0ba-d18dd0bad180d0b0d0bdd0b0-2024-03-25-d0b2-14.28.24.png?w=1024\",\"contentUrl\":\"https:\\\/\\\/kirillsats.wordpress.com\\\/wp-content\\\/uploads\\\/2024\\\/03\\\/d0a1d0bdd0b8d0bcd0bed0ba-d18dd0bad180d0b0d0bdd0b0-2024-03-25-d0b2-14.28.24.png?w=1024\"},{\"@type\":\"BreadcrumbList\",\"@id\":\"https:\\\/\\\/kirillsats23.thkit.ee\\\/wp\\\/?page_id=409#breadcrumb\",\"itemListElement\":[{\"@type\":\"ListItem\",\"position\":1,\"name\":\"Home\",\"item\":\"https:\\\/\\\/kirillsats23.thkit.ee\\\/wp\\\/\"},{\"@type\":\"ListItem\",\"position\":2,\"name\":\"ROB. Valgusfoor\"}]},{\"@type\":\"WebSite\",\"@id\":\"https:\\\/\\\/kirillsats23.thkit.ee\\\/wp\\\/#website\",\"url\":\"https:\\\/\\\/kirillsats23.thkit.ee\\\/wp\\\/\",\"name\":\"Kirill Sats &otilde;pimapp | portfoolio\",\"description\":\"Noorem Tarkvaarendaja eriala\",\"potentialAction\":[{\"@type\":\"SearchAction\",\"target\":{\"@type\":\"EntryPoint\",\"urlTemplate\":\"https:\\\/\\\/kirillsats23.thkit.ee\\\/wp\\\/?s={search_term_string}\"},\"query-input\":{\"@type\":\"PropertyValueSpecification\",\"valueRequired\":true,\"valueName\":\"search_term_string\"}}],\"inLanguage\":\"et\"}]}<\/script>\n<!-- \/ Yoast SEO plugin. -->","yoast_head_json":{"title":"ROB. Valgusfoor - Kirill Sats &otilde;pimapp | portfoolio","robots":{"index":"index","follow":"follow","max-snippet":"max-snippet:-1","max-image-preview":"max-image-preview:large","max-video-preview":"max-video-preview:-1"},"canonical":"https:\/\/kirillsats23.thkit.ee\/wp\/?page_id=409","og_locale":"et_EE","og_type":"article","og_title":"ROB. Valgusfoor - Kirill Sats &otilde;pimapp | portfoolio","og_description":"Katse 1.1Punane LED vilkuv: Komponentid : Skeem: 2. Kood Katse 1.2RGB LED muudab v\u00e4rvi: Komponentid: Skeem 1.Skeem: 2. Kood 3. Kasutatud komponeendid: 4. Link: 5. Kirjeldus: See on Valgusfoor. Siin ok kaks reziimid, autodele ja jalak\u00e4ijatele. Siin on ka \u00f6\u00f6re\u017eiim. Kui \u00f6\u00f6re\u017eiim on sisse l\u00fclitatud, s\u00fcttib jalak\u00e4ijate jaoks punane foor ja autode jaoks vilgub kollane [&hellip;]","og_url":"https:\/\/kirillsats23.thkit.ee\/wp\/?page_id=409","og_site_name":"Kirill Sats &otilde;pimapp | portfoolio","og_image":[{"url":"https:\/\/kirillsats.wordpress.com\/wp-content\/uploads\/2024\/03\/d0a1d0bdd0b8d0bcd0bed0ba-d18dd0bad180d0b0d0bdd0b0-2024-03-25-d0b2-14.28.24.png?w=1024","type":"","width":"","height":""}],"twitter_card":"summary_large_image","twitter_misc":{"Est. reading time":"4 minutit"},"schema":{"@context":"https:\/\/schema.org","@graph":[{"@type":"WebPage","@id":"https:\/\/kirillsats23.thkit.ee\/wp\/?page_id=409","url":"https:\/\/kirillsats23.thkit.ee\/wp\/?page_id=409","name":"ROB. Valgusfoor - Kirill Sats &otilde;pimapp | portfoolio","isPartOf":{"@id":"https:\/\/kirillsats23.thkit.ee\/wp\/#website"},"primaryImageOfPage":{"@id":"https:\/\/kirillsats23.thkit.ee\/wp\/?page_id=409#primaryimage"},"image":{"@id":"https:\/\/kirillsats23.thkit.ee\/wp\/?page_id=409#primaryimage"},"thumbnailUrl":"https:\/\/kirillsats.wordpress.com\/wp-content\/uploads\/2024\/03\/d0a1d0bdd0b8d0bcd0bed0ba-d18dd0bad180d0b0d0bdd0b0-2024-03-25-d0b2-14.28.24.png?w=1024","datePublished":"2024-03-24T09:37:33+00:00","breadcrumb":{"@id":"https:\/\/kirillsats23.thkit.ee\/wp\/?page_id=409#breadcrumb"},"inLanguage":"et","potentialAction":[{"@type":"ReadAction","target":["https:\/\/kirillsats23.thkit.ee\/wp\/?page_id=409"]}]},{"@type":"ImageObject","inLanguage":"et","@id":"https:\/\/kirillsats23.thkit.ee\/wp\/?page_id=409#primaryimage","url":"https:\/\/kirillsats.wordpress.com\/wp-content\/uploads\/2024\/03\/d0a1d0bdd0b8d0bcd0bed0ba-d18dd0bad180d0b0d0bdd0b0-2024-03-25-d0b2-14.28.24.png?w=1024","contentUrl":"https:\/\/kirillsats.wordpress.com\/wp-content\/uploads\/2024\/03\/d0a1d0bdd0b8d0bcd0bed0ba-d18dd0bad180d0b0d0bdd0b0-2024-03-25-d0b2-14.28.24.png?w=1024"},{"@type":"BreadcrumbList","@id":"https:\/\/kirillsats23.thkit.ee\/wp\/?page_id=409#breadcrumb","itemListElement":[{"@type":"ListItem","position":1,"name":"Home","item":"https:\/\/kirillsats23.thkit.ee\/wp\/"},{"@type":"ListItem","position":2,"name":"ROB. Valgusfoor"}]},{"@type":"WebSite","@id":"https:\/\/kirillsats23.thkit.ee\/wp\/#website","url":"https:\/\/kirillsats23.thkit.ee\/wp\/","name":"Kirill Sats &otilde;pimapp | portfoolio","description":"Noorem Tarkvaarendaja eriala","potentialAction":[{"@type":"SearchAction","target":{"@type":"EntryPoint","urlTemplate":"https:\/\/kirillsats23.thkit.ee\/wp\/?s={search_term_string}"},"query-input":{"@type":"PropertyValueSpecification","valueRequired":true,"valueName":"search_term_string"}}],"inLanguage":"et"}]}},"_links":{"self":[{"href":"https:\/\/kirillsats23.thkit.ee\/wp\/index.php?rest_route=\/wp\/v2\/pages\/409","targetHints":{"allow":["GET"]}}],"collection":[{"href":"https:\/\/kirillsats23.thkit.ee\/wp\/index.php?rest_route=\/wp\/v2\/pages"}],"about":[{"href":"https:\/\/kirillsats23.thkit.ee\/wp\/index.php?rest_route=\/wp\/v2\/types\/page"}],"author":[{"embeddable":true,"href":"https:\/\/kirillsats23.thkit.ee\/wp\/index.php?rest_route=\/wp\/v2\/users\/1"}],"replies":[{"embeddable":true,"href":"https:\/\/kirillsats23.thkit.ee\/wp\/index.php?rest_route=%2Fwp%2Fv2%2Fcomments&post=409"}],"version-history":[{"count":0,"href":"https:\/\/kirillsats23.thkit.ee\/wp\/index.php?rest_route=\/wp\/v2\/pages\/409\/revisions"}],"wp:attachment":[{"href":"https:\/\/kirillsats23.thkit.ee\/wp\/index.php?rest_route=%2Fwp%2Fv2%2Fmedia&parent=409"}],"curies":[{"name":"wp","href":"https:\/\/api.w.org\/{rel}","templated":true}]}}