{"id":1940,"date":"2025-11-05T18:55:34","date_gmt":"2025-11-05T18:55:34","guid":{"rendered":"https:\/\/kirillsats23.thkit.ee\/wp\/?page_id=1940"},"modified":"2025-11-05T18:55:34","modified_gmt":"2025-11-05T18:55:34","slug":"h10-github-saadame-push-imisel","status":"publish","type":"page","link":"https:\/\/kirillsats23.thkit.ee\/wp\/?page_id=1940","title":{"rendered":"H10: Github saadame push-imisel"},"content":{"rendered":"\n<p><strong>\u00dclesande eesm\u00e4rk<\/strong>: \u00d5ppida seadistama GitHub Actions, et saata automaatselt e-kirju iga kord, kui repositooriumisse tehakse push. \u00d5ppida t\u00f6\u00f6 k\u00e4igus tundma YAML-failide struktuuri t\u00f6\u00f6voo jaoks, GitHub Secrets\u2019i kasutamist konfidentsiaalsete andmete turvaliseks s\u00e4ilitamiseks ja kolmandate osapoolte tegevuste (actions) integreerimist e-kirjade saatmiseks.<\/p>\n\n\n\n<ol class=\"wp-block-list\">\n<li><strong>Avame<a href=\"https:\/\/github.com\/\">\u00a0GitHubi<\/a><\/strong><\/li>\n\n\n\n<li><strong>Loome uue repositooriumi<\/strong><\/li>\n<\/ol>\n\n\n\n<p><strong>3. Kloonime repositooriumi t\u00f6\u00f6lauale ja avame VS Code\u2019is<\/strong><\/p>\n\n\n\n<figure class=\"wp-block-image size-full\"><img loading=\"lazy\" decoding=\"async\" width=\"800\" height=\"153\" src=\"https:\/\/kirillsats23.thkit.ee\/wp\/wp-content\/uploads\/2025\/11\/image-17.png\" alt=\"\" class=\"wp-image-1941\" srcset=\"https:\/\/kirillsats23.thkit.ee\/wp\/wp-content\/uploads\/2025\/11\/image-17.png 800w, https:\/\/kirillsats23.thkit.ee\/wp\/wp-content\/uploads\/2025\/11\/image-17-300x57.png 300w, https:\/\/kirillsats23.thkit.ee\/wp\/wp-content\/uploads\/2025\/11\/image-17-768x147.png 768w, https:\/\/kirillsats23.thkit.ee\/wp\/wp-content\/uploads\/2025\/11\/image-17-624x119.png 624w\" sizes=\"auto, (max-width: 800px) 100vw, 800px\" \/><\/figure>\n\n\n\n<p><strong>4. Loome kausta .github ja faili .yml<\/strong><\/p>\n\n\n\n<p>kirill.yml<\/p>\n\n\n\n<div class=\"wp-block-kevinbatdorf-code-block-pro\" data-code-block-pro-font-family=\"Code-Pro-JetBrains-Mono\" style=\"font-size:.875rem;font-family:Code-Pro-JetBrains-Mono,ui-monospace,SFMono-Regular,Menlo,Monaco,Consolas,monospace;line-height:1.25rem;--cbp-tab-width:2;tab-size:var(--cbp-tab-width, 2)\"><span style=\"display:block;padding:16px 0 0 16px;margin-bottom:-1px;width:100%;text-align:left;background-color:#2e3440ff\"><svg xmlns=\"http:\/\/www.w3.org\/2000\/svg\" width=\"54\" height=\"14\" viewBox=\"0 0 54 14\"><g fill=\"none\" fill-rule=\"evenodd\" transform=\"translate(1 1)\"><circle cx=\"6\" cy=\"6\" r=\"6\" fill=\"#FF5F56\" stroke=\"#E0443E\" stroke-width=\".5\"><\/circle><circle cx=\"26\" cy=\"6\" r=\"6\" fill=\"#FFBD2E\" stroke=\"#DEA123\" stroke-width=\".5\"><\/circle><circle cx=\"46\" cy=\"6\" r=\"6\" fill=\"#27C93F\" stroke=\"#1AAB29\" stroke-width=\".5\"><\/circle><\/g><\/svg><\/span><span role=\"button\" tabindex=\"0\" style=\"color:#d8dee9ff;display:none\" aria-label=\"Copy\" class=\"code-block-pro-copy-button\"><pre class=\"code-block-pro-copy-button-pre\" aria-hidden=\"true\"><textarea class=\"code-block-pro-copy-button-textarea\" tabindex=\"-1\" aria-hidden=\"true\" readonly>name: Send email on push\n\non: &#91;push&#93;\njobs:\n  send_mail:\n    runs-on: ubuntu-latest\n    steps:\n      - name: Send mail\n        uses: dawidd6\/action-send-mail@v3\n        with:\n          server_address: smtp.gmail.com\n          server_port: 465\n          username: ${{ secrets.MAIL_USERNAME }}\n          password: ${{ secrets.MAIL_PASSWORD }}\n          subject: \"Push to ${{ github.repository }}\"\n          to: \"kirillsats30@gmail.com\"\n          from: ${{ secrets.MAIL_USERNAME }}\n          secure: true\n          body: |\n            New push in repository: ${{ github.repository }}\n            Author: ${{ github.event.pusher.name }}\n            Message: ${{ github.event.head_commit.message }}<\/textarea><\/pre><svg xmlns=\"http:\/\/www.w3.org\/2000\/svg\" style=\"width:24px;height:24px\" fill=\"none\" viewBox=\"0 0 24 24\" stroke=\"currentColor\" stroke-width=\"2\"><path class=\"with-check\" stroke-linecap=\"round\" stroke-linejoin=\"round\" d=\"M9 5H7a2 2 0 00-2 2v12a2 2 0 002 2h10a2 2 0 002-2V7a2 2 0 00-2-2h-2M9 5a2 2 0 002 2h2a2 2 0 002-2M9 5a2 2 0 012-2h2a2 2 0 012 2m-6 9l2 2 4-4\"><\/path><path class=\"without-check\" stroke-linecap=\"round\" stroke-linejoin=\"round\" d=\"M9 5H7a2 2 0 00-2 2v12a2 2 0 002 2h10a2 2 0 002-2V7a2 2 0 00-2-2h-2M9 5a2 2 0 002 2h2a2 2 0 002-2M9 5a2 2 0 012-2h2a2 2 0 012 2\"><\/path><\/svg><\/span><pre class=\"shiki nord\" style=\"background-color: #2e3440ff\" tabindex=\"0\"><code><span class=\"line\"><span style=\"color: #8FBCBB\">name<\/span><span style=\"color: #ECEFF4\">:<\/span><span style=\"color: #D8DEE9FF\"> <\/span><span style=\"color: #A3BE8C\">Send email on push<\/span><\/span>\n<span class=\"line\"><\/span>\n<span class=\"line\"><span style=\"color: #81A1C1\">on<\/span><span style=\"color: #ECEFF4\">:<\/span><span style=\"color: #D8DEE9FF\"> <\/span><span style=\"color: #ECEFF4\">&#91;<\/span><span style=\"color: #A3BE8C\">push<\/span><span style=\"color: #ECEFF4\">&#93;<\/span><\/span>\n<span class=\"line\"><span style=\"color: #8FBCBB\">jobs<\/span><span style=\"color: #ECEFF4\">:<\/span><\/span>\n<span class=\"line\"><span style=\"color: #D8DEE9FF\">  <\/span><span style=\"color: #8FBCBB\">send_mail<\/span><span style=\"color: #ECEFF4\">:<\/span><\/span>\n<span class=\"line\"><span style=\"color: #D8DEE9FF\">    <\/span><span style=\"color: #8FBCBB\">runs-on<\/span><span style=\"color: #ECEFF4\">:<\/span><span style=\"color: #D8DEE9FF\"> <\/span><span style=\"color: #A3BE8C\">ubuntu-latest<\/span><\/span>\n<span class=\"line\"><span style=\"color: #D8DEE9FF\">    <\/span><span style=\"color: #8FBCBB\">steps<\/span><span style=\"color: #ECEFF4\">:<\/span><\/span>\n<span class=\"line\"><span style=\"color: #D8DEE9FF\">      <\/span><span style=\"color: #ECEFF4\">-<\/span><span style=\"color: #D8DEE9FF\"> <\/span><span style=\"color: #8FBCBB\">name<\/span><span style=\"color: #ECEFF4\">:<\/span><span style=\"color: #D8DEE9FF\"> <\/span><span style=\"color: #A3BE8C\">Send mail<\/span><\/span>\n<span class=\"line\"><span style=\"color: #D8DEE9FF\">        <\/span><span style=\"color: #8FBCBB\">uses<\/span><span style=\"color: #ECEFF4\">:<\/span><span style=\"color: #D8DEE9FF\"> <\/span><span style=\"color: #A3BE8C\">dawidd6\/action-send-mail@v3<\/span><\/span>\n<span class=\"line\"><span style=\"color: #D8DEE9FF\">        <\/span><span style=\"color: #8FBCBB\">with<\/span><span style=\"color: #ECEFF4\">:<\/span><\/span>\n<span class=\"line\"><span style=\"color: #D8DEE9FF\">          <\/span><span style=\"color: #8FBCBB\">server_address<\/span><span style=\"color: #ECEFF4\">:<\/span><span style=\"color: #D8DEE9FF\"> <\/span><span style=\"color: #A3BE8C\">smtp.gmail.com<\/span><\/span>\n<span class=\"line\"><span style=\"color: #D8DEE9FF\">          <\/span><span style=\"color: #8FBCBB\">server_port<\/span><span style=\"color: #ECEFF4\">:<\/span><span style=\"color: #D8DEE9FF\"> <\/span><span style=\"color: #B48EAD\">465<\/span><\/span>\n<span class=\"line\"><span style=\"color: #D8DEE9FF\">          <\/span><span style=\"color: #8FBCBB\">username<\/span><span style=\"color: #ECEFF4\">:<\/span><span style=\"color: #D8DEE9FF\"> <\/span><span style=\"color: #A3BE8C\">${{ secrets.MAIL_USERNAME }}<\/span><\/span>\n<span class=\"line\"><span style=\"color: #D8DEE9FF\">          <\/span><span style=\"color: #8FBCBB\">password<\/span><span style=\"color: #ECEFF4\">:<\/span><span style=\"color: #D8DEE9FF\"> <\/span><span style=\"color: #A3BE8C\">${{ secrets.MAIL_PASSWORD }}<\/span><\/span>\n<span class=\"line\"><span style=\"color: #D8DEE9FF\">          <\/span><span style=\"color: #8FBCBB\">subject<\/span><span style=\"color: #ECEFF4\">:<\/span><span style=\"color: #D8DEE9FF\"> <\/span><span style=\"color: #ECEFF4\">&quot;<\/span><span style=\"color: #A3BE8C\">Push to ${{ github.repository }}<\/span><span style=\"color: #ECEFF4\">&quot;<\/span><\/span>\n<span class=\"line\"><span style=\"color: #D8DEE9FF\">          <\/span><span style=\"color: #8FBCBB\">to<\/span><span style=\"color: #ECEFF4\">:<\/span><span style=\"color: #D8DEE9FF\"> <\/span><span style=\"color: #ECEFF4\">&quot;<\/span><span style=\"color: #A3BE8C\">kirillsats30@gmail.com<\/span><span style=\"color: #ECEFF4\">&quot;<\/span><\/span>\n<span class=\"line\"><span style=\"color: #D8DEE9FF\">          <\/span><span style=\"color: #8FBCBB\">from<\/span><span style=\"color: #ECEFF4\">:<\/span><span style=\"color: #D8DEE9FF\"> <\/span><span style=\"color: #A3BE8C\">${{ secrets.MAIL_USERNAME }}<\/span><\/span>\n<span class=\"line\"><span style=\"color: #D8DEE9FF\">          <\/span><span style=\"color: #8FBCBB\">secure<\/span><span style=\"color: #ECEFF4\">:<\/span><span style=\"color: #D8DEE9FF\"> <\/span><span style=\"color: #81A1C1\">true<\/span><\/span>\n<span class=\"line\"><span style=\"color: #D8DEE9FF\">          <\/span><span style=\"color: #8FBCBB\">body<\/span><span style=\"color: #ECEFF4\">:<\/span><span style=\"color: #D8DEE9FF\"> <\/span><span style=\"color: #81A1C1\">|<\/span><\/span>\n<span class=\"line\"><span style=\"color: #A3BE8C\">            New push in repository: ${{ github.repository }}<\/span><\/span>\n<span class=\"line\"><span style=\"color: #A3BE8C\">            Author: ${{ github.event.pusher.name }}<\/span><\/span>\n<span class=\"line\"><span style=\"color: #A3BE8C\">            Message: ${{ github.event.head_commit.message }}<\/span><\/span><\/code><\/pre><\/div>\n\n\n\n<p>5. Avame ja loome\u00a0<strong>MAIL_USERNAME\u00a0<\/strong>kuhu tee kirjutate oma gmail ja loome\u00a0<strong>MAIL_PASSWORD\u00a0<\/strong>sisse kirjutame\u00a0<strong>16 s\u00fcmboli google account code\u00a0<a href=\"https:\/\/myaccount.google.com\/u\/1\/apppasswords?pli=1&amp;rapt=AEjHL4NvmTo5_X71pw9z_rnjC3WjJ4gM232oeS9M28agPnEkvMsFE5jKmzWHdgJi4JN_iz7M1Vcjl-TEtGH0N7RepS6wOK7SmpWvaSchwTt_kpP3jl6BqxE\">link<\/a>\u00a0kust saab v\u00f5tta<\/strong><\/p>\n\n\n\n<figure class=\"wp-block-image size-full\"><img loading=\"lazy\" decoding=\"async\" width=\"932\" height=\"838\" src=\"https:\/\/kirillsats23.thkit.ee\/wp\/wp-content\/uploads\/2025\/11\/image-18.png\" alt=\"\" class=\"wp-image-1942\" srcset=\"https:\/\/kirillsats23.thkit.ee\/wp\/wp-content\/uploads\/2025\/11\/image-18.png 932w, https:\/\/kirillsats23.thkit.ee\/wp\/wp-content\/uploads\/2025\/11\/image-18-300x270.png 300w, https:\/\/kirillsats23.thkit.ee\/wp\/wp-content\/uploads\/2025\/11\/image-18-768x691.png 768w, https:\/\/kirillsats23.thkit.ee\/wp\/wp-content\/uploads\/2025\/11\/image-18-624x561.png 624w\" sizes=\"auto, (max-width: 932px) 100vw, 932px\" \/><\/figure>\n\n\n\n<p><strong>6. Laadime \u00fcles GitHubisse<\/strong><\/p>\n\n\n\n<p><strong>7.git push jaoks loome tokeni<\/strong><\/p>\n\n\n\n<p><strong>8.<\/strong> <strong>Kontrollisin tulemust repo Actions-vahekaardil.<\/strong><\/p>\n\n\n\n<figure class=\"wp-block-image size-full\"><img loading=\"lazy\" decoding=\"async\" width=\"931\" height=\"498\" src=\"https:\/\/kirillsats23.thkit.ee\/wp\/wp-content\/uploads\/2025\/11\/image-19.png\" alt=\"\" class=\"wp-image-1943\" srcset=\"https:\/\/kirillsats23.thkit.ee\/wp\/wp-content\/uploads\/2025\/11\/image-19.png 931w, https:\/\/kirillsats23.thkit.ee\/wp\/wp-content\/uploads\/2025\/11\/image-19-300x160.png 300w, https:\/\/kirillsats23.thkit.ee\/wp\/wp-content\/uploads\/2025\/11\/image-19-768x411.png 768w, https:\/\/kirillsats23.thkit.ee\/wp\/wp-content\/uploads\/2025\/11\/image-19-624x334.png 624w\" sizes=\"auto, (max-width: 931px) 100vw, 931px\" \/><\/figure>\n\n\n\n<figure class=\"wp-block-image size-full\"><img loading=\"lazy\" decoding=\"async\" width=\"543\" height=\"356\" src=\"https:\/\/kirillsats23.thkit.ee\/wp\/wp-content\/uploads\/2025\/11\/image-20.png\" alt=\"\" class=\"wp-image-1944\" srcset=\"https:\/\/kirillsats23.thkit.ee\/wp\/wp-content\/uploads\/2025\/11\/image-20.png 543w, https:\/\/kirillsats23.thkit.ee\/wp\/wp-content\/uploads\/2025\/11\/image-20-300x197.png 300w\" sizes=\"auto, (max-width: 543px) 100vw, 543px\" \/><\/figure>\n\n\n\n<h3 class=\"wp-block-heading\"><strong>Kokkuv\u00f5te:<\/strong><\/h3>\n\n\n\n<p>GitHub Actionsi abil kirjade saatmise automatiseerimine v\u00f5imaldab kiiresti saada teateid uute muudatuste kohta repositooriumis. See parandab meeskonnasisest suhtlust ja demonstreerib protsesside automatiseerimise v\u00f5imalusi GitHubi platvormil.<\/p>\n","protected":false},"excerpt":{"rendered":"<p>\u00dclesande eesm\u00e4rk: \u00d5ppida seadistama GitHub Actions, et saata automaatselt e-kirju iga kord, kui repositooriumisse tehakse push. \u00d5ppida t\u00f6\u00f6 k\u00e4igus tundma YAML-failide struktuuri t\u00f6\u00f6voo jaoks, GitHub Secrets\u2019i kasutamist konfidentsiaalsete andmete turvaliseks s\u00e4ilitamiseks ja kolmandate osapoolte tegevuste (actions) integreerimist e-kirjade saatmiseks. 3. Kloonime repositooriumi t\u00f6\u00f6lauale ja avame VS Code\u2019is 4. Loome kausta .github ja faili .yml kirill.yml [&hellip;]<\/p>\n","protected":false},"author":1,"featured_media":0,"parent":0,"menu_order":0,"comment_status":"closed","ping_status":"closed","template":"","meta":{"footnotes":""},"class_list":["post-1940","page","type-page","status-publish","hentry"],"yoast_head":"<!-- This site is optimized with the Yoast SEO plugin v27.3 - https:\/\/yoast.com\/product\/yoast-seo-wordpress\/ -->\n<title>H10: Github saadame push-imisel - Kirill Sats &otilde;pimapp | portfoolio<\/title>\n<meta name=\"robots\" content=\"index, follow, max-snippet:-1, max-image-preview:large, max-video-preview:-1\" \/>\n<link rel=\"canonical\" href=\"https:\/\/kirillsats23.thkit.ee\/wp\/?page_id=1940\" \/>\n<meta property=\"og:locale\" content=\"et_EE\" \/>\n<meta property=\"og:type\" content=\"article\" \/>\n<meta property=\"og:title\" content=\"H10: Github saadame push-imisel - Kirill Sats &otilde;pimapp | portfoolio\" \/>\n<meta property=\"og:description\" content=\"\u00dclesande eesm\u00e4rk: \u00d5ppida seadistama GitHub Actions, et saata automaatselt e-kirju iga kord, kui repositooriumisse tehakse push. \u00d5ppida t\u00f6\u00f6 k\u00e4igus tundma YAML-failide struktuuri t\u00f6\u00f6voo jaoks, GitHub Secrets\u2019i kasutamist konfidentsiaalsete andmete turvaliseks s\u00e4ilitamiseks ja kolmandate osapoolte tegevuste (actions) integreerimist e-kirjade saatmiseks. 3. Kloonime repositooriumi t\u00f6\u00f6lauale ja avame VS Code\u2019is 4. Loome kausta .github ja faili .yml kirill.yml [&hellip;]\" \/>\n<meta property=\"og:url\" content=\"https:\/\/kirillsats23.thkit.ee\/wp\/?page_id=1940\" \/>\n<meta property=\"og:site_name\" content=\"Kirill Sats &otilde;pimapp | portfoolio\" \/>\n<meta property=\"og:image\" content=\"https:\/\/kirillsats23.thkit.ee\/wp\/wp-content\/uploads\/2025\/11\/image-17.png\" \/>\n\t<meta property=\"og:image:width\" content=\"800\" \/>\n\t<meta property=\"og:image:height\" content=\"153\" \/>\n\t<meta property=\"og:image:type\" content=\"image\/png\" \/>\n<meta name=\"twitter:card\" content=\"summary_large_image\" \/>\n<meta name=\"twitter:label1\" content=\"Est. reading time\" \/>\n\t<meta name=\"twitter:data1\" content=\"2 minutit\" \/>\n<script type=\"application\/ld+json\" class=\"yoast-schema-graph\">{\"@context\":\"https:\\\/\\\/schema.org\",\"@graph\":[{\"@type\":\"WebPage\",\"@id\":\"https:\\\/\\\/kirillsats23.thkit.ee\\\/wp\\\/?page_id=1940\",\"url\":\"https:\\\/\\\/kirillsats23.thkit.ee\\\/wp\\\/?page_id=1940\",\"name\":\"H10: Github saadame push-imisel - Kirill Sats &otilde;pimapp | portfoolio\",\"isPartOf\":{\"@id\":\"https:\\\/\\\/kirillsats23.thkit.ee\\\/wp\\\/#website\"},\"primaryImageOfPage\":{\"@id\":\"https:\\\/\\\/kirillsats23.thkit.ee\\\/wp\\\/?page_id=1940#primaryimage\"},\"image\":{\"@id\":\"https:\\\/\\\/kirillsats23.thkit.ee\\\/wp\\\/?page_id=1940#primaryimage\"},\"thumbnailUrl\":\"https:\\\/\\\/kirillsats23.thkit.ee\\\/wp\\\/wp-content\\\/uploads\\\/2025\\\/11\\\/image-17.png\",\"datePublished\":\"2025-11-05T18:55:34+00:00\",\"breadcrumb\":{\"@id\":\"https:\\\/\\\/kirillsats23.thkit.ee\\\/wp\\\/?page_id=1940#breadcrumb\"},\"inLanguage\":\"et\",\"potentialAction\":[{\"@type\":\"ReadAction\",\"target\":[\"https:\\\/\\\/kirillsats23.thkit.ee\\\/wp\\\/?page_id=1940\"]}]},{\"@type\":\"ImageObject\",\"inLanguage\":\"et\",\"@id\":\"https:\\\/\\\/kirillsats23.thkit.ee\\\/wp\\\/?page_id=1940#primaryimage\",\"url\":\"https:\\\/\\\/kirillsats23.thkit.ee\\\/wp\\\/wp-content\\\/uploads\\\/2025\\\/11\\\/image-17.png\",\"contentUrl\":\"https:\\\/\\\/kirillsats23.thkit.ee\\\/wp\\\/wp-content\\\/uploads\\\/2025\\\/11\\\/image-17.png\",\"width\":800,\"height\":153},{\"@type\":\"BreadcrumbList\",\"@id\":\"https:\\\/\\\/kirillsats23.thkit.ee\\\/wp\\\/?page_id=1940#breadcrumb\",\"itemListElement\":[{\"@type\":\"ListItem\",\"position\":1,\"name\":\"Home\",\"item\":\"https:\\\/\\\/kirillsats23.thkit.ee\\\/wp\\\/\"},{\"@type\":\"ListItem\",\"position\":2,\"name\":\"H10: Github saadame push-imisel\"}]},{\"@type\":\"WebSite\",\"@id\":\"https:\\\/\\\/kirillsats23.thkit.ee\\\/wp\\\/#website\",\"url\":\"https:\\\/\\\/kirillsats23.thkit.ee\\\/wp\\\/\",\"name\":\"Kirill Sats &otilde;pimapp | portfoolio\",\"description\":\"Noorem Tarkvaarendaja eriala\",\"potentialAction\":[{\"@type\":\"SearchAction\",\"target\":{\"@type\":\"EntryPoint\",\"urlTemplate\":\"https:\\\/\\\/kirillsats23.thkit.ee\\\/wp\\\/?s={search_term_string}\"},\"query-input\":{\"@type\":\"PropertyValueSpecification\",\"valueRequired\":true,\"valueName\":\"search_term_string\"}}],\"inLanguage\":\"et\"}]}<\/script>\n<!-- \/ Yoast SEO plugin. -->","yoast_head_json":{"title":"H10: Github saadame push-imisel - Kirill Sats &otilde;pimapp | portfoolio","robots":{"index":"index","follow":"follow","max-snippet":"max-snippet:-1","max-image-preview":"max-image-preview:large","max-video-preview":"max-video-preview:-1"},"canonical":"https:\/\/kirillsats23.thkit.ee\/wp\/?page_id=1940","og_locale":"et_EE","og_type":"article","og_title":"H10: Github saadame push-imisel - Kirill Sats &otilde;pimapp | portfoolio","og_description":"\u00dclesande eesm\u00e4rk: \u00d5ppida seadistama GitHub Actions, et saata automaatselt e-kirju iga kord, kui repositooriumisse tehakse push. \u00d5ppida t\u00f6\u00f6 k\u00e4igus tundma YAML-failide struktuuri t\u00f6\u00f6voo jaoks, GitHub Secrets\u2019i kasutamist konfidentsiaalsete andmete turvaliseks s\u00e4ilitamiseks ja kolmandate osapoolte tegevuste (actions) integreerimist e-kirjade saatmiseks. 3. Kloonime repositooriumi t\u00f6\u00f6lauale ja avame VS Code\u2019is 4. Loome kausta .github ja faili .yml kirill.yml [&hellip;]","og_url":"https:\/\/kirillsats23.thkit.ee\/wp\/?page_id=1940","og_site_name":"Kirill Sats &otilde;pimapp | portfoolio","og_image":[{"width":800,"height":153,"url":"https:\/\/kirillsats23.thkit.ee\/wp\/wp-content\/uploads\/2025\/11\/image-17.png","type":"image\/png"}],"twitter_card":"summary_large_image","twitter_misc":{"Est. reading time":"2 minutit"},"schema":{"@context":"https:\/\/schema.org","@graph":[{"@type":"WebPage","@id":"https:\/\/kirillsats23.thkit.ee\/wp\/?page_id=1940","url":"https:\/\/kirillsats23.thkit.ee\/wp\/?page_id=1940","name":"H10: Github saadame push-imisel - Kirill Sats &otilde;pimapp | portfoolio","isPartOf":{"@id":"https:\/\/kirillsats23.thkit.ee\/wp\/#website"},"primaryImageOfPage":{"@id":"https:\/\/kirillsats23.thkit.ee\/wp\/?page_id=1940#primaryimage"},"image":{"@id":"https:\/\/kirillsats23.thkit.ee\/wp\/?page_id=1940#primaryimage"},"thumbnailUrl":"https:\/\/kirillsats23.thkit.ee\/wp\/wp-content\/uploads\/2025\/11\/image-17.png","datePublished":"2025-11-05T18:55:34+00:00","breadcrumb":{"@id":"https:\/\/kirillsats23.thkit.ee\/wp\/?page_id=1940#breadcrumb"},"inLanguage":"et","potentialAction":[{"@type":"ReadAction","target":["https:\/\/kirillsats23.thkit.ee\/wp\/?page_id=1940"]}]},{"@type":"ImageObject","inLanguage":"et","@id":"https:\/\/kirillsats23.thkit.ee\/wp\/?page_id=1940#primaryimage","url":"https:\/\/kirillsats23.thkit.ee\/wp\/wp-content\/uploads\/2025\/11\/image-17.png","contentUrl":"https:\/\/kirillsats23.thkit.ee\/wp\/wp-content\/uploads\/2025\/11\/image-17.png","width":800,"height":153},{"@type":"BreadcrumbList","@id":"https:\/\/kirillsats23.thkit.ee\/wp\/?page_id=1940#breadcrumb","itemListElement":[{"@type":"ListItem","position":1,"name":"Home","item":"https:\/\/kirillsats23.thkit.ee\/wp\/"},{"@type":"ListItem","position":2,"name":"H10: Github saadame push-imisel"}]},{"@type":"WebSite","@id":"https:\/\/kirillsats23.thkit.ee\/wp\/#website","url":"https:\/\/kirillsats23.thkit.ee\/wp\/","name":"Kirill Sats &otilde;pimapp | portfoolio","description":"Noorem Tarkvaarendaja eriala","potentialAction":[{"@type":"SearchAction","target":{"@type":"EntryPoint","urlTemplate":"https:\/\/kirillsats23.thkit.ee\/wp\/?s={search_term_string}"},"query-input":{"@type":"PropertyValueSpecification","valueRequired":true,"valueName":"search_term_string"}}],"inLanguage":"et"}]}},"_links":{"self":[{"href":"https:\/\/kirillsats23.thkit.ee\/wp\/index.php?rest_route=\/wp\/v2\/pages\/1940","targetHints":{"allow":["GET"]}}],"collection":[{"href":"https:\/\/kirillsats23.thkit.ee\/wp\/index.php?rest_route=\/wp\/v2\/pages"}],"about":[{"href":"https:\/\/kirillsats23.thkit.ee\/wp\/index.php?rest_route=\/wp\/v2\/types\/page"}],"author":[{"embeddable":true,"href":"https:\/\/kirillsats23.thkit.ee\/wp\/index.php?rest_route=\/wp\/v2\/users\/1"}],"replies":[{"embeddable":true,"href":"https:\/\/kirillsats23.thkit.ee\/wp\/index.php?rest_route=%2Fwp%2Fv2%2Fcomments&post=1940"}],"version-history":[{"count":1,"href":"https:\/\/kirillsats23.thkit.ee\/wp\/index.php?rest_route=\/wp\/v2\/pages\/1940\/revisions"}],"predecessor-version":[{"id":1945,"href":"https:\/\/kirillsats23.thkit.ee\/wp\/index.php?rest_route=\/wp\/v2\/pages\/1940\/revisions\/1945"}],"wp:attachment":[{"href":"https:\/\/kirillsats23.thkit.ee\/wp\/index.php?rest_route=%2Fwp%2Fv2%2Fmedia&parent=1940"}],"curies":[{"name":"wp","href":"https:\/\/api.w.org\/{rel}","templated":true}]}}