{"id":1927,"date":"2025-11-05T17:57:48","date_gmt":"2025-11-05T17:57:48","guid":{"rendered":"https:\/\/kirillsats23.thkit.ee\/wp\/?page_id=1927"},"modified":"2025-11-05T17:57:48","modified_gmt":"2025-11-05T17:57:48","slug":"h5-kupsised","status":"publish","type":"page","link":"https:\/\/kirillsats23.thkit.ee\/wp\/?page_id=1927","title":{"rendered":"H5: K\u00fcpsised"},"content":{"rendered":"\n<p><strong>\u00dclesande eesm\u00e4rk<\/strong>: Saada veebiserverile p\u00e4ring k\u00e4suga xh ja saada Set-Cookie pealkirjad, mida server \u00fcritab kehtestada. Uurida Set-Cookie pealkirja struktuuri ja anal\u00fc\u00fcsida, millist teavet, kellele ja kui kauaks server \u00fcritab kasutaja brauserisse paigutada.<\/p>\n\n\n\n<ol class=\"wp-block-list\">\n<li><strong>ITOPE -> Opilastetood -> Irina Merkulova -> hajus -> h5 \u2013 kopeerime kaks faili (xh.exe ja xhs.exe)<\/strong><\/li>\n<\/ol>\n\n\n\n<p><strong>2. Siirduge Kasutajad -&gt; opilane -&gt; source -&gt; repos, looge seal kaust bin ja lisage sinna kaks faili (xh.exe ja xhs.exe)<\/strong><\/p>\n\n\n\n<figure class=\"wp-block-image size-full\"><img loading=\"lazy\" decoding=\"async\" width=\"260\" height=\"74\" src=\"https:\/\/kirillsats23.thkit.ee\/wp\/wp-content\/uploads\/2025\/11\/image-10.png\" alt=\"\" class=\"wp-image-1928\"\/><\/figure>\n\n\n\n<p><strong>3. Avame terminali repos<\/strong><\/p>\n\n\n\n<figure class=\"wp-block-image size-full\"><img loading=\"lazy\" decoding=\"async\" width=\"715\" height=\"497\" src=\"https:\/\/kirillsats23.thkit.ee\/wp\/wp-content\/uploads\/2025\/11\/image-11.png\" alt=\"\" class=\"wp-image-1929\" srcset=\"https:\/\/kirillsats23.thkit.ee\/wp\/wp-content\/uploads\/2025\/11\/image-11.png 715w, https:\/\/kirillsats23.thkit.ee\/wp\/wp-content\/uploads\/2025\/11\/image-11-300x209.png 300w, https:\/\/kirillsats23.thkit.ee\/wp\/wp-content\/uploads\/2025\/11\/image-11-624x434.png 624w\" sizes=\"auto, (max-width: 715px) 100vw, 715px\" \/><\/figure>\n\n\n\n<p>Meeskonnad teevad HEAD-p\u00e4ringuid YouTube\u2019i ja Facebooki serveritele, et saada ainult HTTP-vastuse pealkirjad. See v\u00f5imaldab kontrollida lehtede metaandmeid, nagu vastuse staatus, sisu t\u00fc\u00fcp ja muud parameetrid, ilma lehtede sisu alla laadimata.<\/p>\n\n\n\n<h4 class=\"wp-block-heading\"><strong>Kokkuv\u00f5te:<\/strong><\/h4>\n\n\n\n<p>\u00dclesandes tuli saata HTTP-p\u00e4ring veebiserverile, kasutades k\u00e4surea t\u00f6\u00f6riista .\\xh exe -h \u2026url.., nimg vaadata, milliseid k\u00fcpsiseid (cookies) server vastuseks saadab.<\/p>\n","protected":false},"excerpt":{"rendered":"<p>\u00dclesande eesm\u00e4rk: Saada veebiserverile p\u00e4ring k\u00e4suga xh ja saada Set-Cookie pealkirjad, mida server \u00fcritab kehtestada. Uurida Set-Cookie pealkirja struktuuri ja anal\u00fc\u00fcsida, millist teavet, kellele ja kui kauaks server \u00fcritab kasutaja brauserisse paigutada. 2. Siirduge Kasutajad -&gt; opilane -&gt; source -&gt; repos, looge seal kaust bin ja lisage sinna kaks faili (xh.exe ja xhs.exe) 3. Avame [&hellip;]<\/p>\n","protected":false},"author":1,"featured_media":0,"parent":0,"menu_order":0,"comment_status":"closed","ping_status":"closed","template":"","meta":{"footnotes":""},"class_list":["post-1927","page","type-page","status-publish","hentry"],"yoast_head":"<!-- This site is optimized with the Yoast SEO plugin v27.3 - https:\/\/yoast.com\/product\/yoast-seo-wordpress\/ -->\n<title>H5: K\u00fcpsised - Kirill Sats &otilde;pimapp | portfoolio<\/title>\n<meta name=\"robots\" content=\"index, follow, max-snippet:-1, max-image-preview:large, max-video-preview:-1\" \/>\n<link rel=\"canonical\" href=\"https:\/\/kirillsats23.thkit.ee\/wp\/?page_id=1927\" \/>\n<meta property=\"og:locale\" content=\"et_EE\" \/>\n<meta property=\"og:type\" content=\"article\" \/>\n<meta property=\"og:title\" content=\"H5: K\u00fcpsised - Kirill Sats &otilde;pimapp | portfoolio\" \/>\n<meta property=\"og:description\" content=\"\u00dclesande eesm\u00e4rk: Saada veebiserverile p\u00e4ring k\u00e4suga xh ja saada Set-Cookie pealkirjad, mida server \u00fcritab kehtestada. Uurida Set-Cookie pealkirja struktuuri ja anal\u00fc\u00fcsida, millist teavet, kellele ja kui kauaks server \u00fcritab kasutaja brauserisse paigutada. 2. Siirduge Kasutajad -&gt; opilane -&gt; source -&gt; repos, looge seal kaust bin ja lisage sinna kaks faili (xh.exe ja xhs.exe) 3. Avame [&hellip;]\" \/>\n<meta property=\"og:url\" content=\"https:\/\/kirillsats23.thkit.ee\/wp\/?page_id=1927\" \/>\n<meta property=\"og:site_name\" content=\"Kirill Sats &otilde;pimapp | portfoolio\" \/>\n<meta property=\"og:image\" content=\"https:\/\/kirillsats23.thkit.ee\/wp\/wp-content\/uploads\/2025\/11\/image-10.png\" \/>\n\t<meta property=\"og:image:width\" content=\"260\" \/>\n\t<meta property=\"og:image:height\" content=\"74\" \/>\n\t<meta property=\"og:image:type\" content=\"image\/png\" \/>\n<meta name=\"twitter:card\" content=\"summary_large_image\" \/>\n<meta name=\"twitter:label1\" content=\"Est. reading time\" \/>\n\t<meta name=\"twitter:data1\" content=\"2 minutit\" \/>\n<script type=\"application\/ld+json\" class=\"yoast-schema-graph\">{\"@context\":\"https:\\\/\\\/schema.org\",\"@graph\":[{\"@type\":\"WebPage\",\"@id\":\"https:\\\/\\\/kirillsats23.thkit.ee\\\/wp\\\/?page_id=1927\",\"url\":\"https:\\\/\\\/kirillsats23.thkit.ee\\\/wp\\\/?page_id=1927\",\"name\":\"H5: K\u00fcpsised - Kirill Sats &otilde;pimapp | portfoolio\",\"isPartOf\":{\"@id\":\"https:\\\/\\\/kirillsats23.thkit.ee\\\/wp\\\/#website\"},\"primaryImageOfPage\":{\"@id\":\"https:\\\/\\\/kirillsats23.thkit.ee\\\/wp\\\/?page_id=1927#primaryimage\"},\"image\":{\"@id\":\"https:\\\/\\\/kirillsats23.thkit.ee\\\/wp\\\/?page_id=1927#primaryimage\"},\"thumbnailUrl\":\"https:\\\/\\\/kirillsats23.thkit.ee\\\/wp\\\/wp-content\\\/uploads\\\/2025\\\/11\\\/image-10.png\",\"datePublished\":\"2025-11-05T17:57:48+00:00\",\"breadcrumb\":{\"@id\":\"https:\\\/\\\/kirillsats23.thkit.ee\\\/wp\\\/?page_id=1927#breadcrumb\"},\"inLanguage\":\"et\",\"potentialAction\":[{\"@type\":\"ReadAction\",\"target\":[\"https:\\\/\\\/kirillsats23.thkit.ee\\\/wp\\\/?page_id=1927\"]}]},{\"@type\":\"ImageObject\",\"inLanguage\":\"et\",\"@id\":\"https:\\\/\\\/kirillsats23.thkit.ee\\\/wp\\\/?page_id=1927#primaryimage\",\"url\":\"https:\\\/\\\/kirillsats23.thkit.ee\\\/wp\\\/wp-content\\\/uploads\\\/2025\\\/11\\\/image-10.png\",\"contentUrl\":\"https:\\\/\\\/kirillsats23.thkit.ee\\\/wp\\\/wp-content\\\/uploads\\\/2025\\\/11\\\/image-10.png\",\"width\":260,\"height\":74},{\"@type\":\"BreadcrumbList\",\"@id\":\"https:\\\/\\\/kirillsats23.thkit.ee\\\/wp\\\/?page_id=1927#breadcrumb\",\"itemListElement\":[{\"@type\":\"ListItem\",\"position\":1,\"name\":\"Home\",\"item\":\"https:\\\/\\\/kirillsats23.thkit.ee\\\/wp\\\/\"},{\"@type\":\"ListItem\",\"position\":2,\"name\":\"H5: K\u00fcpsised\"}]},{\"@type\":\"WebSite\",\"@id\":\"https:\\\/\\\/kirillsats23.thkit.ee\\\/wp\\\/#website\",\"url\":\"https:\\\/\\\/kirillsats23.thkit.ee\\\/wp\\\/\",\"name\":\"Kirill Sats &otilde;pimapp | portfoolio\",\"description\":\"Noorem Tarkvaarendaja eriala\",\"potentialAction\":[{\"@type\":\"SearchAction\",\"target\":{\"@type\":\"EntryPoint\",\"urlTemplate\":\"https:\\\/\\\/kirillsats23.thkit.ee\\\/wp\\\/?s={search_term_string}\"},\"query-input\":{\"@type\":\"PropertyValueSpecification\",\"valueRequired\":true,\"valueName\":\"search_term_string\"}}],\"inLanguage\":\"et\"}]}<\/script>\n<!-- \/ Yoast SEO plugin. -->","yoast_head_json":{"title":"H5: K\u00fcpsised - Kirill Sats &otilde;pimapp | portfoolio","robots":{"index":"index","follow":"follow","max-snippet":"max-snippet:-1","max-image-preview":"max-image-preview:large","max-video-preview":"max-video-preview:-1"},"canonical":"https:\/\/kirillsats23.thkit.ee\/wp\/?page_id=1927","og_locale":"et_EE","og_type":"article","og_title":"H5: K\u00fcpsised - Kirill Sats &otilde;pimapp | portfoolio","og_description":"\u00dclesande eesm\u00e4rk: Saada veebiserverile p\u00e4ring k\u00e4suga xh ja saada Set-Cookie pealkirjad, mida server \u00fcritab kehtestada. Uurida Set-Cookie pealkirja struktuuri ja anal\u00fc\u00fcsida, millist teavet, kellele ja kui kauaks server \u00fcritab kasutaja brauserisse paigutada. 2. Siirduge Kasutajad -&gt; opilane -&gt; source -&gt; repos, looge seal kaust bin ja lisage sinna kaks faili (xh.exe ja xhs.exe) 3. Avame [&hellip;]","og_url":"https:\/\/kirillsats23.thkit.ee\/wp\/?page_id=1927","og_site_name":"Kirill Sats &otilde;pimapp | portfoolio","og_image":[{"width":260,"height":74,"url":"https:\/\/kirillsats23.thkit.ee\/wp\/wp-content\/uploads\/2025\/11\/image-10.png","type":"image\/png"}],"twitter_card":"summary_large_image","twitter_misc":{"Est. reading time":"2 minutit"},"schema":{"@context":"https:\/\/schema.org","@graph":[{"@type":"WebPage","@id":"https:\/\/kirillsats23.thkit.ee\/wp\/?page_id=1927","url":"https:\/\/kirillsats23.thkit.ee\/wp\/?page_id=1927","name":"H5: K\u00fcpsised - Kirill Sats &otilde;pimapp | portfoolio","isPartOf":{"@id":"https:\/\/kirillsats23.thkit.ee\/wp\/#website"},"primaryImageOfPage":{"@id":"https:\/\/kirillsats23.thkit.ee\/wp\/?page_id=1927#primaryimage"},"image":{"@id":"https:\/\/kirillsats23.thkit.ee\/wp\/?page_id=1927#primaryimage"},"thumbnailUrl":"https:\/\/kirillsats23.thkit.ee\/wp\/wp-content\/uploads\/2025\/11\/image-10.png","datePublished":"2025-11-05T17:57:48+00:00","breadcrumb":{"@id":"https:\/\/kirillsats23.thkit.ee\/wp\/?page_id=1927#breadcrumb"},"inLanguage":"et","potentialAction":[{"@type":"ReadAction","target":["https:\/\/kirillsats23.thkit.ee\/wp\/?page_id=1927"]}]},{"@type":"ImageObject","inLanguage":"et","@id":"https:\/\/kirillsats23.thkit.ee\/wp\/?page_id=1927#primaryimage","url":"https:\/\/kirillsats23.thkit.ee\/wp\/wp-content\/uploads\/2025\/11\/image-10.png","contentUrl":"https:\/\/kirillsats23.thkit.ee\/wp\/wp-content\/uploads\/2025\/11\/image-10.png","width":260,"height":74},{"@type":"BreadcrumbList","@id":"https:\/\/kirillsats23.thkit.ee\/wp\/?page_id=1927#breadcrumb","itemListElement":[{"@type":"ListItem","position":1,"name":"Home","item":"https:\/\/kirillsats23.thkit.ee\/wp\/"},{"@type":"ListItem","position":2,"name":"H5: K\u00fcpsised"}]},{"@type":"WebSite","@id":"https:\/\/kirillsats23.thkit.ee\/wp\/#website","url":"https:\/\/kirillsats23.thkit.ee\/wp\/","name":"Kirill Sats &otilde;pimapp | portfoolio","description":"Noorem Tarkvaarendaja eriala","potentialAction":[{"@type":"SearchAction","target":{"@type":"EntryPoint","urlTemplate":"https:\/\/kirillsats23.thkit.ee\/wp\/?s={search_term_string}"},"query-input":{"@type":"PropertyValueSpecification","valueRequired":true,"valueName":"search_term_string"}}],"inLanguage":"et"}]}},"_links":{"self":[{"href":"https:\/\/kirillsats23.thkit.ee\/wp\/index.php?rest_route=\/wp\/v2\/pages\/1927","targetHints":{"allow":["GET"]}}],"collection":[{"href":"https:\/\/kirillsats23.thkit.ee\/wp\/index.php?rest_route=\/wp\/v2\/pages"}],"about":[{"href":"https:\/\/kirillsats23.thkit.ee\/wp\/index.php?rest_route=\/wp\/v2\/types\/page"}],"author":[{"embeddable":true,"href":"https:\/\/kirillsats23.thkit.ee\/wp\/index.php?rest_route=\/wp\/v2\/users\/1"}],"replies":[{"embeddable":true,"href":"https:\/\/kirillsats23.thkit.ee\/wp\/index.php?rest_route=%2Fwp%2Fv2%2Fcomments&post=1927"}],"version-history":[{"count":1,"href":"https:\/\/kirillsats23.thkit.ee\/wp\/index.php?rest_route=\/wp\/v2\/pages\/1927\/revisions"}],"predecessor-version":[{"id":1930,"href":"https:\/\/kirillsats23.thkit.ee\/wp\/index.php?rest_route=\/wp\/v2\/pages\/1927\/revisions\/1930"}],"wp:attachment":[{"href":"https:\/\/kirillsats23.thkit.ee\/wp\/index.php?rest_route=%2Fwp%2Fv2%2Fmedia&parent=1927"}],"curies":[{"name":"wp","href":"https:\/\/api.w.org\/{rel}","templated":true}]}}