{"id":1918,"date":"2025-11-05T17:55:57","date_gmt":"2025-11-05T17:55:57","guid":{"rendered":"https:\/\/kirillsats23.thkit.ee\/wp\/?page_id=1918"},"modified":"2025-11-05T17:55:57","modified_gmt":"2025-11-05T17:55:57","slug":"h3-sessionstorage","status":"publish","type":"page","link":"https:\/\/kirillsats23.thkit.ee\/wp\/?page_id=1918","title":{"rendered":"H3: sessionStorage"},"content":{"rendered":"\n<p><strong>\u00dclesande eesm\u00e4rk<\/strong>: Tutvuge brauseri&nbsp;<strong>sessionStorage\u2019iga<\/strong>&nbsp;\u2013 kuidas salvestada, saada ja vaadata andmeid, mis eksisteerivad ainult \u00fche seansi raames. \u00d5ppige kasutama meetodeid setItem ja getItem t\u00f6\u00f6ks&nbsp;<strong>sessionStorage\u2019iga<\/strong>.<\/p>\n\n\n\n<p><strong>SessionStorage<\/strong>&nbsp;on veebibrauseris asuv veebim\u00e4lu, mis s\u00e4ilitab andmeid ainult k\u00e4esoleva sessiooni ajal.<\/p>\n\n\n\n<ol class=\"wp-block-list\">\n<li><strong>Avatage lehek\u00fclg\u00a0<a href=\"https:\/\/www.tthk.ee\/\">TTHK<\/a><\/strong><\/li>\n\n\n\n<li><strong>Paremkl\u00f5psuga ja valime Inspekteeri<\/strong><\/li>\n<\/ol>\n\n\n\n<figure class=\"wp-block-image size-full\"><img loading=\"lazy\" decoding=\"async\" width=\"328\" height=\"454\" src=\"https:\/\/kirillsats23.thkit.ee\/wp\/wp-content\/uploads\/2025\/11\/image-3.png\" alt=\"\" class=\"wp-image-1919\" srcset=\"https:\/\/kirillsats23.thkit.ee\/wp\/wp-content\/uploads\/2025\/11\/image-3.png 328w, https:\/\/kirillsats23.thkit.ee\/wp\/wp-content\/uploads\/2025\/11\/image-3-217x300.png 217w\" sizes=\"auto, (max-width: 328px) 100vw, 328px\" \/><\/figure>\n\n\n\n<p><strong>3. Kirjutame konsooli chrome:\/\/newtab ning vajuta ENTER<\/strong><\/p>\n\n\n\n<figure class=\"wp-block-image size-full\"><img loading=\"lazy\" decoding=\"async\" width=\"155\" height=\"54\" src=\"https:\/\/kirillsats23.thkit.ee\/wp\/wp-content\/uploads\/2025\/11\/image-8.png\" alt=\"\" class=\"wp-image-1924\"\/><\/figure>\n\n\n\n<p><strong>4. Ava konsool ning kirjuta konsoolile sessionStorage ning vajuta ENTER. N\u00e4ed, et Session Storage on t\u00fchi.<\/strong><\/p>\n\n\n\n<p><strong>5. Tee uus k\u00e4sk sessionStorage.setItem(\u2018Opilane\u2019,\u2019nimi\u2019). Selle k\u00e4suga lisati Session Storage\u2019isse uued andmed.<\/strong><\/p>\n\n\n\n<figure class=\"wp-block-image size-full\"><img loading=\"lazy\" decoding=\"async\" width=\"399\" height=\"191\" src=\"https:\/\/kirillsats23.thkit.ee\/wp\/wp-content\/uploads\/2025\/11\/image-6.png\" alt=\"\" class=\"wp-image-1922\" srcset=\"https:\/\/kirillsats23.thkit.ee\/wp\/wp-content\/uploads\/2025\/11\/image-6.png 399w, https:\/\/kirillsats23.thkit.ee\/wp\/wp-content\/uploads\/2025\/11\/image-6-300x144.png 300w\" sizes=\"auto, (max-width: 399px) 100vw, 399px\" \/><\/figure>\n\n\n\n<p><strong>6. Sisestage uus k\u00e4sk sessionStorage.getItem(\u201ecolor\u201d) ja n\u00e4ete, et sessionStorage v\u00e4ljastab teie nime.<\/strong><\/p>\n\n\n\n<figure class=\"wp-block-image size-full\"><img loading=\"lazy\" decoding=\"async\" width=\"435\" height=\"137\" src=\"https:\/\/kirillsats23.thkit.ee\/wp\/wp-content\/uploads\/2025\/11\/image-9.png\" alt=\"\" class=\"wp-image-1925\" srcset=\"https:\/\/kirillsats23.thkit.ee\/wp\/wp-content\/uploads\/2025\/11\/image-9.png 435w, https:\/\/kirillsats23.thkit.ee\/wp\/wp-content\/uploads\/2025\/11\/image-9-300x94.png 300w\" sizes=\"auto, (max-width: 435px) 100vw, 435px\" \/><\/figure>\n\n\n\n<h3 class=\"wp-block-heading\"><strong>Kokkuv\u00f5tte:<\/strong><\/h3>\n\n\n\n<p><strong>SessionStorage&nbsp;<\/strong>salvestab andmed ainult praeguse brauseri vahekaardi jaoks. Kui avada uus vahekaart ja minna samale veebilehele, siis&nbsp;<strong>SessionStorage&nbsp;<\/strong>on t\u00fchi \u2013 andmed ei kandu vahekaartide vahel \u00fcle. See erineb LocalStorage\u2019ist, mis salvestab andmed sessioonide vahel.&nbsp;<strong>SessionStorage&nbsp;<\/strong>on kasulik konkreetse kasutaja sessiooniga seotud teabe ajutiseks salvestamiseks.<\/p>\n","protected":false},"excerpt":{"rendered":"<p>\u00dclesande eesm\u00e4rk: Tutvuge brauseri&nbsp;sessionStorage\u2019iga&nbsp;\u2013 kuidas salvestada, saada ja vaadata andmeid, mis eksisteerivad ainult \u00fche seansi raames. \u00d5ppige kasutama meetodeid setItem ja getItem t\u00f6\u00f6ks&nbsp;sessionStorage\u2019iga. SessionStorage&nbsp;on veebibrauseris asuv veebim\u00e4lu, mis s\u00e4ilitab andmeid ainult k\u00e4esoleva sessiooni ajal. 3. Kirjutame konsooli chrome:\/\/newtab ning vajuta ENTER 4. Ava konsool ning kirjuta konsoolile sessionStorage ning vajuta ENTER. N\u00e4ed, et Session Storage [&hellip;]<\/p>\n","protected":false},"author":1,"featured_media":0,"parent":0,"menu_order":0,"comment_status":"closed","ping_status":"closed","template":"","meta":{"footnotes":""},"class_list":["post-1918","page","type-page","status-publish","hentry"],"yoast_head":"<!-- This site is optimized with the Yoast SEO plugin v27.3 - https:\/\/yoast.com\/product\/yoast-seo-wordpress\/ -->\n<title>H3: sessionStorage - Kirill Sats &otilde;pimapp | portfoolio<\/title>\n<meta name=\"robots\" content=\"index, follow, max-snippet:-1, max-image-preview:large, max-video-preview:-1\" \/>\n<link rel=\"canonical\" href=\"https:\/\/kirillsats23.thkit.ee\/wp\/?page_id=1918\" \/>\n<meta property=\"og:locale\" content=\"et_EE\" \/>\n<meta property=\"og:type\" content=\"article\" \/>\n<meta property=\"og:title\" content=\"H3: sessionStorage - Kirill Sats &otilde;pimapp | portfoolio\" \/>\n<meta property=\"og:description\" content=\"\u00dclesande eesm\u00e4rk: Tutvuge brauseri&nbsp;sessionStorage\u2019iga&nbsp;\u2013 kuidas salvestada, saada ja vaadata andmeid, mis eksisteerivad ainult \u00fche seansi raames. \u00d5ppige kasutama meetodeid setItem ja getItem t\u00f6\u00f6ks&nbsp;sessionStorage\u2019iga. SessionStorage&nbsp;on veebibrauseris asuv veebim\u00e4lu, mis s\u00e4ilitab andmeid ainult k\u00e4esoleva sessiooni ajal. 3. Kirjutame konsooli chrome:\/\/newtab ning vajuta ENTER 4. Ava konsool ning kirjuta konsoolile sessionStorage ning vajuta ENTER. N\u00e4ed, et Session Storage [&hellip;]\" \/>\n<meta property=\"og:url\" content=\"https:\/\/kirillsats23.thkit.ee\/wp\/?page_id=1918\" \/>\n<meta property=\"og:site_name\" content=\"Kirill Sats &otilde;pimapp | portfoolio\" \/>\n<meta property=\"og:image\" content=\"https:\/\/kirillsats23.thkit.ee\/wp\/wp-content\/uploads\/2025\/11\/image-3.png\" \/>\n\t<meta property=\"og:image:width\" content=\"328\" \/>\n\t<meta property=\"og:image:height\" content=\"454\" \/>\n\t<meta property=\"og:image:type\" content=\"image\/png\" \/>\n<meta name=\"twitter:card\" content=\"summary_large_image\" \/>\n<meta name=\"twitter:label1\" content=\"Est. reading time\" \/>\n\t<meta name=\"twitter:data1\" content=\"2 minutit\" \/>\n<script type=\"application\/ld+json\" class=\"yoast-schema-graph\">{\"@context\":\"https:\\\/\\\/schema.org\",\"@graph\":[{\"@type\":\"WebPage\",\"@id\":\"https:\\\/\\\/kirillsats23.thkit.ee\\\/wp\\\/?page_id=1918\",\"url\":\"https:\\\/\\\/kirillsats23.thkit.ee\\\/wp\\\/?page_id=1918\",\"name\":\"H3: sessionStorage - Kirill Sats &otilde;pimapp | portfoolio\",\"isPartOf\":{\"@id\":\"https:\\\/\\\/kirillsats23.thkit.ee\\\/wp\\\/#website\"},\"primaryImageOfPage\":{\"@id\":\"https:\\\/\\\/kirillsats23.thkit.ee\\\/wp\\\/?page_id=1918#primaryimage\"},\"image\":{\"@id\":\"https:\\\/\\\/kirillsats23.thkit.ee\\\/wp\\\/?page_id=1918#primaryimage\"},\"thumbnailUrl\":\"https:\\\/\\\/kirillsats23.thkit.ee\\\/wp\\\/wp-content\\\/uploads\\\/2025\\\/11\\\/image-3.png\",\"datePublished\":\"2025-11-05T17:55:57+00:00\",\"breadcrumb\":{\"@id\":\"https:\\\/\\\/kirillsats23.thkit.ee\\\/wp\\\/?page_id=1918#breadcrumb\"},\"inLanguage\":\"et\",\"potentialAction\":[{\"@type\":\"ReadAction\",\"target\":[\"https:\\\/\\\/kirillsats23.thkit.ee\\\/wp\\\/?page_id=1918\"]}]},{\"@type\":\"ImageObject\",\"inLanguage\":\"et\",\"@id\":\"https:\\\/\\\/kirillsats23.thkit.ee\\\/wp\\\/?page_id=1918#primaryimage\",\"url\":\"https:\\\/\\\/kirillsats23.thkit.ee\\\/wp\\\/wp-content\\\/uploads\\\/2025\\\/11\\\/image-3.png\",\"contentUrl\":\"https:\\\/\\\/kirillsats23.thkit.ee\\\/wp\\\/wp-content\\\/uploads\\\/2025\\\/11\\\/image-3.png\",\"width\":328,\"height\":454},{\"@type\":\"BreadcrumbList\",\"@id\":\"https:\\\/\\\/kirillsats23.thkit.ee\\\/wp\\\/?page_id=1918#breadcrumb\",\"itemListElement\":[{\"@type\":\"ListItem\",\"position\":1,\"name\":\"Home\",\"item\":\"https:\\\/\\\/kirillsats23.thkit.ee\\\/wp\\\/\"},{\"@type\":\"ListItem\",\"position\":2,\"name\":\"H3: sessionStorage\"}]},{\"@type\":\"WebSite\",\"@id\":\"https:\\\/\\\/kirillsats23.thkit.ee\\\/wp\\\/#website\",\"url\":\"https:\\\/\\\/kirillsats23.thkit.ee\\\/wp\\\/\",\"name\":\"Kirill Sats &otilde;pimapp | portfoolio\",\"description\":\"Noorem Tarkvaarendaja eriala\",\"potentialAction\":[{\"@type\":\"SearchAction\",\"target\":{\"@type\":\"EntryPoint\",\"urlTemplate\":\"https:\\\/\\\/kirillsats23.thkit.ee\\\/wp\\\/?s={search_term_string}\"},\"query-input\":{\"@type\":\"PropertyValueSpecification\",\"valueRequired\":true,\"valueName\":\"search_term_string\"}}],\"inLanguage\":\"et\"}]}<\/script>\n<!-- \/ Yoast SEO plugin. -->","yoast_head_json":{"title":"H3: sessionStorage - Kirill Sats &otilde;pimapp | portfoolio","robots":{"index":"index","follow":"follow","max-snippet":"max-snippet:-1","max-image-preview":"max-image-preview:large","max-video-preview":"max-video-preview:-1"},"canonical":"https:\/\/kirillsats23.thkit.ee\/wp\/?page_id=1918","og_locale":"et_EE","og_type":"article","og_title":"H3: sessionStorage - Kirill Sats &otilde;pimapp | portfoolio","og_description":"\u00dclesande eesm\u00e4rk: Tutvuge brauseri&nbsp;sessionStorage\u2019iga&nbsp;\u2013 kuidas salvestada, saada ja vaadata andmeid, mis eksisteerivad ainult \u00fche seansi raames. \u00d5ppige kasutama meetodeid setItem ja getItem t\u00f6\u00f6ks&nbsp;sessionStorage\u2019iga. SessionStorage&nbsp;on veebibrauseris asuv veebim\u00e4lu, mis s\u00e4ilitab andmeid ainult k\u00e4esoleva sessiooni ajal. 3. Kirjutame konsooli chrome:\/\/newtab ning vajuta ENTER 4. Ava konsool ning kirjuta konsoolile sessionStorage ning vajuta ENTER. N\u00e4ed, et Session Storage [&hellip;]","og_url":"https:\/\/kirillsats23.thkit.ee\/wp\/?page_id=1918","og_site_name":"Kirill Sats &otilde;pimapp | portfoolio","og_image":[{"width":328,"height":454,"url":"https:\/\/kirillsats23.thkit.ee\/wp\/wp-content\/uploads\/2025\/11\/image-3.png","type":"image\/png"}],"twitter_card":"summary_large_image","twitter_misc":{"Est. reading time":"2 minutit"},"schema":{"@context":"https:\/\/schema.org","@graph":[{"@type":"WebPage","@id":"https:\/\/kirillsats23.thkit.ee\/wp\/?page_id=1918","url":"https:\/\/kirillsats23.thkit.ee\/wp\/?page_id=1918","name":"H3: sessionStorage - Kirill Sats &otilde;pimapp | portfoolio","isPartOf":{"@id":"https:\/\/kirillsats23.thkit.ee\/wp\/#website"},"primaryImageOfPage":{"@id":"https:\/\/kirillsats23.thkit.ee\/wp\/?page_id=1918#primaryimage"},"image":{"@id":"https:\/\/kirillsats23.thkit.ee\/wp\/?page_id=1918#primaryimage"},"thumbnailUrl":"https:\/\/kirillsats23.thkit.ee\/wp\/wp-content\/uploads\/2025\/11\/image-3.png","datePublished":"2025-11-05T17:55:57+00:00","breadcrumb":{"@id":"https:\/\/kirillsats23.thkit.ee\/wp\/?page_id=1918#breadcrumb"},"inLanguage":"et","potentialAction":[{"@type":"ReadAction","target":["https:\/\/kirillsats23.thkit.ee\/wp\/?page_id=1918"]}]},{"@type":"ImageObject","inLanguage":"et","@id":"https:\/\/kirillsats23.thkit.ee\/wp\/?page_id=1918#primaryimage","url":"https:\/\/kirillsats23.thkit.ee\/wp\/wp-content\/uploads\/2025\/11\/image-3.png","contentUrl":"https:\/\/kirillsats23.thkit.ee\/wp\/wp-content\/uploads\/2025\/11\/image-3.png","width":328,"height":454},{"@type":"BreadcrumbList","@id":"https:\/\/kirillsats23.thkit.ee\/wp\/?page_id=1918#breadcrumb","itemListElement":[{"@type":"ListItem","position":1,"name":"Home","item":"https:\/\/kirillsats23.thkit.ee\/wp\/"},{"@type":"ListItem","position":2,"name":"H3: sessionStorage"}]},{"@type":"WebSite","@id":"https:\/\/kirillsats23.thkit.ee\/wp\/#website","url":"https:\/\/kirillsats23.thkit.ee\/wp\/","name":"Kirill Sats &otilde;pimapp | portfoolio","description":"Noorem Tarkvaarendaja eriala","potentialAction":[{"@type":"SearchAction","target":{"@type":"EntryPoint","urlTemplate":"https:\/\/kirillsats23.thkit.ee\/wp\/?s={search_term_string}"},"query-input":{"@type":"PropertyValueSpecification","valueRequired":true,"valueName":"search_term_string"}}],"inLanguage":"et"}]}},"_links":{"self":[{"href":"https:\/\/kirillsats23.thkit.ee\/wp\/index.php?rest_route=\/wp\/v2\/pages\/1918","targetHints":{"allow":["GET"]}}],"collection":[{"href":"https:\/\/kirillsats23.thkit.ee\/wp\/index.php?rest_route=\/wp\/v2\/pages"}],"about":[{"href":"https:\/\/kirillsats23.thkit.ee\/wp\/index.php?rest_route=\/wp\/v2\/types\/page"}],"author":[{"embeddable":true,"href":"https:\/\/kirillsats23.thkit.ee\/wp\/index.php?rest_route=\/wp\/v2\/users\/1"}],"replies":[{"embeddable":true,"href":"https:\/\/kirillsats23.thkit.ee\/wp\/index.php?rest_route=%2Fwp%2Fv2%2Fcomments&post=1918"}],"version-history":[{"count":1,"href":"https:\/\/kirillsats23.thkit.ee\/wp\/index.php?rest_route=\/wp\/v2\/pages\/1918\/revisions"}],"predecessor-version":[{"id":1926,"href":"https:\/\/kirillsats23.thkit.ee\/wp\/index.php?rest_route=\/wp\/v2\/pages\/1918\/revisions\/1926"}],"wp:attachment":[{"href":"https:\/\/kirillsats23.thkit.ee\/wp\/index.php?rest_route=%2Fwp%2Fv2%2Fmedia&parent=1918"}],"curies":[{"name":"wp","href":"https:\/\/api.w.org\/{rel}","templated":true}]}}