{"id":1807,"date":"2025-09-11T07:38:29","date_gmt":"2025-09-11T07:38:29","guid":{"rendered":"https:\/\/kirillsats23.thkit.ee\/wp\/?page_id=1807"},"modified":"2025-09-11T07:38:29","modified_gmt":"2025-09-11T07:38:29","slug":"veebiteenused","status":"publish","type":"page","link":"https:\/\/kirillsats23.thkit.ee\/wp\/?page_id=1807","title":{"rendered":"Veebiteenused"},"content":{"rendered":"\n<p><strong>API <\/strong>on liides, mis v\u00f5imaldab programmidel andmeid vahetada ja \u00fcksteise funktsioone kasutada<strong> <\/strong>ilma sisemist toimimist tundmata.<br>N\u00e4ide: ilmarakendus saab andmeid veebisaidilt API kaudu.<\/p>\n\n\n\n<p><br><strong>API <\/strong>\u2014 \u044d\u0442\u043e \u0438\u043d\u0442\u0435\u0440\u0444\u0435\u0439\u0441, \u043a\u043e\u0442\u043e\u0440\u044b\u0439 \u043f\u043e\u0437\u0432\u043e\u043b\u044f\u0435\u0442 \u043f\u0440\u043e\u0433\u0440\u0430\u043c\u043c\u0430\u043c \u043e\u0431\u043c\u0435\u043d\u0438\u0432\u0430\u0442\u044c\u0441\u044f \u0434\u0430\u043d\u043d\u044b\u043c\u0438 \u0438 \u0438\u0441\u043f\u043e\u043b\u044c\u0437\u043e\u0432\u0430\u0442\u044c \u0444\u0443\u043d\u043a\u0446\u0438\u0438 \u0434\u0440\u0443\u0433 \u0434\u0440\u0443\u0433\u0430 \u0431\u0435\u0437 \u0437\u043d\u0430\u043d\u0438\u044f \u0432\u043d\u0443\u0442\u0440\u0435\u043d\u043d\u0435\u0439 \u0440\u0435\u0430\u043b\u0438\u0437\u0430\u0446\u0438\u0438.<br><\/p>\n\n\n\n<figure class=\"wp-block-image size-full\"><img loading=\"lazy\" decoding=\"async\" width=\"616\" height=\"498\" src=\"https:\/\/kirillsats23.thkit.ee\/wp\/wp-content\/uploads\/2025\/09\/87D74068-26A9-480A-B9EE-44753EC3199F.png\" alt=\"\" class=\"wp-image-1809\" srcset=\"https:\/\/kirillsats23.thkit.ee\/wp\/wp-content\/uploads\/2025\/09\/87D74068-26A9-480A-B9EE-44753EC3199F.png 616w, https:\/\/kirillsats23.thkit.ee\/wp\/wp-content\/uploads\/2025\/09\/87D74068-26A9-480A-B9EE-44753EC3199F-300x243.png 300w\" sizes=\"auto, (max-width: 616px) 100vw, 616px\" \/><\/figure>\n\n\n\n<p><strong>SOAP <\/strong>\u2013 lihtne objektip\u00f6\u00f6rdusprotokoll (SOP) on protokoll struktureeritud s\u00f5numite vahetamiseks hajusarvutuskeskkonnas.<br><strong>SOAP &#8211;\u00a0<em>Simple Object Access Protocol (<\/em><\/strong>\u043f\u0440\u043e\u0441\u0442\u043e\u0439 \u043f\u0440\u043e\u0442\u043e\u043a\u043e\u043b \u0434\u043e\u0441\u0442\u0443\u043f\u0430 \u043a \u043e\u0431\u044a\u0435\u043a\u0442\u0430\u043c) \u2014 \u043f\u0440\u043e\u0442\u043e\u043a\u043e\u043b \u043e\u0431\u043c\u0435\u043d\u0430 \u0441\u0442\u0440\u0443\u043a\u0442\u0443\u0440\u0438\u0440\u043e\u0432\u0430\u043d\u043d\u044b\u043c\u0438 \u0441\u043e\u043e\u0431\u0449\u0435\u043d\u0438\u044f\u043c\u0438 \u0432 \u0440\u0430\u0441\u043f\u0440\u0435\u0434\u0435\u043b\u0451\u043d\u043d\u043e\u0439 \u0432\u044b\u0447\u0438\u0441\u043b\u0438\u0442\u0435\u043b\u044c\u043d\u043e\u0439 \u0441\u0440\u0435\u0434\u0435.<\/p>\n\n\n\n<p><strong>REST <\/strong>(Representational State Transfer) on veebiteenuste arhitektuuristiil, mis kasutab HTTP-protokolli kliendi ja serveri vaheliseks suhtluseks.<br><strong>REST <\/strong>(Representational State Transfer) \u2014 \u044d\u0442\u043e \u0441\u0442\u0438\u043b\u044c \u0430\u0440\u0445\u0438\u0442\u0435\u043a\u0442\u0443\u0440\u044b \u0434\u043b\u044f \u0432\u0435\u0431-\u0441\u0435\u0440\u0432\u0438\u0441\u043e\u0432, \u043a\u043e\u0442\u043e\u0440\u044b\u0439 \u0438\u0441\u043f\u043e\u043b\u044c\u0437\u0443\u0435\u0442 HTTP-\u043f\u0440\u043e\u0442\u043e\u043a\u043e\u043b \u0434\u043b\u044f \u0432\u0437\u0430\u0438\u043c\u043e\u0434\u0435\u0439\u0441\u0442\u0432\u0438\u044f \u043c\u0435\u0436\u0434\u0443 \u043a\u043b\u0438\u0435\u043d\u0442\u043e\u043c \u0438 \u0441\u0435\u0440\u0432\u0435\u0440\u043e\u043c.<\/p>\n\n\n\n<figure class=\"wp-block-image size-full\"><img loading=\"lazy\" decoding=\"async\" width=\"765\" height=\"564\" src=\"https:\/\/kirillsats23.thkit.ee\/wp\/wp-content\/uploads\/2025\/09\/49A8DC85-D3A7-4F80-B56D-39638236DCBD.png\" alt=\"\" class=\"wp-image-1808\" srcset=\"https:\/\/kirillsats23.thkit.ee\/wp\/wp-content\/uploads\/2025\/09\/49A8DC85-D3A7-4F80-B56D-39638236DCBD.png 765w, https:\/\/kirillsats23.thkit.ee\/wp\/wp-content\/uploads\/2025\/09\/49A8DC85-D3A7-4F80-B56D-39638236DCBD-300x221.png 300w, https:\/\/kirillsats23.thkit.ee\/wp\/wp-content\/uploads\/2025\/09\/49A8DC85-D3A7-4F80-B56D-39638236DCBD-624x460.png 624w\" sizes=\"auto, (max-width: 765px) 100vw, 765px\" \/><\/figure>\n\n\n\n<p><strong>RESTful<\/strong> t\u00e4hendab, et veebiteenus v\u00f5i API on loodud <strong>REST-i p\u00f5him\u00f5tete j\u00e4rgi<\/strong>.<br>See t\u00e4hendab:<\/p>\n\n\n\n<ol class=\"wp-block-list\">\n<li>Iga andmet\u00fckk (ressurss) on saadaval unikaalse URL-i kaudu.<\/li>\n\n\n\n<li>Kasutatakse standardseid HTTP-meetodeid (<code>GET<\/code>, <code>POST<\/code>, <code>PUT<\/code>, <code>DELETE<\/code>).<\/li>\n\n\n\n<li>Teenus on <strong>stateless<\/strong> \u2014 server ei salvesta kliendi olekut p\u00e4ringute vahel.<\/li>\n\n\n\n<li>Andmeid vahetatakse tavaliselt <strong>JSON- v\u00f5i XML-formaadis<\/strong>.<\/li>\n<\/ol>\n\n\n\n<p><strong>Kuidas valida SOAPi ja REST-i vahel?<\/strong><\/p>\n\n\n\n<p>Valiku SOAPi ja REST-i vahel teeb tavaliselt <strong>vajadus ja kontekst<\/strong>. Siin on peamised erinevused ja soovitused:<\/p>\n\n\n\n<figure class=\"wp-block-table\"><table class=\"has-fixed-layout\"><thead><tr><th>Kriteerium<\/th><th>SOAP<\/th><th>REST<\/th><\/tr><\/thead><tbody><tr><td><strong>Protokoll<\/strong><\/td><td>Ainult XML, t\u00f6\u00f6tab peamiselt HTTP, aga ka SMTP jm<\/td><td>Tavaliselt HTTP, v\u00f5ib kasutada JSON, XML v\u00f5i muid formaate<\/td><\/tr><tr><td><strong>Turbeline t\u00f6\u00f6<\/strong><\/td><td>Tugev turvalisus (WS-Security), transaktsioonid, standardid<\/td><td>Lihtne, kerge, kiire, v\u00e4hem standardeid<\/td><\/tr><tr><td><strong>Komplekssus<\/strong><\/td><td>Raske seadistada ja arendada<\/td><td>Lihtne ja kiire arendamiseks<\/td><\/tr><tr><td><strong>State<\/strong><\/td><td>V\u00f5ib olla stateful (salvestab sessiooni)<\/td><td>Stateless (server ei salvesta kliendi olekut)<\/td><\/tr><tr><td><strong>Kasutus<\/strong><\/td><td>Pank, kindlustus, ettev\u00f5tte infos\u00fcsteemid, kus vajalik k\u00f5rge turvalisus ja transaktsioonide t\u00e4psus<\/td><td>Veebirakendused, mobiilirakendused, avalikud API-d, kus oluline kiirus ja lihtsus<\/td><\/tr><\/tbody><\/table><\/figure>\n\n\n\n<figure class=\"wp-block-table\"><table class=\"has-fixed-layout\"><thead><tr><th>\u041a\u0440\u0438\u0442\u0435\u0440\u0438\u0439<\/th><th>SOAP<\/th><th>REST<\/th><\/tr><\/thead><tbody><tr><td><strong>\u041f\u0440\u043e\u0442\u043e\u043a\u043e\u043b<\/strong><\/td><td>\u0422\u043e\u043b\u044c\u043a\u043e XML, \u0440\u0430\u0431\u043e\u0442\u0430\u0435\u0442 \u043d\u0430 HTTP, SMTP \u0438 \u0434\u0440.<\/td><td>\u041e\u0431\u044b\u0447\u043d\u043e HTTP, \u043f\u043e\u0434\u0434\u0435\u0440\u0436\u0438\u0432\u0430\u0435\u0442 JSON, XML \u0438 \u0434\u0440. \u0444\u043e\u0440\u043c\u0430\u0442\u044b<\/td><\/tr><tr><td><strong>\u0421\u043b\u043e\u0436\u043d\u043e\u0441\u0442\u044c<\/strong><\/td><td>\u0421\u043b\u043e\u0436\u043d\u0435\u0435 \u0432 \u043d\u0430\u0441\u0442\u0440\u043e\u0439\u043a\u0435 \u0438 \u0440\u0430\u0437\u0440\u0430\u0431\u043e\u0442\u043a\u0435<\/td><td>\u041f\u0440\u043e\u0441\u0442\u043e\u0435 \u0438 \u0431\u044b\u0441\u0442\u0440\u043e\u0435 \u0432 \u0440\u0430\u0437\u0440\u0430\u0431\u043e\u0442\u043a\u0435<\/td><\/tr><tr><td><strong>\u0411\u0435\u0437\u043e\u043f\u0430\u0441\u043d\u043e\u0441\u0442\u044c<\/strong><\/td><td>\u0412\u044b\u0441\u043e\u043a\u0430\u044f (WS-Security), \u043f\u043e\u0434\u0434\u0435\u0440\u0436\u043a\u0430 \u0442\u0440\u0430\u043d\u0437\u0430\u043a\u0446\u0438\u0439<\/td><td>\u041c\u0435\u043d\u0435\u0435 \u0444\u043e\u0440\u043c\u0430\u043b\u0438\u0437\u043e\u0432\u0430\u043d\u043d\u0430\u044f, \u0431\u0435\u0437\u043e\u043f\u0430\u0441\u043d\u043e\u0441\u0442\u044c \u0447\u0435\u0440\u0435\u0437 HTTPS \u0438 \u0442\u043e\u043a\u0435\u043d\u044b<\/td><\/tr><tr><td><strong>\u0421\u043e\u0441\u0442\u043e\u044f\u043d\u0438\u0435<\/strong><\/td><td>\u041c\u043e\u0436\u0435\u0442 \u0431\u044b\u0442\u044c stateful (\u0445\u0440\u0430\u043d\u0438\u0442 \u0441\u043e\u0441\u0442\u043e\u044f\u043d\u0438\u0435 \u0441\u0435\u0441\u0441\u0438\u0438)<\/td><td>Stateless (\u0441\u0435\u0440\u0432\u0435\u0440 \u043d\u0435 \u0445\u0440\u0430\u043d\u0438\u0442 \u0441\u043e\u0441\u0442\u043e\u044f\u043d\u0438\u0435 \u043a\u043b\u0438\u0435\u043d\u0442\u0430)<\/td><\/tr><tr><td><strong>\u041f\u0440\u0438\u043c\u0435\u043d\u0435\u043d\u0438\u0435<\/strong><\/td><td>\u0411\u0430\u043d\u043a\u0438, \u0441\u0442\u0440\u0430\u0445\u043e\u0432\u044b\u0435, \u043a\u043e\u0440\u043f\u043e\u0440\u0430\u0442\u0438\u0432\u043d\u044b\u0435 \u0441\u0438\u0441\u0442\u0435\u043c\u044b \u0441 \u0432\u044b\u0441\u043e\u043a\u043e\u0439 \u0431\u0435\u0437\u043e\u043f\u0430\u0441\u043d\u043e\u0441\u0442\u044c\u044e \u0438 \u0442\u0440\u0430\u043d\u0437\u0430\u043a\u0446\u0438\u044f\u043c\u0438<\/td><td>\u0412\u0435\u0431-\u043f\u0440\u0438\u043b\u043e\u0436\u0435\u043d\u0438\u044f, \u043c\u043e\u0431\u0438\u043b\u044c\u043d\u044b\u0435 \u043f\u0440\u0438\u043b\u043e\u0436\u0435\u043d\u0438\u044f, \u043f\u0443\u0431\u043b\u0438\u0447\u043d\u044b\u0435 API, \u0433\u0434\u0435 \u0432\u0430\u0436\u043d\u044b \u0441\u043a\u043e\u0440\u043e\u0441\u0442\u044c \u0438 \u043f\u0440\u043e\u0441\u0442\u043e\u0442\u0430<\/td><\/tr><\/tbody><\/table><\/figure>\n","protected":false},"excerpt":{"rendered":"<p>API on liides, mis v\u00f5imaldab programmidel andmeid vahetada ja \u00fcksteise funktsioone kasutada ilma sisemist toimimist tundmata.N\u00e4ide: ilmarakendus saab andmeid veebisaidilt API kaudu. API \u2014 \u044d\u0442\u043e \u0438\u043d\u0442\u0435\u0440\u0444\u0435\u0439\u0441, \u043a\u043e\u0442\u043e\u0440\u044b\u0439 \u043f\u043e\u0437\u0432\u043e\u043b\u044f\u0435\u0442 \u043f\u0440\u043e\u0433\u0440\u0430\u043c\u043c\u0430\u043c \u043e\u0431\u043c\u0435\u043d\u0438\u0432\u0430\u0442\u044c\u0441\u044f \u0434\u0430\u043d\u043d\u044b\u043c\u0438 \u0438 \u0438\u0441\u043f\u043e\u043b\u044c\u0437\u043e\u0432\u0430\u0442\u044c \u0444\u0443\u043d\u043a\u0446\u0438\u0438 \u0434\u0440\u0443\u0433 \u0434\u0440\u0443\u0433\u0430 \u0431\u0435\u0437 \u0437\u043d\u0430\u043d\u0438\u044f \u0432\u043d\u0443\u0442\u0440\u0435\u043d\u043d\u0435\u0439 \u0440\u0435\u0430\u043b\u0438\u0437\u0430\u0446\u0438\u0438. SOAP \u2013 lihtne objektip\u00f6\u00f6rdusprotokoll (SOP) on protokoll struktureeritud s\u00f5numite vahetamiseks hajusarvutuskeskkonnas.SOAP &#8211;\u00a0Simple Object Access Protocol [&hellip;]<\/p>\n","protected":false},"author":1,"featured_media":0,"parent":0,"menu_order":0,"comment_status":"closed","ping_status":"closed","template":"","meta":{"footnotes":""},"class_list":["post-1807","page","type-page","status-publish","hentry"],"yoast_head":"<!-- This site is optimized with the Yoast SEO plugin v27.3 - https:\/\/yoast.com\/product\/yoast-seo-wordpress\/ -->\n<title>Veebiteenused - Kirill Sats &otilde;pimapp | portfoolio<\/title>\n<meta name=\"robots\" content=\"index, follow, max-snippet:-1, max-image-preview:large, max-video-preview:-1\" \/>\n<link rel=\"canonical\" href=\"https:\/\/kirillsats23.thkit.ee\/wp\/?page_id=1807\" \/>\n<meta property=\"og:locale\" content=\"et_EE\" \/>\n<meta property=\"og:type\" content=\"article\" \/>\n<meta property=\"og:title\" content=\"Veebiteenused - Kirill Sats &otilde;pimapp | portfoolio\" \/>\n<meta property=\"og:description\" content=\"API on liides, mis v\u00f5imaldab programmidel andmeid vahetada ja \u00fcksteise funktsioone kasutada ilma sisemist toimimist tundmata.N\u00e4ide: ilmarakendus saab andmeid veebisaidilt API kaudu. API \u2014 \u044d\u0442\u043e \u0438\u043d\u0442\u0435\u0440\u0444\u0435\u0439\u0441, \u043a\u043e\u0442\u043e\u0440\u044b\u0439 \u043f\u043e\u0437\u0432\u043e\u043b\u044f\u0435\u0442 \u043f\u0440\u043e\u0433\u0440\u0430\u043c\u043c\u0430\u043c \u043e\u0431\u043c\u0435\u043d\u0438\u0432\u0430\u0442\u044c\u0441\u044f \u0434\u0430\u043d\u043d\u044b\u043c\u0438 \u0438 \u0438\u0441\u043f\u043e\u043b\u044c\u0437\u043e\u0432\u0430\u0442\u044c \u0444\u0443\u043d\u043a\u0446\u0438\u0438 \u0434\u0440\u0443\u0433 \u0434\u0440\u0443\u0433\u0430 \u0431\u0435\u0437 \u0437\u043d\u0430\u043d\u0438\u044f \u0432\u043d\u0443\u0442\u0440\u0435\u043d\u043d\u0435\u0439 \u0440\u0435\u0430\u043b\u0438\u0437\u0430\u0446\u0438\u0438. SOAP \u2013 lihtne objektip\u00f6\u00f6rdusprotokoll (SOP) on protokoll struktureeritud s\u00f5numite vahetamiseks hajusarvutuskeskkonnas.SOAP &#8211;\u00a0Simple Object Access Protocol [&hellip;]\" \/>\n<meta property=\"og:url\" content=\"https:\/\/kirillsats23.thkit.ee\/wp\/?page_id=1807\" \/>\n<meta property=\"og:site_name\" content=\"Kirill Sats &otilde;pimapp | portfoolio\" \/>\n<meta property=\"og:image\" content=\"https:\/\/kirillsats23.thkit.ee\/wp\/wp-content\/uploads\/2025\/09\/87D74068-26A9-480A-B9EE-44753EC3199F.png\" \/>\n\t<meta property=\"og:image:width\" content=\"616\" \/>\n\t<meta property=\"og:image:height\" content=\"498\" \/>\n\t<meta property=\"og:image:type\" content=\"image\/png\" \/>\n<meta name=\"twitter:card\" content=\"summary_large_image\" \/>\n<meta name=\"twitter:label1\" content=\"Est. reading time\" \/>\n\t<meta name=\"twitter:data1\" content=\"3 minutit\" \/>\n<script type=\"application\/ld+json\" class=\"yoast-schema-graph\">{\"@context\":\"https:\\\/\\\/schema.org\",\"@graph\":[{\"@type\":\"WebPage\",\"@id\":\"https:\\\/\\\/kirillsats23.thkit.ee\\\/wp\\\/?page_id=1807\",\"url\":\"https:\\\/\\\/kirillsats23.thkit.ee\\\/wp\\\/?page_id=1807\",\"name\":\"Veebiteenused - Kirill Sats &otilde;pimapp | portfoolio\",\"isPartOf\":{\"@id\":\"https:\\\/\\\/kirillsats23.thkit.ee\\\/wp\\\/#website\"},\"primaryImageOfPage\":{\"@id\":\"https:\\\/\\\/kirillsats23.thkit.ee\\\/wp\\\/?page_id=1807#primaryimage\"},\"image\":{\"@id\":\"https:\\\/\\\/kirillsats23.thkit.ee\\\/wp\\\/?page_id=1807#primaryimage\"},\"thumbnailUrl\":\"https:\\\/\\\/kirillsats23.thkit.ee\\\/wp\\\/wp-content\\\/uploads\\\/2025\\\/09\\\/87D74068-26A9-480A-B9EE-44753EC3199F.png\",\"datePublished\":\"2025-09-11T07:38:29+00:00\",\"breadcrumb\":{\"@id\":\"https:\\\/\\\/kirillsats23.thkit.ee\\\/wp\\\/?page_id=1807#breadcrumb\"},\"inLanguage\":\"et\",\"potentialAction\":[{\"@type\":\"ReadAction\",\"target\":[\"https:\\\/\\\/kirillsats23.thkit.ee\\\/wp\\\/?page_id=1807\"]}]},{\"@type\":\"ImageObject\",\"inLanguage\":\"et\",\"@id\":\"https:\\\/\\\/kirillsats23.thkit.ee\\\/wp\\\/?page_id=1807#primaryimage\",\"url\":\"https:\\\/\\\/kirillsats23.thkit.ee\\\/wp\\\/wp-content\\\/uploads\\\/2025\\\/09\\\/87D74068-26A9-480A-B9EE-44753EC3199F.png\",\"contentUrl\":\"https:\\\/\\\/kirillsats23.thkit.ee\\\/wp\\\/wp-content\\\/uploads\\\/2025\\\/09\\\/87D74068-26A9-480A-B9EE-44753EC3199F.png\",\"width\":616,\"height\":498},{\"@type\":\"BreadcrumbList\",\"@id\":\"https:\\\/\\\/kirillsats23.thkit.ee\\\/wp\\\/?page_id=1807#breadcrumb\",\"itemListElement\":[{\"@type\":\"ListItem\",\"position\":1,\"name\":\"Home\",\"item\":\"https:\\\/\\\/kirillsats23.thkit.ee\\\/wp\\\/\"},{\"@type\":\"ListItem\",\"position\":2,\"name\":\"Veebiteenused\"}]},{\"@type\":\"WebSite\",\"@id\":\"https:\\\/\\\/kirillsats23.thkit.ee\\\/wp\\\/#website\",\"url\":\"https:\\\/\\\/kirillsats23.thkit.ee\\\/wp\\\/\",\"name\":\"Kirill Sats &otilde;pimapp | portfoolio\",\"description\":\"Noorem Tarkvaarendaja eriala\",\"potentialAction\":[{\"@type\":\"SearchAction\",\"target\":{\"@type\":\"EntryPoint\",\"urlTemplate\":\"https:\\\/\\\/kirillsats23.thkit.ee\\\/wp\\\/?s={search_term_string}\"},\"query-input\":{\"@type\":\"PropertyValueSpecification\",\"valueRequired\":true,\"valueName\":\"search_term_string\"}}],\"inLanguage\":\"et\"}]}<\/script>\n<!-- \/ Yoast SEO plugin. -->","yoast_head_json":{"title":"Veebiteenused - Kirill Sats &otilde;pimapp | portfoolio","robots":{"index":"index","follow":"follow","max-snippet":"max-snippet:-1","max-image-preview":"max-image-preview:large","max-video-preview":"max-video-preview:-1"},"canonical":"https:\/\/kirillsats23.thkit.ee\/wp\/?page_id=1807","og_locale":"et_EE","og_type":"article","og_title":"Veebiteenused - Kirill Sats &otilde;pimapp | portfoolio","og_description":"API on liides, mis v\u00f5imaldab programmidel andmeid vahetada ja \u00fcksteise funktsioone kasutada ilma sisemist toimimist tundmata.N\u00e4ide: ilmarakendus saab andmeid veebisaidilt API kaudu. API \u2014 \u044d\u0442\u043e \u0438\u043d\u0442\u0435\u0440\u0444\u0435\u0439\u0441, \u043a\u043e\u0442\u043e\u0440\u044b\u0439 \u043f\u043e\u0437\u0432\u043e\u043b\u044f\u0435\u0442 \u043f\u0440\u043e\u0433\u0440\u0430\u043c\u043c\u0430\u043c \u043e\u0431\u043c\u0435\u043d\u0438\u0432\u0430\u0442\u044c\u0441\u044f \u0434\u0430\u043d\u043d\u044b\u043c\u0438 \u0438 \u0438\u0441\u043f\u043e\u043b\u044c\u0437\u043e\u0432\u0430\u0442\u044c \u0444\u0443\u043d\u043a\u0446\u0438\u0438 \u0434\u0440\u0443\u0433 \u0434\u0440\u0443\u0433\u0430 \u0431\u0435\u0437 \u0437\u043d\u0430\u043d\u0438\u044f \u0432\u043d\u0443\u0442\u0440\u0435\u043d\u043d\u0435\u0439 \u0440\u0435\u0430\u043b\u0438\u0437\u0430\u0446\u0438\u0438. SOAP \u2013 lihtne objektip\u00f6\u00f6rdusprotokoll (SOP) on protokoll struktureeritud s\u00f5numite vahetamiseks hajusarvutuskeskkonnas.SOAP &#8211;\u00a0Simple Object Access Protocol [&hellip;]","og_url":"https:\/\/kirillsats23.thkit.ee\/wp\/?page_id=1807","og_site_name":"Kirill Sats &otilde;pimapp | portfoolio","og_image":[{"width":616,"height":498,"url":"https:\/\/kirillsats23.thkit.ee\/wp\/wp-content\/uploads\/2025\/09\/87D74068-26A9-480A-B9EE-44753EC3199F.png","type":"image\/png"}],"twitter_card":"summary_large_image","twitter_misc":{"Est. reading time":"3 minutit"},"schema":{"@context":"https:\/\/schema.org","@graph":[{"@type":"WebPage","@id":"https:\/\/kirillsats23.thkit.ee\/wp\/?page_id=1807","url":"https:\/\/kirillsats23.thkit.ee\/wp\/?page_id=1807","name":"Veebiteenused - Kirill Sats &otilde;pimapp | portfoolio","isPartOf":{"@id":"https:\/\/kirillsats23.thkit.ee\/wp\/#website"},"primaryImageOfPage":{"@id":"https:\/\/kirillsats23.thkit.ee\/wp\/?page_id=1807#primaryimage"},"image":{"@id":"https:\/\/kirillsats23.thkit.ee\/wp\/?page_id=1807#primaryimage"},"thumbnailUrl":"https:\/\/kirillsats23.thkit.ee\/wp\/wp-content\/uploads\/2025\/09\/87D74068-26A9-480A-B9EE-44753EC3199F.png","datePublished":"2025-09-11T07:38:29+00:00","breadcrumb":{"@id":"https:\/\/kirillsats23.thkit.ee\/wp\/?page_id=1807#breadcrumb"},"inLanguage":"et","potentialAction":[{"@type":"ReadAction","target":["https:\/\/kirillsats23.thkit.ee\/wp\/?page_id=1807"]}]},{"@type":"ImageObject","inLanguage":"et","@id":"https:\/\/kirillsats23.thkit.ee\/wp\/?page_id=1807#primaryimage","url":"https:\/\/kirillsats23.thkit.ee\/wp\/wp-content\/uploads\/2025\/09\/87D74068-26A9-480A-B9EE-44753EC3199F.png","contentUrl":"https:\/\/kirillsats23.thkit.ee\/wp\/wp-content\/uploads\/2025\/09\/87D74068-26A9-480A-B9EE-44753EC3199F.png","width":616,"height":498},{"@type":"BreadcrumbList","@id":"https:\/\/kirillsats23.thkit.ee\/wp\/?page_id=1807#breadcrumb","itemListElement":[{"@type":"ListItem","position":1,"name":"Home","item":"https:\/\/kirillsats23.thkit.ee\/wp\/"},{"@type":"ListItem","position":2,"name":"Veebiteenused"}]},{"@type":"WebSite","@id":"https:\/\/kirillsats23.thkit.ee\/wp\/#website","url":"https:\/\/kirillsats23.thkit.ee\/wp\/","name":"Kirill Sats &otilde;pimapp | portfoolio","description":"Noorem Tarkvaarendaja eriala","potentialAction":[{"@type":"SearchAction","target":{"@type":"EntryPoint","urlTemplate":"https:\/\/kirillsats23.thkit.ee\/wp\/?s={search_term_string}"},"query-input":{"@type":"PropertyValueSpecification","valueRequired":true,"valueName":"search_term_string"}}],"inLanguage":"et"}]}},"_links":{"self":[{"href":"https:\/\/kirillsats23.thkit.ee\/wp\/index.php?rest_route=\/wp\/v2\/pages\/1807","targetHints":{"allow":["GET"]}}],"collection":[{"href":"https:\/\/kirillsats23.thkit.ee\/wp\/index.php?rest_route=\/wp\/v2\/pages"}],"about":[{"href":"https:\/\/kirillsats23.thkit.ee\/wp\/index.php?rest_route=\/wp\/v2\/types\/page"}],"author":[{"embeddable":true,"href":"https:\/\/kirillsats23.thkit.ee\/wp\/index.php?rest_route=\/wp\/v2\/users\/1"}],"replies":[{"embeddable":true,"href":"https:\/\/kirillsats23.thkit.ee\/wp\/index.php?rest_route=%2Fwp%2Fv2%2Fcomments&post=1807"}],"version-history":[{"count":1,"href":"https:\/\/kirillsats23.thkit.ee\/wp\/index.php?rest_route=\/wp\/v2\/pages\/1807\/revisions"}],"predecessor-version":[{"id":1810,"href":"https:\/\/kirillsats23.thkit.ee\/wp\/index.php?rest_route=\/wp\/v2\/pages\/1807\/revisions\/1810"}],"wp:attachment":[{"href":"https:\/\/kirillsats23.thkit.ee\/wp\/index.php?rest_route=%2Fwp%2Fv2%2Fmedia&parent=1807"}],"curies":[{"name":"wp","href":"https:\/\/api.w.org\/{rel}","templated":true}]}}