{"id":1656,"date":"2025-05-23T07:59:49","date_gmt":"2025-05-23T07:59:49","guid":{"rendered":"https:\/\/kirillsats23.thkit.ee\/wp\/?page_id=1656"},"modified":"2025-05-23T08:02:42","modified_gmt":"2025-05-23T08:02:42","slug":"v-mudell","status":"publish","type":"page","link":"https:\/\/kirillsats23.thkit.ee\/wp\/?page_id=1656","title":{"rendered":"V-mudell"},"content":{"rendered":"\n<p><br>V-mudell on tarkvaraarenduse metoodika, kus arenduse ja testimise etapid on selgelt seotud ning paigutatud kujundisse, mis meenutab t\u00e4hte &#8220;V&#8221;. See mudel r\u00f5hutab kvaliteedikontrolli ja testimise t\u00e4htsust igas arendusfaasis.<\/p>\n\n\n\n<p><strong>Peamised eelised<br><\/strong>Selge struktuur ja kontroll \u2013 iga arendusetapp on seotud vastava testietapiga, mis lihtsustab kvaliteedikontrolli.<\/p>\n\n\n\n<p>Vead avastatakse varakult \u2013 testide planeerimine algab juba n\u00f5uete ja disaini faasis.<\/p>\n\n\n\n<p>Hea dokumentatsioon \u2013 p\u00f5hjalik dokumentatsioon igal arendusastmel lihtsustab hooldust ja arendust.<\/p>\n\n\n\n<p>Sobib kindlate ja stabiilsete n\u00f5uetega projektidele \u2013 kui n\u00f5uded on selged, on V-mudel v\u00e4ga efektiivne.<\/p>\n\n\n\n<p><strong>Peamised puudused<br><\/strong>V\u00e4hene paindlikkus \u2013 muudatuste tegemine hilisemates etappides on keeruline ja kulukas.<\/p>\n\n\n\n<p>Sobimatu keerukatele ja muutuva ulatusega projektidele \u2013 muudatused v\u00f5ivad p\u00f5hjustada viivitusi ja lisakulusid.<\/p>\n\n\n\n<p>Integreerimine toimub hilja \u2013 s\u00fcsteemi integreerimine toimub alles p\u00e4rast k\u00f5igi komponentide valmimist, mis v\u00f5ib p\u00f5hjustada s\u00fcsteemivigu.<\/p>\n\n\n\n<p>K\u00f5rged n\u00f5uded selgetele n\u00f5uetele \u2013 mudeli efektiivsus s\u00f5ltub h\u00e4sti m\u00e4\u00e4ratletud algsetest n\u00f5uetest.<\/p>\n\n\n\n<p><strong>Kokkuv\u00f5te<\/strong><br>V-mudel sobib h\u00e4sti projektidele, kus n\u00f5uded on t\u00e4pselt m\u00e4\u00e4ratletud ja muutused on minimaalsed. See mudel tagab k\u00f5rge kvaliteedi, kuid n\u00f5uab rangeid protsesse ja ei ole eriti paindlik muutuste suhtes.<\/p>\n\n\n<div class = \"hdq_quiz_wrapper\"><a href = \"https:\/\/kirillsats23.thkit.ee\/wp\/?page_id=1656\" rel=\"noamphtml\" class = \"hdq_quiz_start hdq_button button\" role = \"button\">QUIZ START<\/a><\/div>\n\n\n<p><\/p>\n","protected":false},"excerpt":{"rendered":"<p>V-mudell on tarkvaraarenduse metoodika, kus arenduse ja testimise etapid on selgelt seotud ning paigutatud kujundisse, mis meenutab t\u00e4hte &#8220;V&#8221;. See mudel r\u00f5hutab kvaliteedikontrolli ja testimise t\u00e4htsust igas arendusfaasis. Peamised eelisedSelge struktuur ja kontroll \u2013 iga arendusetapp on seotud vastava testietapiga, mis lihtsustab kvaliteedikontrolli. Vead avastatakse varakult \u2013 testide planeerimine algab juba n\u00f5uete ja disaini faasis. [&hellip;]<\/p>\n","protected":false},"author":1,"featured_media":0,"parent":0,"menu_order":0,"comment_status":"closed","ping_status":"closed","template":"","meta":{"footnotes":""},"class_list":["post-1656","page","type-page","status-publish","hentry"],"yoast_head":"<!-- This site is optimized with the Yoast SEO plugin v27.3 - https:\/\/yoast.com\/product\/yoast-seo-wordpress\/ -->\n<title>V-mudell - Kirill Sats &otilde;pimapp | portfoolio<\/title>\n<meta name=\"robots\" content=\"index, follow, max-snippet:-1, max-image-preview:large, max-video-preview:-1\" \/>\n<link rel=\"canonical\" href=\"https:\/\/kirillsats23.thkit.ee\/wp\/?page_id=1656\" \/>\n<meta property=\"og:locale\" content=\"et_EE\" \/>\n<meta property=\"og:type\" content=\"article\" \/>\n<meta property=\"og:title\" content=\"V-mudell - Kirill Sats &otilde;pimapp | portfoolio\" \/>\n<meta property=\"og:description\" content=\"V-mudell on tarkvaraarenduse metoodika, kus arenduse ja testimise etapid on selgelt seotud ning paigutatud kujundisse, mis meenutab t\u00e4hte &#8220;V&#8221;. See mudel r\u00f5hutab kvaliteedikontrolli ja testimise t\u00e4htsust igas arendusfaasis. Peamised eelisedSelge struktuur ja kontroll \u2013 iga arendusetapp on seotud vastava testietapiga, mis lihtsustab kvaliteedikontrolli. Vead avastatakse varakult \u2013 testide planeerimine algab juba n\u00f5uete ja disaini faasis. [&hellip;]\" \/>\n<meta property=\"og:url\" content=\"https:\/\/kirillsats23.thkit.ee\/wp\/?page_id=1656\" \/>\n<meta property=\"og:site_name\" content=\"Kirill Sats &otilde;pimapp | portfoolio\" \/>\n<meta property=\"article:modified_time\" content=\"2025-05-23T08:02:42+00:00\" \/>\n<meta name=\"twitter:card\" content=\"summary_large_image\" \/>\n<meta name=\"twitter:label1\" content=\"Est. reading time\" \/>\n\t<meta name=\"twitter:data1\" content=\"1 minut\" \/>\n<script type=\"application\/ld+json\" class=\"yoast-schema-graph\">{\"@context\":\"https:\\\/\\\/schema.org\",\"@graph\":[{\"@type\":\"WebPage\",\"@id\":\"https:\\\/\\\/kirillsats23.thkit.ee\\\/wp\\\/?page_id=1656\",\"url\":\"https:\\\/\\\/kirillsats23.thkit.ee\\\/wp\\\/?page_id=1656\",\"name\":\"V-mudell - Kirill Sats &otilde;pimapp | portfoolio\",\"isPartOf\":{\"@id\":\"https:\\\/\\\/kirillsats23.thkit.ee\\\/wp\\\/#website\"},\"datePublished\":\"2025-05-23T07:59:49+00:00\",\"dateModified\":\"2025-05-23T08:02:42+00:00\",\"breadcrumb\":{\"@id\":\"https:\\\/\\\/kirillsats23.thkit.ee\\\/wp\\\/?page_id=1656#breadcrumb\"},\"inLanguage\":\"et\",\"potentialAction\":[{\"@type\":\"ReadAction\",\"target\":[\"https:\\\/\\\/kirillsats23.thkit.ee\\\/wp\\\/?page_id=1656\"]}]},{\"@type\":\"BreadcrumbList\",\"@id\":\"https:\\\/\\\/kirillsats23.thkit.ee\\\/wp\\\/?page_id=1656#breadcrumb\",\"itemListElement\":[{\"@type\":\"ListItem\",\"position\":1,\"name\":\"Home\",\"item\":\"https:\\\/\\\/kirillsats23.thkit.ee\\\/wp\\\/\"},{\"@type\":\"ListItem\",\"position\":2,\"name\":\"V-mudell\"}]},{\"@type\":\"WebSite\",\"@id\":\"https:\\\/\\\/kirillsats23.thkit.ee\\\/wp\\\/#website\",\"url\":\"https:\\\/\\\/kirillsats23.thkit.ee\\\/wp\\\/\",\"name\":\"Kirill Sats &otilde;pimapp | portfoolio\",\"description\":\"Noorem Tarkvaarendaja eriala\",\"potentialAction\":[{\"@type\":\"SearchAction\",\"target\":{\"@type\":\"EntryPoint\",\"urlTemplate\":\"https:\\\/\\\/kirillsats23.thkit.ee\\\/wp\\\/?s={search_term_string}\"},\"query-input\":{\"@type\":\"PropertyValueSpecification\",\"valueRequired\":true,\"valueName\":\"search_term_string\"}}],\"inLanguage\":\"et\"}]}<\/script>\n<!-- \/ Yoast SEO plugin. -->","yoast_head_json":{"title":"V-mudell - Kirill Sats &otilde;pimapp | portfoolio","robots":{"index":"index","follow":"follow","max-snippet":"max-snippet:-1","max-image-preview":"max-image-preview:large","max-video-preview":"max-video-preview:-1"},"canonical":"https:\/\/kirillsats23.thkit.ee\/wp\/?page_id=1656","og_locale":"et_EE","og_type":"article","og_title":"V-mudell - Kirill Sats &otilde;pimapp | portfoolio","og_description":"V-mudell on tarkvaraarenduse metoodika, kus arenduse ja testimise etapid on selgelt seotud ning paigutatud kujundisse, mis meenutab t\u00e4hte &#8220;V&#8221;. See mudel r\u00f5hutab kvaliteedikontrolli ja testimise t\u00e4htsust igas arendusfaasis. Peamised eelisedSelge struktuur ja kontroll \u2013 iga arendusetapp on seotud vastava testietapiga, mis lihtsustab kvaliteedikontrolli. Vead avastatakse varakult \u2013 testide planeerimine algab juba n\u00f5uete ja disaini faasis. [&hellip;]","og_url":"https:\/\/kirillsats23.thkit.ee\/wp\/?page_id=1656","og_site_name":"Kirill Sats &otilde;pimapp | portfoolio","article_modified_time":"2025-05-23T08:02:42+00:00","twitter_card":"summary_large_image","twitter_misc":{"Est. reading time":"1 minut"},"schema":{"@context":"https:\/\/schema.org","@graph":[{"@type":"WebPage","@id":"https:\/\/kirillsats23.thkit.ee\/wp\/?page_id=1656","url":"https:\/\/kirillsats23.thkit.ee\/wp\/?page_id=1656","name":"V-mudell - Kirill Sats &otilde;pimapp | portfoolio","isPartOf":{"@id":"https:\/\/kirillsats23.thkit.ee\/wp\/#website"},"datePublished":"2025-05-23T07:59:49+00:00","dateModified":"2025-05-23T08:02:42+00:00","breadcrumb":{"@id":"https:\/\/kirillsats23.thkit.ee\/wp\/?page_id=1656#breadcrumb"},"inLanguage":"et","potentialAction":[{"@type":"ReadAction","target":["https:\/\/kirillsats23.thkit.ee\/wp\/?page_id=1656"]}]},{"@type":"BreadcrumbList","@id":"https:\/\/kirillsats23.thkit.ee\/wp\/?page_id=1656#breadcrumb","itemListElement":[{"@type":"ListItem","position":1,"name":"Home","item":"https:\/\/kirillsats23.thkit.ee\/wp\/"},{"@type":"ListItem","position":2,"name":"V-mudell"}]},{"@type":"WebSite","@id":"https:\/\/kirillsats23.thkit.ee\/wp\/#website","url":"https:\/\/kirillsats23.thkit.ee\/wp\/","name":"Kirill Sats &otilde;pimapp | portfoolio","description":"Noorem Tarkvaarendaja eriala","potentialAction":[{"@type":"SearchAction","target":{"@type":"EntryPoint","urlTemplate":"https:\/\/kirillsats23.thkit.ee\/wp\/?s={search_term_string}"},"query-input":{"@type":"PropertyValueSpecification","valueRequired":true,"valueName":"search_term_string"}}],"inLanguage":"et"}]}},"_links":{"self":[{"href":"https:\/\/kirillsats23.thkit.ee\/wp\/index.php?rest_route=\/wp\/v2\/pages\/1656","targetHints":{"allow":["GET"]}}],"collection":[{"href":"https:\/\/kirillsats23.thkit.ee\/wp\/index.php?rest_route=\/wp\/v2\/pages"}],"about":[{"href":"https:\/\/kirillsats23.thkit.ee\/wp\/index.php?rest_route=\/wp\/v2\/types\/page"}],"author":[{"embeddable":true,"href":"https:\/\/kirillsats23.thkit.ee\/wp\/index.php?rest_route=\/wp\/v2\/users\/1"}],"replies":[{"embeddable":true,"href":"https:\/\/kirillsats23.thkit.ee\/wp\/index.php?rest_route=%2Fwp%2Fv2%2Fcomments&post=1656"}],"version-history":[{"count":3,"href":"https:\/\/kirillsats23.thkit.ee\/wp\/index.php?rest_route=\/wp\/v2\/pages\/1656\/revisions"}],"predecessor-version":[{"id":1664,"href":"https:\/\/kirillsats23.thkit.ee\/wp\/index.php?rest_route=\/wp\/v2\/pages\/1656\/revisions\/1664"}],"wp:attachment":[{"href":"https:\/\/kirillsats23.thkit.ee\/wp\/index.php?rest_route=%2Fwp%2Fv2%2Fmedia&parent=1656"}],"curies":[{"name":"wp","href":"https:\/\/api.w.org\/{rel}","templated":true}]}}