{"id":1554,"date":"2025-03-14T10:56:40","date_gmt":"2025-03-14T10:56:40","guid":{"rendered":"https:\/\/kirillsats23.thkit.ee\/wp\/?page_id=1554"},"modified":"2025-03-28T11:37:20","modified_gmt":"2025-03-28T11:37:20","slug":"uml-skeemid","status":"publish","type":"page","link":"https:\/\/kirillsats23.thkit.ee\/wp\/?page_id=1554","title":{"rendered":"UML skeemid"},"content":{"rendered":"\n<p>UML (Unified Modeing Language) &#8211; modeleerimiskeel (2.0)<\/p>\n\n\n\n<p>UML kasutab:<\/p>\n\n\n\n<ul class=\"wp-block-list\">\n<li>Kujundid\/\u0444\u0438\u0433\u0443\u0440\u044b<\/li>\n\n\n\n<li>Jooned<\/li>\n\n\n\n<li>M\u00e4rgid<\/li>\n\n\n\n<li>Pealdised<\/li>\n<\/ul>\n\n\n\n<p>Kasutuslooskeem (Use case diagra) \u0434\u0438\u0430\u0433\u0440\u0430\u043c\u043c\u0430 \u043f\u0440\u0435\u0446\u0435\u0434\u0435\u043d\u0442\u043e\u0432: Kasutuslooskeeme kasutatakse s\u00fcsteemi mooduvastavate t\u00e4htsaimate elementide ja protsesside m\u00e4\u00e4ramiseks. Primaarelemente nimetatakse &#8220;aktoriseks&#8221; (\u044d\u043a\u0442\u043e\u0440)  ning protsesse &#8220;kasutuslugudeks&#8221; (\u043f\u0440\u0435\u0446\u0435\u0434\u0435\u043d\u0442). Kasutuslooskeem n\u00e4itab , millised aktorid suhtlevad iga kasutususlooga. <\/p>\n\n\n\n<p><a href=\"https:\/\/kirillsats23.thkit.ee\/wp\/?page_id=1556\">Use Case Diagrammid<\/a><\/p>\n\n\n\n<p><strong>UML Skeem:<br><\/strong><\/p>\n\n\n\n<figure class=\"wp-block-image size-full\"><a href=\"https:\/\/kirillsats23.thkit.ee\/wp\/wp-content\/uploads\/2025\/03\/image-12.png\"><img loading=\"lazy\" decoding=\"async\" width=\"963\" height=\"669\" src=\"https:\/\/kirillsats23.thkit.ee\/wp\/wp-content\/uploads\/2025\/03\/image-12.png\" alt=\"\" class=\"wp-image-1639\" srcset=\"https:\/\/kirillsats23.thkit.ee\/wp\/wp-content\/uploads\/2025\/03\/image-12.png 963w, https:\/\/kirillsats23.thkit.ee\/wp\/wp-content\/uploads\/2025\/03\/image-12-300x208.png 300w, https:\/\/kirillsats23.thkit.ee\/wp\/wp-content\/uploads\/2025\/03\/image-12-768x534.png 768w, https:\/\/kirillsats23.thkit.ee\/wp\/wp-content\/uploads\/2025\/03\/image-12-624x433.png 624w\" sizes=\"auto, (max-width: 963px) 100vw, 963px\" \/><\/a><\/figure>\n\n\n\n<p><strong>Kirjeldus:<\/strong><\/p>\n\n\n\n<p>Diagrammil on n\u00e4idatud administraatori ja kliendi rakendusloogika. See n\u00e4itab v\u00f5imalikke kasutaja toiminguid, nagu sisselogimine, men\u00fc\u00fcde avamine, toodete lisamine ja kustutamine, hindade kontrollimine, QR-koodi skaneerimine, toodete vaatamine ja lemmikute hulka lisamine. Diagrammi eesm\u00e4rk on illustreerida rakenduse peamisi \u00e4riprotsesse ja nende koostoimet.<\/p>\n\n\n\n<p><strong>Kasutatud UML m\u00e4rked<\/strong>:<\/p>\n\n\n\n<ul class=\"wp-block-list\">\n<li><strong>Protsessi algus<\/strong> \u2013 t\u00e4histatud musta ringiga (<strong>Initial Node<\/strong>).<\/li>\n\n\n\n<li><strong>Tegevused<\/strong> \u2013 esindatud oran\u017eide ristk\u00fclikutena (<strong>Action Node<\/strong>).<\/li>\n\n\n\n<li><strong>Otsustuspunktid<\/strong> \u2013 kuvatud rombikujuliselt (<strong>Decision Node<\/strong>), n\u00e4idates haru voogu.<\/li>\n\n\n\n<li><strong>Juhtimisvood<\/strong> \u2013 \u00fchendavad diagrammi elemendid noolejoontega (<strong>Control Flow<\/strong>).<\/li>\n\n\n\n<li><strong>Voogude liitmine<\/strong> \u2013 t\u00e4histatud musta ribana (<strong>Merge Node<\/strong>), kus mitu haru \u00fchinevad.<\/li>\n\n\n\n<li><strong>Protsessi l\u00f5pp<\/strong> \u2013 t\u00e4histatud musta ringiga, millel on kontuur (<strong>Final Node<\/strong>).<\/li>\n<\/ul>\n","protected":false},"excerpt":{"rendered":"<p>UML (Unified Modeing Language) &#8211; modeleerimiskeel (2.0) UML kasutab: Kasutuslooskeem (Use case diagra) \u0434\u0438\u0430\u0433\u0440\u0430\u043c\u043c\u0430 \u043f\u0440\u0435\u0446\u0435\u0434\u0435\u043d\u0442\u043e\u0432: Kasutuslooskeeme kasutatakse s\u00fcsteemi mooduvastavate t\u00e4htsaimate elementide ja protsesside m\u00e4\u00e4ramiseks. Primaarelemente nimetatakse &#8220;aktoriseks&#8221; (\u044d\u043a\u0442\u043e\u0440) ning protsesse &#8220;kasutuslugudeks&#8221; (\u043f\u0440\u0435\u0446\u0435\u0434\u0435\u043d\u0442). Kasutuslooskeem n\u00e4itab , millised aktorid suhtlevad iga kasutususlooga. Use Case Diagrammid UML Skeem: Kirjeldus: Diagrammil on n\u00e4idatud administraatori ja kliendi rakendusloogika. See n\u00e4itab [&hellip;]<\/p>\n","protected":false},"author":1,"featured_media":0,"parent":0,"menu_order":0,"comment_status":"closed","ping_status":"closed","template":"","meta":{"footnotes":""},"class_list":["post-1554","page","type-page","status-publish","hentry"],"yoast_head":"<!-- This site is optimized with the Yoast SEO plugin v27.3 - https:\/\/yoast.com\/product\/yoast-seo-wordpress\/ -->\n<title>UML skeemid - Kirill Sats &otilde;pimapp | portfoolio<\/title>\n<meta name=\"robots\" content=\"index, follow, max-snippet:-1, max-image-preview:large, max-video-preview:-1\" \/>\n<link rel=\"canonical\" href=\"https:\/\/kirillsats23.thkit.ee\/wp\/?page_id=1554\" \/>\n<meta property=\"og:locale\" content=\"et_EE\" \/>\n<meta property=\"og:type\" content=\"article\" \/>\n<meta property=\"og:title\" content=\"UML skeemid - Kirill Sats &otilde;pimapp | portfoolio\" \/>\n<meta property=\"og:description\" content=\"UML (Unified Modeing Language) &#8211; modeleerimiskeel (2.0) UML kasutab: Kasutuslooskeem (Use case diagra) \u0434\u0438\u0430\u0433\u0440\u0430\u043c\u043c\u0430 \u043f\u0440\u0435\u0446\u0435\u0434\u0435\u043d\u0442\u043e\u0432: Kasutuslooskeeme kasutatakse s\u00fcsteemi mooduvastavate t\u00e4htsaimate elementide ja protsesside m\u00e4\u00e4ramiseks. Primaarelemente nimetatakse &#8220;aktoriseks&#8221; (\u044d\u043a\u0442\u043e\u0440) ning protsesse &#8220;kasutuslugudeks&#8221; (\u043f\u0440\u0435\u0446\u0435\u0434\u0435\u043d\u0442). Kasutuslooskeem n\u00e4itab , millised aktorid suhtlevad iga kasutususlooga. Use Case Diagrammid UML Skeem: Kirjeldus: Diagrammil on n\u00e4idatud administraatori ja kliendi rakendusloogika. See n\u00e4itab [&hellip;]\" \/>\n<meta property=\"og:url\" content=\"https:\/\/kirillsats23.thkit.ee\/wp\/?page_id=1554\" \/>\n<meta property=\"og:site_name\" content=\"Kirill Sats &otilde;pimapp | portfoolio\" \/>\n<meta property=\"article:modified_time\" content=\"2025-03-28T11:37:20+00:00\" \/>\n<meta property=\"og:image\" content=\"https:\/\/kirillsats23.thkit.ee\/wp\/wp-content\/uploads\/2025\/03\/image-12.png\" \/>\n\t<meta property=\"og:image:width\" content=\"963\" \/>\n\t<meta property=\"og:image:height\" content=\"669\" \/>\n\t<meta property=\"og:image:type\" content=\"image\/png\" \/>\n<meta name=\"twitter:card\" content=\"summary_large_image\" \/>\n<meta name=\"twitter:label1\" content=\"Est. reading time\" \/>\n\t<meta name=\"twitter:data1\" content=\"1 minut\" \/>\n<script type=\"application\/ld+json\" class=\"yoast-schema-graph\">{\"@context\":\"https:\\\/\\\/schema.org\",\"@graph\":[{\"@type\":\"WebPage\",\"@id\":\"https:\\\/\\\/kirillsats23.thkit.ee\\\/wp\\\/?page_id=1554\",\"url\":\"https:\\\/\\\/kirillsats23.thkit.ee\\\/wp\\\/?page_id=1554\",\"name\":\"UML skeemid - Kirill Sats &otilde;pimapp | portfoolio\",\"isPartOf\":{\"@id\":\"https:\\\/\\\/kirillsats23.thkit.ee\\\/wp\\\/#website\"},\"primaryImageOfPage\":{\"@id\":\"https:\\\/\\\/kirillsats23.thkit.ee\\\/wp\\\/?page_id=1554#primaryimage\"},\"image\":{\"@id\":\"https:\\\/\\\/kirillsats23.thkit.ee\\\/wp\\\/?page_id=1554#primaryimage\"},\"thumbnailUrl\":\"https:\\\/\\\/kirillsats23.thkit.ee\\\/wp\\\/wp-content\\\/uploads\\\/2025\\\/03\\\/image-12.png\",\"datePublished\":\"2025-03-14T10:56:40+00:00\",\"dateModified\":\"2025-03-28T11:37:20+00:00\",\"breadcrumb\":{\"@id\":\"https:\\\/\\\/kirillsats23.thkit.ee\\\/wp\\\/?page_id=1554#breadcrumb\"},\"inLanguage\":\"et\",\"potentialAction\":[{\"@type\":\"ReadAction\",\"target\":[\"https:\\\/\\\/kirillsats23.thkit.ee\\\/wp\\\/?page_id=1554\"]}]},{\"@type\":\"ImageObject\",\"inLanguage\":\"et\",\"@id\":\"https:\\\/\\\/kirillsats23.thkit.ee\\\/wp\\\/?page_id=1554#primaryimage\",\"url\":\"https:\\\/\\\/kirillsats23.thkit.ee\\\/wp\\\/wp-content\\\/uploads\\\/2025\\\/03\\\/image-12.png\",\"contentUrl\":\"https:\\\/\\\/kirillsats23.thkit.ee\\\/wp\\\/wp-content\\\/uploads\\\/2025\\\/03\\\/image-12.png\"},{\"@type\":\"BreadcrumbList\",\"@id\":\"https:\\\/\\\/kirillsats23.thkit.ee\\\/wp\\\/?page_id=1554#breadcrumb\",\"itemListElement\":[{\"@type\":\"ListItem\",\"position\":1,\"name\":\"Home\",\"item\":\"https:\\\/\\\/kirillsats23.thkit.ee\\\/wp\\\/\"},{\"@type\":\"ListItem\",\"position\":2,\"name\":\"UML skeemid\"}]},{\"@type\":\"WebSite\",\"@id\":\"https:\\\/\\\/kirillsats23.thkit.ee\\\/wp\\\/#website\",\"url\":\"https:\\\/\\\/kirillsats23.thkit.ee\\\/wp\\\/\",\"name\":\"Kirill Sats &otilde;pimapp | portfoolio\",\"description\":\"Noorem Tarkvaarendaja eriala\",\"potentialAction\":[{\"@type\":\"SearchAction\",\"target\":{\"@type\":\"EntryPoint\",\"urlTemplate\":\"https:\\\/\\\/kirillsats23.thkit.ee\\\/wp\\\/?s={search_term_string}\"},\"query-input\":{\"@type\":\"PropertyValueSpecification\",\"valueRequired\":true,\"valueName\":\"search_term_string\"}}],\"inLanguage\":\"et\"}]}<\/script>\n<!-- \/ Yoast SEO plugin. -->","yoast_head_json":{"title":"UML skeemid - Kirill Sats &otilde;pimapp | portfoolio","robots":{"index":"index","follow":"follow","max-snippet":"max-snippet:-1","max-image-preview":"max-image-preview:large","max-video-preview":"max-video-preview:-1"},"canonical":"https:\/\/kirillsats23.thkit.ee\/wp\/?page_id=1554","og_locale":"et_EE","og_type":"article","og_title":"UML skeemid - Kirill Sats &otilde;pimapp | portfoolio","og_description":"UML (Unified Modeing Language) &#8211; modeleerimiskeel (2.0) UML kasutab: Kasutuslooskeem (Use case diagra) \u0434\u0438\u0430\u0433\u0440\u0430\u043c\u043c\u0430 \u043f\u0440\u0435\u0446\u0435\u0434\u0435\u043d\u0442\u043e\u0432: Kasutuslooskeeme kasutatakse s\u00fcsteemi mooduvastavate t\u00e4htsaimate elementide ja protsesside m\u00e4\u00e4ramiseks. Primaarelemente nimetatakse &#8220;aktoriseks&#8221; (\u044d\u043a\u0442\u043e\u0440) ning protsesse &#8220;kasutuslugudeks&#8221; (\u043f\u0440\u0435\u0446\u0435\u0434\u0435\u043d\u0442). Kasutuslooskeem n\u00e4itab , millised aktorid suhtlevad iga kasutususlooga. Use Case Diagrammid UML Skeem: Kirjeldus: Diagrammil on n\u00e4idatud administraatori ja kliendi rakendusloogika. See n\u00e4itab [&hellip;]","og_url":"https:\/\/kirillsats23.thkit.ee\/wp\/?page_id=1554","og_site_name":"Kirill Sats &otilde;pimapp | portfoolio","article_modified_time":"2025-03-28T11:37:20+00:00","og_image":[{"width":963,"height":669,"url":"https:\/\/kirillsats23.thkit.ee\/wp\/wp-content\/uploads\/2025\/03\/image-12.png","type":"image\/png"}],"twitter_card":"summary_large_image","twitter_misc":{"Est. reading time":"1 minut"},"schema":{"@context":"https:\/\/schema.org","@graph":[{"@type":"WebPage","@id":"https:\/\/kirillsats23.thkit.ee\/wp\/?page_id=1554","url":"https:\/\/kirillsats23.thkit.ee\/wp\/?page_id=1554","name":"UML skeemid - Kirill Sats &otilde;pimapp | portfoolio","isPartOf":{"@id":"https:\/\/kirillsats23.thkit.ee\/wp\/#website"},"primaryImageOfPage":{"@id":"https:\/\/kirillsats23.thkit.ee\/wp\/?page_id=1554#primaryimage"},"image":{"@id":"https:\/\/kirillsats23.thkit.ee\/wp\/?page_id=1554#primaryimage"},"thumbnailUrl":"https:\/\/kirillsats23.thkit.ee\/wp\/wp-content\/uploads\/2025\/03\/image-12.png","datePublished":"2025-03-14T10:56:40+00:00","dateModified":"2025-03-28T11:37:20+00:00","breadcrumb":{"@id":"https:\/\/kirillsats23.thkit.ee\/wp\/?page_id=1554#breadcrumb"},"inLanguage":"et","potentialAction":[{"@type":"ReadAction","target":["https:\/\/kirillsats23.thkit.ee\/wp\/?page_id=1554"]}]},{"@type":"ImageObject","inLanguage":"et","@id":"https:\/\/kirillsats23.thkit.ee\/wp\/?page_id=1554#primaryimage","url":"https:\/\/kirillsats23.thkit.ee\/wp\/wp-content\/uploads\/2025\/03\/image-12.png","contentUrl":"https:\/\/kirillsats23.thkit.ee\/wp\/wp-content\/uploads\/2025\/03\/image-12.png"},{"@type":"BreadcrumbList","@id":"https:\/\/kirillsats23.thkit.ee\/wp\/?page_id=1554#breadcrumb","itemListElement":[{"@type":"ListItem","position":1,"name":"Home","item":"https:\/\/kirillsats23.thkit.ee\/wp\/"},{"@type":"ListItem","position":2,"name":"UML skeemid"}]},{"@type":"WebSite","@id":"https:\/\/kirillsats23.thkit.ee\/wp\/#website","url":"https:\/\/kirillsats23.thkit.ee\/wp\/","name":"Kirill Sats &otilde;pimapp | portfoolio","description":"Noorem Tarkvaarendaja eriala","potentialAction":[{"@type":"SearchAction","target":{"@type":"EntryPoint","urlTemplate":"https:\/\/kirillsats23.thkit.ee\/wp\/?s={search_term_string}"},"query-input":{"@type":"PropertyValueSpecification","valueRequired":true,"valueName":"search_term_string"}}],"inLanguage":"et"}]}},"_links":{"self":[{"href":"https:\/\/kirillsats23.thkit.ee\/wp\/index.php?rest_route=\/wp\/v2\/pages\/1554","targetHints":{"allow":["GET"]}}],"collection":[{"href":"https:\/\/kirillsats23.thkit.ee\/wp\/index.php?rest_route=\/wp\/v2\/pages"}],"about":[{"href":"https:\/\/kirillsats23.thkit.ee\/wp\/index.php?rest_route=\/wp\/v2\/types\/page"}],"author":[{"embeddable":true,"href":"https:\/\/kirillsats23.thkit.ee\/wp\/index.php?rest_route=\/wp\/v2\/users\/1"}],"replies":[{"embeddable":true,"href":"https:\/\/kirillsats23.thkit.ee\/wp\/index.php?rest_route=%2Fwp%2Fv2%2Fcomments&post=1554"}],"version-history":[{"count":5,"href":"https:\/\/kirillsats23.thkit.ee\/wp\/index.php?rest_route=\/wp\/v2\/pages\/1554\/revisions"}],"predecessor-version":[{"id":1640,"href":"https:\/\/kirillsats23.thkit.ee\/wp\/index.php?rest_route=\/wp\/v2\/pages\/1554\/revisions\/1640"}],"wp:attachment":[{"href":"https:\/\/kirillsats23.thkit.ee\/wp\/index.php?rest_route=%2Fwp%2Fv2%2Fmedia&parent=1554"}],"curies":[{"name":"wp","href":"https:\/\/api.w.org\/{rel}","templated":true}]}}