{"id":1546,"date":"2025-02-17T10:01:53","date_gmt":"2025-02-17T10:01:53","guid":{"rendered":"https:\/\/kirillsats23.thkit.ee\/wp\/?page_id=1546"},"modified":"2025-06-12T10:18:57","modified_gmt":"2025-06-12T10:18:57","slug":"ssh-ruhmatoo","status":"publish","type":"page","link":"https:\/\/kirillsats23.thkit.ee\/wp\/?page_id=1546","title":{"rendered":"SSH R\u00fchmat\u00f6\u00f6"},"content":{"rendered":"\n<ul class=\"wp-block-list\">\n<li>git status  &#8211; See k\u00e4sk n\u00e4itab repositooriumi hetkeolukorda &#8211; \u043f\u043e\u043a\u0430\u0437\u044b\u0432\u0430\u0435\u0442 \u0442\u0435\u043a\u0443\u0449\u0435\u0435 \u0441\u043e\u0441\u0442\u043e\u044f\u043d\u0438\u0435 \u0440\u0435\u043f\u043e\u0437\u0438\u0442\u043e\u0440\u0438\u044f<\/li>\n\n\n\n<li>git add .  &#8211; Lisab k\u00f5ik uued ja muudetud failid praegusest kataloogist indeksisse (staging area)  &#8211; \u0414\u043e\u0431\u0430\u0432\u043b\u044f\u0435\u0442 \u0432\u0441\u0435 \u043d\u043e\u0432\u044b\u0435 \u0438 \u0438\u0437\u043c\u0435\u043d\u0451\u043d\u043d\u044b\u0435 \u0444\u0430\u0439\u043b\u044b \u0438\u0437 \u0442\u0435\u043a\u0443\u0449\u0435\u0439 \u0434\u0438\u0440\u0435\u043a\u0442\u043e\u0440\u0438\u0438 \u0432 \u0438\u043d\u0434\u0435\u043a\u0441<\/li>\n\n\n\n<li>git commit -a -m &#8220;test&#8221;  &#8211;  Loob commit&#8217;i (muudab muudatused) koos s\u00f5numiga<\/li>\n\n\n\n<li>git push   &#8211;    Saadab (laeb \u00fcles) muudatused kaugrepositooriumi (nt GitHub)  &#8211; \u043e\u0442\u043f\u0440\u0430\u0432\u043b\u044f\u0435\u0442 <\/li>\n\n\n\n<li>git branch KirillSats  &#8211;  Loob uue haru nimega KirillSats  (\u0441\u043e\u0437\u0434\u0430\u0435\u0442 \u043d\u043e\u0432\u0443\u044e \u0432\u0435\u0442\u043a\u0443)<\/li>\n\n\n\n<li>git checkout KirillSats   &#8211;   \u00dcleminek KirillSats harule (\u043f\u0435\u0440\u0435\u043a\u043b\u044e\u0447\u0430\u0435\u0442)<\/li>\n\n\n\n<li><\/li>\n<\/ul>\n\n\n\n<p><strong>1 SSH v\u00f5iti genereerimine<\/strong><\/p>\n\n\n\n<figure class=\"wp-block-image size-full is-resized\"><a href=\"https:\/\/kirillsats23.thkit.ee\/wp\/wp-content\/uploads\/2025\/02\/image.png\"><img loading=\"lazy\" decoding=\"async\" width=\"614\" height=\"429\" src=\"https:\/\/kirillsats23.thkit.ee\/wp\/wp-content\/uploads\/2025\/02\/image.png\" alt=\"\" class=\"wp-image-1549\" style=\"width:655px;height:auto\" srcset=\"https:\/\/kirillsats23.thkit.ee\/wp\/wp-content\/uploads\/2025\/02\/image.png 614w, https:\/\/kirillsats23.thkit.ee\/wp\/wp-content\/uploads\/2025\/02\/image-300x210.png 300w\" sizes=\"auto, (max-width: 614px) 100vw, 614px\" \/><\/a><\/figure>\n\n\n\n<p>kopeerime selline kood:<br><\/p>\n\n\n\n<figure class=\"wp-block-image size-full\"><a href=\"https:\/\/kirillsats23.thkit.ee\/wp\/wp-content\/uploads\/2025\/02\/image-1.png\"><img loading=\"lazy\" decoding=\"async\" width=\"952\" height=\"24\" src=\"https:\/\/kirillsats23.thkit.ee\/wp\/wp-content\/uploads\/2025\/02\/image-1.png\" alt=\"\" class=\"wp-image-1550\" srcset=\"https:\/\/kirillsats23.thkit.ee\/wp\/wp-content\/uploads\/2025\/02\/image-1.png 952w, https:\/\/kirillsats23.thkit.ee\/wp\/wp-content\/uploads\/2025\/02\/image-1-300x8.png 300w, https:\/\/kirillsats23.thkit.ee\/wp\/wp-content\/uploads\/2025\/02\/image-1-768x19.png 768w, https:\/\/kirillsats23.thkit.ee\/wp\/wp-content\/uploads\/2025\/02\/image-1-624x16.png 624w\" sizes=\"auto, (max-width: 952px) 100vw, 952px\" \/><\/a><\/figure>\n\n\n\n<p>L\u00e4hme github&#8217;isse, valime repo.<\/p>\n\n\n\n<figure class=\"wp-block-image size-large\"><a href=\"https:\/\/kirillsats23.thkit.ee\/wp\/wp-content\/uploads\/2025\/02\/image-2.png\"><img loading=\"lazy\" decoding=\"async\" width=\"1024\" height=\"612\" src=\"https:\/\/kirillsats23.thkit.ee\/wp\/wp-content\/uploads\/2025\/02\/image-2-1024x612.png\" alt=\"\" class=\"wp-image-1551\" srcset=\"https:\/\/kirillsats23.thkit.ee\/wp\/wp-content\/uploads\/2025\/02\/image-2-1024x612.png 1024w, https:\/\/kirillsats23.thkit.ee\/wp\/wp-content\/uploads\/2025\/02\/image-2-300x179.png 300w, https:\/\/kirillsats23.thkit.ee\/wp\/wp-content\/uploads\/2025\/02\/image-2-768x459.png 768w, https:\/\/kirillsats23.thkit.ee\/wp\/wp-content\/uploads\/2025\/02\/image-2-624x373.png 624w, https:\/\/kirillsats23.thkit.ee\/wp\/wp-content\/uploads\/2025\/02\/image-2.png 1162w\" sizes=\"auto, (max-width: 1024px) 100vw, 1024px\" \/><\/a><\/figure>\n\n\n\n<p>Paneme kood siia:<\/p>\n\n\n\n<figure class=\"wp-block-image size-full\"><a href=\"https:\/\/kirillsats23.thkit.ee\/wp\/wp-content\/uploads\/2025\/02\/image-3.png\"><img loading=\"lazy\" decoding=\"async\" width=\"862\" height=\"561\" src=\"https:\/\/kirillsats23.thkit.ee\/wp\/wp-content\/uploads\/2025\/02\/image-3.png\" alt=\"\" class=\"wp-image-1552\" srcset=\"https:\/\/kirillsats23.thkit.ee\/wp\/wp-content\/uploads\/2025\/02\/image-3.png 862w, https:\/\/kirillsats23.thkit.ee\/wp\/wp-content\/uploads\/2025\/02\/image-3-300x195.png 300w, https:\/\/kirillsats23.thkit.ee\/wp\/wp-content\/uploads\/2025\/02\/image-3-768x500.png 768w, https:\/\/kirillsats23.thkit.ee\/wp\/wp-content\/uploads\/2025\/02\/image-3-624x406.png 624w\" sizes=\"auto, (max-width: 862px) 100vw, 862px\" \/><\/a><\/figure>\n\n\n\n<p><strong>2 \u00dclesanne koostamine ja faili loomine.<\/strong><\/p>\n\n\n\n<figure class=\"wp-block-image size-full\"><a href=\"https:\/\/kirillsats23.thkit.ee\/wp\/wp-content\/uploads\/2025\/05\/image-8.png\"><img loading=\"lazy\" decoding=\"async\" width=\"968\" height=\"556\" src=\"https:\/\/kirillsats23.thkit.ee\/wp\/wp-content\/uploads\/2025\/05\/image-8.png\" alt=\"\" class=\"wp-image-1689\" srcset=\"https:\/\/kirillsats23.thkit.ee\/wp\/wp-content\/uploads\/2025\/05\/image-8.png 968w, https:\/\/kirillsats23.thkit.ee\/wp\/wp-content\/uploads\/2025\/05\/image-8-300x172.png 300w, https:\/\/kirillsats23.thkit.ee\/wp\/wp-content\/uploads\/2025\/05\/image-8-768x441.png 768w, https:\/\/kirillsats23.thkit.ee\/wp\/wp-content\/uploads\/2025\/05\/image-8-624x358.png 624w\" sizes=\"auto, (max-width: 968px) 100vw, 968px\" \/><\/a><\/figure>\n\n\n\n<p><\/p>\n\n\n\n<figure class=\"wp-block-image size-full\"><img loading=\"lazy\" decoding=\"async\" width=\"807\" height=\"659\" src=\"https:\/\/kirillsats23.thkit.ee\/wp\/wp-content\/uploads\/2025\/05\/image-5.png\" alt=\"\" class=\"wp-image-1682\" srcset=\"https:\/\/kirillsats23.thkit.ee\/wp\/wp-content\/uploads\/2025\/05\/image-5.png 807w, https:\/\/kirillsats23.thkit.ee\/wp\/wp-content\/uploads\/2025\/05\/image-5-300x245.png 300w, https:\/\/kirillsats23.thkit.ee\/wp\/wp-content\/uploads\/2025\/05\/image-5-768x627.png 768w, https:\/\/kirillsats23.thkit.ee\/wp\/wp-content\/uploads\/2025\/05\/image-5-624x510.png 624w\" sizes=\"auto, (max-width: 807px) 100vw, 807px\" \/><\/figure>\n\n\n\n<figure class=\"wp-block-image size-full\"><img loading=\"lazy\" decoding=\"async\" width=\"784\" height=\"246\" src=\"https:\/\/kirillsats23.thkit.ee\/wp\/wp-content\/uploads\/2025\/05\/image-7.png\" alt=\"\" class=\"wp-image-1684\" srcset=\"https:\/\/kirillsats23.thkit.ee\/wp\/wp-content\/uploads\/2025\/05\/image-7.png 784w, https:\/\/kirillsats23.thkit.ee\/wp\/wp-content\/uploads\/2025\/05\/image-7-300x94.png 300w, https:\/\/kirillsats23.thkit.ee\/wp\/wp-content\/uploads\/2025\/05\/image-7-768x241.png 768w, https:\/\/kirillsats23.thkit.ee\/wp\/wp-content\/uploads\/2025\/05\/image-7-624x196.png 624w\" sizes=\"auto, (max-width: 784px) 100vw, 784px\" \/><\/figure>\n\n\n\n<figure class=\"wp-block-image size-full\"><img loading=\"lazy\" decoding=\"async\" width=\"799\" height=\"649\" src=\"https:\/\/kirillsats23.thkit.ee\/wp\/wp-content\/uploads\/2025\/05\/image-6.png\" alt=\"\" class=\"wp-image-1683\" srcset=\"https:\/\/kirillsats23.thkit.ee\/wp\/wp-content\/uploads\/2025\/05\/image-6.png 799w, https:\/\/kirillsats23.thkit.ee\/wp\/wp-content\/uploads\/2025\/05\/image-6-300x244.png 300w, https:\/\/kirillsats23.thkit.ee\/wp\/wp-content\/uploads\/2025\/05\/image-6-768x624.png 768w, https:\/\/kirillsats23.thkit.ee\/wp\/wp-content\/uploads\/2025\/05\/image-6-624x507.png 624w\" sizes=\"auto, (max-width: 799px) 100vw, 799px\" \/><\/figure>\n\n\n\n<p><strong>Kloneerime Bogdani repo<\/strong><\/p>\n\n\n\n<figure class=\"wp-block-image size-full\"><img loading=\"lazy\" decoding=\"async\" width=\"611\" height=\"142\" src=\"https:\/\/kirillsats23.thkit.ee\/wp\/wp-content\/uploads\/2025\/06\/image-25.png\" alt=\"\" class=\"wp-image-1729\" srcset=\"https:\/\/kirillsats23.thkit.ee\/wp\/wp-content\/uploads\/2025\/06\/image-25.png 611w, https:\/\/kirillsats23.thkit.ee\/wp\/wp-content\/uploads\/2025\/06\/image-25-300x70.png 300w\" sizes=\"auto, (max-width: 611px) 100vw, 611px\" \/><\/figure>\n\n\n\n<p><strong>Loo oma branch<\/strong>:<\/p>\n\n\n\n<figure class=\"wp-block-image size-full\"><img loading=\"lazy\" decoding=\"async\" width=\"616\" height=\"109\" src=\"https:\/\/kirillsats23.thkit.ee\/wp\/wp-content\/uploads\/2025\/06\/image-26.png\" alt=\"\" class=\"wp-image-1731\" srcset=\"https:\/\/kirillsats23.thkit.ee\/wp\/wp-content\/uploads\/2025\/06\/image-26.png 616w, https:\/\/kirillsats23.thkit.ee\/wp\/wp-content\/uploads\/2025\/06\/image-26-300x53.png 300w\" sizes=\"auto, (max-width: 616px) 100vw, 616px\" \/><\/figure>\n\n\n\n<p><strong>Parandasin \u00fclesanned, lisasin commitid, ja tegin push:<\/strong><\/p>\n\n\n\n<figure class=\"wp-block-image size-full\"><a href=\"https:\/\/kirillsats23.thkit.ee\/wp\/wp-content\/uploads\/2025\/06\/image-27.png\"><img loading=\"lazy\" decoding=\"async\" width=\"741\" height=\"441\" src=\"https:\/\/kirillsats23.thkit.ee\/wp\/wp-content\/uploads\/2025\/06\/image-27.png\" alt=\"\" class=\"wp-image-1732\" srcset=\"https:\/\/kirillsats23.thkit.ee\/wp\/wp-content\/uploads\/2025\/06\/image-27.png 741w, https:\/\/kirillsats23.thkit.ee\/wp\/wp-content\/uploads\/2025\/06\/image-27-300x179.png 300w, https:\/\/kirillsats23.thkit.ee\/wp\/wp-content\/uploads\/2025\/06\/image-27-624x371.png 624w\" sizes=\"auto, (max-width: 741px) 100vw, 741px\" \/><\/a><\/figure>\n\n\n\n<p><strong>Kontrollin Bogdani branch<\/strong>:<\/p>\n\n\n\n<figure class=\"wp-block-image size-full\"><img loading=\"lazy\" decoding=\"async\" width=\"336\" height=\"288\" src=\"https:\/\/kirillsats23.thkit.ee\/wp\/wp-content\/uploads\/2025\/06\/image-14.png\" alt=\"\" class=\"wp-image-1715\" srcset=\"https:\/\/kirillsats23.thkit.ee\/wp\/wp-content\/uploads\/2025\/06\/image-14.png 336w, https:\/\/kirillsats23.thkit.ee\/wp\/wp-content\/uploads\/2025\/06\/image-14-300x257.png 300w\" sizes=\"auto, (max-width: 336px) 100vw, 336px\" \/><\/figure>\n\n\n\n<figure class=\"wp-block-image size-large\"><a href=\"https:\/\/kirillsats23.thkit.ee\/wp\/wp-content\/uploads\/2025\/06\/image-16.png\"><img loading=\"lazy\" decoding=\"async\" width=\"1024\" height=\"289\" src=\"https:\/\/kirillsats23.thkit.ee\/wp\/wp-content\/uploads\/2025\/06\/image-16-1024x289.png\" alt=\"\" class=\"wp-image-1717\" srcset=\"https:\/\/kirillsats23.thkit.ee\/wp\/wp-content\/uploads\/2025\/06\/image-16-1024x289.png 1024w, https:\/\/kirillsats23.thkit.ee\/wp\/wp-content\/uploads\/2025\/06\/image-16-300x85.png 300w, https:\/\/kirillsats23.thkit.ee\/wp\/wp-content\/uploads\/2025\/06\/image-16-768x217.png 768w, https:\/\/kirillsats23.thkit.ee\/wp\/wp-content\/uploads\/2025\/06\/image-16-1536x434.png 1536w, https:\/\/kirillsats23.thkit.ee\/wp\/wp-content\/uploads\/2025\/06\/image-16-624x176.png 624w, https:\/\/kirillsats23.thkit.ee\/wp\/wp-content\/uploads\/2025\/06\/image-16.png 1707w\" sizes=\"auto, (max-width: 1024px) 100vw, 1024px\" \/><\/a><\/figure>\n\n\n\n<p><strong>Kokkuv\u00f5tte<\/strong>: K\u00f5ik on h\u00e4sti tehtud, k\u00f5ik t\u00f6\u00f6tab<\/p>\n","protected":false},"excerpt":{"rendered":"<p>1 SSH v\u00f5iti genereerimine kopeerime selline kood: L\u00e4hme github&#8217;isse, valime repo. Paneme kood siia: 2 \u00dclesanne koostamine ja faili loomine. Kloneerime Bogdani repo Loo oma branch: Parandasin \u00fclesanned, lisasin commitid, ja tegin push: Kontrollin Bogdani branch: Kokkuv\u00f5tte: K\u00f5ik on h\u00e4sti tehtud, k\u00f5ik t\u00f6\u00f6tab<\/p>\n","protected":false},"author":1,"featured_media":0,"parent":0,"menu_order":0,"comment_status":"closed","ping_status":"closed","template":"","meta":{"footnotes":""},"class_list":["post-1546","page","type-page","status-publish","hentry"],"yoast_head":"<!-- This site is optimized with the Yoast SEO plugin v27.3 - https:\/\/yoast.com\/product\/yoast-seo-wordpress\/ -->\n<title>SSH R\u00fchmat\u00f6\u00f6 - Kirill Sats &otilde;pimapp | portfoolio<\/title>\n<meta name=\"robots\" content=\"index, follow, max-snippet:-1, max-image-preview:large, max-video-preview:-1\" \/>\n<link rel=\"canonical\" href=\"https:\/\/kirillsats23.thkit.ee\/wp\/?page_id=1546\" \/>\n<meta property=\"og:locale\" content=\"et_EE\" \/>\n<meta property=\"og:type\" content=\"article\" \/>\n<meta property=\"og:title\" content=\"SSH R\u00fchmat\u00f6\u00f6 - Kirill Sats &otilde;pimapp | portfoolio\" \/>\n<meta property=\"og:description\" content=\"1 SSH v\u00f5iti genereerimine kopeerime selline kood: L\u00e4hme github&#8217;isse, valime repo. Paneme kood siia: 2 \u00dclesanne koostamine ja faili loomine. Kloneerime Bogdani repo Loo oma branch: Parandasin \u00fclesanned, lisasin commitid, ja tegin push: Kontrollin Bogdani branch: Kokkuv\u00f5tte: K\u00f5ik on h\u00e4sti tehtud, k\u00f5ik t\u00f6\u00f6tab\" \/>\n<meta property=\"og:url\" content=\"https:\/\/kirillsats23.thkit.ee\/wp\/?page_id=1546\" \/>\n<meta property=\"og:site_name\" content=\"Kirill Sats &otilde;pimapp | portfoolio\" \/>\n<meta property=\"article:modified_time\" content=\"2025-06-12T10:18:57+00:00\" \/>\n<meta property=\"og:image\" content=\"https:\/\/kirillsats23.thkit.ee\/wp\/wp-content\/uploads\/2025\/02\/image.png\" \/>\n\t<meta property=\"og:image:width\" content=\"614\" \/>\n\t<meta property=\"og:image:height\" content=\"429\" \/>\n\t<meta property=\"og:image:type\" content=\"image\/png\" \/>\n<meta name=\"twitter:card\" content=\"summary_large_image\" \/>\n<meta name=\"twitter:label1\" content=\"Est. reading time\" \/>\n\t<meta name=\"twitter:data1\" content=\"4 minutit\" \/>\n<script type=\"application\/ld+json\" class=\"yoast-schema-graph\">{\"@context\":\"https:\\\/\\\/schema.org\",\"@graph\":[{\"@type\":\"WebPage\",\"@id\":\"https:\\\/\\\/kirillsats23.thkit.ee\\\/wp\\\/?page_id=1546\",\"url\":\"https:\\\/\\\/kirillsats23.thkit.ee\\\/wp\\\/?page_id=1546\",\"name\":\"SSH R\u00fchmat\u00f6\u00f6 - Kirill Sats &otilde;pimapp | portfoolio\",\"isPartOf\":{\"@id\":\"https:\\\/\\\/kirillsats23.thkit.ee\\\/wp\\\/#website\"},\"primaryImageOfPage\":{\"@id\":\"https:\\\/\\\/kirillsats23.thkit.ee\\\/wp\\\/?page_id=1546#primaryimage\"},\"image\":{\"@id\":\"https:\\\/\\\/kirillsats23.thkit.ee\\\/wp\\\/?page_id=1546#primaryimage\"},\"thumbnailUrl\":\"https:\\\/\\\/kirillsats23.thkit.ee\\\/wp\\\/wp-content\\\/uploads\\\/2025\\\/02\\\/image.png\",\"datePublished\":\"2025-02-17T10:01:53+00:00\",\"dateModified\":\"2025-06-12T10:18:57+00:00\",\"breadcrumb\":{\"@id\":\"https:\\\/\\\/kirillsats23.thkit.ee\\\/wp\\\/?page_id=1546#breadcrumb\"},\"inLanguage\":\"et\",\"potentialAction\":[{\"@type\":\"ReadAction\",\"target\":[\"https:\\\/\\\/kirillsats23.thkit.ee\\\/wp\\\/?page_id=1546\"]}]},{\"@type\":\"ImageObject\",\"inLanguage\":\"et\",\"@id\":\"https:\\\/\\\/kirillsats23.thkit.ee\\\/wp\\\/?page_id=1546#primaryimage\",\"url\":\"https:\\\/\\\/kirillsats23.thkit.ee\\\/wp\\\/wp-content\\\/uploads\\\/2025\\\/02\\\/image.png\",\"contentUrl\":\"https:\\\/\\\/kirillsats23.thkit.ee\\\/wp\\\/wp-content\\\/uploads\\\/2025\\\/02\\\/image.png\",\"width\":614,\"height\":429},{\"@type\":\"BreadcrumbList\",\"@id\":\"https:\\\/\\\/kirillsats23.thkit.ee\\\/wp\\\/?page_id=1546#breadcrumb\",\"itemListElement\":[{\"@type\":\"ListItem\",\"position\":1,\"name\":\"Home\",\"item\":\"https:\\\/\\\/kirillsats23.thkit.ee\\\/wp\\\/\"},{\"@type\":\"ListItem\",\"position\":2,\"name\":\"SSH R\u00fchmat\u00f6\u00f6\"}]},{\"@type\":\"WebSite\",\"@id\":\"https:\\\/\\\/kirillsats23.thkit.ee\\\/wp\\\/#website\",\"url\":\"https:\\\/\\\/kirillsats23.thkit.ee\\\/wp\\\/\",\"name\":\"Kirill Sats &otilde;pimapp | portfoolio\",\"description\":\"Noorem Tarkvaarendaja eriala\",\"potentialAction\":[{\"@type\":\"SearchAction\",\"target\":{\"@type\":\"EntryPoint\",\"urlTemplate\":\"https:\\\/\\\/kirillsats23.thkit.ee\\\/wp\\\/?s={search_term_string}\"},\"query-input\":{\"@type\":\"PropertyValueSpecification\",\"valueRequired\":true,\"valueName\":\"search_term_string\"}}],\"inLanguage\":\"et\"}]}<\/script>\n<!-- \/ Yoast SEO plugin. -->","yoast_head_json":{"title":"SSH R\u00fchmat\u00f6\u00f6 - Kirill Sats &otilde;pimapp | portfoolio","robots":{"index":"index","follow":"follow","max-snippet":"max-snippet:-1","max-image-preview":"max-image-preview:large","max-video-preview":"max-video-preview:-1"},"canonical":"https:\/\/kirillsats23.thkit.ee\/wp\/?page_id=1546","og_locale":"et_EE","og_type":"article","og_title":"SSH R\u00fchmat\u00f6\u00f6 - Kirill Sats &otilde;pimapp | portfoolio","og_description":"1 SSH v\u00f5iti genereerimine kopeerime selline kood: L\u00e4hme github&#8217;isse, valime repo. Paneme kood siia: 2 \u00dclesanne koostamine ja faili loomine. Kloneerime Bogdani repo Loo oma branch: Parandasin \u00fclesanned, lisasin commitid, ja tegin push: Kontrollin Bogdani branch: Kokkuv\u00f5tte: K\u00f5ik on h\u00e4sti tehtud, k\u00f5ik t\u00f6\u00f6tab","og_url":"https:\/\/kirillsats23.thkit.ee\/wp\/?page_id=1546","og_site_name":"Kirill Sats &otilde;pimapp | portfoolio","article_modified_time":"2025-06-12T10:18:57+00:00","og_image":[{"width":614,"height":429,"url":"https:\/\/kirillsats23.thkit.ee\/wp\/wp-content\/uploads\/2025\/02\/image.png","type":"image\/png"}],"twitter_card":"summary_large_image","twitter_misc":{"Est. reading time":"4 minutit"},"schema":{"@context":"https:\/\/schema.org","@graph":[{"@type":"WebPage","@id":"https:\/\/kirillsats23.thkit.ee\/wp\/?page_id=1546","url":"https:\/\/kirillsats23.thkit.ee\/wp\/?page_id=1546","name":"SSH R\u00fchmat\u00f6\u00f6 - Kirill Sats &otilde;pimapp | portfoolio","isPartOf":{"@id":"https:\/\/kirillsats23.thkit.ee\/wp\/#website"},"primaryImageOfPage":{"@id":"https:\/\/kirillsats23.thkit.ee\/wp\/?page_id=1546#primaryimage"},"image":{"@id":"https:\/\/kirillsats23.thkit.ee\/wp\/?page_id=1546#primaryimage"},"thumbnailUrl":"https:\/\/kirillsats23.thkit.ee\/wp\/wp-content\/uploads\/2025\/02\/image.png","datePublished":"2025-02-17T10:01:53+00:00","dateModified":"2025-06-12T10:18:57+00:00","breadcrumb":{"@id":"https:\/\/kirillsats23.thkit.ee\/wp\/?page_id=1546#breadcrumb"},"inLanguage":"et","potentialAction":[{"@type":"ReadAction","target":["https:\/\/kirillsats23.thkit.ee\/wp\/?page_id=1546"]}]},{"@type":"ImageObject","inLanguage":"et","@id":"https:\/\/kirillsats23.thkit.ee\/wp\/?page_id=1546#primaryimage","url":"https:\/\/kirillsats23.thkit.ee\/wp\/wp-content\/uploads\/2025\/02\/image.png","contentUrl":"https:\/\/kirillsats23.thkit.ee\/wp\/wp-content\/uploads\/2025\/02\/image.png","width":614,"height":429},{"@type":"BreadcrumbList","@id":"https:\/\/kirillsats23.thkit.ee\/wp\/?page_id=1546#breadcrumb","itemListElement":[{"@type":"ListItem","position":1,"name":"Home","item":"https:\/\/kirillsats23.thkit.ee\/wp\/"},{"@type":"ListItem","position":2,"name":"SSH R\u00fchmat\u00f6\u00f6"}]},{"@type":"WebSite","@id":"https:\/\/kirillsats23.thkit.ee\/wp\/#website","url":"https:\/\/kirillsats23.thkit.ee\/wp\/","name":"Kirill Sats &otilde;pimapp | portfoolio","description":"Noorem Tarkvaarendaja eriala","potentialAction":[{"@type":"SearchAction","target":{"@type":"EntryPoint","urlTemplate":"https:\/\/kirillsats23.thkit.ee\/wp\/?s={search_term_string}"},"query-input":{"@type":"PropertyValueSpecification","valueRequired":true,"valueName":"search_term_string"}}],"inLanguage":"et"}]}},"_links":{"self":[{"href":"https:\/\/kirillsats23.thkit.ee\/wp\/index.php?rest_route=\/wp\/v2\/pages\/1546","targetHints":{"allow":["GET"]}}],"collection":[{"href":"https:\/\/kirillsats23.thkit.ee\/wp\/index.php?rest_route=\/wp\/v2\/pages"}],"about":[{"href":"https:\/\/kirillsats23.thkit.ee\/wp\/index.php?rest_route=\/wp\/v2\/types\/page"}],"author":[{"embeddable":true,"href":"https:\/\/kirillsats23.thkit.ee\/wp\/index.php?rest_route=\/wp\/v2\/users\/1"}],"replies":[{"embeddable":true,"href":"https:\/\/kirillsats23.thkit.ee\/wp\/index.php?rest_route=%2Fwp%2Fv2%2Fcomments&post=1546"}],"version-history":[{"count":8,"href":"https:\/\/kirillsats23.thkit.ee\/wp\/index.php?rest_route=\/wp\/v2\/pages\/1546\/revisions"}],"predecessor-version":[{"id":1733,"href":"https:\/\/kirillsats23.thkit.ee\/wp\/index.php?rest_route=\/wp\/v2\/pages\/1546\/revisions\/1733"}],"wp:attachment":[{"href":"https:\/\/kirillsats23.thkit.ee\/wp\/index.php?rest_route=%2Fwp%2Fv2%2Fmedia&parent=1546"}],"curies":[{"name":"wp","href":"https:\/\/api.w.org\/{rel}","templated":true}]}}