{"id":1508,"date":"2025-02-03T09:26:44","date_gmt":"2025-02-03T09:26:44","guid":{"rendered":"https:\/\/kirillsats23.thkit.ee\/wp\/?page_id=1508"},"modified":"2025-03-26T09:10:20","modified_gmt":"2025-03-26T09:10:20","slug":"jira-project","status":"publish","type":"page","link":"https:\/\/kirillsats23.thkit.ee\/wp\/?page_id=1508","title":{"rendered":"JIRA Project"},"content":{"rendered":"\n<p><a href=\"https:\/\/www.atlassian.com\/ru\/agile\/scrum\">Mis on scrum? <\/a><\/p>\n\n\n\n<p><strong>SCRUM <\/strong>\u2014 \u044d\u0442\u043e \u043c\u0435\u0442\u043e\u0434\u0438\u043a\u0430 <a href=\"https:\/\/www.atlassian.com\/ru\/agile\/project-management\">\u0433\u0438\u0431\u043a\u043e\u0433\u043e \u0443\u043f\u0440\u0430\u0432\u043b\u0435\u043d\u0438\u044f \u043f\u0440\u043e\u0435\u043a\u0442\u0430\u043c\u0438<\/a>,&nbsp;\u043a\u043e\u0442\u043e\u0440\u0430\u044f \u043f\u043e\u043c\u043e\u0433\u0430\u0435\u0442 \u043a\u043e\u043c\u0430\u043d\u0434\u0430\u043c \u0441\u0442\u0440\u0443\u043a\u0442\u0443\u0440\u0438\u0440\u043e\u0432\u0430\u0442\u044c \u0441\u0432\u043e\u044e \u0440\u0430\u0431\u043e\u0442\u0443 \u0438 \u0443\u043f\u0440\u0430\u0432\u043b\u044f\u0442\u044c \u0435\u044e \u0441 \u043f\u043e\u043c\u043e\u0449\u044c\u044e \u043d\u0430\u0431\u043e\u0440\u0430 \u0446\u0435\u043d\u043d\u043e\u0441\u0442\u0435\u0439, \u043f\u0440\u0438\u043d\u0446\u0438\u043f\u043e\u0432 \u0438 \u043f\u0440\u0430\u043a\u0442\u0438\u043a.<\/p>\n\n\n\n<p><strong>Issues <\/strong>&#8211; \u00fclesanded -t\u00f6\u00f6\u00fclesanded<\/p>\n\n\n\n<p><strong>Workflow <\/strong>&#8211; t\u00f6\u00f6voog (\u0443\u0440\u043e\u0432\u043d\u0438 \u0440\u0430\u0431\u043e\u0442\u044b)<\/p>\n\n\n\n<figure class=\"wp-block-image size-full\"><img loading=\"lazy\" decoding=\"async\" width=\"761\" height=\"327\" src=\"https:\/\/kirillsats23.thkit.ee\/wp\/wp-content\/uploads\/2025\/02\/pilt.png\" alt=\"\" class=\"wp-image-1509\" srcset=\"https:\/\/kirillsats23.thkit.ee\/wp\/wp-content\/uploads\/2025\/02\/pilt.png 761w, https:\/\/kirillsats23.thkit.ee\/wp\/wp-content\/uploads\/2025\/02\/pilt-300x129.png 300w, https:\/\/kirillsats23.thkit.ee\/wp\/wp-content\/uploads\/2025\/02\/pilt-624x268.png 624w\" sizes=\"auto, (max-width: 761px) 100vw, 761px\" \/><\/figure>\n\n\n\n<p><strong>Paarist\u00f6\u00f6<\/strong><\/p>\n\n\n\n<figure class=\"wp-block-image size-full\"><img loading=\"lazy\" decoding=\"async\" width=\"676\" height=\"628\" src=\"https:\/\/kirillsats23.thkit.ee\/wp\/wp-content\/uploads\/2025\/02\/pilt-3.png\" alt=\"\" class=\"wp-image-1515\" srcset=\"https:\/\/kirillsats23.thkit.ee\/wp\/wp-content\/uploads\/2025\/02\/pilt-3.png 676w, https:\/\/kirillsats23.thkit.ee\/wp\/wp-content\/uploads\/2025\/02\/pilt-3-300x279.png 300w, https:\/\/kirillsats23.thkit.ee\/wp\/wp-content\/uploads\/2025\/02\/pilt-3-624x580.png 624w\" sizes=\"auto, (max-width: 676px) 100vw, 676px\" \/><\/figure>\n\n\n\n<figure class=\"wp-block-image size-large\"><a href=\"https:\/\/kirillsats23.thkit.ee\/wp\/wp-content\/uploads\/2025\/02\/5838977033999337682-1.jpg\"><img loading=\"lazy\" decoding=\"async\" width=\"1024\" height=\"365\" src=\"https:\/\/kirillsats23.thkit.ee\/wp\/wp-content\/uploads\/2025\/02\/5838977033999337682-1-1024x365.jpg\" alt=\"\" class=\"wp-image-1520\" srcset=\"https:\/\/kirillsats23.thkit.ee\/wp\/wp-content\/uploads\/2025\/02\/5838977033999337682-1-1024x365.jpg 1024w, https:\/\/kirillsats23.thkit.ee\/wp\/wp-content\/uploads\/2025\/02\/5838977033999337682-1-300x107.jpg 300w, https:\/\/kirillsats23.thkit.ee\/wp\/wp-content\/uploads\/2025\/02\/5838977033999337682-1-768x274.jpg 768w, https:\/\/kirillsats23.thkit.ee\/wp\/wp-content\/uploads\/2025\/02\/5838977033999337682-1-624x222.jpg 624w, https:\/\/kirillsats23.thkit.ee\/wp\/wp-content\/uploads\/2025\/02\/5838977033999337682-1.jpg 1280w\" sizes=\"auto, (max-width: 1024px) 100vw, 1024px\" \/><\/a><\/figure>\n\n\n\n<figure class=\"wp-block-image size-large\"><a href=\"https:\/\/kirillsats23.thkit.ee\/wp\/wp-content\/uploads\/2025\/02\/5838977033999337683.jpg\"><img loading=\"lazy\" decoding=\"async\" width=\"1024\" height=\"395\" src=\"https:\/\/kirillsats23.thkit.ee\/wp\/wp-content\/uploads\/2025\/02\/5838977033999337683-1024x395.jpg\" alt=\"\" class=\"wp-image-1521\" srcset=\"https:\/\/kirillsats23.thkit.ee\/wp\/wp-content\/uploads\/2025\/02\/5838977033999337683-1024x395.jpg 1024w, https:\/\/kirillsats23.thkit.ee\/wp\/wp-content\/uploads\/2025\/02\/5838977033999337683-300x116.jpg 300w, https:\/\/kirillsats23.thkit.ee\/wp\/wp-content\/uploads\/2025\/02\/5838977033999337683-768x296.jpg 768w, https:\/\/kirillsats23.thkit.ee\/wp\/wp-content\/uploads\/2025\/02\/5838977033999337683-624x241.jpg 624w, https:\/\/kirillsats23.thkit.ee\/wp\/wp-content\/uploads\/2025\/02\/5838977033999337683.jpg 1280w\" sizes=\"auto, (max-width: 1024px) 100vw, 1024px\" \/><\/a><\/figure>\n\n\n\n<figure class=\"wp-block-image size-full\"><img loading=\"lazy\" decoding=\"async\" width=\"663\" height=\"437\" src=\"https:\/\/kirillsats23.thkit.ee\/wp\/wp-content\/uploads\/2025\/02\/pilt-5.png\" alt=\"\" class=\"wp-image-1523\" srcset=\"https:\/\/kirillsats23.thkit.ee\/wp\/wp-content\/uploads\/2025\/02\/pilt-5.png 663w, https:\/\/kirillsats23.thkit.ee\/wp\/wp-content\/uploads\/2025\/02\/pilt-5-300x198.png 300w, https:\/\/kirillsats23.thkit.ee\/wp\/wp-content\/uploads\/2025\/02\/pilt-5-624x411.png 624w\" sizes=\"auto, (max-width: 663px) 100vw, 663px\" \/><\/figure>\n\n\n\n<figure class=\"wp-block-image size-large\"><a href=\"https:\/\/kirillsats23.thkit.ee\/wp\/wp-content\/uploads\/2025\/03\/image-5.png\"><img loading=\"lazy\" decoding=\"async\" width=\"1024\" height=\"411\" src=\"https:\/\/kirillsats23.thkit.ee\/wp\/wp-content\/uploads\/2025\/03\/image-5-1024x411.png\" alt=\"\" class=\"wp-image-1621\" srcset=\"https:\/\/kirillsats23.thkit.ee\/wp\/wp-content\/uploads\/2025\/03\/image-5-1024x411.png 1024w, https:\/\/kirillsats23.thkit.ee\/wp\/wp-content\/uploads\/2025\/03\/image-5-300x120.png 300w, https:\/\/kirillsats23.thkit.ee\/wp\/wp-content\/uploads\/2025\/03\/image-5-768x308.png 768w, https:\/\/kirillsats23.thkit.ee\/wp\/wp-content\/uploads\/2025\/03\/image-5-624x250.png 624w, https:\/\/kirillsats23.thkit.ee\/wp\/wp-content\/uploads\/2025\/03\/image-5.png 1212w\" sizes=\"auto, (max-width: 1024px) 100vw, 1024px\" \/><\/a><\/figure>\n","protected":false},"excerpt":{"rendered":"<p>Mis on scrum? SCRUM \u2014 \u044d\u0442\u043e \u043c\u0435\u0442\u043e\u0434\u0438\u043a\u0430 \u0433\u0438\u0431\u043a\u043e\u0433\u043e \u0443\u043f\u0440\u0430\u0432\u043b\u0435\u043d\u0438\u044f \u043f\u0440\u043e\u0435\u043a\u0442\u0430\u043c\u0438,&nbsp;\u043a\u043e\u0442\u043e\u0440\u0430\u044f \u043f\u043e\u043c\u043e\u0433\u0430\u0435\u0442 \u043a\u043e\u043c\u0430\u043d\u0434\u0430\u043c \u0441\u0442\u0440\u0443\u043a\u0442\u0443\u0440\u0438\u0440\u043e\u0432\u0430\u0442\u044c \u0441\u0432\u043e\u044e \u0440\u0430\u0431\u043e\u0442\u0443 \u0438 \u0443\u043f\u0440\u0430\u0432\u043b\u044f\u0442\u044c \u0435\u044e \u0441 \u043f\u043e\u043c\u043e\u0449\u044c\u044e \u043d\u0430\u0431\u043e\u0440\u0430 \u0446\u0435\u043d\u043d\u043e\u0441\u0442\u0435\u0439, \u043f\u0440\u0438\u043d\u0446\u0438\u043f\u043e\u0432 \u0438 \u043f\u0440\u0430\u043a\u0442\u0438\u043a. Issues &#8211; \u00fclesanded -t\u00f6\u00f6\u00fclesanded Workflow &#8211; t\u00f6\u00f6voog (\u0443\u0440\u043e\u0432\u043d\u0438 \u0440\u0430\u0431\u043e\u0442\u044b) Paarist\u00f6\u00f6<\/p>\n","protected":false},"author":1,"featured_media":0,"parent":0,"menu_order":0,"comment_status":"closed","ping_status":"closed","template":"","meta":{"footnotes":""},"class_list":["post-1508","page","type-page","status-publish","hentry"],"yoast_head":"<!-- This site is optimized with the Yoast SEO plugin v27.3 - https:\/\/yoast.com\/product\/yoast-seo-wordpress\/ -->\n<title>JIRA Project - Kirill Sats &otilde;pimapp | portfoolio<\/title>\n<meta name=\"robots\" content=\"index, follow, max-snippet:-1, max-image-preview:large, max-video-preview:-1\" \/>\n<link rel=\"canonical\" href=\"https:\/\/kirillsats23.thkit.ee\/wp\/?page_id=1508\" \/>\n<meta property=\"og:locale\" content=\"et_EE\" \/>\n<meta property=\"og:type\" content=\"article\" \/>\n<meta property=\"og:title\" content=\"JIRA Project - Kirill Sats &otilde;pimapp | portfoolio\" \/>\n<meta property=\"og:description\" content=\"Mis on scrum? SCRUM \u2014 \u044d\u0442\u043e \u043c\u0435\u0442\u043e\u0434\u0438\u043a\u0430 \u0433\u0438\u0431\u043a\u043e\u0433\u043e \u0443\u043f\u0440\u0430\u0432\u043b\u0435\u043d\u0438\u044f \u043f\u0440\u043e\u0435\u043a\u0442\u0430\u043c\u0438,&nbsp;\u043a\u043e\u0442\u043e\u0440\u0430\u044f \u043f\u043e\u043c\u043e\u0433\u0430\u0435\u0442 \u043a\u043e\u043c\u0430\u043d\u0434\u0430\u043c \u0441\u0442\u0440\u0443\u043a\u0442\u0443\u0440\u0438\u0440\u043e\u0432\u0430\u0442\u044c \u0441\u0432\u043e\u044e \u0440\u0430\u0431\u043e\u0442\u0443 \u0438 \u0443\u043f\u0440\u0430\u0432\u043b\u044f\u0442\u044c \u0435\u044e \u0441 \u043f\u043e\u043c\u043e\u0449\u044c\u044e \u043d\u0430\u0431\u043e\u0440\u0430 \u0446\u0435\u043d\u043d\u043e\u0441\u0442\u0435\u0439, \u043f\u0440\u0438\u043d\u0446\u0438\u043f\u043e\u0432 \u0438 \u043f\u0440\u0430\u043a\u0442\u0438\u043a. Issues &#8211; \u00fclesanded -t\u00f6\u00f6\u00fclesanded Workflow &#8211; t\u00f6\u00f6voog (\u0443\u0440\u043e\u0432\u043d\u0438 \u0440\u0430\u0431\u043e\u0442\u044b) Paarist\u00f6\u00f6\" \/>\n<meta property=\"og:url\" content=\"https:\/\/kirillsats23.thkit.ee\/wp\/?page_id=1508\" \/>\n<meta property=\"og:site_name\" content=\"Kirill Sats &otilde;pimapp | portfoolio\" \/>\n<meta property=\"article:modified_time\" content=\"2025-03-26T09:10:20+00:00\" \/>\n<meta property=\"og:image\" content=\"https:\/\/kirillsats23.thkit.ee\/wp\/wp-content\/uploads\/2025\/02\/pilt.png\" \/>\n\t<meta property=\"og:image:width\" content=\"761\" \/>\n\t<meta property=\"og:image:height\" content=\"327\" \/>\n\t<meta property=\"og:image:type\" content=\"image\/png\" \/>\n<meta name=\"twitter:card\" content=\"summary_large_image\" \/>\n<meta name=\"twitter:label1\" content=\"Est. reading time\" \/>\n\t<meta name=\"twitter:data1\" content=\"2 minutit\" \/>\n<script type=\"application\/ld+json\" class=\"yoast-schema-graph\">{\"@context\":\"https:\\\/\\\/schema.org\",\"@graph\":[{\"@type\":\"WebPage\",\"@id\":\"https:\\\/\\\/kirillsats23.thkit.ee\\\/wp\\\/?page_id=1508\",\"url\":\"https:\\\/\\\/kirillsats23.thkit.ee\\\/wp\\\/?page_id=1508\",\"name\":\"JIRA Project - Kirill Sats &otilde;pimapp | portfoolio\",\"isPartOf\":{\"@id\":\"https:\\\/\\\/kirillsats23.thkit.ee\\\/wp\\\/#website\"},\"primaryImageOfPage\":{\"@id\":\"https:\\\/\\\/kirillsats23.thkit.ee\\\/wp\\\/?page_id=1508#primaryimage\"},\"image\":{\"@id\":\"https:\\\/\\\/kirillsats23.thkit.ee\\\/wp\\\/?page_id=1508#primaryimage\"},\"thumbnailUrl\":\"https:\\\/\\\/kirillsats23.thkit.ee\\\/wp\\\/wp-content\\\/uploads\\\/2025\\\/02\\\/pilt.png\",\"datePublished\":\"2025-02-03T09:26:44+00:00\",\"dateModified\":\"2025-03-26T09:10:20+00:00\",\"breadcrumb\":{\"@id\":\"https:\\\/\\\/kirillsats23.thkit.ee\\\/wp\\\/?page_id=1508#breadcrumb\"},\"inLanguage\":\"et\",\"potentialAction\":[{\"@type\":\"ReadAction\",\"target\":[\"https:\\\/\\\/kirillsats23.thkit.ee\\\/wp\\\/?page_id=1508\"]}]},{\"@type\":\"ImageObject\",\"inLanguage\":\"et\",\"@id\":\"https:\\\/\\\/kirillsats23.thkit.ee\\\/wp\\\/?page_id=1508#primaryimage\",\"url\":\"https:\\\/\\\/kirillsats23.thkit.ee\\\/wp\\\/wp-content\\\/uploads\\\/2025\\\/02\\\/pilt.png\",\"contentUrl\":\"https:\\\/\\\/kirillsats23.thkit.ee\\\/wp\\\/wp-content\\\/uploads\\\/2025\\\/02\\\/pilt.png\",\"width\":761,\"height\":327},{\"@type\":\"BreadcrumbList\",\"@id\":\"https:\\\/\\\/kirillsats23.thkit.ee\\\/wp\\\/?page_id=1508#breadcrumb\",\"itemListElement\":[{\"@type\":\"ListItem\",\"position\":1,\"name\":\"Home\",\"item\":\"https:\\\/\\\/kirillsats23.thkit.ee\\\/wp\\\/\"},{\"@type\":\"ListItem\",\"position\":2,\"name\":\"JIRA Project\"}]},{\"@type\":\"WebSite\",\"@id\":\"https:\\\/\\\/kirillsats23.thkit.ee\\\/wp\\\/#website\",\"url\":\"https:\\\/\\\/kirillsats23.thkit.ee\\\/wp\\\/\",\"name\":\"Kirill Sats &otilde;pimapp | portfoolio\",\"description\":\"Noorem Tarkvaarendaja eriala\",\"potentialAction\":[{\"@type\":\"SearchAction\",\"target\":{\"@type\":\"EntryPoint\",\"urlTemplate\":\"https:\\\/\\\/kirillsats23.thkit.ee\\\/wp\\\/?s={search_term_string}\"},\"query-input\":{\"@type\":\"PropertyValueSpecification\",\"valueRequired\":true,\"valueName\":\"search_term_string\"}}],\"inLanguage\":\"et\"}]}<\/script>\n<!-- \/ Yoast SEO plugin. -->","yoast_head_json":{"title":"JIRA Project - Kirill Sats &otilde;pimapp | portfoolio","robots":{"index":"index","follow":"follow","max-snippet":"max-snippet:-1","max-image-preview":"max-image-preview:large","max-video-preview":"max-video-preview:-1"},"canonical":"https:\/\/kirillsats23.thkit.ee\/wp\/?page_id=1508","og_locale":"et_EE","og_type":"article","og_title":"JIRA Project - Kirill Sats &otilde;pimapp | portfoolio","og_description":"Mis on scrum? SCRUM \u2014 \u044d\u0442\u043e \u043c\u0435\u0442\u043e\u0434\u0438\u043a\u0430 \u0433\u0438\u0431\u043a\u043e\u0433\u043e \u0443\u043f\u0440\u0430\u0432\u043b\u0435\u043d\u0438\u044f \u043f\u0440\u043e\u0435\u043a\u0442\u0430\u043c\u0438,&nbsp;\u043a\u043e\u0442\u043e\u0440\u0430\u044f \u043f\u043e\u043c\u043e\u0433\u0430\u0435\u0442 \u043a\u043e\u043c\u0430\u043d\u0434\u0430\u043c \u0441\u0442\u0440\u0443\u043a\u0442\u0443\u0440\u0438\u0440\u043e\u0432\u0430\u0442\u044c \u0441\u0432\u043e\u044e \u0440\u0430\u0431\u043e\u0442\u0443 \u0438 \u0443\u043f\u0440\u0430\u0432\u043b\u044f\u0442\u044c \u0435\u044e \u0441 \u043f\u043e\u043c\u043e\u0449\u044c\u044e \u043d\u0430\u0431\u043e\u0440\u0430 \u0446\u0435\u043d\u043d\u043e\u0441\u0442\u0435\u0439, \u043f\u0440\u0438\u043d\u0446\u0438\u043f\u043e\u0432 \u0438 \u043f\u0440\u0430\u043a\u0442\u0438\u043a. Issues &#8211; \u00fclesanded -t\u00f6\u00f6\u00fclesanded Workflow &#8211; t\u00f6\u00f6voog (\u0443\u0440\u043e\u0432\u043d\u0438 \u0440\u0430\u0431\u043e\u0442\u044b) Paarist\u00f6\u00f6","og_url":"https:\/\/kirillsats23.thkit.ee\/wp\/?page_id=1508","og_site_name":"Kirill Sats &otilde;pimapp | portfoolio","article_modified_time":"2025-03-26T09:10:20+00:00","og_image":[{"width":761,"height":327,"url":"https:\/\/kirillsats23.thkit.ee\/wp\/wp-content\/uploads\/2025\/02\/pilt.png","type":"image\/png"}],"twitter_card":"summary_large_image","twitter_misc":{"Est. reading time":"2 minutit"},"schema":{"@context":"https:\/\/schema.org","@graph":[{"@type":"WebPage","@id":"https:\/\/kirillsats23.thkit.ee\/wp\/?page_id=1508","url":"https:\/\/kirillsats23.thkit.ee\/wp\/?page_id=1508","name":"JIRA Project - Kirill Sats &otilde;pimapp | portfoolio","isPartOf":{"@id":"https:\/\/kirillsats23.thkit.ee\/wp\/#website"},"primaryImageOfPage":{"@id":"https:\/\/kirillsats23.thkit.ee\/wp\/?page_id=1508#primaryimage"},"image":{"@id":"https:\/\/kirillsats23.thkit.ee\/wp\/?page_id=1508#primaryimage"},"thumbnailUrl":"https:\/\/kirillsats23.thkit.ee\/wp\/wp-content\/uploads\/2025\/02\/pilt.png","datePublished":"2025-02-03T09:26:44+00:00","dateModified":"2025-03-26T09:10:20+00:00","breadcrumb":{"@id":"https:\/\/kirillsats23.thkit.ee\/wp\/?page_id=1508#breadcrumb"},"inLanguage":"et","potentialAction":[{"@type":"ReadAction","target":["https:\/\/kirillsats23.thkit.ee\/wp\/?page_id=1508"]}]},{"@type":"ImageObject","inLanguage":"et","@id":"https:\/\/kirillsats23.thkit.ee\/wp\/?page_id=1508#primaryimage","url":"https:\/\/kirillsats23.thkit.ee\/wp\/wp-content\/uploads\/2025\/02\/pilt.png","contentUrl":"https:\/\/kirillsats23.thkit.ee\/wp\/wp-content\/uploads\/2025\/02\/pilt.png","width":761,"height":327},{"@type":"BreadcrumbList","@id":"https:\/\/kirillsats23.thkit.ee\/wp\/?page_id=1508#breadcrumb","itemListElement":[{"@type":"ListItem","position":1,"name":"Home","item":"https:\/\/kirillsats23.thkit.ee\/wp\/"},{"@type":"ListItem","position":2,"name":"JIRA Project"}]},{"@type":"WebSite","@id":"https:\/\/kirillsats23.thkit.ee\/wp\/#website","url":"https:\/\/kirillsats23.thkit.ee\/wp\/","name":"Kirill Sats &otilde;pimapp | portfoolio","description":"Noorem Tarkvaarendaja eriala","potentialAction":[{"@type":"SearchAction","target":{"@type":"EntryPoint","urlTemplate":"https:\/\/kirillsats23.thkit.ee\/wp\/?s={search_term_string}"},"query-input":{"@type":"PropertyValueSpecification","valueRequired":true,"valueName":"search_term_string"}}],"inLanguage":"et"}]}},"_links":{"self":[{"href":"https:\/\/kirillsats23.thkit.ee\/wp\/index.php?rest_route=\/wp\/v2\/pages\/1508","targetHints":{"allow":["GET"]}}],"collection":[{"href":"https:\/\/kirillsats23.thkit.ee\/wp\/index.php?rest_route=\/wp\/v2\/pages"}],"about":[{"href":"https:\/\/kirillsats23.thkit.ee\/wp\/index.php?rest_route=\/wp\/v2\/types\/page"}],"author":[{"embeddable":true,"href":"https:\/\/kirillsats23.thkit.ee\/wp\/index.php?rest_route=\/wp\/v2\/users\/1"}],"replies":[{"embeddable":true,"href":"https:\/\/kirillsats23.thkit.ee\/wp\/index.php?rest_route=%2Fwp%2Fv2%2Fcomments&post=1508"}],"version-history":[{"count":7,"href":"https:\/\/kirillsats23.thkit.ee\/wp\/index.php?rest_route=\/wp\/v2\/pages\/1508\/revisions"}],"predecessor-version":[{"id":1625,"href":"https:\/\/kirillsats23.thkit.ee\/wp\/index.php?rest_route=\/wp\/v2\/pages\/1508\/revisions\/1625"}],"wp:attachment":[{"href":"https:\/\/kirillsats23.thkit.ee\/wp\/index.php?rest_route=%2Fwp%2Fv2%2Fmedia&parent=1508"}],"curies":[{"name":"wp","href":"https:\/\/api.w.org\/{rel}","templated":true}]}}