{"id":1466,"date":"2025-01-27T07:33:16","date_gmt":"2025-01-27T07:33:16","guid":{"rendered":"https:\/\/kirillsats23.thkit.ee\/wp\/?page_id=1466"},"modified":"2025-02-05T11:21:28","modified_gmt":"2025-02-05T11:21:28","slug":"projektijuhtimine","status":"publish","type":"page","link":"https:\/\/kirillsats23.thkit.ee\/wp\/?page_id=1466","title":{"rendered":"Projektijuhtimine"},"content":{"rendered":"\n<ul class=\"wp-block-list\">\n<li><strong>Projekt <\/strong>&#8211; on mingi tegevus piiratatud ajaga. Projektis pidi olema eesm\u00e4rk, plaan, ressursid.<\/li>\n\n\n\n<li><strong>Mis on projekt?<\/strong><\/li>\n\n\n\n<li>mingi tegevus, millel on:<\/li>\n\n\n\n<li>konkreetne eesm\u00e4rk<\/li>\n\n\n\n<li>algusest l\u00f5puni &#8211; ajaline piirang<\/li>\n\n\n\n<li>ressursid &#8211; inimressurss, rahaline ressurss<\/li>\n<\/ul>\n\n\n\n<p><strong>IT -projekt<\/strong><\/p>\n\n\n\n<figure class=\"wp-block-table is-style-regular\"><table class=\"has-fixed-layout\"><tbody><tr><td><\/td><td><strong>IT projekt<\/strong><\/td><td><strong>\u00c4ri-projekt<\/strong><\/td><\/tr><tr><td><strong>Erinevused:<\/strong><\/td><td>eesm\u00e4rgid ja plaad muutuvad projekti k\u00e4igus<\/td><td>l\u00e4hte (\u0438\u0441\u0445\u043e\u0434\u043d\u043e\u0435) \u00fclesanne on selge ja konkreetne<\/td><\/tr><tr><td><\/td><td>raske hinnata projekti riskid<\/td><td>konkreetsed riskid mis saab m\u00f5\u00f5ta (\u043e\u0446\u0435\u043d\u0438\u0442\u044c)<\/td><\/tr><tr><td><\/td><td>Raske n\u00e4idata kliendile projekti ettekujutus<\/td><td>T\u00e4pne kujutis on olemas<\/td><\/tr><tr><td><strong>Tulemus\/v\u00e4ljund:<\/strong><\/td><td>mittematerjaline v\u00e4\u00e4rtus  <\/td><td>materjaline v\u00e4\u00e4rtus<\/td><\/tr><\/tbody><\/table><\/figure>\n\n\n\n<p><strong>Eesm\u00e4rgi juhtimine<\/strong>&nbsp;peab andma selge vastuse k\u00fcsimusele, mida peab tegema v\u00f5i kuhu tuleb antud projekti jooksul v\u00e4lja j\u00f5uda. See ei ole \u00fchekordne tegevus projekti k\u00e4ivitamisel vaid eesm\u00e4rgi juhtimisega tuleb tegeleda kogu projekti jooksul. Eriti oluline on see IT arendusprojektide korral, kus sageli juhtub see, et esialgne eesm\u00e4rk kipub silmist kaduma.<\/p>\n\n\n\n<p><strong>Aja juhtimine<\/strong>&nbsp;peab andma vastuse k\u00fcsimustele, mis j\u00e4rjekorras tuleb t\u00f6id teha ja mis ajal tuleb mingit t\u00f6\u00f6d teha. Need on k\u00f5ikide projektide korral kriitilised k\u00fcsimused, mis m\u00e4\u00e4ravad suuresti kogu projekti edukuse.<\/p>\n\n\n\n<p><strong>Kvaliteedi juhtimine<\/strong>&nbsp;peab tagama vahe- ja l\u00f5pptulemuste vastavuse kehtestatud n\u00f5uetele. Ilma kvaliteedi juhtimiseta ei ole v\u00f5imalik j\u00f5uda tellijat rahuldava l\u00f5pptulemini.<\/p>\n\n\n\n<p><strong>Kulude juhtimine<\/strong>&nbsp;peab projekti alguses v\u00e4lja tooma selle, kui palju t\u00f6\u00f6 ja muud ressursid maksavad. Projekti k\u00e4igus peab aga kulude juhtimine tagama pideva \u00fclevaate sellest, kui palju on projektis kulutatud ja kui palju veel on vaja tulemini j\u00f5udmiseks kulutusi teha.<\/p>\n\n\n\n<p><strong>Inimeste juhtimine<\/strong>&nbsp;peab kavandamise etapis n\u00e4itama, kui palju ja milliseid inimesi on projekti elluviimiseks vaja. Projekti k\u00e4igus on aga vaja tegeleda inimeste motiveerimisega, informeerimisega, konfliktide k\u00e4sitlemisega, tegevuste kontrollimisega jms..<\/p>\n\n\n\n<p><strong>Infovahetuse juhtimine<\/strong>&nbsp;peab m\u00e4\u00e4ratlema, kellega millise info vahetust peab korraldama.<\/p>\n\n\n\n<p><strong>Riskijuhtimine<\/strong>&nbsp;peab tagama pideva \u00fclevaate sellest, milline on projektiga seotud m\u00e4\u00e4ramatuse aste ja millised faktorid v\u00f5ivad ohustada projekti eesm\u00e4rgi saavutamist.<\/p>\n\n\n\n<p><strong>Allhangete juhtimine<\/strong>&nbsp;peab tagama \u00f5iged kokkulepped \u00f5igel ajal ja \u00f5igete allhankijatega ning katma k\u00f5ik allhanket\u00f6\u00f6d korrektsete lepingutega.<strong>Seoste juhtimise<\/strong>&nbsp;korral on tegemist seostega nii projektis eneses kui ka projektiv\u00e4liste seostega. Erinevate seoste (rahaline, ajaline, vahenditega seotud seosed jms) arvestamata j\u00e4tmine on ohtlik, sest see v\u00f5ib viia projekti eba\u00f5nnestumiseni.<\/p>\n\n\n\n<p><strong>GANTTI DIAGRAMM<\/strong><\/p>\n\n\n\n<p><strong>Gantti diagramm<\/strong>&nbsp;on t\u00f6\u00f6riist, mis koosneb tegevusnimestikust ja tegevusi visualiseerivast graafikust ning v\u00f5imaldab kasutajal modelleerida projekti teostamiseks vajalikke \u00fclesandeid (kavandamine, koordineerimine ja j\u00e4lgimine).<\/p>\n\n\n\n<figure class=\"wp-block-image size-large\"><a href=\"https:\/\/kirillsats23.thkit.ee\/wp\/wp-content\/uploads\/2025\/01\/GANTI_DIAGRAMM.png\"><img loading=\"lazy\" decoding=\"async\" width=\"1024\" height=\"316\" src=\"https:\/\/kirillsats23.thkit.ee\/wp\/wp-content\/uploads\/2025\/01\/GANTI_DIAGRAMM-1024x316.png\" alt=\"\" class=\"wp-image-1482\" srcset=\"https:\/\/kirillsats23.thkit.ee\/wp\/wp-content\/uploads\/2025\/01\/GANTI_DIAGRAMM-1024x316.png 1024w, https:\/\/kirillsats23.thkit.ee\/wp\/wp-content\/uploads\/2025\/01\/GANTI_DIAGRAMM-300x92.png 300w, https:\/\/kirillsats23.thkit.ee\/wp\/wp-content\/uploads\/2025\/01\/GANTI_DIAGRAMM-768x237.png 768w, https:\/\/kirillsats23.thkit.ee\/wp\/wp-content\/uploads\/2025\/01\/GANTI_DIAGRAMM-624x192.png 624w, https:\/\/kirillsats23.thkit.ee\/wp\/wp-content\/uploads\/2025\/01\/GANTI_DIAGRAMM.png 1466w\" sizes=\"auto, (max-width: 1024px) 100vw, 1024px\" \/><\/a><\/figure>\n\n\n\n<p><strong>TEST<\/strong><\/p>\n\n\n\n<figure class=\"wp-block-image size-large\"><a href=\"https:\/\/kirillsats23.thkit.ee\/wp\/wp-content\/uploads\/2025\/01\/image-1.png\"><img loading=\"lazy\" decoding=\"async\" width=\"1024\" height=\"575\" src=\"https:\/\/kirillsats23.thkit.ee\/wp\/wp-content\/uploads\/2025\/01\/image-1-1024x575.png\" alt=\"\" class=\"wp-image-1486\" srcset=\"https:\/\/kirillsats23.thkit.ee\/wp\/wp-content\/uploads\/2025\/01\/image-1-1024x575.png 1024w, https:\/\/kirillsats23.thkit.ee\/wp\/wp-content\/uploads\/2025\/01\/image-1-300x169.png 300w, https:\/\/kirillsats23.thkit.ee\/wp\/wp-content\/uploads\/2025\/01\/image-1-768x431.png 768w, https:\/\/kirillsats23.thkit.ee\/wp\/wp-content\/uploads\/2025\/01\/image-1-624x351.png 624w, https:\/\/kirillsats23.thkit.ee\/wp\/wp-content\/uploads\/2025\/01\/image-1.png 1116w\" sizes=\"auto, (max-width: 1024px) 100vw, 1024px\" \/><\/a><\/figure>\n\n\n\n<figure class=\"wp-block-image size-large\"><a href=\"https:\/\/kirillsats23.thkit.ee\/wp\/wp-content\/uploads\/2025\/01\/image-2.png\"><img loading=\"lazy\" decoding=\"async\" width=\"1024\" height=\"589\" src=\"https:\/\/kirillsats23.thkit.ee\/wp\/wp-content\/uploads\/2025\/01\/image-2-1024x589.png\" alt=\"\" class=\"wp-image-1487\" srcset=\"https:\/\/kirillsats23.thkit.ee\/wp\/wp-content\/uploads\/2025\/01\/image-2-1024x589.png 1024w, https:\/\/kirillsats23.thkit.ee\/wp\/wp-content\/uploads\/2025\/01\/image-2-300x172.png 300w, https:\/\/kirillsats23.thkit.ee\/wp\/wp-content\/uploads\/2025\/01\/image-2-768x441.png 768w, https:\/\/kirillsats23.thkit.ee\/wp\/wp-content\/uploads\/2025\/01\/image-2-624x359.png 624w, https:\/\/kirillsats23.thkit.ee\/wp\/wp-content\/uploads\/2025\/01\/image-2.png 1117w\" sizes=\"auto, (max-width: 1024px) 100vw, 1024px\" \/><\/a><\/figure>\n\n\n\n<figure class=\"wp-block-image size-large\"><a href=\"https:\/\/kirillsats23.thkit.ee\/wp\/wp-content\/uploads\/2025\/01\/image-3.png\"><img loading=\"lazy\" decoding=\"async\" width=\"1024\" height=\"603\" src=\"https:\/\/kirillsats23.thkit.ee\/wp\/wp-content\/uploads\/2025\/01\/image-3-1024x603.png\" alt=\"\" class=\"wp-image-1489\" srcset=\"https:\/\/kirillsats23.thkit.ee\/wp\/wp-content\/uploads\/2025\/01\/image-3-1024x603.png 1024w, https:\/\/kirillsats23.thkit.ee\/wp\/wp-content\/uploads\/2025\/01\/image-3-300x177.png 300w, https:\/\/kirillsats23.thkit.ee\/wp\/wp-content\/uploads\/2025\/01\/image-3-768x453.png 768w, https:\/\/kirillsats23.thkit.ee\/wp\/wp-content\/uploads\/2025\/01\/image-3-624x368.png 624w, https:\/\/kirillsats23.thkit.ee\/wp\/wp-content\/uploads\/2025\/01\/image-3.png 1086w\" sizes=\"auto, (max-width: 1024px) 100vw, 1024px\" \/><\/a><\/figure>\n\n\n\n<figure class=\"wp-block-image size-full\"><a href=\"https:\/\/kirillsats23.thkit.ee\/wp\/wp-content\/uploads\/2025\/01\/image-4.png\"><img loading=\"lazy\" decoding=\"async\" width=\"876\" height=\"820\" src=\"https:\/\/kirillsats23.thkit.ee\/wp\/wp-content\/uploads\/2025\/01\/image-4.png\" alt=\"\" class=\"wp-image-1490\" srcset=\"https:\/\/kirillsats23.thkit.ee\/wp\/wp-content\/uploads\/2025\/01\/image-4.png 876w, https:\/\/kirillsats23.thkit.ee\/wp\/wp-content\/uploads\/2025\/01\/image-4-300x281.png 300w, https:\/\/kirillsats23.thkit.ee\/wp\/wp-content\/uploads\/2025\/01\/image-4-768x719.png 768w, https:\/\/kirillsats23.thkit.ee\/wp\/wp-content\/uploads\/2025\/01\/image-4-624x584.png 624w\" sizes=\"auto, (max-width: 876px) 100vw, 876px\" \/><\/a><\/figure>\n\n\n\n<p>Allikas: <a href=\"https:\/\/eopearhiiv.edu.ee\/e-kursused\/eucip\/juhtimine_vk\/51___.html\">projektijuhtimine<\/a><\/p>\n\n\n\n<p><strong>TEST:<\/strong><\/p>\n\n\n<div class = \"hdq_quiz_wrapper\"><a href = \"https:\/\/kirillsats23.thkit.ee\/wp\/?page_id=1466\" rel=\"noamphtml\" class = \"hdq_quiz_start hdq_button button\" role = \"button\">QUIZ START<\/a><\/div>","protected":false},"excerpt":{"rendered":"<p>IT -projekt IT projekt \u00c4ri-projekt Erinevused: eesm\u00e4rgid ja plaad muutuvad projekti k\u00e4igus l\u00e4hte (\u0438\u0441\u0445\u043e\u0434\u043d\u043e\u0435) \u00fclesanne on selge ja konkreetne raske hinnata projekti riskid konkreetsed riskid mis saab m\u00f5\u00f5ta (\u043e\u0446\u0435\u043d\u0438\u0442\u044c) Raske n\u00e4idata kliendile projekti ettekujutus T\u00e4pne kujutis on olemas Tulemus\/v\u00e4ljund: mittematerjaline v\u00e4\u00e4rtus materjaline v\u00e4\u00e4rtus Eesm\u00e4rgi juhtimine&nbsp;peab andma selge vastuse k\u00fcsimusele, mida peab tegema v\u00f5i kuhu tuleb [&hellip;]<\/p>\n","protected":false},"author":1,"featured_media":0,"parent":0,"menu_order":0,"comment_status":"closed","ping_status":"closed","template":"","meta":{"footnotes":""},"class_list":["post-1466","page","type-page","status-publish","hentry"],"yoast_head":"<!-- This site is optimized with the Yoast SEO plugin v27.3 - https:\/\/yoast.com\/product\/yoast-seo-wordpress\/ -->\n<title>Projektijuhtimine - Kirill Sats &otilde;pimapp | portfoolio<\/title>\n<meta name=\"robots\" content=\"index, follow, max-snippet:-1, max-image-preview:large, max-video-preview:-1\" \/>\n<link rel=\"canonical\" href=\"https:\/\/kirillsats23.thkit.ee\/wp\/?page_id=1466\" \/>\n<meta property=\"og:locale\" content=\"et_EE\" \/>\n<meta property=\"og:type\" content=\"article\" \/>\n<meta property=\"og:title\" content=\"Projektijuhtimine - Kirill Sats &otilde;pimapp | portfoolio\" \/>\n<meta property=\"og:description\" content=\"IT -projekt IT projekt \u00c4ri-projekt Erinevused: eesm\u00e4rgid ja plaad muutuvad projekti k\u00e4igus l\u00e4hte (\u0438\u0441\u0445\u043e\u0434\u043d\u043e\u0435) \u00fclesanne on selge ja konkreetne raske hinnata projekti riskid konkreetsed riskid mis saab m\u00f5\u00f5ta (\u043e\u0446\u0435\u043d\u0438\u0442\u044c) Raske n\u00e4idata kliendile projekti ettekujutus T\u00e4pne kujutis on olemas Tulemus\/v\u00e4ljund: mittematerjaline v\u00e4\u00e4rtus materjaline v\u00e4\u00e4rtus Eesm\u00e4rgi juhtimine&nbsp;peab andma selge vastuse k\u00fcsimusele, mida peab tegema v\u00f5i kuhu tuleb [&hellip;]\" \/>\n<meta property=\"og:url\" content=\"https:\/\/kirillsats23.thkit.ee\/wp\/?page_id=1466\" \/>\n<meta property=\"og:site_name\" content=\"Kirill Sats &otilde;pimapp | portfoolio\" \/>\n<meta property=\"article:modified_time\" content=\"2025-02-05T11:21:28+00:00\" \/>\n<meta property=\"og:image\" content=\"https:\/\/kirillsats23.thkit.ee\/wp\/wp-content\/uploads\/2025\/01\/GANTI_DIAGRAMM.png\" \/>\n\t<meta property=\"og:image:width\" content=\"1466\" \/>\n\t<meta property=\"og:image:height\" content=\"452\" \/>\n\t<meta property=\"og:image:type\" content=\"image\/png\" \/>\n<meta name=\"twitter:card\" content=\"summary_large_image\" \/>\n<meta name=\"twitter:label1\" content=\"Est. reading time\" \/>\n\t<meta name=\"twitter:data1\" content=\"3 minutit\" \/>\n<script type=\"application\/ld+json\" class=\"yoast-schema-graph\">{\"@context\":\"https:\\\/\\\/schema.org\",\"@graph\":[{\"@type\":\"WebPage\",\"@id\":\"https:\\\/\\\/kirillsats23.thkit.ee\\\/wp\\\/?page_id=1466\",\"url\":\"https:\\\/\\\/kirillsats23.thkit.ee\\\/wp\\\/?page_id=1466\",\"name\":\"Projektijuhtimine - Kirill Sats &otilde;pimapp | portfoolio\",\"isPartOf\":{\"@id\":\"https:\\\/\\\/kirillsats23.thkit.ee\\\/wp\\\/#website\"},\"primaryImageOfPage\":{\"@id\":\"https:\\\/\\\/kirillsats23.thkit.ee\\\/wp\\\/?page_id=1466#primaryimage\"},\"image\":{\"@id\":\"https:\\\/\\\/kirillsats23.thkit.ee\\\/wp\\\/?page_id=1466#primaryimage\"},\"thumbnailUrl\":\"https:\\\/\\\/kirillsats23.thkit.ee\\\/wp\\\/wp-content\\\/uploads\\\/2025\\\/01\\\/GANTI_DIAGRAMM-1024x316.png\",\"datePublished\":\"2025-01-27T07:33:16+00:00\",\"dateModified\":\"2025-02-05T11:21:28+00:00\",\"breadcrumb\":{\"@id\":\"https:\\\/\\\/kirillsats23.thkit.ee\\\/wp\\\/?page_id=1466#breadcrumb\"},\"inLanguage\":\"et\",\"potentialAction\":[{\"@type\":\"ReadAction\",\"target\":[\"https:\\\/\\\/kirillsats23.thkit.ee\\\/wp\\\/?page_id=1466\"]}]},{\"@type\":\"ImageObject\",\"inLanguage\":\"et\",\"@id\":\"https:\\\/\\\/kirillsats23.thkit.ee\\\/wp\\\/?page_id=1466#primaryimage\",\"url\":\"https:\\\/\\\/kirillsats23.thkit.ee\\\/wp\\\/wp-content\\\/uploads\\\/2025\\\/01\\\/GANTI_DIAGRAMM.png\",\"contentUrl\":\"https:\\\/\\\/kirillsats23.thkit.ee\\\/wp\\\/wp-content\\\/uploads\\\/2025\\\/01\\\/GANTI_DIAGRAMM.png\",\"width\":1466,\"height\":452},{\"@type\":\"BreadcrumbList\",\"@id\":\"https:\\\/\\\/kirillsats23.thkit.ee\\\/wp\\\/?page_id=1466#breadcrumb\",\"itemListElement\":[{\"@type\":\"ListItem\",\"position\":1,\"name\":\"Home\",\"item\":\"https:\\\/\\\/kirillsats23.thkit.ee\\\/wp\\\/\"},{\"@type\":\"ListItem\",\"position\":2,\"name\":\"Projektijuhtimine\"}]},{\"@type\":\"WebSite\",\"@id\":\"https:\\\/\\\/kirillsats23.thkit.ee\\\/wp\\\/#website\",\"url\":\"https:\\\/\\\/kirillsats23.thkit.ee\\\/wp\\\/\",\"name\":\"Kirill Sats &otilde;pimapp | portfoolio\",\"description\":\"Noorem Tarkvaarendaja eriala\",\"potentialAction\":[{\"@type\":\"SearchAction\",\"target\":{\"@type\":\"EntryPoint\",\"urlTemplate\":\"https:\\\/\\\/kirillsats23.thkit.ee\\\/wp\\\/?s={search_term_string}\"},\"query-input\":{\"@type\":\"PropertyValueSpecification\",\"valueRequired\":true,\"valueName\":\"search_term_string\"}}],\"inLanguage\":\"et\"}]}<\/script>\n<!-- \/ Yoast SEO plugin. -->","yoast_head_json":{"title":"Projektijuhtimine - Kirill Sats &otilde;pimapp | portfoolio","robots":{"index":"index","follow":"follow","max-snippet":"max-snippet:-1","max-image-preview":"max-image-preview:large","max-video-preview":"max-video-preview:-1"},"canonical":"https:\/\/kirillsats23.thkit.ee\/wp\/?page_id=1466","og_locale":"et_EE","og_type":"article","og_title":"Projektijuhtimine - Kirill Sats &otilde;pimapp | portfoolio","og_description":"IT -projekt IT projekt \u00c4ri-projekt Erinevused: eesm\u00e4rgid ja plaad muutuvad projekti k\u00e4igus l\u00e4hte (\u0438\u0441\u0445\u043e\u0434\u043d\u043e\u0435) \u00fclesanne on selge ja konkreetne raske hinnata projekti riskid konkreetsed riskid mis saab m\u00f5\u00f5ta (\u043e\u0446\u0435\u043d\u0438\u0442\u044c) Raske n\u00e4idata kliendile projekti ettekujutus T\u00e4pne kujutis on olemas Tulemus\/v\u00e4ljund: mittematerjaline v\u00e4\u00e4rtus materjaline v\u00e4\u00e4rtus Eesm\u00e4rgi juhtimine&nbsp;peab andma selge vastuse k\u00fcsimusele, mida peab tegema v\u00f5i kuhu tuleb [&hellip;]","og_url":"https:\/\/kirillsats23.thkit.ee\/wp\/?page_id=1466","og_site_name":"Kirill Sats &otilde;pimapp | portfoolio","article_modified_time":"2025-02-05T11:21:28+00:00","og_image":[{"width":1466,"height":452,"url":"https:\/\/kirillsats23.thkit.ee\/wp\/wp-content\/uploads\/2025\/01\/GANTI_DIAGRAMM.png","type":"image\/png"}],"twitter_card":"summary_large_image","twitter_misc":{"Est. reading time":"3 minutit"},"schema":{"@context":"https:\/\/schema.org","@graph":[{"@type":"WebPage","@id":"https:\/\/kirillsats23.thkit.ee\/wp\/?page_id=1466","url":"https:\/\/kirillsats23.thkit.ee\/wp\/?page_id=1466","name":"Projektijuhtimine - Kirill Sats &otilde;pimapp | portfoolio","isPartOf":{"@id":"https:\/\/kirillsats23.thkit.ee\/wp\/#website"},"primaryImageOfPage":{"@id":"https:\/\/kirillsats23.thkit.ee\/wp\/?page_id=1466#primaryimage"},"image":{"@id":"https:\/\/kirillsats23.thkit.ee\/wp\/?page_id=1466#primaryimage"},"thumbnailUrl":"https:\/\/kirillsats23.thkit.ee\/wp\/wp-content\/uploads\/2025\/01\/GANTI_DIAGRAMM-1024x316.png","datePublished":"2025-01-27T07:33:16+00:00","dateModified":"2025-02-05T11:21:28+00:00","breadcrumb":{"@id":"https:\/\/kirillsats23.thkit.ee\/wp\/?page_id=1466#breadcrumb"},"inLanguage":"et","potentialAction":[{"@type":"ReadAction","target":["https:\/\/kirillsats23.thkit.ee\/wp\/?page_id=1466"]}]},{"@type":"ImageObject","inLanguage":"et","@id":"https:\/\/kirillsats23.thkit.ee\/wp\/?page_id=1466#primaryimage","url":"https:\/\/kirillsats23.thkit.ee\/wp\/wp-content\/uploads\/2025\/01\/GANTI_DIAGRAMM.png","contentUrl":"https:\/\/kirillsats23.thkit.ee\/wp\/wp-content\/uploads\/2025\/01\/GANTI_DIAGRAMM.png","width":1466,"height":452},{"@type":"BreadcrumbList","@id":"https:\/\/kirillsats23.thkit.ee\/wp\/?page_id=1466#breadcrumb","itemListElement":[{"@type":"ListItem","position":1,"name":"Home","item":"https:\/\/kirillsats23.thkit.ee\/wp\/"},{"@type":"ListItem","position":2,"name":"Projektijuhtimine"}]},{"@type":"WebSite","@id":"https:\/\/kirillsats23.thkit.ee\/wp\/#website","url":"https:\/\/kirillsats23.thkit.ee\/wp\/","name":"Kirill Sats &otilde;pimapp | portfoolio","description":"Noorem Tarkvaarendaja eriala","potentialAction":[{"@type":"SearchAction","target":{"@type":"EntryPoint","urlTemplate":"https:\/\/kirillsats23.thkit.ee\/wp\/?s={search_term_string}"},"query-input":{"@type":"PropertyValueSpecification","valueRequired":true,"valueName":"search_term_string"}}],"inLanguage":"et"}]}},"_links":{"self":[{"href":"https:\/\/kirillsats23.thkit.ee\/wp\/index.php?rest_route=\/wp\/v2\/pages\/1466","targetHints":{"allow":["GET"]}}],"collection":[{"href":"https:\/\/kirillsats23.thkit.ee\/wp\/index.php?rest_route=\/wp\/v2\/pages"}],"about":[{"href":"https:\/\/kirillsats23.thkit.ee\/wp\/index.php?rest_route=\/wp\/v2\/types\/page"}],"author":[{"embeddable":true,"href":"https:\/\/kirillsats23.thkit.ee\/wp\/index.php?rest_route=\/wp\/v2\/users\/1"}],"replies":[{"embeddable":true,"href":"https:\/\/kirillsats23.thkit.ee\/wp\/index.php?rest_route=%2Fwp%2Fv2%2Fcomments&post=1466"}],"version-history":[{"count":12,"href":"https:\/\/kirillsats23.thkit.ee\/wp\/index.php?rest_route=\/wp\/v2\/pages\/1466\/revisions"}],"predecessor-version":[{"id":1534,"href":"https:\/\/kirillsats23.thkit.ee\/wp\/index.php?rest_route=\/wp\/v2\/pages\/1466\/revisions\/1534"}],"wp:attachment":[{"href":"https:\/\/kirillsats23.thkit.ee\/wp\/index.php?rest_route=%2Fwp%2Fv2%2Fmedia&parent=1466"}],"curies":[{"name":"wp","href":"https:\/\/api.w.org\/{rel}","templated":true}]}}