{"id":14,"date":"2023-09-06T09:04:12","date_gmt":"2023-09-06T06:04:12","guid":{"rendered":"https:\/\/kirillsats.wordpress.com\/?page_id=6"},"modified":"2024-11-12T08:48:35","modified_gmt":"2024-11-12T08:48:35","slug":"kodu","status":"publish","type":"page","link":"https:\/\/kirillsats23.thkit.ee\/wp\/","title":{"rendered":"Minust"},"content":{"rendered":"\n<p>Tere tulemast, minu \u00f5pimappil.<\/p>\n\n\n\n<p>Ma olen TARpv23 2. kursuse TTHK<\/p>\n\n\n\n<p>Noorem tarkvaraarendaja eriala \u00f5pilane. Varem \u00f5ppisin Paldiskis Vene p\u00f5hikoolis. Hobby: m\u00e4ngin v\u00f5rkpallis, k\u00e4in j\u00f5usaalis.<\/p>\n\n\n\n<p>Arvutis ma programmeerin, t\u00f6\u00f6tan Wordi dokumentidega, ja tegelen web disaainiga.<\/p>\n\n\n\n<p><strong>Kontakt<\/strong>: kirillsats30@gmail.com <\/p>\n\n\n\n<p><strong>Keeled<\/strong>: vene keel(emakeel), eesti keel(b2)<\/p>\n\n\n\n<p><strong>Erialased oskused:<\/strong><\/p>\n\n\n\n<ul class=\"wp-block-list\">\n<li>Programmeerimine<\/li>\n\n\n\n<li>T\u00f6\u00f6 andmebaasiga<\/li>\n\n\n\n<li>SQL, MySQL<\/li>\n\n\n\n<li>Veebitakendus<\/li>\n\n\n\n<li>Multimeedia<\/li>\n\n\n\n<li>Kontorit\u00f6\u00f6 tarkvara MS Excel, Word ja LibreOffice.<\/li>\n<\/ul>\n\n\n\n<p><strong>Hobbyd<\/strong>: m\u00e4ngin v\u00f5rkpallis.<\/p>\n\n\n\n<p>K\u00f5ige rohkem mulle meeldib tegeleda programmeriga<\/p>\n\n\n\n<p><a href=\"https:\/\/kirillsats23.thkit.ee\/wp\">Koduleht<\/a><\/p>\n\n\n\n<p><\/p>\n","protected":false},"excerpt":{"rendered":"<p>Tere tulemast, minu \u00f5pimappil. Ma olen TARpv23 2. kursuse TTHK Noorem tarkvaraarendaja eriala \u00f5pilane. Varem \u00f5ppisin Paldiskis Vene p\u00f5hikoolis. Hobby: m\u00e4ngin v\u00f5rkpallis, k\u00e4in j\u00f5usaalis. Arvutis ma programmeerin, t\u00f6\u00f6tan Wordi dokumentidega, ja tegelen web disaainiga. Kontakt: kirillsats30@gmail.com Keeled: vene keel(emakeel), eesti keel(b2) Erialased oskused: Hobbyd: m\u00e4ngin v\u00f5rkpallis. K\u00f5ige rohkem mulle meeldib tegeleda programmeriga Koduleht<\/p>\n","protected":false},"author":1,"featured_media":0,"parent":0,"menu_order":0,"comment_status":"closed","ping_status":"closed","template":"","meta":{"footnotes":""},"class_list":["post-14","page","type-page","status-publish","hentry"],"yoast_head":"<!-- This site is optimized with the Yoast SEO plugin v27.3 - https:\/\/yoast.com\/product\/yoast-seo-wordpress\/ -->\n<title>Minust - Kirill Sats &otilde;pimapp | portfoolio<\/title>\n<meta name=\"description\" content=\"Sellel lehel kirjutasin info minust\" \/>\n<meta name=\"robots\" content=\"index, follow, max-snippet:-1, max-image-preview:large, max-video-preview:-1\" \/>\n<link rel=\"canonical\" href=\"https:\/\/kirillsats23.thkit.ee\/wp\/\" \/>\n<meta property=\"og:locale\" content=\"et_EE\" \/>\n<meta property=\"og:type\" content=\"article\" \/>\n<meta property=\"og:title\" content=\"Minust - Kirill Sats &otilde;pimapp | portfoolio\" \/>\n<meta property=\"og:description\" content=\"Sellel lehel kirjutasin info minust\" \/>\n<meta property=\"og:url\" content=\"https:\/\/kirillsats23.thkit.ee\/wp\/\" \/>\n<meta property=\"og:site_name\" content=\"Kirill Sats &otilde;pimapp | portfoolio\" \/>\n<meta property=\"article:modified_time\" content=\"2024-11-12T08:48:35+00:00\" \/>\n<meta name=\"twitter:card\" content=\"summary_large_image\" \/>\n<meta name=\"twitter:label1\" content=\"Est. reading time\" \/>\n\t<meta name=\"twitter:data1\" content=\"1 minut\" \/>\n<script type=\"application\/ld+json\" class=\"yoast-schema-graph\">{\"@context\":\"https:\\\/\\\/schema.org\",\"@graph\":[{\"@type\":\"WebPage\",\"@id\":\"https:\\\/\\\/kirillsats23.thkit.ee\\\/wp\\\/\",\"url\":\"https:\\\/\\\/kirillsats23.thkit.ee\\\/wp\\\/\",\"name\":\"Minust - Kirill Sats &otilde;pimapp | portfoolio\",\"isPartOf\":{\"@id\":\"https:\\\/\\\/kirillsats23.thkit.ee\\\/wp\\\/#website\"},\"datePublished\":\"2023-09-06T06:04:12+00:00\",\"dateModified\":\"2024-11-12T08:48:35+00:00\",\"description\":\"Sellel lehel kirjutasin info minust\",\"breadcrumb\":{\"@id\":\"https:\\\/\\\/kirillsats23.thkit.ee\\\/wp\\\/#breadcrumb\"},\"inLanguage\":\"et\",\"potentialAction\":[{\"@type\":\"ReadAction\",\"target\":[\"https:\\\/\\\/kirillsats23.thkit.ee\\\/wp\\\/\"]}]},{\"@type\":\"BreadcrumbList\",\"@id\":\"https:\\\/\\\/kirillsats23.thkit.ee\\\/wp\\\/#breadcrumb\",\"itemListElement\":[{\"@type\":\"ListItem\",\"position\":1,\"name\":\"Home\",\"item\":\"https:\\\/\\\/kirillsats23.thkit.ee\\\/wp\\\/\"},{\"@type\":\"ListItem\",\"position\":2,\"name\":\"Minust\"}]},{\"@type\":\"WebSite\",\"@id\":\"https:\\\/\\\/kirillsats23.thkit.ee\\\/wp\\\/#website\",\"url\":\"https:\\\/\\\/kirillsats23.thkit.ee\\\/wp\\\/\",\"name\":\"Kirill Sats &otilde;pimapp | portfoolio\",\"description\":\"Noorem Tarkvaarendaja eriala\",\"potentialAction\":[{\"@type\":\"SearchAction\",\"target\":{\"@type\":\"EntryPoint\",\"urlTemplate\":\"https:\\\/\\\/kirillsats23.thkit.ee\\\/wp\\\/?s={search_term_string}\"},\"query-input\":{\"@type\":\"PropertyValueSpecification\",\"valueRequired\":true,\"valueName\":\"search_term_string\"}}],\"inLanguage\":\"et\"}]}<\/script>\n<!-- \/ Yoast SEO plugin. -->","yoast_head_json":{"title":"Minust - Kirill Sats &otilde;pimapp | portfoolio","description":"Sellel lehel kirjutasin info minust","robots":{"index":"index","follow":"follow","max-snippet":"max-snippet:-1","max-image-preview":"max-image-preview:large","max-video-preview":"max-video-preview:-1"},"canonical":"https:\/\/kirillsats23.thkit.ee\/wp\/","og_locale":"et_EE","og_type":"article","og_title":"Minust - Kirill Sats &otilde;pimapp | portfoolio","og_description":"Sellel lehel kirjutasin info minust","og_url":"https:\/\/kirillsats23.thkit.ee\/wp\/","og_site_name":"Kirill Sats &otilde;pimapp | portfoolio","article_modified_time":"2024-11-12T08:48:35+00:00","twitter_card":"summary_large_image","twitter_misc":{"Est. reading time":"1 minut"},"schema":{"@context":"https:\/\/schema.org","@graph":[{"@type":"WebPage","@id":"https:\/\/kirillsats23.thkit.ee\/wp\/","url":"https:\/\/kirillsats23.thkit.ee\/wp\/","name":"Minust - Kirill Sats &otilde;pimapp | portfoolio","isPartOf":{"@id":"https:\/\/kirillsats23.thkit.ee\/wp\/#website"},"datePublished":"2023-09-06T06:04:12+00:00","dateModified":"2024-11-12T08:48:35+00:00","description":"Sellel lehel kirjutasin info minust","breadcrumb":{"@id":"https:\/\/kirillsats23.thkit.ee\/wp\/#breadcrumb"},"inLanguage":"et","potentialAction":[{"@type":"ReadAction","target":["https:\/\/kirillsats23.thkit.ee\/wp\/"]}]},{"@type":"BreadcrumbList","@id":"https:\/\/kirillsats23.thkit.ee\/wp\/#breadcrumb","itemListElement":[{"@type":"ListItem","position":1,"name":"Home","item":"https:\/\/kirillsats23.thkit.ee\/wp\/"},{"@type":"ListItem","position":2,"name":"Minust"}]},{"@type":"WebSite","@id":"https:\/\/kirillsats23.thkit.ee\/wp\/#website","url":"https:\/\/kirillsats23.thkit.ee\/wp\/","name":"Kirill Sats &otilde;pimapp | portfoolio","description":"Noorem Tarkvaarendaja eriala","potentialAction":[{"@type":"SearchAction","target":{"@type":"EntryPoint","urlTemplate":"https:\/\/kirillsats23.thkit.ee\/wp\/?s={search_term_string}"},"query-input":{"@type":"PropertyValueSpecification","valueRequired":true,"valueName":"search_term_string"}}],"inLanguage":"et"}]}},"_links":{"self":[{"href":"https:\/\/kirillsats23.thkit.ee\/wp\/index.php?rest_route=\/wp\/v2\/pages\/14","targetHints":{"allow":["GET"]}}],"collection":[{"href":"https:\/\/kirillsats23.thkit.ee\/wp\/index.php?rest_route=\/wp\/v2\/pages"}],"about":[{"href":"https:\/\/kirillsats23.thkit.ee\/wp\/index.php?rest_route=\/wp\/v2\/types\/page"}],"author":[{"embeddable":true,"href":"https:\/\/kirillsats23.thkit.ee\/wp\/index.php?rest_route=\/wp\/v2\/users\/1"}],"replies":[{"embeddable":true,"href":"https:\/\/kirillsats23.thkit.ee\/wp\/index.php?rest_route=%2Fwp%2Fv2%2Fcomments&post=14"}],"version-history":[{"count":3,"href":"https:\/\/kirillsats23.thkit.ee\/wp\/index.php?rest_route=\/wp\/v2\/pages\/14\/revisions"}],"predecessor-version":[{"id":1229,"href":"https:\/\/kirillsats23.thkit.ee\/wp\/index.php?rest_route=\/wp\/v2\/pages\/14\/revisions\/1229"}],"wp:attachment":[{"href":"https:\/\/kirillsats23.thkit.ee\/wp\/index.php?rest_route=%2Fwp%2Fv2%2Fmedia&parent=14"}],"curies":[{"name":"wp","href":"https:\/\/api.w.org\/{rel}","templated":true}]}}