{"id":1243,"date":"2024-12-03T08:22:30","date_gmt":"2024-12-03T08:22:30","guid":{"rendered":"https:\/\/kirillsats23.thkit.ee\/wp\/?page_id=1243"},"modified":"2024-12-10T08:28:08","modified_gmt":"2024-12-10T08:28:08","slug":"veebidisain","status":"publish","type":"page","link":"https:\/\/kirillsats23.thkit.ee\/wp\/?page_id=1243","title":{"rendered":"Veebidisain"},"content":{"rendered":"\n<p id=\"tw-target-text\"><\/p>\n\n\n\n<figure class=\"wp-block-table\"><table class=\"has-fixed-layout\"><tbody><tr><td><\/td><td><strong>Responsive<\/strong><\/td><td><strong>Adaptive<\/strong><\/td><\/tr><tr><td><strong>Kirjeldus<\/strong><\/td><td>Responsive veebidisain t\u00e4hendab veebilehtede loomist, mis n\u00e4evad head v\u00e4lja k\u00f5ikides seadmetes!<br>Tundlik veebikujundus kohandub automaatselt erinevate ekraanisuuruste ja vaateava jaoks<\/td><td>Aduktiivne veebidisain (AWD) loob veebilehe erinevaid versioone, mis kohanduvad vastavalt kasutaja seadmele, erinevalt \u00fche lehe kasutamisest, mis muudab oma sisu v\u00f5i suurust vastavalt ekraanile.<\/td><\/tr><tr><td><strong>N\u00e4ide<\/strong><\/td><td>N\u00e4idis 1:<\/td><td>N\u00e4idis 2:<\/td><\/tr><tr><td><strong>Link<\/strong><\/td><td><\/td><td><a href=\"https:\/\/kirillsats23.thkit.ee\/\">koduleht<\/a><\/td><\/tr><\/tbody><\/table><\/figure>\n\n\n\n<p>N\u00e4idis 1 (Responsive):<\/p>\n\n\n\n<div class=\"wp-block-kevinbatdorf-code-block-pro\" data-code-block-pro-font-family=\"Code-Pro-JetBrains-Mono\" style=\"font-size:.875rem;font-family:Code-Pro-JetBrains-Mono,ui-monospace,SFMono-Regular,Menlo,Monaco,Consolas,monospace;line-height:1.25rem;--cbp-tab-width:2;tab-size:var(--cbp-tab-width, 2)\"><span style=\"display:block;padding:16px 0 0 16px;margin-bottom:-1px;width:100%;text-align:left;background-color:#2e3440ff\"><svg xmlns=\"http:\/\/www.w3.org\/2000\/svg\" width=\"54\" height=\"14\" viewBox=\"0 0 54 14\"><g fill=\"none\" fill-rule=\"evenodd\" transform=\"translate(1 1)\"><circle cx=\"6\" cy=\"6\" r=\"6\" fill=\"#FF5F56\" stroke=\"#E0443E\" stroke-width=\".5\"><\/circle><circle cx=\"26\" cy=\"6\" r=\"6\" fill=\"#FFBD2E\" stroke=\"#DEA123\" stroke-width=\".5\"><\/circle><circle cx=\"46\" cy=\"6\" r=\"6\" fill=\"#27C93F\" stroke=\"#1AAB29\" stroke-width=\".5\"><\/circle><\/g><\/svg><\/span><span role=\"button\" tabindex=\"0\" data-code=\"\/* \u0421\u0442\u0438\u043b\u044c \u0434\u043b\u044f \u0431\u043e\u043b\u044c\u0448\u0438\u0445 \u044d\u043a\u0440\u0430\u043d\u043e\u0432 *\/\n.container {\n  display: grid;\n  grid-template-columns: 1fr 1fr 1fr;\n}\n\n\/* \u0414\u043b\u044f \u044d\u043a\u0440\u0430\u043d\u043e\u0432 \u0434\u043e 768px *\/\n@media screen and (max-width: 768px) {\n  .container {\n    grid-template-columns: 1fr 1fr;\n  }\n}\n\n\/* \u0414\u043b\u044f \u044d\u043a\u0440\u0430\u043d\u043e\u0432 \u0434\u043e 480px *\/\n@media screen and (max-width: 480px) {\n  .container {\n    grid-template-columns: 1fr;\n  }\n}\n\" style=\"color:#d8dee9ff;display:none\" aria-label=\"Copy\" class=\"code-block-pro-copy-button\"><svg xmlns=\"http:\/\/www.w3.org\/2000\/svg\" style=\"width:24px;height:24px\" fill=\"none\" viewBox=\"0 0 24 24\" stroke=\"currentColor\" stroke-width=\"2\"><path class=\"with-check\" stroke-linecap=\"round\" stroke-linejoin=\"round\" d=\"M9 5H7a2 2 0 00-2 2v12a2 2 0 002 2h10a2 2 0 002-2V7a2 2 0 00-2-2h-2M9 5a2 2 0 002 2h2a2 2 0 002-2M9 5a2 2 0 012-2h2a2 2 0 012 2m-6 9l2 2 4-4\"><\/path><path class=\"without-check\" stroke-linecap=\"round\" stroke-linejoin=\"round\" d=\"M9 5H7a2 2 0 00-2 2v12a2 2 0 002 2h10a2 2 0 002-2V7a2 2 0 00-2-2h-2M9 5a2 2 0 002 2h2a2 2 0 002-2M9 5a2 2 0 012-2h2a2 2 0 012 2\"><\/path><\/svg><\/span><pre class=\"shiki nord\" style=\"background-color: #2e3440ff\" tabindex=\"0\"><code><span class=\"line\"><span style=\"color: #616E88\">\/* \u0421\u0442\u0438\u043b\u044c \u0434\u043b\u044f \u0431\u043e\u043b\u044c\u0448\u0438\u0445 \u044d\u043a\u0440\u0430\u043d\u043e\u0432 *\/<\/span><\/span>\n<span class=\"line\"><span style=\"color: #ECEFF4\">.<\/span><span style=\"color: #8FBCBB\">container<\/span><span style=\"color: #D8DEE9FF\"> <\/span><span style=\"color: #ECEFF4\">{<\/span><\/span>\n<span class=\"line\"><span style=\"color: #D8DEE9FF\">  <\/span><span style=\"color: #D8DEE9\">display<\/span><span style=\"color: #ECEFF4\">:<\/span><span style=\"color: #D8DEE9FF\"> <\/span><span style=\"color: #81A1C1\">grid;<\/span><\/span>\n<span class=\"line\"><span style=\"color: #D8DEE9FF\">  <\/span><span style=\"color: #D8DEE9\">grid-template-columns<\/span><span style=\"color: #ECEFF4\">:<\/span><span style=\"color: #D8DEE9FF\"> <\/span><span style=\"color: #B48EAD\">1<\/span><span style=\"color: #81A1C1\">fr<\/span><span style=\"color: #88C0D0\"> <\/span><span style=\"color: #B48EAD\">1<\/span><span style=\"color: #81A1C1\">fr<\/span><span style=\"color: #88C0D0\"> <\/span><span style=\"color: #B48EAD\">1<\/span><span style=\"color: #81A1C1\">fr;<\/span><\/span>\n<span class=\"line\"><span style=\"color: #ECEFF4\">}<\/span><\/span>\n<span class=\"line\"><\/span>\n<span class=\"line\"><span style=\"color: #616E88\">\/* \u0414\u043b\u044f \u044d\u043a\u0440\u0430\u043d\u043e\u0432 \u0434\u043e 768px *\/<\/span><\/span>\n<span class=\"line\"><span style=\"color: #D08770\">@media<\/span><span style=\"color: #D8DEE9FF\"> <\/span><span style=\"color: #81A1C1\">screen<\/span><span style=\"color: #D8DEE9FF\"> <\/span><span style=\"color: #81A1C1\">and<\/span><span style=\"color: #D8DEE9FF\"> <\/span><span style=\"color: #ECEFF4\">(<\/span><span style=\"color: #D8DEE9\">max-width<\/span><span style=\"color: #ECEFF4\">:<\/span><span style=\"color: #D8DEE9FF\"> <\/span><span style=\"color: #B48EAD\">768<\/span><span style=\"color: #81A1C1\">px<\/span><span style=\"color: #ECEFF4\">)<\/span><span style=\"color: #D8DEE9FF\"> <\/span><span style=\"color: #ECEFF4\">{<\/span><\/span>\n<span class=\"line\"><span style=\"color: #D8DEE9FF\">  <\/span><span style=\"color: #ECEFF4\">.<\/span><span style=\"color: #8FBCBB\">container<\/span><span style=\"color: #D8DEE9FF\"> <\/span><span style=\"color: #ECEFF4\">{<\/span><\/span>\n<span class=\"line\"><span style=\"color: #D8DEE9FF\">    <\/span><span style=\"color: #D8DEE9\">grid-template-columns<\/span><span style=\"color: #ECEFF4\">:<\/span><span style=\"color: #D8DEE9FF\"> <\/span><span style=\"color: #B48EAD\">1<\/span><span style=\"color: #81A1C1\">fr<\/span><span style=\"color: #88C0D0\"> <\/span><span style=\"color: #B48EAD\">1<\/span><span style=\"color: #81A1C1\">fr;<\/span><\/span>\n<span class=\"line\"><span style=\"color: #D8DEE9FF\">  <\/span><span style=\"color: #ECEFF4\">}<\/span><\/span>\n<span class=\"line\"><span style=\"color: #ECEFF4\">}<\/span><\/span>\n<span class=\"line\"><\/span>\n<span class=\"line\"><span style=\"color: #616E88\">\/* \u0414\u043b\u044f \u044d\u043a\u0440\u0430\u043d\u043e\u0432 \u0434\u043e 480px *\/<\/span><\/span>\n<span class=\"line\"><span style=\"color: #D08770\">@media<\/span><span style=\"color: #D8DEE9FF\"> <\/span><span style=\"color: #81A1C1\">screen<\/span><span style=\"color: #D8DEE9FF\"> <\/span><span style=\"color: #81A1C1\">and<\/span><span style=\"color: #D8DEE9FF\"> <\/span><span style=\"color: #ECEFF4\">(<\/span><span style=\"color: #D8DEE9\">max-width<\/span><span style=\"color: #ECEFF4\">:<\/span><span style=\"color: #D8DEE9FF\"> <\/span><span style=\"color: #B48EAD\">480<\/span><span style=\"color: #81A1C1\">px<\/span><span style=\"color: #ECEFF4\">)<\/span><span style=\"color: #D8DEE9FF\"> <\/span><span style=\"color: #ECEFF4\">{<\/span><\/span>\n<span class=\"line\"><span style=\"color: #D8DEE9FF\">  <\/span><span style=\"color: #ECEFF4\">.<\/span><span style=\"color: #8FBCBB\">container<\/span><span style=\"color: #D8DEE9FF\"> <\/span><span style=\"color: #ECEFF4\">{<\/span><\/span>\n<span class=\"line\"><span style=\"color: #D8DEE9FF\">    <\/span><span style=\"color: #D8DEE9\">grid-template-columns<\/span><span style=\"color: #ECEFF4\">:<\/span><span style=\"color: #D8DEE9FF\"> <\/span><span style=\"color: #B48EAD\">1<\/span><span style=\"color: #81A1C1\">fr;<\/span><\/span>\n<span class=\"line\"><span style=\"color: #D8DEE9FF\">  <\/span><span style=\"color: #ECEFF4\">}<\/span><\/span>\n<span class=\"line\"><span style=\"color: #ECEFF4\">}<\/span><\/span>\n<span class=\"line\"><\/span><\/code><\/pre><\/div>\n\n\n\n<p>N\u00e4idis 2 (Adaptive):<\/p>\n\n\n\n<div class=\"wp-block-kevinbatdorf-code-block-pro\" data-code-block-pro-font-family=\"Code-Pro-JetBrains-Mono\" style=\"font-size:.875rem;font-family:Code-Pro-JetBrains-Mono,ui-monospace,SFMono-Regular,Menlo,Monaco,Consolas,monospace;line-height:1.25rem;--cbp-tab-width:2;tab-size:var(--cbp-tab-width, 2)\"><span style=\"display:block;padding:16px 0 0 16px;margin-bottom:-1px;width:100%;text-align:left;background-color:#2e3440ff\"><svg xmlns=\"http:\/\/www.w3.org\/2000\/svg\" width=\"54\" height=\"14\" viewBox=\"0 0 54 14\"><g fill=\"none\" fill-rule=\"evenodd\" transform=\"translate(1 1)\"><circle cx=\"6\" cy=\"6\" r=\"6\" fill=\"#FF5F56\" stroke=\"#E0443E\" stroke-width=\".5\"><\/circle><circle cx=\"26\" cy=\"6\" r=\"6\" fill=\"#FFBD2E\" stroke=\"#DEA123\" stroke-width=\".5\"><\/circle><circle cx=\"46\" cy=\"6\" r=\"6\" fill=\"#27C93F\" stroke=\"#1AAB29\" stroke-width=\".5\"><\/circle><\/g><\/svg><\/span><span role=\"button\" tabindex=\"0\" data-code=\"\/* \u0414\u043b\u044f \u0434\u0435\u0441\u043a\u0442\u043e\u043f\u043e\u0432 *\/\n.container {\n  display: flex;\n  justify-content: space-between;\n}\n\n\/* \u0414\u043b\u044f \u044d\u043a\u0440\u0430\u043d\u043e\u0432 \u0434\u043e 768px *\/\n@media screen and (max-width: 768px) {\n  .container {\n    flex-direction: column;\n  }\n}\n\" style=\"color:#d8dee9ff;display:none\" aria-label=\"Copy\" class=\"code-block-pro-copy-button\"><svg xmlns=\"http:\/\/www.w3.org\/2000\/svg\" style=\"width:24px;height:24px\" fill=\"none\" viewBox=\"0 0 24 24\" stroke=\"currentColor\" stroke-width=\"2\"><path class=\"with-check\" stroke-linecap=\"round\" stroke-linejoin=\"round\" d=\"M9 5H7a2 2 0 00-2 2v12a2 2 0 002 2h10a2 2 0 002-2V7a2 2 0 00-2-2h-2M9 5a2 2 0 002 2h2a2 2 0 002-2M9 5a2 2 0 012-2h2a2 2 0 012 2m-6 9l2 2 4-4\"><\/path><path class=\"without-check\" stroke-linecap=\"round\" stroke-linejoin=\"round\" d=\"M9 5H7a2 2 0 00-2 2v12a2 2 0 002 2h10a2 2 0 002-2V7a2 2 0 00-2-2h-2M9 5a2 2 0 002 2h2a2 2 0 002-2M9 5a2 2 0 012-2h2a2 2 0 012 2\"><\/path><\/svg><\/span><pre class=\"shiki nord\" style=\"background-color: #2e3440ff\" tabindex=\"0\"><code><span class=\"line\"><span style=\"color: #616E88\">\/* \u0414\u043b\u044f \u0434\u0435\u0441\u043a\u0442\u043e\u043f\u043e\u0432 *\/<\/span><\/span>\n<span class=\"line\"><span style=\"color: #ECEFF4\">.<\/span><span style=\"color: #8FBCBB\">container<\/span><span style=\"color: #D8DEE9FF\"> <\/span><span style=\"color: #ECEFF4\">{<\/span><\/span>\n<span class=\"line\"><span style=\"color: #D8DEE9FF\">  <\/span><span style=\"color: #D8DEE9\">display<\/span><span style=\"color: #ECEFF4\">:<\/span><span style=\"color: #D8DEE9FF\"> <\/span><span style=\"color: #81A1C1\">flex;<\/span><\/span>\n<span class=\"line\"><span style=\"color: #D8DEE9FF\">  <\/span><span style=\"color: #D8DEE9\">justify-content<\/span><span style=\"color: #ECEFF4\">:<\/span><span style=\"color: #D8DEE9FF\"> <\/span><span style=\"color: #81A1C1\">space-between;<\/span><\/span>\n<span class=\"line\"><span style=\"color: #ECEFF4\">}<\/span><\/span>\n<span class=\"line\"><\/span>\n<span class=\"line\"><span style=\"color: #616E88\">\/* \u0414\u043b\u044f \u044d\u043a\u0440\u0430\u043d\u043e\u0432 \u0434\u043e 768px *\/<\/span><\/span>\n<span class=\"line\"><span style=\"color: #D08770\">@media<\/span><span style=\"color: #D8DEE9FF\"> <\/span><span style=\"color: #81A1C1\">screen<\/span><span style=\"color: #D8DEE9FF\"> <\/span><span style=\"color: #81A1C1\">and<\/span><span style=\"color: #D8DEE9FF\"> <\/span><span style=\"color: #ECEFF4\">(<\/span><span style=\"color: #D8DEE9\">max-width<\/span><span style=\"color: #ECEFF4\">:<\/span><span style=\"color: #D8DEE9FF\"> <\/span><span style=\"color: #B48EAD\">768<\/span><span style=\"color: #81A1C1\">px<\/span><span style=\"color: #ECEFF4\">)<\/span><span style=\"color: #D8DEE9FF\"> <\/span><span style=\"color: #ECEFF4\">{<\/span><\/span>\n<span class=\"line\"><span style=\"color: #D8DEE9FF\">  <\/span><span style=\"color: #ECEFF4\">.<\/span><span style=\"color: #8FBCBB\">container<\/span><span style=\"color: #D8DEE9FF\"> <\/span><span style=\"color: #ECEFF4\">{<\/span><\/span>\n<span class=\"line\"><span style=\"color: #D8DEE9FF\">    <\/span><span style=\"color: #D8DEE9\">flex-direction<\/span><span style=\"color: #ECEFF4\">:<\/span><span style=\"color: #D8DEE9FF\"> <\/span><span style=\"color: #81A1C1\">column;<\/span><\/span>\n<span class=\"line\"><span style=\"color: #D8DEE9FF\">  <\/span><span style=\"color: #ECEFF4\">}<\/span><\/span>\n<span class=\"line\"><span style=\"color: #ECEFF4\">}<\/span><\/span>\n<span class=\"line\"><\/span><\/code><\/pre><\/div>\n\n\n\n<p><strong>Kokkuv\u00f5te:<\/strong><\/p>\n\n\n\n<p>Minu arvates on Adaptiivne disain (Adaptive Design) parem valik, kuna mobiilseadmete jaoks on rohkem v\u00f5imalusi. See v\u00f5imaldab teil luua veebisaidi spetsiaalseid versioone erinevatele ekraanidele, mis muudab liidese mugavamaks ja kiiremaks. N\u00e4iteks saab Telefon kasutada lihtsustatud paigutust suurte nuppude ja v\u00e4iksemate piltidega, mis parandab kasutajakogemust ja kiirendab laadimist. Tundlik disain v\u00f5imaldab teil veebisaiti iga seadme jaoks t\u00e4pselt kohandada, pakkudes mugavust ja funktsionaalsust. Tegin oma koduleht Adaptiivis formaadis<\/p>\n","protected":false},"excerpt":{"rendered":"<p>Responsive Adaptive Kirjeldus Responsive veebidisain t\u00e4hendab veebilehtede loomist, mis n\u00e4evad head v\u00e4lja k\u00f5ikides seadmetes!Tundlik veebikujundus kohandub automaatselt erinevate ekraanisuuruste ja vaateava jaoks Aduktiivne veebidisain (AWD) loob veebilehe erinevaid versioone, mis kohanduvad vastavalt kasutaja seadmele, erinevalt \u00fche lehe kasutamisest, mis muudab oma sisu v\u00f5i suurust vastavalt ekraanile. N\u00e4ide N\u00e4idis 1: N\u00e4idis 2: Link koduleht N\u00e4idis 1 [&hellip;]<\/p>\n","protected":false},"author":1,"featured_media":0,"parent":0,"menu_order":0,"comment_status":"closed","ping_status":"closed","template":"","meta":{"footnotes":""},"class_list":["post-1243","page","type-page","status-publish","hentry"],"yoast_head":"<!-- This site is optimized with the Yoast SEO plugin v27.3 - https:\/\/yoast.com\/product\/yoast-seo-wordpress\/ -->\n<title>Veebidisain - Kirill Sats &otilde;pimapp | portfoolio<\/title>\n<meta name=\"robots\" content=\"index, follow, max-snippet:-1, max-image-preview:large, max-video-preview:-1\" \/>\n<link rel=\"canonical\" href=\"https:\/\/kirillsats23.thkit.ee\/wp\/?page_id=1243\" \/>\n<meta property=\"og:locale\" content=\"et_EE\" \/>\n<meta property=\"og:type\" content=\"article\" \/>\n<meta property=\"og:title\" content=\"Veebidisain - Kirill Sats &otilde;pimapp | portfoolio\" \/>\n<meta property=\"og:description\" content=\"Responsive Adaptive Kirjeldus Responsive veebidisain t\u00e4hendab veebilehtede loomist, mis n\u00e4evad head v\u00e4lja k\u00f5ikides seadmetes!Tundlik veebikujundus kohandub automaatselt erinevate ekraanisuuruste ja vaateava jaoks Aduktiivne veebidisain (AWD) loob veebilehe erinevaid versioone, mis kohanduvad vastavalt kasutaja seadmele, erinevalt \u00fche lehe kasutamisest, mis muudab oma sisu v\u00f5i suurust vastavalt ekraanile. N\u00e4ide N\u00e4idis 1: N\u00e4idis 2: Link koduleht N\u00e4idis 1 [&hellip;]\" \/>\n<meta property=\"og:url\" content=\"https:\/\/kirillsats23.thkit.ee\/wp\/?page_id=1243\" \/>\n<meta property=\"og:site_name\" content=\"Kirill Sats &otilde;pimapp | portfoolio\" \/>\n<meta property=\"article:modified_time\" content=\"2024-12-10T08:28:08+00:00\" \/>\n<meta name=\"twitter:card\" content=\"summary_large_image\" \/>\n<meta name=\"twitter:label1\" content=\"Est. reading time\" \/>\n\t<meta name=\"twitter:data1\" content=\"1 minut\" \/>\n<script type=\"application\/ld+json\" class=\"yoast-schema-graph\">{\"@context\":\"https:\\\/\\\/schema.org\",\"@graph\":[{\"@type\":\"WebPage\",\"@id\":\"https:\\\/\\\/kirillsats23.thkit.ee\\\/wp\\\/?page_id=1243\",\"url\":\"https:\\\/\\\/kirillsats23.thkit.ee\\\/wp\\\/?page_id=1243\",\"name\":\"Veebidisain - Kirill Sats &otilde;pimapp | portfoolio\",\"isPartOf\":{\"@id\":\"https:\\\/\\\/kirillsats23.thkit.ee\\\/wp\\\/#website\"},\"datePublished\":\"2024-12-03T08:22:30+00:00\",\"dateModified\":\"2024-12-10T08:28:08+00:00\",\"breadcrumb\":{\"@id\":\"https:\\\/\\\/kirillsats23.thkit.ee\\\/wp\\\/?page_id=1243#breadcrumb\"},\"inLanguage\":\"et\",\"potentialAction\":[{\"@type\":\"ReadAction\",\"target\":[\"https:\\\/\\\/kirillsats23.thkit.ee\\\/wp\\\/?page_id=1243\"]}]},{\"@type\":\"BreadcrumbList\",\"@id\":\"https:\\\/\\\/kirillsats23.thkit.ee\\\/wp\\\/?page_id=1243#breadcrumb\",\"itemListElement\":[{\"@type\":\"ListItem\",\"position\":1,\"name\":\"Home\",\"item\":\"https:\\\/\\\/kirillsats23.thkit.ee\\\/wp\\\/\"},{\"@type\":\"ListItem\",\"position\":2,\"name\":\"Veebidisain\"}]},{\"@type\":\"WebSite\",\"@id\":\"https:\\\/\\\/kirillsats23.thkit.ee\\\/wp\\\/#website\",\"url\":\"https:\\\/\\\/kirillsats23.thkit.ee\\\/wp\\\/\",\"name\":\"Kirill Sats &otilde;pimapp | portfoolio\",\"description\":\"Noorem Tarkvaarendaja eriala\",\"potentialAction\":[{\"@type\":\"SearchAction\",\"target\":{\"@type\":\"EntryPoint\",\"urlTemplate\":\"https:\\\/\\\/kirillsats23.thkit.ee\\\/wp\\\/?s={search_term_string}\"},\"query-input\":{\"@type\":\"PropertyValueSpecification\",\"valueRequired\":true,\"valueName\":\"search_term_string\"}}],\"inLanguage\":\"et\"}]}<\/script>\n<!-- \/ Yoast SEO plugin. -->","yoast_head_json":{"title":"Veebidisain - Kirill Sats &otilde;pimapp | portfoolio","robots":{"index":"index","follow":"follow","max-snippet":"max-snippet:-1","max-image-preview":"max-image-preview:large","max-video-preview":"max-video-preview:-1"},"canonical":"https:\/\/kirillsats23.thkit.ee\/wp\/?page_id=1243","og_locale":"et_EE","og_type":"article","og_title":"Veebidisain - Kirill Sats &otilde;pimapp | portfoolio","og_description":"Responsive Adaptive Kirjeldus Responsive veebidisain t\u00e4hendab veebilehtede loomist, mis n\u00e4evad head v\u00e4lja k\u00f5ikides seadmetes!Tundlik veebikujundus kohandub automaatselt erinevate ekraanisuuruste ja vaateava jaoks Aduktiivne veebidisain (AWD) loob veebilehe erinevaid versioone, mis kohanduvad vastavalt kasutaja seadmele, erinevalt \u00fche lehe kasutamisest, mis muudab oma sisu v\u00f5i suurust vastavalt ekraanile. N\u00e4ide N\u00e4idis 1: N\u00e4idis 2: Link koduleht N\u00e4idis 1 [&hellip;]","og_url":"https:\/\/kirillsats23.thkit.ee\/wp\/?page_id=1243","og_site_name":"Kirill Sats &otilde;pimapp | portfoolio","article_modified_time":"2024-12-10T08:28:08+00:00","twitter_card":"summary_large_image","twitter_misc":{"Est. reading time":"1 minut"},"schema":{"@context":"https:\/\/schema.org","@graph":[{"@type":"WebPage","@id":"https:\/\/kirillsats23.thkit.ee\/wp\/?page_id=1243","url":"https:\/\/kirillsats23.thkit.ee\/wp\/?page_id=1243","name":"Veebidisain - Kirill Sats &otilde;pimapp | portfoolio","isPartOf":{"@id":"https:\/\/kirillsats23.thkit.ee\/wp\/#website"},"datePublished":"2024-12-03T08:22:30+00:00","dateModified":"2024-12-10T08:28:08+00:00","breadcrumb":{"@id":"https:\/\/kirillsats23.thkit.ee\/wp\/?page_id=1243#breadcrumb"},"inLanguage":"et","potentialAction":[{"@type":"ReadAction","target":["https:\/\/kirillsats23.thkit.ee\/wp\/?page_id=1243"]}]},{"@type":"BreadcrumbList","@id":"https:\/\/kirillsats23.thkit.ee\/wp\/?page_id=1243#breadcrumb","itemListElement":[{"@type":"ListItem","position":1,"name":"Home","item":"https:\/\/kirillsats23.thkit.ee\/wp\/"},{"@type":"ListItem","position":2,"name":"Veebidisain"}]},{"@type":"WebSite","@id":"https:\/\/kirillsats23.thkit.ee\/wp\/#website","url":"https:\/\/kirillsats23.thkit.ee\/wp\/","name":"Kirill Sats &otilde;pimapp | portfoolio","description":"Noorem Tarkvaarendaja eriala","potentialAction":[{"@type":"SearchAction","target":{"@type":"EntryPoint","urlTemplate":"https:\/\/kirillsats23.thkit.ee\/wp\/?s={search_term_string}"},"query-input":{"@type":"PropertyValueSpecification","valueRequired":true,"valueName":"search_term_string"}}],"inLanguage":"et"}]}},"_links":{"self":[{"href":"https:\/\/kirillsats23.thkit.ee\/wp\/index.php?rest_route=\/wp\/v2\/pages\/1243","targetHints":{"allow":["GET"]}}],"collection":[{"href":"https:\/\/kirillsats23.thkit.ee\/wp\/index.php?rest_route=\/wp\/v2\/pages"}],"about":[{"href":"https:\/\/kirillsats23.thkit.ee\/wp\/index.php?rest_route=\/wp\/v2\/types\/page"}],"author":[{"embeddable":true,"href":"https:\/\/kirillsats23.thkit.ee\/wp\/index.php?rest_route=\/wp\/v2\/users\/1"}],"replies":[{"embeddable":true,"href":"https:\/\/kirillsats23.thkit.ee\/wp\/index.php?rest_route=%2Fwp%2Fv2%2Fcomments&post=1243"}],"version-history":[{"count":1,"href":"https:\/\/kirillsats23.thkit.ee\/wp\/index.php?rest_route=\/wp\/v2\/pages\/1243\/revisions"}],"predecessor-version":[{"id":1245,"href":"https:\/\/kirillsats23.thkit.ee\/wp\/index.php?rest_route=\/wp\/v2\/pages\/1243\/revisions\/1245"}],"wp:attachment":[{"href":"https:\/\/kirillsats23.thkit.ee\/wp\/index.php?rest_route=%2Fwp%2Fv2%2Fmedia&parent=1243"}],"curies":[{"name":"wp","href":"https:\/\/api.w.org\/{rel}","templated":true}]}}