{"id":1155,"date":"2024-10-25T08:00:16","date_gmt":"2024-10-25T08:00:16","guid":{"rendered":"https:\/\/kirillsats23.thkit.ee\/wp\/?page_id=1155"},"modified":"2024-10-25T08:10:11","modified_gmt":"2024-10-25T08:10:11","slug":"seo","status":"publish","type":"page","link":"https:\/\/kirillsats23.thkit.ee\/wp\/?page_id=1155","title":{"rendered":"SEO"},"content":{"rendered":"\n<p><strong>Mis on SEO?<\/strong><\/p>\n\n\n\n<p>Otsingumootori optimeerimine (SEO) on meetmete kogum, mis h\u00f5lmab sisemist ja v\u00e4list optimeerimist, et t\u00f5sta veebisaidi positsiooni otsingumootori tulemustes konkreetsete kasutajate p\u00e4ringute korral. SEO eesm\u00e4rk on suurendada v\u00f5rguliiklust, hankida rohkem potentsiaalseid kliente ja hiljem monetiseerida seda liiklust.<\/p>\n\n\n\n<figure class=\"wp-block-image size-large\"><img loading=\"lazy\" decoding=\"async\" width=\"1024\" height=\"576\" src=\"https:\/\/kirillsats23.thkit.ee\/wp\/wp-content\/uploads\/2024\/10\/image-1024x576.png\" alt=\"\" class=\"wp-image-1156\" srcset=\"https:\/\/kirillsats23.thkit.ee\/wp\/wp-content\/uploads\/2024\/10\/image-1024x576.png 1024w, https:\/\/kirillsats23.thkit.ee\/wp\/wp-content\/uploads\/2024\/10\/image-300x169.png 300w, https:\/\/kirillsats23.thkit.ee\/wp\/wp-content\/uploads\/2024\/10\/image-768x432.png 768w, https:\/\/kirillsats23.thkit.ee\/wp\/wp-content\/uploads\/2024\/10\/image-624x351.png 624w, https:\/\/kirillsats23.thkit.ee\/wp\/wp-content\/uploads\/2024\/10\/image.png 1200w\" sizes=\"auto, (max-width: 1024px) 100vw, 1024px\" \/><\/figure>\n\n\n\n<figure class=\"wp-block-image size-large\"><img loading=\"lazy\" decoding=\"async\" width=\"1024\" height=\"542\" src=\"https:\/\/kirillsats23.thkit.ee\/wp\/wp-content\/uploads\/2024\/10\/image-1-1024x542.png\" alt=\"\" class=\"wp-image-1157\" srcset=\"https:\/\/kirillsats23.thkit.ee\/wp\/wp-content\/uploads\/2024\/10\/image-1-1024x542.png 1024w, https:\/\/kirillsats23.thkit.ee\/wp\/wp-content\/uploads\/2024\/10\/image-1-300x159.png 300w, https:\/\/kirillsats23.thkit.ee\/wp\/wp-content\/uploads\/2024\/10\/image-1-768x406.png 768w, https:\/\/kirillsats23.thkit.ee\/wp\/wp-content\/uploads\/2024\/10\/image-1-624x330.png 624w, https:\/\/kirillsats23.thkit.ee\/wp\/wp-content\/uploads\/2024\/10\/image-1.png 1244w\" sizes=\"auto, (max-width: 1024px) 100vw, 1024px\" \/><\/figure>\n\n\n\n<p><strong>INDEKSEERIMINE<\/strong><\/p>\n\n\n\n<figure class=\"wp-block-image size-full\"><img loading=\"lazy\" decoding=\"async\" width=\"461\" height=\"351\" src=\"https:\/\/kirillsats23.thkit.ee\/wp\/wp-content\/uploads\/2024\/10\/image-3.png\" alt=\"\" class=\"wp-image-1160\" srcset=\"https:\/\/kirillsats23.thkit.ee\/wp\/wp-content\/uploads\/2024\/10\/image-3.png 461w, https:\/\/kirillsats23.thkit.ee\/wp\/wp-content\/uploads\/2024\/10\/image-3-300x228.png 300w\" sizes=\"auto, (max-width: 461px) 100vw, 461px\" \/><\/figure>\n\n\n\n<figure class=\"wp-block-image size-full\"><img loading=\"lazy\" decoding=\"async\" width=\"744\" height=\"339\" src=\"https:\/\/kirillsats23.thkit.ee\/wp\/wp-content\/uploads\/2024\/10\/image-2.png\" alt=\"\" class=\"wp-image-1159\" srcset=\"https:\/\/kirillsats23.thkit.ee\/wp\/wp-content\/uploads\/2024\/10\/image-2.png 744w, https:\/\/kirillsats23.thkit.ee\/wp\/wp-content\/uploads\/2024\/10\/image-2-300x137.png 300w, https:\/\/kirillsats23.thkit.ee\/wp\/wp-content\/uploads\/2024\/10\/image-2-624x284.png 624w\" sizes=\"auto, (max-width: 744px) 100vw, 744px\" \/><\/figure>\n\n\n\n<p>Siin n\u00e4itab mitu lehek\u00fcljet sul on indekseeritud<\/p>\n","protected":false},"excerpt":{"rendered":"<p>Mis on SEO? Otsingumootori optimeerimine (SEO) on meetmete kogum, mis h\u00f5lmab sisemist ja v\u00e4list optimeerimist, et t\u00f5sta veebisaidi positsiooni otsingumootori tulemustes konkreetsete kasutajate p\u00e4ringute korral. SEO eesm\u00e4rk on suurendada v\u00f5rguliiklust, hankida rohkem potentsiaalseid kliente ja hiljem monetiseerida seda liiklust. INDEKSEERIMINE Siin n\u00e4itab mitu lehek\u00fcljet sul on indekseeritud<\/p>\n","protected":false},"author":1,"featured_media":0,"parent":0,"menu_order":0,"comment_status":"closed","ping_status":"closed","template":"","meta":{"footnotes":""},"class_list":["post-1155","page","type-page","status-publish","hentry"],"yoast_head":"<!-- This site is optimized with the Yoast SEO plugin v27.3 - https:\/\/yoast.com\/product\/yoast-seo-wordpress\/ -->\n<title>SEO - Kirill Sats &otilde;pimapp | portfoolio<\/title>\n<meta name=\"robots\" content=\"index, follow, max-snippet:-1, max-image-preview:large, max-video-preview:-1\" \/>\n<link rel=\"canonical\" href=\"https:\/\/kirillsats23.thkit.ee\/wp\/?page_id=1155\" \/>\n<meta property=\"og:locale\" content=\"et_EE\" \/>\n<meta property=\"og:type\" content=\"article\" \/>\n<meta property=\"og:title\" content=\"SEO - Kirill Sats &otilde;pimapp | portfoolio\" \/>\n<meta property=\"og:description\" content=\"Mis on SEO? Otsingumootori optimeerimine (SEO) on meetmete kogum, mis h\u00f5lmab sisemist ja v\u00e4list optimeerimist, et t\u00f5sta veebisaidi positsiooni otsingumootori tulemustes konkreetsete kasutajate p\u00e4ringute korral. SEO eesm\u00e4rk on suurendada v\u00f5rguliiklust, hankida rohkem potentsiaalseid kliente ja hiljem monetiseerida seda liiklust. INDEKSEERIMINE Siin n\u00e4itab mitu lehek\u00fcljet sul on indekseeritud\" \/>\n<meta property=\"og:url\" content=\"https:\/\/kirillsats23.thkit.ee\/wp\/?page_id=1155\" \/>\n<meta property=\"og:site_name\" content=\"Kirill Sats &otilde;pimapp | portfoolio\" \/>\n<meta property=\"article:modified_time\" content=\"2024-10-25T08:10:11+00:00\" \/>\n<meta property=\"og:image\" content=\"https:\/\/kirillsats23.thkit.ee\/wp\/wp-content\/uploads\/2024\/10\/image.png\" \/>\n\t<meta property=\"og:image:width\" content=\"1200\" \/>\n\t<meta property=\"og:image:height\" content=\"675\" \/>\n\t<meta property=\"og:image:type\" content=\"image\/png\" \/>\n<meta name=\"twitter:card\" content=\"summary_large_image\" \/>\n<meta name=\"twitter:label1\" content=\"Est. reading time\" \/>\n\t<meta name=\"twitter:data1\" content=\"2 minutit\" \/>\n<script type=\"application\/ld+json\" class=\"yoast-schema-graph\">{\"@context\":\"https:\\\/\\\/schema.org\",\"@graph\":[{\"@type\":\"WebPage\",\"@id\":\"https:\\\/\\\/kirillsats23.thkit.ee\\\/wp\\\/?page_id=1155\",\"url\":\"https:\\\/\\\/kirillsats23.thkit.ee\\\/wp\\\/?page_id=1155\",\"name\":\"SEO - Kirill Sats &otilde;pimapp | portfoolio\",\"isPartOf\":{\"@id\":\"https:\\\/\\\/kirillsats23.thkit.ee\\\/wp\\\/#website\"},\"primaryImageOfPage\":{\"@id\":\"https:\\\/\\\/kirillsats23.thkit.ee\\\/wp\\\/?page_id=1155#primaryimage\"},\"image\":{\"@id\":\"https:\\\/\\\/kirillsats23.thkit.ee\\\/wp\\\/?page_id=1155#primaryimage\"},\"thumbnailUrl\":\"https:\\\/\\\/kirillsats23.thkit.ee\\\/wp\\\/wp-content\\\/uploads\\\/2024\\\/10\\\/image-1024x576.png\",\"datePublished\":\"2024-10-25T08:00:16+00:00\",\"dateModified\":\"2024-10-25T08:10:11+00:00\",\"breadcrumb\":{\"@id\":\"https:\\\/\\\/kirillsats23.thkit.ee\\\/wp\\\/?page_id=1155#breadcrumb\"},\"inLanguage\":\"et\",\"potentialAction\":[{\"@type\":\"ReadAction\",\"target\":[\"https:\\\/\\\/kirillsats23.thkit.ee\\\/wp\\\/?page_id=1155\"]}]},{\"@type\":\"ImageObject\",\"inLanguage\":\"et\",\"@id\":\"https:\\\/\\\/kirillsats23.thkit.ee\\\/wp\\\/?page_id=1155#primaryimage\",\"url\":\"https:\\\/\\\/kirillsats23.thkit.ee\\\/wp\\\/wp-content\\\/uploads\\\/2024\\\/10\\\/image.png\",\"contentUrl\":\"https:\\\/\\\/kirillsats23.thkit.ee\\\/wp\\\/wp-content\\\/uploads\\\/2024\\\/10\\\/image.png\",\"width\":1200,\"height\":675},{\"@type\":\"BreadcrumbList\",\"@id\":\"https:\\\/\\\/kirillsats23.thkit.ee\\\/wp\\\/?page_id=1155#breadcrumb\",\"itemListElement\":[{\"@type\":\"ListItem\",\"position\":1,\"name\":\"Home\",\"item\":\"https:\\\/\\\/kirillsats23.thkit.ee\\\/wp\\\/\"},{\"@type\":\"ListItem\",\"position\":2,\"name\":\"SEO\"}]},{\"@type\":\"WebSite\",\"@id\":\"https:\\\/\\\/kirillsats23.thkit.ee\\\/wp\\\/#website\",\"url\":\"https:\\\/\\\/kirillsats23.thkit.ee\\\/wp\\\/\",\"name\":\"Kirill Sats &otilde;pimapp | portfoolio\",\"description\":\"Noorem Tarkvaarendaja eriala\",\"potentialAction\":[{\"@type\":\"SearchAction\",\"target\":{\"@type\":\"EntryPoint\",\"urlTemplate\":\"https:\\\/\\\/kirillsats23.thkit.ee\\\/wp\\\/?s={search_term_string}\"},\"query-input\":{\"@type\":\"PropertyValueSpecification\",\"valueRequired\":true,\"valueName\":\"search_term_string\"}}],\"inLanguage\":\"et\"}]}<\/script>\n<!-- \/ Yoast SEO plugin. -->","yoast_head_json":{"title":"SEO - Kirill Sats &otilde;pimapp | portfoolio","robots":{"index":"index","follow":"follow","max-snippet":"max-snippet:-1","max-image-preview":"max-image-preview:large","max-video-preview":"max-video-preview:-1"},"canonical":"https:\/\/kirillsats23.thkit.ee\/wp\/?page_id=1155","og_locale":"et_EE","og_type":"article","og_title":"SEO - Kirill Sats &otilde;pimapp | portfoolio","og_description":"Mis on SEO? Otsingumootori optimeerimine (SEO) on meetmete kogum, mis h\u00f5lmab sisemist ja v\u00e4list optimeerimist, et t\u00f5sta veebisaidi positsiooni otsingumootori tulemustes konkreetsete kasutajate p\u00e4ringute korral. SEO eesm\u00e4rk on suurendada v\u00f5rguliiklust, hankida rohkem potentsiaalseid kliente ja hiljem monetiseerida seda liiklust. INDEKSEERIMINE Siin n\u00e4itab mitu lehek\u00fcljet sul on indekseeritud","og_url":"https:\/\/kirillsats23.thkit.ee\/wp\/?page_id=1155","og_site_name":"Kirill Sats &otilde;pimapp | portfoolio","article_modified_time":"2024-10-25T08:10:11+00:00","og_image":[{"width":1200,"height":675,"url":"https:\/\/kirillsats23.thkit.ee\/wp\/wp-content\/uploads\/2024\/10\/image.png","type":"image\/png"}],"twitter_card":"summary_large_image","twitter_misc":{"Est. reading time":"2 minutit"},"schema":{"@context":"https:\/\/schema.org","@graph":[{"@type":"WebPage","@id":"https:\/\/kirillsats23.thkit.ee\/wp\/?page_id=1155","url":"https:\/\/kirillsats23.thkit.ee\/wp\/?page_id=1155","name":"SEO - Kirill Sats &otilde;pimapp | portfoolio","isPartOf":{"@id":"https:\/\/kirillsats23.thkit.ee\/wp\/#website"},"primaryImageOfPage":{"@id":"https:\/\/kirillsats23.thkit.ee\/wp\/?page_id=1155#primaryimage"},"image":{"@id":"https:\/\/kirillsats23.thkit.ee\/wp\/?page_id=1155#primaryimage"},"thumbnailUrl":"https:\/\/kirillsats23.thkit.ee\/wp\/wp-content\/uploads\/2024\/10\/image-1024x576.png","datePublished":"2024-10-25T08:00:16+00:00","dateModified":"2024-10-25T08:10:11+00:00","breadcrumb":{"@id":"https:\/\/kirillsats23.thkit.ee\/wp\/?page_id=1155#breadcrumb"},"inLanguage":"et","potentialAction":[{"@type":"ReadAction","target":["https:\/\/kirillsats23.thkit.ee\/wp\/?page_id=1155"]}]},{"@type":"ImageObject","inLanguage":"et","@id":"https:\/\/kirillsats23.thkit.ee\/wp\/?page_id=1155#primaryimage","url":"https:\/\/kirillsats23.thkit.ee\/wp\/wp-content\/uploads\/2024\/10\/image.png","contentUrl":"https:\/\/kirillsats23.thkit.ee\/wp\/wp-content\/uploads\/2024\/10\/image.png","width":1200,"height":675},{"@type":"BreadcrumbList","@id":"https:\/\/kirillsats23.thkit.ee\/wp\/?page_id=1155#breadcrumb","itemListElement":[{"@type":"ListItem","position":1,"name":"Home","item":"https:\/\/kirillsats23.thkit.ee\/wp\/"},{"@type":"ListItem","position":2,"name":"SEO"}]},{"@type":"WebSite","@id":"https:\/\/kirillsats23.thkit.ee\/wp\/#website","url":"https:\/\/kirillsats23.thkit.ee\/wp\/","name":"Kirill Sats &otilde;pimapp | portfoolio","description":"Noorem Tarkvaarendaja eriala","potentialAction":[{"@type":"SearchAction","target":{"@type":"EntryPoint","urlTemplate":"https:\/\/kirillsats23.thkit.ee\/wp\/?s={search_term_string}"},"query-input":{"@type":"PropertyValueSpecification","valueRequired":true,"valueName":"search_term_string"}}],"inLanguage":"et"}]}},"_links":{"self":[{"href":"https:\/\/kirillsats23.thkit.ee\/wp\/index.php?rest_route=\/wp\/v2\/pages\/1155","targetHints":{"allow":["GET"]}}],"collection":[{"href":"https:\/\/kirillsats23.thkit.ee\/wp\/index.php?rest_route=\/wp\/v2\/pages"}],"about":[{"href":"https:\/\/kirillsats23.thkit.ee\/wp\/index.php?rest_route=\/wp\/v2\/types\/page"}],"author":[{"embeddable":true,"href":"https:\/\/kirillsats23.thkit.ee\/wp\/index.php?rest_route=\/wp\/v2\/users\/1"}],"replies":[{"embeddable":true,"href":"https:\/\/kirillsats23.thkit.ee\/wp\/index.php?rest_route=%2Fwp%2Fv2%2Fcomments&post=1155"}],"version-history":[{"count":3,"href":"https:\/\/kirillsats23.thkit.ee\/wp\/index.php?rest_route=\/wp\/v2\/pages\/1155\/revisions"}],"predecessor-version":[{"id":1166,"href":"https:\/\/kirillsats23.thkit.ee\/wp\/index.php?rest_route=\/wp\/v2\/pages\/1155\/revisions\/1166"}],"wp:attachment":[{"href":"https:\/\/kirillsats23.thkit.ee\/wp\/index.php?rest_route=%2Fwp%2Fv2%2Fmedia&parent=1155"}],"curies":[{"name":"wp","href":"https:\/\/api.w.org\/{rel}","templated":true}]}}