{"id":706,"date":"2024-05-13T10:14:10","date_gmt":"2024-05-13T07:14:10","guid":{"rendered":"https:\/\/kirillsats.wordpress.com\/?page_id=706"},"modified":"2024-09-17T14:22:11","modified_gmt":"2024-09-17T14:22:11","slug":"ulesanne-klaasikaaslast","status":"publish","type":"page","link":"https:\/\/kirillsats23.thkit.ee\/wp\/eng\/ulesanne-klaasikaaslast\/","title":{"rendered":"Task Glass Companion"},"content":{"rendered":"\n<p>SQL<\/p>\n\n\n\n<p>Databasi autoPood loomine<br><\/p>\n\n\n\n<figure class=\"wp-block-image size-large\"><img decoding=\"async\" src=\"https:\/\/kirillsats.wordpress.com\/wp-content\/uploads\/2024\/05\/image-47.png?w=452\" alt=\"\" class=\"wp-image-707\" \/><\/figure>\n\n\n\n<p>Tabeli autod Loomine <\/p>\n\n\n\n<figure class=\"wp-block-image size-large\"><img decoding=\"async\" src=\"https:\/\/kirillsats.wordpress.com\/wp-content\/uploads\/2024\/05\/image-52.png?w=531\" alt=\"\" class=\"wp-image-714\" \/><\/figure>\n\n\n\n<p>Liisame autod andmed tabelis<\/p>\n\n\n\n<figure class=\"wp-block-image size-large\"><img decoding=\"async\" src=\"https:\/\/kirillsats.wordpress.com\/wp-content\/uploads\/2024\/05\/image-53.png?w=1024\" alt=\"\" class=\"wp-image-715\" \/><\/figure>\n\n\n\n<p>Tabeli ostjad loomine<\/p>\n\n\n\n<figure class=\"wp-block-image size-large\"><img decoding=\"async\" src=\"https:\/\/kirillsats.wordpress.com\/wp-content\/uploads\/2024\/05\/image-55.png?w=469\" alt=\"\" class=\"wp-image-719\" \/><\/figure>\n\n\n\n<figure class=\"wp-block-image size-large\"><img decoding=\"async\" src=\"https:\/\/kirillsats.wordpress.com\/wp-content\/uploads\/2024\/05\/image-56.png?w=307\" alt=\"\" class=\"wp-image-720\" \/><\/figure>\n\n\n\n<p>Tabeli m\u00fc\u00fcjad loomine<\/p>\n\n\n\n<figure class=\"wp-block-image size-large\"><img decoding=\"async\" src=\"https:\/\/kirillsats.wordpress.com\/wp-content\/uploads\/2024\/05\/image-57.png?w=570\" alt=\"\" class=\"wp-image-722\" \/><\/figure>\n\n\n\n<p>Liisame andmed tabelis m\u00fc\u00fcjad<\/p>\n\n\n\n<figure class=\"wp-block-image size-large\"><img decoding=\"async\" src=\"https:\/\/kirillsats.wordpress.com\/wp-content\/uploads\/2024\/05\/image-58.png?w=886\" alt=\"\" class=\"wp-image-724\" \/><\/figure>\n\n\n\n<p>Kasutaja loomine<\/p>\n\n\n\n<figure class=\"wp-block-image size-large\"><img decoding=\"async\" src=\"https:\/\/kirillsats.wordpress.com\/wp-content\/uploads\/2024\/05\/image-59.png?w=518\" alt=\"\" class=\"wp-image-726\" \/><\/figure>\n\n\n\n<figure class=\"wp-block-image size-large\"><img decoding=\"async\" src=\"https:\/\/kirillsats.wordpress.com\/wp-content\/uploads\/2024\/05\/image-60.png?w=161\" alt=\"\" class=\"wp-image-727\" \/><\/figure>\n\n\n\n<figure class=\"wp-block-image size-large is-resized\"><img decoding=\"async\" src=\"https:\/\/kirillsats.wordpress.com\/wp-content\/uploads\/2024\/05\/image-61.png?w=441\" alt=\"\" class=\"wp-image-729\" style=\"width:670px;height:auto\" \/><\/figure>\n\n\n\n<p>\u00d5iguste m\u00e4\u00e4ramine<\/p>\n\n\n\n<figure class=\"wp-block-image size-large\"><img decoding=\"async\" src=\"https:\/\/kirillsats.wordpress.com\/wp-content\/uploads\/2024\/05\/image-62.png?w=492\" alt=\"\" class=\"wp-image-733\" \/><\/figure>\n\n\n\n<p>\u00d5iguste kontrollimine SELECT<\/p>\n\n\n\n<figure class=\"wp-block-image size-large\"><img decoding=\"async\" src=\"https:\/\/kirillsats.wordpress.com\/wp-content\/uploads\/2024\/05\/image-63.png?w=296\" alt=\"\" class=\"wp-image-735\" \/><\/figure>\n\n\n\n<figure class=\"wp-block-image size-large\"><img decoding=\"async\" src=\"https:\/\/kirillsats.wordpress.com\/wp-content\/uploads\/2024\/05\/image-64.png?w=292\" alt=\"\" class=\"wp-image-737\" \/><\/figure>\n\n\n\n<figure class=\"wp-block-image size-large\"><img decoding=\"async\" src=\"https:\/\/kirillsats.wordpress.com\/wp-content\/uploads\/2024\/05\/image-65.png?w=428\" alt=\"\" class=\"wp-image-738\" \/><\/figure>\n\n\n\n<p>\u00d5iguste kontrollimine UPDATE<\/p>\n\n\n\n<figure class=\"wp-block-image size-large\"><img decoding=\"async\" src=\"https:\/\/kirillsats.wordpress.com\/wp-content\/uploads\/2024\/05\/image-66.png?w=401\" alt=\"\" class=\"wp-image-740\" \/><\/figure>\n\n\n\n<figure class=\"wp-block-image size-large\"><img decoding=\"async\" src=\"https:\/\/kirillsats.wordpress.com\/wp-content\/uploads\/2024\/05\/image-67.png?w=415\" alt=\"\" class=\"wp-image-741\" \/><\/figure>\n\n\n\n<figure class=\"wp-block-image size-large\"><img decoding=\"async\" src=\"https:\/\/kirillsats.wordpress.com\/wp-content\/uploads\/2024\/05\/image-68.png?w=706\" alt=\"\" class=\"wp-image-743\" \/><\/figure>\n\n\n\n<p>Me ei v\u00f5i parandada teised tabelid. Muuta saab ainult \u00fchte tabelit<\/p>\n\n\n\n<p>\u00d5iguste kontrollimine INSERT INTO<\/p>\n\n\n\n<figure class=\"wp-block-image size-large\"><img decoding=\"async\" src=\"https:\/\/kirillsats.wordpress.com\/wp-content\/uploads\/2024\/05\/image-69.png?w=702\" alt=\"\" class=\"wp-image-745\" \/><\/figure>\n\n\n\n<p>\u00d5iguste kontrollimine DELETE<\/p>\n\n\n\n<figure class=\"wp-block-image size-large\"><img decoding=\"async\" src=\"https:\/\/kirillsats.wordpress.com\/wp-content\/uploads\/2024\/05\/image-70.png?w=782\" alt=\"\" class=\"wp-image-747\" \/><\/figure>\n\n\n\n<p>XAMPP<\/p>\n\n\n\n<p>Databasi autoPood loomine<\/p>\n\n\n\n<figure class=\"wp-block-image size-large\"><img decoding=\"async\" src=\"https:\/\/kirillsats.wordpress.com\/wp-content\/uploads\/2024\/05\/image-71.png?w=653\" alt=\"\" class=\"wp-image-749\" \/><\/figure>\n\n\n\n<p>Tabeli autod Loomine <\/p>\n\n\n\n<figure class=\"wp-block-image size-large\"><img decoding=\"async\" src=\"https:\/\/kirillsats.wordpress.com\/wp-content\/uploads\/2024\/05\/image-72.png?w=1024\" alt=\"\" class=\"wp-image-750\" \/><\/figure>\n\n\n\n<p>Liisame autod andmed tabelis<\/p>\n\n\n\n<figure class=\"wp-block-image size-large\"><img decoding=\"async\" src=\"https:\/\/kirillsats.wordpress.com\/wp-content\/uploads\/2024\/05\/image-73.png?w=1024\" alt=\"\" class=\"wp-image-751\" \/><\/figure>\n\n\n\n<p>Tabeli ostjad loomine<\/p>\n\n\n\n<figure class=\"wp-block-image size-large\"><img decoding=\"async\" src=\"https:\/\/kirillsats.wordpress.com\/wp-content\/uploads\/2024\/05\/image-74.png?w=757\" alt=\"\" class=\"wp-image-753\" \/><\/figure>\n\n\n\n<p>Lisame andmed<\/p>\n\n\n\n<figure class=\"wp-block-image size-large\"><img decoding=\"async\" src=\"https:\/\/kirillsats.wordpress.com\/wp-content\/uploads\/2024\/05\/image-75.png?w=1024\" alt=\"\" class=\"wp-image-755\" \/><\/figure>\n\n\n\n<p>Tabeli m\u00fc\u00fcjad loomine<\/p>\n\n\n\n<figure class=\"wp-block-image size-large\"><img decoding=\"async\" src=\"https:\/\/kirillsats.wordpress.com\/wp-content\/uploads\/2024\/05\/image-76.png?w=1024\" alt=\"\" class=\"wp-image-757\" \/><\/figure>\n\n\n\n<p>Liisame andmed tabelis m\u00fc\u00fcjad<\/p>\n\n\n\n<figure class=\"wp-block-image size-large\"><img decoding=\"async\" src=\"https:\/\/kirillsats.wordpress.com\/wp-content\/uploads\/2024\/05\/image-77.png?w=1024\" alt=\"\" class=\"wp-image-759\" \/><\/figure>\n\n\n\n<p>Kasutaja loomine<\/p>\n\n\n\n<figure class=\"wp-block-image size-large\"><img decoding=\"async\" src=\"https:\/\/kirillsats.wordpress.com\/wp-content\/uploads\/2024\/05\/image-78.png?w=1024\" alt=\"\" class=\"wp-image-761\" \/><\/figure>\n\n\n\n<p>\u00d5iguste m\u00e4\u00e4ramine<\/p>\n\n\n\n<figure class=\"wp-block-image size-large\"><img decoding=\"async\" src=\"https:\/\/kirillsats.wordpress.com\/wp-content\/uploads\/2024\/05\/image-79.png?w=627\" alt=\"\" class=\"wp-image-763\" \/><\/figure>\n\n\n\n<figure class=\"wp-block-image size-large\"><img decoding=\"async\" src=\"https:\/\/kirillsats.wordpress.com\/wp-content\/uploads\/2024\/05\/image-80.png?w=609\" alt=\"\" class=\"wp-image-765\" \/><\/figure>\n\n\n\n<figure class=\"wp-block-image size-large\"><img decoding=\"async\" src=\"https:\/\/kirillsats.wordpress.com\/wp-content\/uploads\/2024\/05\/image-81.png?w=672\" alt=\"\" class=\"wp-image-767\" \/><\/figure>\n\n\n\n<p>\u00d5iguste kontrollimine SELECT<\/p>\n\n\n\n<figure class=\"wp-block-image size-large\"><img decoding=\"async\" src=\"https:\/\/kirillsats.wordpress.com\/wp-content\/uploads\/2024\/05\/image-82.png?w=493\" alt=\"\" class=\"wp-image-769\" \/><\/figure>\n\n\n\n<figure class=\"wp-block-image size-large\"><img decoding=\"async\" src=\"https:\/\/kirillsats.wordpress.com\/wp-content\/uploads\/2024\/05\/image-83.png?w=543\" alt=\"\" class=\"wp-image-770\" \/><\/figure>\n\n\n\n<figure class=\"wp-block-image size-large\"><img decoding=\"async\" src=\"https:\/\/kirillsats.wordpress.com\/wp-content\/uploads\/2024\/05\/image-84.png?w=543\" alt=\"\" class=\"wp-image-772\" \/><\/figure>\n\n\n\n<p>\u00d5iguste kontrollimine DELETE<\/p>\n\n\n\n<figure class=\"wp-block-image size-large\"><img decoding=\"async\" src=\"https:\/\/kirillsats.wordpress.com\/wp-content\/uploads\/2024\/05\/image-85.png?w=732\" alt=\"\" class=\"wp-image-774\" \/><\/figure>\n\n\n\n<p>\u00d5iguste kontrollimine UPDATE<\/p>\n\n\n\n<figure class=\"wp-block-image size-large\"><img decoding=\"async\" src=\"https:\/\/kirillsats.wordpress.com\/wp-content\/uploads\/2024\/05\/image-86.png?w=428\" alt=\"\" class=\"wp-image-776\" \/><\/figure>\n\n\n\n<p>\u00d5iguste kontrollimine INSERT INTO<\/p>\n\n\n\n<figure class=\"wp-block-image size-large\"><img decoding=\"async\" src=\"https:\/\/kirillsats.wordpress.com\/wp-content\/uploads\/2024\/05\/image-87.png?w=758\" alt=\"\" class=\"wp-image-780\" \/><\/figure>\n\n\n\n<p><\/p>\n","protected":false},"excerpt":{"rendered":"<p>SQL Databasi autoPood loomine Tabeli autod Loomine Liisame autod andmed tabelis Tabeli ostjad loomine Tabeli m\u00fc\u00fcjad loomine Liisame andmed tabelis m\u00fc\u00fcjad Kasutaja loomine \u00d5iguste m\u00e4\u00e4ramine \u00d5iguste kontrollimine SELECT \u00d5iguste kontrollimine UPDATE Me ei v\u00f5i parandada teised tabelid. Muuta saab ainult \u00fchte tabelit \u00d5iguste kontrollimine INSERT INTO \u00d5iguste kontrollimine DELETE XAMPP Databasi autoPood loomine Tabeli autod [&hellip;]<\/p>\n","protected":false},"author":1,"featured_media":0,"parent":0,"menu_order":0,"comment_status":"closed","ping_status":"closed","template":"","meta":{"footnotes":""},"class_list":["post-706","page","type-page","status-publish","hentry"],"yoast_head":"<!-- This site is optimized with the Yoast SEO plugin v27.3 - https:\/\/yoast.com\/product\/yoast-seo-wordpress\/ -->\n<title>Task Glass Companion - Kirill Sats portfoolio | Eng<\/title>\n<meta name=\"robots\" content=\"index, follow, max-snippet:-1, max-image-preview:large, max-video-preview:-1\" \/>\n<link rel=\"canonical\" href=\"https:\/\/kirillsats23.thkit.ee\/wp\/eng\/ulesanne-klaasikaaslast\/\" \/>\n<meta property=\"og:locale\" content=\"en_US\" \/>\n<meta property=\"og:type\" content=\"article\" \/>\n<meta property=\"og:title\" content=\"Task Glass Companion - Kirill Sats portfoolio | Eng\" \/>\n<meta property=\"og:description\" content=\"SQL Databasi autoPood loomine Tabeli autod Loomine Liisame autod andmed tabelis Tabeli ostjad loomine Tabeli m\u00fc\u00fcjad loomine Liisame andmed tabelis m\u00fc\u00fcjad Kasutaja loomine \u00d5iguste m\u00e4\u00e4ramine \u00d5iguste kontrollimine SELECT \u00d5iguste kontrollimine UPDATE Me ei v\u00f5i parandada teised tabelid. Muuta saab ainult \u00fchte tabelit \u00d5iguste kontrollimine INSERT INTO \u00d5iguste kontrollimine DELETE XAMPP Databasi autoPood loomine Tabeli autod [&hellip;]\" \/>\n<meta property=\"og:url\" content=\"https:\/\/kirillsats23.thkit.ee\/wp\/eng\/ulesanne-klaasikaaslast\/\" \/>\n<meta property=\"og:site_name\" content=\"Kirill Sats portfoolio | Eng\" \/>\n<meta property=\"article:modified_time\" content=\"2024-09-17T14:22:11+00:00\" \/>\n<meta name=\"twitter:card\" content=\"summary_large_image\" \/>\n<script type=\"application\/ld+json\" class=\"yoast-schema-graph\">{\"@context\":\"https:\\\/\\\/schema.org\",\"@graph\":[{\"@type\":\"WebPage\",\"@id\":\"https:\\\/\\\/kirillsats23.thkit.ee\\\/wp\\\/eng\\\/ulesanne-klaasikaaslast\\\/\",\"url\":\"https:\\\/\\\/kirillsats23.thkit.ee\\\/wp\\\/eng\\\/ulesanne-klaasikaaslast\\\/\",\"name\":\"Task Glass Companion - Kirill Sats portfoolio | Eng\",\"isPartOf\":{\"@id\":\"https:\\\/\\\/kirillsats23.thkit.ee\\\/wp\\\/eng\\\/#website\"},\"primaryImageOfPage\":{\"@id\":\"https:\\\/\\\/kirillsats23.thkit.ee\\\/wp\\\/eng\\\/ulesanne-klaasikaaslast\\\/#primaryimage\"},\"image\":{\"@id\":\"https:\\\/\\\/kirillsats23.thkit.ee\\\/wp\\\/eng\\\/ulesanne-klaasikaaslast\\\/#primaryimage\"},\"thumbnailUrl\":\"https:\\\/\\\/kirillsats.wordpress.com\\\/wp-content\\\/uploads\\\/2024\\\/05\\\/image-47.png?w=452\",\"datePublished\":\"2024-05-13T07:14:10+00:00\",\"dateModified\":\"2024-09-17T14:22:11+00:00\",\"breadcrumb\":{\"@id\":\"https:\\\/\\\/kirillsats23.thkit.ee\\\/wp\\\/eng\\\/ulesanne-klaasikaaslast\\\/#breadcrumb\"},\"inLanguage\":\"en-US\",\"potentialAction\":[{\"@type\":\"ReadAction\",\"target\":[\"https:\\\/\\\/kirillsats23.thkit.ee\\\/wp\\\/eng\\\/ulesanne-klaasikaaslast\\\/\"]}]},{\"@type\":\"ImageObject\",\"inLanguage\":\"en-US\",\"@id\":\"https:\\\/\\\/kirillsats23.thkit.ee\\\/wp\\\/eng\\\/ulesanne-klaasikaaslast\\\/#primaryimage\",\"url\":\"https:\\\/\\\/kirillsats.wordpress.com\\\/wp-content\\\/uploads\\\/2024\\\/05\\\/image-47.png?w=452\",\"contentUrl\":\"https:\\\/\\\/kirillsats.wordpress.com\\\/wp-content\\\/uploads\\\/2024\\\/05\\\/image-47.png?w=452\"},{\"@type\":\"BreadcrumbList\",\"@id\":\"https:\\\/\\\/kirillsats23.thkit.ee\\\/wp\\\/eng\\\/ulesanne-klaasikaaslast\\\/#breadcrumb\",\"itemListElement\":[{\"@type\":\"ListItem\",\"position\":1,\"name\":\"Home\",\"item\":\"https:\\\/\\\/kirillsats23.thkit.ee\\\/wp\\\/eng\\\/\"},{\"@type\":\"ListItem\",\"position\":2,\"name\":\"Task Glass Companion\"}]},{\"@type\":\"WebSite\",\"@id\":\"https:\\\/\\\/kirillsats23.thkit.ee\\\/wp\\\/eng\\\/#website\",\"url\":\"https:\\\/\\\/kirillsats23.thkit.ee\\\/wp\\\/eng\\\/\",\"name\":\"Kirill Sats portfoolio | Eng\",\"description\":\"\",\"potentialAction\":[{\"@type\":\"SearchAction\",\"target\":{\"@type\":\"EntryPoint\",\"urlTemplate\":\"https:\\\/\\\/kirillsats23.thkit.ee\\\/wp\\\/eng\\\/?s={search_term_string}\"},\"query-input\":{\"@type\":\"PropertyValueSpecification\",\"valueRequired\":true,\"valueName\":\"search_term_string\"}}],\"inLanguage\":\"en-US\"}]}<\/script>\n<!-- \/ Yoast SEO plugin. -->","yoast_head_json":{"title":"Task Glass Companion - Kirill Sats portfoolio | Eng","robots":{"index":"index","follow":"follow","max-snippet":"max-snippet:-1","max-image-preview":"max-image-preview:large","max-video-preview":"max-video-preview:-1"},"canonical":"https:\/\/kirillsats23.thkit.ee\/wp\/eng\/ulesanne-klaasikaaslast\/","og_locale":"en_US","og_type":"article","og_title":"Task Glass Companion - Kirill Sats portfoolio | Eng","og_description":"SQL Databasi autoPood loomine Tabeli autod Loomine Liisame autod andmed tabelis Tabeli ostjad loomine Tabeli m\u00fc\u00fcjad loomine Liisame andmed tabelis m\u00fc\u00fcjad Kasutaja loomine \u00d5iguste m\u00e4\u00e4ramine \u00d5iguste kontrollimine SELECT \u00d5iguste kontrollimine UPDATE Me ei v\u00f5i parandada teised tabelid. Muuta saab ainult \u00fchte tabelit \u00d5iguste kontrollimine INSERT INTO \u00d5iguste kontrollimine DELETE XAMPP Databasi autoPood loomine Tabeli autod [&hellip;]","og_url":"https:\/\/kirillsats23.thkit.ee\/wp\/eng\/ulesanne-klaasikaaslast\/","og_site_name":"Kirill Sats portfoolio | Eng","article_modified_time":"2024-09-17T14:22:11+00:00","twitter_card":"summary_large_image","schema":{"@context":"https:\/\/schema.org","@graph":[{"@type":"WebPage","@id":"https:\/\/kirillsats23.thkit.ee\/wp\/eng\/ulesanne-klaasikaaslast\/","url":"https:\/\/kirillsats23.thkit.ee\/wp\/eng\/ulesanne-klaasikaaslast\/","name":"Task Glass Companion - Kirill Sats portfoolio | Eng","isPartOf":{"@id":"https:\/\/kirillsats23.thkit.ee\/wp\/eng\/#website"},"primaryImageOfPage":{"@id":"https:\/\/kirillsats23.thkit.ee\/wp\/eng\/ulesanne-klaasikaaslast\/#primaryimage"},"image":{"@id":"https:\/\/kirillsats23.thkit.ee\/wp\/eng\/ulesanne-klaasikaaslast\/#primaryimage"},"thumbnailUrl":"https:\/\/kirillsats.wordpress.com\/wp-content\/uploads\/2024\/05\/image-47.png?w=452","datePublished":"2024-05-13T07:14:10+00:00","dateModified":"2024-09-17T14:22:11+00:00","breadcrumb":{"@id":"https:\/\/kirillsats23.thkit.ee\/wp\/eng\/ulesanne-klaasikaaslast\/#breadcrumb"},"inLanguage":"en-US","potentialAction":[{"@type":"ReadAction","target":["https:\/\/kirillsats23.thkit.ee\/wp\/eng\/ulesanne-klaasikaaslast\/"]}]},{"@type":"ImageObject","inLanguage":"en-US","@id":"https:\/\/kirillsats23.thkit.ee\/wp\/eng\/ulesanne-klaasikaaslast\/#primaryimage","url":"https:\/\/kirillsats.wordpress.com\/wp-content\/uploads\/2024\/05\/image-47.png?w=452","contentUrl":"https:\/\/kirillsats.wordpress.com\/wp-content\/uploads\/2024\/05\/image-47.png?w=452"},{"@type":"BreadcrumbList","@id":"https:\/\/kirillsats23.thkit.ee\/wp\/eng\/ulesanne-klaasikaaslast\/#breadcrumb","itemListElement":[{"@type":"ListItem","position":1,"name":"Home","item":"https:\/\/kirillsats23.thkit.ee\/wp\/eng\/"},{"@type":"ListItem","position":2,"name":"Task Glass Companion"}]},{"@type":"WebSite","@id":"https:\/\/kirillsats23.thkit.ee\/wp\/eng\/#website","url":"https:\/\/kirillsats23.thkit.ee\/wp\/eng\/","name":"Kirill Sats portfoolio | Eng","description":"","potentialAction":[{"@type":"SearchAction","target":{"@type":"EntryPoint","urlTemplate":"https:\/\/kirillsats23.thkit.ee\/wp\/eng\/?s={search_term_string}"},"query-input":{"@type":"PropertyValueSpecification","valueRequired":true,"valueName":"search_term_string"}}],"inLanguage":"en-US"}]}},"_links":{"self":[{"href":"https:\/\/kirillsats23.thkit.ee\/wp\/eng\/wp-json\/wp\/v2\/pages\/706","targetHints":{"allow":["GET"]}}],"collection":[{"href":"https:\/\/kirillsats23.thkit.ee\/wp\/eng\/wp-json\/wp\/v2\/pages"}],"about":[{"href":"https:\/\/kirillsats23.thkit.ee\/wp\/eng\/wp-json\/wp\/v2\/types\/page"}],"author":[{"embeddable":true,"href":"https:\/\/kirillsats23.thkit.ee\/wp\/eng\/wp-json\/wp\/v2\/users\/1"}],"replies":[{"embeddable":true,"href":"https:\/\/kirillsats23.thkit.ee\/wp\/eng\/wp-json\/wp\/v2\/comments?post=706"}],"version-history":[{"count":1,"href":"https:\/\/kirillsats23.thkit.ee\/wp\/eng\/wp-json\/wp\/v2\/pages\/706\/revisions"}],"predecessor-version":[{"id":924,"href":"https:\/\/kirillsats23.thkit.ee\/wp\/eng\/wp-json\/wp\/v2\/pages\/706\/revisions\/924"}],"wp:attachment":[{"href":"https:\/\/kirillsats23.thkit.ee\/wp\/eng\/wp-json\/wp\/v2\/media?parent=706"}],"curies":[{"name":"wp","href":"https:\/\/api.w.org\/{rel}","templated":true}]}}