{"id":496,"date":"2024-04-11T14:51:44","date_gmt":"2024-04-11T11:51:44","guid":{"rendered":"https:\/\/kirillsats.wordpress.com\/?page_id=496"},"modified":"2024-09-16T06:57:56","modified_gmt":"2024-09-16T06:57:56","slug":"animatsiooni-ajalugu","status":"publish","type":"page","link":"https:\/\/kirillsats23.thkit.ee\/wp\/eng\/animatsiooni-ajalugu\/","title":{"rendered":"the history of animation"},"content":{"rendered":"\n<p><\/p>\n\n\n\n<p>Animatsioon (ladina keeles\u00a0animatio, t\u00f5lkes hingestamine, elustamine) on graafikaobjektide v\u00f5imalikult t\u00f5ep\u00e4raselt liikuma panemine filmi- ja meediakunstis.<\/p>\n\n\n\n<p>https:\/\/www.timetoast.com\/timelines\/3057918<\/p>\n","protected":false},"excerpt":{"rendered":"<p>Animatsioon (ladina keeles\u00a0animatio, t\u00f5lkes hingestamine, elustamine) on graafikaobjektide v\u00f5imalikult t\u00f5ep\u00e4raselt liikuma panemine filmi- ja meediakunstis. https:\/\/www.timetoast.com\/timelines\/3057918<\/p>\n","protected":false},"author":1,"featured_media":0,"parent":0,"menu_order":0,"comment_status":"closed","ping_status":"closed","template":"","meta":{"footnotes":""},"class_list":["post-496","page","type-page","status-publish","hentry"],"yoast_head":"<!-- This site is optimized with the Yoast SEO plugin v27.3 - https:\/\/yoast.com\/product\/yoast-seo-wordpress\/ -->\n<title>the history of animation - Kirill Sats portfoolio | Eng<\/title>\n<meta name=\"robots\" content=\"index, follow, max-snippet:-1, max-image-preview:large, max-video-preview:-1\" \/>\n<link rel=\"canonical\" href=\"https:\/\/kirillsats23.thkit.ee\/wp\/eng\/animatsiooni-ajalugu\/\" \/>\n<meta property=\"og:locale\" content=\"en_US\" \/>\n<meta property=\"og:type\" content=\"article\" \/>\n<meta property=\"og:title\" content=\"the history of animation - Kirill Sats portfoolio | Eng\" \/>\n<meta property=\"og:description\" content=\"Animatsioon (ladina keeles\u00a0animatio, t\u00f5lkes hingestamine, elustamine) on graafikaobjektide v\u00f5imalikult t\u00f5ep\u00e4raselt liikuma panemine filmi- ja meediakunstis. https:\/\/www.timetoast.com\/timelines\/3057918\" \/>\n<meta property=\"og:url\" content=\"https:\/\/kirillsats23.thkit.ee\/wp\/eng\/animatsiooni-ajalugu\/\" \/>\n<meta property=\"og:site_name\" content=\"Kirill Sats portfoolio | Eng\" \/>\n<meta property=\"article:modified_time\" content=\"2024-09-16T06:57:56+00:00\" \/>\n<meta name=\"twitter:card\" content=\"summary_large_image\" \/>\n<script type=\"application\/ld+json\" class=\"yoast-schema-graph\">{\"@context\":\"https:\\\/\\\/schema.org\",\"@graph\":[{\"@type\":\"WebPage\",\"@id\":\"https:\\\/\\\/kirillsats23.thkit.ee\\\/wp\\\/eng\\\/animatsiooni-ajalugu\\\/\",\"url\":\"https:\\\/\\\/kirillsats23.thkit.ee\\\/wp\\\/eng\\\/animatsiooni-ajalugu\\\/\",\"name\":\"the history of animation - Kirill Sats portfoolio | Eng\",\"isPartOf\":{\"@id\":\"https:\\\/\\\/kirillsats23.thkit.ee\\\/wp\\\/eng\\\/#website\"},\"datePublished\":\"2024-04-11T11:51:44+00:00\",\"dateModified\":\"2024-09-16T06:57:56+00:00\",\"breadcrumb\":{\"@id\":\"https:\\\/\\\/kirillsats23.thkit.ee\\\/wp\\\/eng\\\/animatsiooni-ajalugu\\\/#breadcrumb\"},\"inLanguage\":\"en-US\",\"potentialAction\":[{\"@type\":\"ReadAction\",\"target\":[\"https:\\\/\\\/kirillsats23.thkit.ee\\\/wp\\\/eng\\\/animatsiooni-ajalugu\\\/\"]}]},{\"@type\":\"BreadcrumbList\",\"@id\":\"https:\\\/\\\/kirillsats23.thkit.ee\\\/wp\\\/eng\\\/animatsiooni-ajalugu\\\/#breadcrumb\",\"itemListElement\":[{\"@type\":\"ListItem\",\"position\":1,\"name\":\"Home\",\"item\":\"https:\\\/\\\/kirillsats23.thkit.ee\\\/wp\\\/eng\\\/\"},{\"@type\":\"ListItem\",\"position\":2,\"name\":\"the history of animation\"}]},{\"@type\":\"WebSite\",\"@id\":\"https:\\\/\\\/kirillsats23.thkit.ee\\\/wp\\\/eng\\\/#website\",\"url\":\"https:\\\/\\\/kirillsats23.thkit.ee\\\/wp\\\/eng\\\/\",\"name\":\"Kirill Sats portfoolio | Eng\",\"description\":\"\",\"potentialAction\":[{\"@type\":\"SearchAction\",\"target\":{\"@type\":\"EntryPoint\",\"urlTemplate\":\"https:\\\/\\\/kirillsats23.thkit.ee\\\/wp\\\/eng\\\/?s={search_term_string}\"},\"query-input\":{\"@type\":\"PropertyValueSpecification\",\"valueRequired\":true,\"valueName\":\"search_term_string\"}}],\"inLanguage\":\"en-US\"}]}<\/script>\n<!-- \/ Yoast SEO plugin. -->","yoast_head_json":{"title":"the history of animation - Kirill Sats portfoolio | Eng","robots":{"index":"index","follow":"follow","max-snippet":"max-snippet:-1","max-image-preview":"max-image-preview:large","max-video-preview":"max-video-preview:-1"},"canonical":"https:\/\/kirillsats23.thkit.ee\/wp\/eng\/animatsiooni-ajalugu\/","og_locale":"en_US","og_type":"article","og_title":"the history of animation - Kirill Sats portfoolio | Eng","og_description":"Animatsioon (ladina keeles\u00a0animatio, t\u00f5lkes hingestamine, elustamine) on graafikaobjektide v\u00f5imalikult t\u00f5ep\u00e4raselt liikuma panemine filmi- ja meediakunstis. https:\/\/www.timetoast.com\/timelines\/3057918","og_url":"https:\/\/kirillsats23.thkit.ee\/wp\/eng\/animatsiooni-ajalugu\/","og_site_name":"Kirill Sats portfoolio | Eng","article_modified_time":"2024-09-16T06:57:56+00:00","twitter_card":"summary_large_image","schema":{"@context":"https:\/\/schema.org","@graph":[{"@type":"WebPage","@id":"https:\/\/kirillsats23.thkit.ee\/wp\/eng\/animatsiooni-ajalugu\/","url":"https:\/\/kirillsats23.thkit.ee\/wp\/eng\/animatsiooni-ajalugu\/","name":"the history of animation - Kirill Sats portfoolio | Eng","isPartOf":{"@id":"https:\/\/kirillsats23.thkit.ee\/wp\/eng\/#website"},"datePublished":"2024-04-11T11:51:44+00:00","dateModified":"2024-09-16T06:57:56+00:00","breadcrumb":{"@id":"https:\/\/kirillsats23.thkit.ee\/wp\/eng\/animatsiooni-ajalugu\/#breadcrumb"},"inLanguage":"en-US","potentialAction":[{"@type":"ReadAction","target":["https:\/\/kirillsats23.thkit.ee\/wp\/eng\/animatsiooni-ajalugu\/"]}]},{"@type":"BreadcrumbList","@id":"https:\/\/kirillsats23.thkit.ee\/wp\/eng\/animatsiooni-ajalugu\/#breadcrumb","itemListElement":[{"@type":"ListItem","position":1,"name":"Home","item":"https:\/\/kirillsats23.thkit.ee\/wp\/eng\/"},{"@type":"ListItem","position":2,"name":"the history of animation"}]},{"@type":"WebSite","@id":"https:\/\/kirillsats23.thkit.ee\/wp\/eng\/#website","url":"https:\/\/kirillsats23.thkit.ee\/wp\/eng\/","name":"Kirill Sats portfoolio | Eng","description":"","potentialAction":[{"@type":"SearchAction","target":{"@type":"EntryPoint","urlTemplate":"https:\/\/kirillsats23.thkit.ee\/wp\/eng\/?s={search_term_string}"},"query-input":{"@type":"PropertyValueSpecification","valueRequired":true,"valueName":"search_term_string"}}],"inLanguage":"en-US"}]}},"_links":{"self":[{"href":"https:\/\/kirillsats23.thkit.ee\/wp\/eng\/wp-json\/wp\/v2\/pages\/496","targetHints":{"allow":["GET"]}}],"collection":[{"href":"https:\/\/kirillsats23.thkit.ee\/wp\/eng\/wp-json\/wp\/v2\/pages"}],"about":[{"href":"https:\/\/kirillsats23.thkit.ee\/wp\/eng\/wp-json\/wp\/v2\/types\/page"}],"author":[{"embeddable":true,"href":"https:\/\/kirillsats23.thkit.ee\/wp\/eng\/wp-json\/wp\/v2\/users\/1"}],"replies":[{"embeddable":true,"href":"https:\/\/kirillsats23.thkit.ee\/wp\/eng\/wp-json\/wp\/v2\/comments?post=496"}],"version-history":[{"count":1,"href":"https:\/\/kirillsats23.thkit.ee\/wp\/eng\/wp-json\/wp\/v2\/pages\/496\/revisions"}],"predecessor-version":[{"id":861,"href":"https:\/\/kirillsats23.thkit.ee\/wp\/eng\/wp-json\/wp\/v2\/pages\/496\/revisions\/861"}],"wp:attachment":[{"href":"https:\/\/kirillsats23.thkit.ee\/wp\/eng\/wp-json\/wp\/v2\/media?parent=496"}],"curies":[{"name":"wp","href":"https:\/\/api.w.org\/{rel}","templated":true}]}}